{"id":332171,"date":"2026-02-07T06:06:07","date_gmt":"2026-02-07T05:06:07","guid":{"rendered":"https:\/\/www.voustenjeans.com\/jacob-cohen-poloshirt-lichtgroen-42261-2\/"},"modified":"2026-04-11T16:18:04","modified_gmt":"2026-04-11T14:18:04","slug":"jacob-cohen-poloshirt-lichtgroen-42261-2","status":"publish","type":"product","link":"https:\/\/www.voustenjeans.com\/de\/jacob-cohen-poloshirt-lichtgroen-42261-2\/","title":{"rendered":"Jacob Coh\u00ebn &#8211; Poloshirt hellgr\u00fcn M4565 Q25 (42261)"},"content":{"rendered":"<div>Mit den Poloshirts von Jacob Coh\u00ebn kreieren Sie diesen Sommer einen stilvollen und eleganten Look. Dieses hellgr\u00fcne Poloshirt besticht durch eine Vier-Knopf-Leiste, einen Kragen und kurze \u00c4rmel. Die Seitenschlitze am Saum verleihen dem Shirt eine verspielte Note und sorgen f\u00fcr eine bequeme Passform. Die dezente Stickerei auf der linken Brust rundet das minimalistische Design ab.<\/div>\n<ul>\n<li>100 % Baumwolle<\/li>\n<li>Kurz\u00e4rmelig<\/li>\n<li>Polokragen<\/li>\n<li>Gesticktes Logo auf der Brust<\/li>\n<li>Schmale Passform<\/li>\n<li>Normale Passform<\/li>\n<\/ul>\n","protected":false},"excerpt":{"rendered":"<p>Mit den Poloshirts von Jacob Coh\u00ebn kreieren Sie diesen Sommer einen stilvollen und eleganten Look. Dieses hellgr\u00fcne Poloshirt besticht durch eine Vier-Knopf-Leiste, einen Kragen und kurze \u00c4rmel. Die Seitenschlitze am Saum verleihen dem Shirt eine verspielte Note und sorgen f\u00fcr eine bequeme Passform. Die dezente Stickerei auf der linken Brust rundet das minimalistische Design ab. [&#8230;]\n","protected":false},"featured_media":332155,"comment_status":"open","ping_status":"closed","template":"","meta":[],"product_cat":[1139,1252,1589,1621,1643,1647],"product_tag":[],"acf":[],"yoast_head":"<!-- This site is optimized with the Yoast SEO plugin v22.3 - https:\/\/yoast.com\/wordpress\/plugins\/seo\/ -->\n<title>Jacob Coh\u00ebn - Poloshirt hellgr\u00fcn M4565 Q25 (42261) - Vousten Jeans<\/title>\n<meta name=\"robots\" content=\"index, follow, max-snippet:-1, max-image-preview:large, max-video-preview:-1\" \/>\n<link rel=\"canonical\" href=\"https:\/\/www.voustenjeans.com\/de\/jacob-cohen-poloshirt-lichtgroen-42261-2\/\" \/>\n<meta property=\"og:locale\" content=\"de_DE\" \/>\n<meta property=\"og:type\" content=\"article\" \/>\n<meta property=\"og:title\" content=\"Jacob Coh\u00ebn - Poloshirt hellgr\u00fcn M4565 Q25 (42261) - Vousten Jeans\" \/>\n<meta property=\"og:description\" content=\"Mit den Poloshirts von Jacob Coh\u00ebn kreieren Sie diesen Sommer einen stilvollen und eleganten Look. Dieses hellgr\u00fcne Poloshirt besticht durch eine Vier-Knopf-Leiste, einen Kragen und kurze \u00c4rmel. Die Seitenschlitze am Saum verleihen dem Shirt eine verspielte Note und sorgen f\u00fcr eine bequeme Passform. Die dezente Stickerei auf der linken Brust rundet das minimalistische Design ab. [...]\" \/>\n<meta property=\"og:url\" content=\"https:\/\/www.voustenjeans.com\/de\/jacob-cohen-poloshirt-lichtgroen-42261-2\/\" \/>\n<meta property=\"og:site_name\" content=\"Vousten Jeans\" \/>\n<meta property=\"article:modified_time\" content=\"2026-04-11T14:18:04+00:00\" \/>\n<meta property=\"og:image\" content=\"https:\/\/www.voustenjeans.com\/wp-content\/uploads\/2023\/06\/Poloshirt-lichtgroen-422611-1.jpg\" \/>\n\t<meta property=\"og:image:width\" content=\"1365\" \/>\n\t<meta property=\"og:image:height\" content=\"2048\" \/>\n\t<meta property=\"og:image:type\" content=\"image\/jpeg\" \/>\n<meta name=\"twitter:card\" content=\"summary_large_image\" \/>\n<script type=\"application\/ld+json\" class=\"yoast-schema-graph\">{\"@context\":\"https:\/\/schema.org\",\"@graph\":[{\"@type\":\"WebPage\",\"@id\":\"https:\/\/www.voustenjeans.com\/de\/jacob-cohen-poloshirt-lichtgroen-42261-2\/\",\"url\":\"https:\/\/www.voustenjeans.com\/de\/jacob-cohen-poloshirt-lichtgroen-42261-2\/\",\"name\":\"Jacob Coh\u00ebn - Poloshirt hellgr\u00fcn M4565 Q25 (42261) - Vousten Jeans\",\"isPartOf\":{\"@id\":\"https:\/\/www.voustenjeans.com\/en\/#website\"},\"primaryImageOfPage\":{\"@id\":\"https:\/\/www.voustenjeans.com\/de\/jacob-cohen-poloshirt-lichtgroen-42261-2\/#primaryimage\"},\"image\":{\"@id\":\"https:\/\/www.voustenjeans.com\/de\/jacob-cohen-poloshirt-lichtgroen-42261-2\/#primaryimage\"},\"thumbnailUrl\":\"https:\/\/www.voustenjeans.com\/wp-content\/uploads\/2023\/06\/Poloshirt-lichtgroen-422611-1.jpg\",\"datePublished\":\"2026-02-07T05:06:07+00:00\",\"dateModified\":\"2026-04-11T14:18:04+00:00\",\"breadcrumb\":{\"@id\":\"https:\/\/www.voustenjeans.com\/de\/jacob-cohen-poloshirt-lichtgroen-42261-2\/#breadcrumb\"},\"inLanguage\":\"de-DE\",\"potentialAction\":[{\"@type\":\"ReadAction\",\"target\":[\"https:\/\/www.voustenjeans.com\/de\/jacob-cohen-poloshirt-lichtgroen-42261-2\/\"]}]},{\"@type\":\"ImageObject\",\"inLanguage\":\"de-DE\",\"@id\":\"https:\/\/www.voustenjeans.com\/de\/jacob-cohen-poloshirt-lichtgroen-42261-2\/#primaryimage\",\"url\":\"https:\/\/www.voustenjeans.com\/wp-content\/uploads\/2023\/06\/Poloshirt-lichtgroen-422611-1.jpg\",\"contentUrl\":\"https:\/\/www.voustenjeans.com\/wp-content\/uploads\/2023\/06\/Poloshirt-lichtgroen-422611-1.jpg\",\"width\":1365,\"height\":2048},{\"@type\":\"BreadcrumbList\",\"@id\":\"https:\/\/www.voustenjeans.com\/de\/jacob-cohen-poloshirt-lichtgroen-42261-2\/#breadcrumb\",\"itemListElement\":[{\"@type\":\"ListItem\",\"position\":1,\"name\":\"Home\",\"item\":\"https:\/\/www.voustenjeans.com\/de\/\"},{\"@type\":\"ListItem\",\"position\":2,\"name\":\"Shop\",\"item\":\"https:\/\/www.voustenjeans.com\/de\/shop\/\"},{\"@type\":\"ListItem\",\"position\":3,\"name\":\"Jacob Coh\u00ebn &#8211; Poloshirt hellgr\u00fcn M4565 Q25 (42261)\"}]},{\"@type\":\"WebSite\",\"@id\":\"https:\/\/www.voustenjeans.com\/en\/#website\",\"url\":\"https:\/\/www.voustenjeans.com\/en\/\",\"name\":\"Vousten Jeans\",\"description\":\"\",\"potentialAction\":[{\"@type\":\"SearchAction\",\"target\":{\"@type\":\"EntryPoint\",\"urlTemplate\":\"https:\/\/www.voustenjeans.com\/en\/?s={search_term_string}\"},\"query-input\":\"required name=search_term_string\"}],\"inLanguage\":\"de-DE\"}]}<\/script>\n<!-- \/ Yoast SEO plugin. -->","yoast_head_json":{"title":"Jacob Coh\u00ebn - Poloshirt hellgr\u00fcn M4565 Q25 (42261) - Vousten Jeans","robots":{"index":"index","follow":"follow","max-snippet":"max-snippet:-1","max-image-preview":"max-image-preview:large","max-video-preview":"max-video-preview:-1"},"canonical":"https:\/\/www.voustenjeans.com\/de\/jacob-cohen-poloshirt-lichtgroen-42261-2\/","og_locale":"de_DE","og_type":"article","og_title":"Jacob Coh\u00ebn - Poloshirt hellgr\u00fcn M4565 Q25 (42261) - Vousten Jeans","og_description":"Mit den Poloshirts von Jacob Coh\u00ebn kreieren Sie diesen Sommer einen stilvollen und eleganten Look. Dieses hellgr\u00fcne Poloshirt besticht durch eine Vier-Knopf-Leiste, einen Kragen und kurze \u00c4rmel. Die Seitenschlitze am Saum verleihen dem Shirt eine verspielte Note und sorgen f\u00fcr eine bequeme Passform. Die dezente Stickerei auf der linken Brust rundet das minimalistische Design ab. [...]","og_url":"https:\/\/www.voustenjeans.com\/de\/jacob-cohen-poloshirt-lichtgroen-42261-2\/","og_site_name":"Vousten Jeans","article_modified_time":"2026-04-11T14:18:04+00:00","og_image":[{"width":1365,"height":2048,"url":"https:\/\/www.voustenjeans.com\/wp-content\/uploads\/2023\/06\/Poloshirt-lichtgroen-422611-1.jpg","type":"image\/jpeg"}],"twitter_card":"summary_large_image","schema":{"@context":"https:\/\/schema.org","@graph":[{"@type":"WebPage","@id":"https:\/\/www.voustenjeans.com\/de\/jacob-cohen-poloshirt-lichtgroen-42261-2\/","url":"https:\/\/www.voustenjeans.com\/de\/jacob-cohen-poloshirt-lichtgroen-42261-2\/","name":"Jacob Coh\u00ebn - Poloshirt hellgr\u00fcn M4565 Q25 (42261) - Vousten Jeans","isPartOf":{"@id":"https:\/\/www.voustenjeans.com\/en\/#website"},"primaryImageOfPage":{"@id":"https:\/\/www.voustenjeans.com\/de\/jacob-cohen-poloshirt-lichtgroen-42261-2\/#primaryimage"},"image":{"@id":"https:\/\/www.voustenjeans.com\/de\/jacob-cohen-poloshirt-lichtgroen-42261-2\/#primaryimage"},"thumbnailUrl":"https:\/\/www.voustenjeans.com\/wp-content\/uploads\/2023\/06\/Poloshirt-lichtgroen-422611-1.jpg","datePublished":"2026-02-07T05:06:07+00:00","dateModified":"2026-04-11T14:18:04+00:00","breadcrumb":{"@id":"https:\/\/www.voustenjeans.com\/de\/jacob-cohen-poloshirt-lichtgroen-42261-2\/#breadcrumb"},"inLanguage":"de-DE","potentialAction":[{"@type":"ReadAction","target":["https:\/\/www.voustenjeans.com\/de\/jacob-cohen-poloshirt-lichtgroen-42261-2\/"]}]},{"@type":"ImageObject","inLanguage":"de-DE","@id":"https:\/\/www.voustenjeans.com\/de\/jacob-cohen-poloshirt-lichtgroen-42261-2\/#primaryimage","url":"https:\/\/www.voustenjeans.com\/wp-content\/uploads\/2023\/06\/Poloshirt-lichtgroen-422611-1.jpg","contentUrl":"https:\/\/www.voustenjeans.com\/wp-content\/uploads\/2023\/06\/Poloshirt-lichtgroen-422611-1.jpg","width":1365,"height":2048},{"@type":"BreadcrumbList","@id":"https:\/\/www.voustenjeans.com\/de\/jacob-cohen-poloshirt-lichtgroen-42261-2\/#breadcrumb","itemListElement":[{"@type":"ListItem","position":1,"name":"Home","item":"https:\/\/www.voustenjeans.com\/de\/"},{"@type":"ListItem","position":2,"name":"Shop","item":"https:\/\/www.voustenjeans.com\/de\/shop\/"},{"@type":"ListItem","position":3,"name":"Jacob Coh\u00ebn &#8211; Poloshirt hellgr\u00fcn M4565 Q25 (42261)"}]},{"@type":"WebSite","@id":"https:\/\/www.voustenjeans.com\/en\/#website","url":"https:\/\/www.voustenjeans.com\/en\/","name":"Vousten Jeans","description":"","potentialAction":[{"@type":"SearchAction","target":{"@type":"EntryPoint","urlTemplate":"https:\/\/www.voustenjeans.com\/en\/?s={search_term_string}"},"query-input":"required name=search_term_string"}],"inLanguage":"de-DE"}]}},"_links":{"self":[{"href":"https:\/\/www.voustenjeans.com\/de\/wp-json\/wp\/v2\/product\/332171"}],"collection":[{"href":"https:\/\/www.voustenjeans.com\/de\/wp-json\/wp\/v2\/product"}],"about":[{"href":"https:\/\/www.voustenjeans.com\/de\/wp-json\/wp\/v2\/types\/product"}],"replies":[{"embeddable":true,"href":"https:\/\/www.voustenjeans.com\/de\/wp-json\/wp\/v2\/comments?post=332171"}],"wp:featuredmedia":[{"embeddable":true,"href":"https:\/\/www.voustenjeans.com\/de\/wp-json\/wp\/v2\/media\/332155"}],"wp:attachment":[{"href":"https:\/\/www.voustenjeans.com\/de\/wp-json\/wp\/v2\/media?parent=332171"}],"wp:term":[{"taxonomy":"product_cat","embeddable":true,"href":"https:\/\/www.voustenjeans.com\/de\/wp-json\/wp\/v2\/product_cat?post=332171"},{"taxonomy":"product_tag","embeddable":true,"href":"https:\/\/www.voustenjeans.com\/de\/wp-json\/wp\/v2\/product_tag?post=332171"}],"curies":[{"name":"wp","href":"https:\/\/api.w.org\/{rel}","templated":true}]}}