{"id":330496,"date":"2026-01-30T21:34:06","date_gmt":"2026-01-30T20:34:06","guid":{"rendered":"https:\/\/www.voustenjeans.com\/jacob-cohen-j688-bard-resort-edition-4255-300d-42289-2\/"},"modified":"2026-04-16T13:32:05","modified_gmt":"2026-04-16T11:32:05","slug":"jacob-cohen-j688-bard-resort-edition-4255-300d-42289-2","status":"publish","type":"product","link":"https:\/\/www.voustenjeans.com\/de\/jacob-cohen-j688-bard-resort-edition-4255-300d-42289-2\/","title":{"rendered":"Jacob Coh\u00ebn &#8211; J688 (Bard) Resort Edition 4255 300D (42289)"},"content":{"rendered":"<div>\n<h4><strong>Resort Capsule Kollektion!<\/strong><\/h4>\n<p>Jeden Sommer bringt Jacob Coh\u00ebn eine Resort-Kollektion heraus, die von einem raffinierten Lebensstil erz\u00e4hlt und dazu einl\u00e4dt, die Sommersaison auf elegante Weise zu genie\u00dfen \u2013 in einer Welt, in der Glamour und Luxus von Sonnenaufgang bis Sonnenuntergang miteinander verschmelzen. Dieses Mal zelebriert Resort die Sommersaison in Palm Beach mit lebhaften Farben, Blumenmustern und raffinierten Mustern, die mit Stickereien verziert sind.<\/p>\n<\/div>\n<div>Diese moderne Jeans hat eine schmale Passform mit etwas mehr Weite an den Oberschenkeln.<\/div>\n<ul>\n<li>Stretch-Jeans<\/li>\n<li>Hoher Bund<\/li>\n<li>Knopfverschluss<\/li>\n<li>Mit Resort-Patch und Metalllogo.<\/li>\n<li>Das Wellenmotiv des Patches setzt sich in den N\u00e4hten fort und endet vorne mit einem aufgestickten Schnellboot.<\/li>\n<li>Material: 98 % Baumwolle, 2 % Elastan<\/li>\n<li>Schrittweite: 18 cm<\/li>\n<li>L\u00e4nge: 89 cm (kann nach dem Waschen leicht variieren)<\/li>\n<li>Diese Jacob Coh\u00ebn Jeans werden in Venetien, Nordostitalien, handgefertigt.<\/li>\n<\/ul>\n<div>Ein passender Schal und zus\u00e4tzliches Garn in der gleichen Farbe zum K\u00fcrzen sind im Lieferumfang enthalten.<\/div>\n","protected":false},"excerpt":{"rendered":"<p>Resort Capsule Kollektion! Jeden Sommer bringt Jacob Coh\u00ebn eine Resort-Kollektion heraus, die von einem raffinierten Lebensstil erz\u00e4hlt und dazu einl\u00e4dt, die Sommersaison auf elegante Weise zu genie\u00dfen \u2013 in einer Welt, in der Glamour und Luxus von Sonnenaufgang bis Sonnenuntergang miteinander verschmelzen. Dieses Mal zelebriert Resort die Sommersaison in Palm Beach mit lebhaften Farben, Blumenmustern [&#8230;]\n","protected":false},"featured_media":330480,"comment_status":"open","ping_status":"closed","template":"","meta":[],"product_cat":[1565,1581,1643,1651,1662,1748,1139,1429,1477],"product_tag":[],"acf":[],"yoast_head":"<!-- This site is optimized with the Yoast SEO plugin v22.3 - https:\/\/yoast.com\/wordpress\/plugins\/seo\/ -->\n<title>Jacob Coh\u00ebn - J688 (Bard) Resort Edition 4255 300D (42289) - Vousten Jeans<\/title>\n<meta name=\"robots\" content=\"index, follow, max-snippet:-1, max-image-preview:large, max-video-preview:-1\" \/>\n<link rel=\"canonical\" href=\"https:\/\/www.voustenjeans.com\/de\/jacob-cohen-j688-bard-resort-edition-4255-300d-42289-2\/\" \/>\n<meta property=\"og:locale\" content=\"de_DE\" \/>\n<meta property=\"og:type\" content=\"article\" \/>\n<meta property=\"og:title\" content=\"Jacob Coh\u00ebn - J688 (Bard) Resort Edition 4255 300D (42289) - Vousten Jeans\" \/>\n<meta property=\"og:description\" content=\"Resort Capsule Kollektion! Jeden Sommer bringt Jacob Coh\u00ebn eine Resort-Kollektion heraus, die von einem raffinierten Lebensstil erz\u00e4hlt und dazu einl\u00e4dt, die Sommersaison auf elegante Weise zu genie\u00dfen \u2013 in einer Welt, in der Glamour und Luxus von Sonnenaufgang bis Sonnenuntergang miteinander verschmelzen. Dieses Mal zelebriert Resort die Sommersaison in Palm Beach mit lebhaften Farben, Blumenmustern [...]\" \/>\n<meta property=\"og:url\" content=\"https:\/\/www.voustenjeans.com\/de\/jacob-cohen-j688-bard-resort-edition-4255-300d-42289-2\/\" \/>\n<meta property=\"og:site_name\" content=\"Vousten Jeans\" \/>\n<meta property=\"article:modified_time\" content=\"2026-04-16T11:32:05+00:00\" \/>\n<meta property=\"og:image\" content=\"https:\/\/www.voustenjeans.com\/wp-content\/uploads\/2023\/06\/J688-Bard-Resort-Edition-4255-300D-422891.jpg\" \/>\n\t<meta property=\"og:image:width\" content=\"800\" \/>\n\t<meta property=\"og:image:height\" content=\"2250\" \/>\n\t<meta property=\"og:image:type\" content=\"image\/jpeg\" \/>\n<meta name=\"twitter:card\" content=\"summary_large_image\" \/>\n<meta name=\"twitter:label1\" content=\"Est. reading time\" \/>\n\t<meta name=\"twitter:data1\" content=\"1 Minute\" \/>\n<script type=\"application\/ld+json\" class=\"yoast-schema-graph\">{\"@context\":\"https:\/\/schema.org\",\"@graph\":[{\"@type\":\"WebPage\",\"@id\":\"https:\/\/www.voustenjeans.com\/de\/jacob-cohen-j688-bard-resort-edition-4255-300d-42289-2\/\",\"url\":\"https:\/\/www.voustenjeans.com\/de\/jacob-cohen-j688-bard-resort-edition-4255-300d-42289-2\/\",\"name\":\"Jacob Coh\u00ebn - J688 (Bard) Resort Edition 4255 300D (42289) - Vousten Jeans\",\"isPartOf\":{\"@id\":\"https:\/\/www.voustenjeans.com\/en\/#website\"},\"primaryImageOfPage\":{\"@id\":\"https:\/\/www.voustenjeans.com\/de\/jacob-cohen-j688-bard-resort-edition-4255-300d-42289-2\/#primaryimage\"},\"image\":{\"@id\":\"https:\/\/www.voustenjeans.com\/de\/jacob-cohen-j688-bard-resort-edition-4255-300d-42289-2\/#primaryimage\"},\"thumbnailUrl\":\"https:\/\/www.voustenjeans.com\/wp-content\/uploads\/2023\/06\/J688-Bard-Resort-Edition-4255-300D-422891.jpg\",\"datePublished\":\"2026-01-30T20:34:06+00:00\",\"dateModified\":\"2026-04-16T11:32:05+00:00\",\"breadcrumb\":{\"@id\":\"https:\/\/www.voustenjeans.com\/de\/jacob-cohen-j688-bard-resort-edition-4255-300d-42289-2\/#breadcrumb\"},\"inLanguage\":\"de-DE\",\"potentialAction\":[{\"@type\":\"ReadAction\",\"target\":[\"https:\/\/www.voustenjeans.com\/de\/jacob-cohen-j688-bard-resort-edition-4255-300d-42289-2\/\"]}]},{\"@type\":\"ImageObject\",\"inLanguage\":\"de-DE\",\"@id\":\"https:\/\/www.voustenjeans.com\/de\/jacob-cohen-j688-bard-resort-edition-4255-300d-42289-2\/#primaryimage\",\"url\":\"https:\/\/www.voustenjeans.com\/wp-content\/uploads\/2023\/06\/J688-Bard-Resort-Edition-4255-300D-422891.jpg\",\"contentUrl\":\"https:\/\/www.voustenjeans.com\/wp-content\/uploads\/2023\/06\/J688-Bard-Resort-Edition-4255-300D-422891.jpg\",\"width\":800,\"height\":2250},{\"@type\":\"BreadcrumbList\",\"@id\":\"https:\/\/www.voustenjeans.com\/de\/jacob-cohen-j688-bard-resort-edition-4255-300d-42289-2\/#breadcrumb\",\"itemListElement\":[{\"@type\":\"ListItem\",\"position\":1,\"name\":\"Home\",\"item\":\"https:\/\/www.voustenjeans.com\/de\/\"},{\"@type\":\"ListItem\",\"position\":2,\"name\":\"Shop\",\"item\":\"https:\/\/www.voustenjeans.com\/de\/shop\/\"},{\"@type\":\"ListItem\",\"position\":3,\"name\":\"Jacob Coh\u00ebn &#8211; J688 (Bard) Resort Edition 4255 300D (42289)\"}]},{\"@type\":\"WebSite\",\"@id\":\"https:\/\/www.voustenjeans.com\/en\/#website\",\"url\":\"https:\/\/www.voustenjeans.com\/en\/\",\"name\":\"Vousten Jeans\",\"description\":\"\",\"potentialAction\":[{\"@type\":\"SearchAction\",\"target\":{\"@type\":\"EntryPoint\",\"urlTemplate\":\"https:\/\/www.voustenjeans.com\/en\/?s={search_term_string}\"},\"query-input\":\"required name=search_term_string\"}],\"inLanguage\":\"de-DE\"}]}<\/script>\n<!-- \/ Yoast SEO plugin. -->","yoast_head_json":{"title":"Jacob Coh\u00ebn - J688 (Bard) Resort Edition 4255 300D (42289) - Vousten Jeans","robots":{"index":"index","follow":"follow","max-snippet":"max-snippet:-1","max-image-preview":"max-image-preview:large","max-video-preview":"max-video-preview:-1"},"canonical":"https:\/\/www.voustenjeans.com\/de\/jacob-cohen-j688-bard-resort-edition-4255-300d-42289-2\/","og_locale":"de_DE","og_type":"article","og_title":"Jacob Coh\u00ebn - J688 (Bard) Resort Edition 4255 300D (42289) - Vousten Jeans","og_description":"Resort Capsule Kollektion! Jeden Sommer bringt Jacob Coh\u00ebn eine Resort-Kollektion heraus, die von einem raffinierten Lebensstil erz\u00e4hlt und dazu einl\u00e4dt, die Sommersaison auf elegante Weise zu genie\u00dfen \u2013 in einer Welt, in der Glamour und Luxus von Sonnenaufgang bis Sonnenuntergang miteinander verschmelzen. Dieses Mal zelebriert Resort die Sommersaison in Palm Beach mit lebhaften Farben, Blumenmustern [...]","og_url":"https:\/\/www.voustenjeans.com\/de\/jacob-cohen-j688-bard-resort-edition-4255-300d-42289-2\/","og_site_name":"Vousten Jeans","article_modified_time":"2026-04-16T11:32:05+00:00","og_image":[{"width":800,"height":2250,"url":"https:\/\/www.voustenjeans.com\/wp-content\/uploads\/2023\/06\/J688-Bard-Resort-Edition-4255-300D-422891.jpg","type":"image\/jpeg"}],"twitter_card":"summary_large_image","twitter_misc":{"Est. reading time":"1 Minute"},"schema":{"@context":"https:\/\/schema.org","@graph":[{"@type":"WebPage","@id":"https:\/\/www.voustenjeans.com\/de\/jacob-cohen-j688-bard-resort-edition-4255-300d-42289-2\/","url":"https:\/\/www.voustenjeans.com\/de\/jacob-cohen-j688-bard-resort-edition-4255-300d-42289-2\/","name":"Jacob Coh\u00ebn - J688 (Bard) Resort Edition 4255 300D (42289) - Vousten Jeans","isPartOf":{"@id":"https:\/\/www.voustenjeans.com\/en\/#website"},"primaryImageOfPage":{"@id":"https:\/\/www.voustenjeans.com\/de\/jacob-cohen-j688-bard-resort-edition-4255-300d-42289-2\/#primaryimage"},"image":{"@id":"https:\/\/www.voustenjeans.com\/de\/jacob-cohen-j688-bard-resort-edition-4255-300d-42289-2\/#primaryimage"},"thumbnailUrl":"https:\/\/www.voustenjeans.com\/wp-content\/uploads\/2023\/06\/J688-Bard-Resort-Edition-4255-300D-422891.jpg","datePublished":"2026-01-30T20:34:06+00:00","dateModified":"2026-04-16T11:32:05+00:00","breadcrumb":{"@id":"https:\/\/www.voustenjeans.com\/de\/jacob-cohen-j688-bard-resort-edition-4255-300d-42289-2\/#breadcrumb"},"inLanguage":"de-DE","potentialAction":[{"@type":"ReadAction","target":["https:\/\/www.voustenjeans.com\/de\/jacob-cohen-j688-bard-resort-edition-4255-300d-42289-2\/"]}]},{"@type":"ImageObject","inLanguage":"de-DE","@id":"https:\/\/www.voustenjeans.com\/de\/jacob-cohen-j688-bard-resort-edition-4255-300d-42289-2\/#primaryimage","url":"https:\/\/www.voustenjeans.com\/wp-content\/uploads\/2023\/06\/J688-Bard-Resort-Edition-4255-300D-422891.jpg","contentUrl":"https:\/\/www.voustenjeans.com\/wp-content\/uploads\/2023\/06\/J688-Bard-Resort-Edition-4255-300D-422891.jpg","width":800,"height":2250},{"@type":"BreadcrumbList","@id":"https:\/\/www.voustenjeans.com\/de\/jacob-cohen-j688-bard-resort-edition-4255-300d-42289-2\/#breadcrumb","itemListElement":[{"@type":"ListItem","position":1,"name":"Home","item":"https:\/\/www.voustenjeans.com\/de\/"},{"@type":"ListItem","position":2,"name":"Shop","item":"https:\/\/www.voustenjeans.com\/de\/shop\/"},{"@type":"ListItem","position":3,"name":"Jacob Coh\u00ebn &#8211; J688 (Bard) Resort Edition 4255 300D (42289)"}]},{"@type":"WebSite","@id":"https:\/\/www.voustenjeans.com\/en\/#website","url":"https:\/\/www.voustenjeans.com\/en\/","name":"Vousten Jeans","description":"","potentialAction":[{"@type":"SearchAction","target":{"@type":"EntryPoint","urlTemplate":"https:\/\/www.voustenjeans.com\/en\/?s={search_term_string}"},"query-input":"required name=search_term_string"}],"inLanguage":"de-DE"}]}},"_links":{"self":[{"href":"https:\/\/www.voustenjeans.com\/de\/wp-json\/wp\/v2\/product\/330496"}],"collection":[{"href":"https:\/\/www.voustenjeans.com\/de\/wp-json\/wp\/v2\/product"}],"about":[{"href":"https:\/\/www.voustenjeans.com\/de\/wp-json\/wp\/v2\/types\/product"}],"replies":[{"embeddable":true,"href":"https:\/\/www.voustenjeans.com\/de\/wp-json\/wp\/v2\/comments?post=330496"}],"wp:featuredmedia":[{"embeddable":true,"href":"https:\/\/www.voustenjeans.com\/de\/wp-json\/wp\/v2\/media\/330480"}],"wp:attachment":[{"href":"https:\/\/www.voustenjeans.com\/de\/wp-json\/wp\/v2\/media?parent=330496"}],"wp:term":[{"taxonomy":"product_cat","embeddable":true,"href":"https:\/\/www.voustenjeans.com\/de\/wp-json\/wp\/v2\/product_cat?post=330496"},{"taxonomy":"product_tag","embeddable":true,"href":"https:\/\/www.voustenjeans.com\/de\/wp-json\/wp\/v2\/product_tag?post=330496"}],"curies":[{"name":"wp","href":"https:\/\/api.w.org\/{rel}","templated":true}]}}