{"id":328918,"date":"2026-01-03T14:22:05","date_gmt":"2026-01-03T13:22:05","guid":{"rendered":"https:\/\/www.voustenjeans.com\/jacob-cohen-j688-bard-4024-c74-42236-2\/"},"modified":"2026-04-04T11:26:05","modified_gmt":"2026-04-04T09:26:05","slug":"jacob-cohen-j688-bard-4024-c74-42236-2","status":"publish","type":"product","link":"https:\/\/www.voustenjeans.com\/de\/jacob-cohen-j688-bard-4024-c74-42236-2\/","title":{"rendered":"Jacob Coh\u00ebn &#8211; J688 (Bard Active) 4024 C74 (42236)"},"content":{"rendered":"<div>\n<p>Neu von Jacob Coh\u00ebn, die Bard Active: die neue technische Stretchhose.<br \/>\nDer technische 4-Wege-Stretchstoff macht diese Hosen sehr bequem. Au\u00dferdem sind sie leicht zu reinigen, ideal beispielsweise als Golfhose.<br \/>\n<strong>F\u00e4llt klein aus, w\u00e4hlen Sie eine Nummer gr\u00f6\u00dfer als normal!<\/strong><\/p>\n<p>&nbsp;<\/p>\n<p>Ist eine moderne Hose und hat eine schlanke Passform.<\/p>\n<\/div>\n<ul>\n<li>Stretchhose<\/li>\n<li>Hoher Bund<\/li>\n<li>Rei\u00dfverschluss<\/li>\n<li>Mit schwarzem Wildleder-Patch<\/li>\n<li>Material: 82 % Polyamid, 18 % Elastan<\/li>\n<li>Schrittweite: 17,5 cm<\/li>\n<li>L\u00e4nge: 89 cm (kann nach dem Waschen leicht variieren)<\/li>\n<li>Diese Jacob Coh\u00ebn Hose wird in Venetien, Nordostitalien, handgefertigt.<\/li>\n<\/ul>\n<div>Ein passender Schal und zus\u00e4tzliches Garn in der gleichen Farbe zum K\u00fcrzen sind im Lieferumfang enthalten.<\/div>\n<div class=\"notranslate ESMNde HGLrXd ojE3Fb\">\n<div class=\"q0vns\">\n<div class=\"eqA2re UnOTSe Vwoesf\" aria-hidden=\"true\"><\/div>\n<\/div>\n<\/div>\n","protected":false},"excerpt":{"rendered":"<p>Neu von Jacob Coh\u00ebn, die Bard Active: die neue technische Stretchhose. Der technische 4-Wege-Stretchstoff macht diese Hosen sehr bequem. Au\u00dferdem sind sie leicht zu reinigen, ideal beispielsweise als Golfhose. F\u00e4llt klein aus, w\u00e4hlen Sie eine Nummer gr\u00f6\u00dfer als normal! &nbsp; Ist eine moderne Hose und hat eine schlanke Passform. Stretchhose Hoher Bund Rei\u00dfverschluss Mit schwarzem [&#8230;]\n","protected":false},"featured_media":328902,"comment_status":"open","ping_status":"closed","template":"","meta":[],"product_cat":[1581,1643,1651,1662,1748,1789,1139,1429,1453],"product_tag":[],"acf":[],"yoast_head":"<!-- This site is optimized with the Yoast SEO plugin v22.3 - https:\/\/yoast.com\/wordpress\/plugins\/seo\/ -->\n<title>Jacob Coh\u00ebn - J688 (Bard Active) 4024 C74 (42236) - Vousten Jeans<\/title>\n<meta name=\"robots\" content=\"index, follow, max-snippet:-1, max-image-preview:large, max-video-preview:-1\" \/>\n<link rel=\"canonical\" href=\"https:\/\/www.voustenjeans.com\/de\/jacob-cohen-j688-bard-4024-c74-42236-2\/\" \/>\n<meta property=\"og:locale\" content=\"de_DE\" \/>\n<meta property=\"og:type\" content=\"article\" \/>\n<meta property=\"og:title\" content=\"Jacob Coh\u00ebn - J688 (Bard Active) 4024 C74 (42236) - Vousten Jeans\" \/>\n<meta property=\"og:description\" content=\"Neu von Jacob Coh\u00ebn, die Bard Active: die neue technische Stretchhose. Der technische 4-Wege-Stretchstoff macht diese Hosen sehr bequem. Au\u00dferdem sind sie leicht zu reinigen, ideal beispielsweise als Golfhose. F\u00e4llt klein aus, w\u00e4hlen Sie eine Nummer gr\u00f6\u00dfer als normal! &nbsp; Ist eine moderne Hose und hat eine schlanke Passform. Stretchhose Hoher Bund Rei\u00dfverschluss Mit schwarzem [...]\" \/>\n<meta property=\"og:url\" content=\"https:\/\/www.voustenjeans.com\/de\/jacob-cohen-j688-bard-4024-c74-42236-2\/\" \/>\n<meta property=\"og:site_name\" content=\"Vousten Jeans\" \/>\n<meta property=\"article:modified_time\" content=\"2026-04-04T09:26:05+00:00\" \/>\n<meta property=\"og:image\" content=\"https:\/\/www.voustenjeans.com\/wp-content\/uploads\/2023\/06\/J688-Bard-4024-C74-422361.jpg\" \/>\n\t<meta property=\"og:image:width\" content=\"728\" \/>\n\t<meta property=\"og:image:height\" content=\"2048\" \/>\n\t<meta property=\"og:image:type\" content=\"image\/jpeg\" \/>\n<meta name=\"twitter:card\" content=\"summary_large_image\" \/>\n<meta name=\"twitter:label1\" content=\"Est. reading time\" \/>\n\t<meta name=\"twitter:data1\" content=\"1 Minute\" \/>\n<script type=\"application\/ld+json\" class=\"yoast-schema-graph\">{\"@context\":\"https:\/\/schema.org\",\"@graph\":[{\"@type\":\"WebPage\",\"@id\":\"https:\/\/www.voustenjeans.com\/de\/jacob-cohen-j688-bard-4024-c74-42236-2\/\",\"url\":\"https:\/\/www.voustenjeans.com\/de\/jacob-cohen-j688-bard-4024-c74-42236-2\/\",\"name\":\"Jacob Coh\u00ebn - J688 (Bard Active) 4024 C74 (42236) - Vousten Jeans\",\"isPartOf\":{\"@id\":\"https:\/\/www.voustenjeans.com\/en\/#website\"},\"primaryImageOfPage\":{\"@id\":\"https:\/\/www.voustenjeans.com\/de\/jacob-cohen-j688-bard-4024-c74-42236-2\/#primaryimage\"},\"image\":{\"@id\":\"https:\/\/www.voustenjeans.com\/de\/jacob-cohen-j688-bard-4024-c74-42236-2\/#primaryimage\"},\"thumbnailUrl\":\"https:\/\/www.voustenjeans.com\/wp-content\/uploads\/2023\/06\/J688-Bard-4024-C74-422361.jpg\",\"datePublished\":\"2026-01-03T13:22:05+00:00\",\"dateModified\":\"2026-04-04T09:26:05+00:00\",\"breadcrumb\":{\"@id\":\"https:\/\/www.voustenjeans.com\/de\/jacob-cohen-j688-bard-4024-c74-42236-2\/#breadcrumb\"},\"inLanguage\":\"de-DE\",\"potentialAction\":[{\"@type\":\"ReadAction\",\"target\":[\"https:\/\/www.voustenjeans.com\/de\/jacob-cohen-j688-bard-4024-c74-42236-2\/\"]}]},{\"@type\":\"ImageObject\",\"inLanguage\":\"de-DE\",\"@id\":\"https:\/\/www.voustenjeans.com\/de\/jacob-cohen-j688-bard-4024-c74-42236-2\/#primaryimage\",\"url\":\"https:\/\/www.voustenjeans.com\/wp-content\/uploads\/2023\/06\/J688-Bard-4024-C74-422361.jpg\",\"contentUrl\":\"https:\/\/www.voustenjeans.com\/wp-content\/uploads\/2023\/06\/J688-Bard-4024-C74-422361.jpg\",\"width\":728,\"height\":2048},{\"@type\":\"BreadcrumbList\",\"@id\":\"https:\/\/www.voustenjeans.com\/de\/jacob-cohen-j688-bard-4024-c74-42236-2\/#breadcrumb\",\"itemListElement\":[{\"@type\":\"ListItem\",\"position\":1,\"name\":\"Home\",\"item\":\"https:\/\/www.voustenjeans.com\/de\/\"},{\"@type\":\"ListItem\",\"position\":2,\"name\":\"Shop\",\"item\":\"https:\/\/www.voustenjeans.com\/de\/shop\/\"},{\"@type\":\"ListItem\",\"position\":3,\"name\":\"Jacob Coh\u00ebn &#8211; J688 (Bard Active) 4024 C74 (42236)\"}]},{\"@type\":\"WebSite\",\"@id\":\"https:\/\/www.voustenjeans.com\/en\/#website\",\"url\":\"https:\/\/www.voustenjeans.com\/en\/\",\"name\":\"Vousten Jeans\",\"description\":\"\",\"potentialAction\":[{\"@type\":\"SearchAction\",\"target\":{\"@type\":\"EntryPoint\",\"urlTemplate\":\"https:\/\/www.voustenjeans.com\/en\/?s={search_term_string}\"},\"query-input\":\"required name=search_term_string\"}],\"inLanguage\":\"de-DE\"}]}<\/script>\n<!-- \/ Yoast SEO plugin. -->","yoast_head_json":{"title":"Jacob Coh\u00ebn - J688 (Bard Active) 4024 C74 (42236) - Vousten Jeans","robots":{"index":"index","follow":"follow","max-snippet":"max-snippet:-1","max-image-preview":"max-image-preview:large","max-video-preview":"max-video-preview:-1"},"canonical":"https:\/\/www.voustenjeans.com\/de\/jacob-cohen-j688-bard-4024-c74-42236-2\/","og_locale":"de_DE","og_type":"article","og_title":"Jacob Coh\u00ebn - J688 (Bard Active) 4024 C74 (42236) - Vousten Jeans","og_description":"Neu von Jacob Coh\u00ebn, die Bard Active: die neue technische Stretchhose. Der technische 4-Wege-Stretchstoff macht diese Hosen sehr bequem. Au\u00dferdem sind sie leicht zu reinigen, ideal beispielsweise als Golfhose. F\u00e4llt klein aus, w\u00e4hlen Sie eine Nummer gr\u00f6\u00dfer als normal! &nbsp; Ist eine moderne Hose und hat eine schlanke Passform. Stretchhose Hoher Bund Rei\u00dfverschluss Mit schwarzem [...]","og_url":"https:\/\/www.voustenjeans.com\/de\/jacob-cohen-j688-bard-4024-c74-42236-2\/","og_site_name":"Vousten Jeans","article_modified_time":"2026-04-04T09:26:05+00:00","og_image":[{"width":728,"height":2048,"url":"https:\/\/www.voustenjeans.com\/wp-content\/uploads\/2023\/06\/J688-Bard-4024-C74-422361.jpg","type":"image\/jpeg"}],"twitter_card":"summary_large_image","twitter_misc":{"Est. reading time":"1 Minute"},"schema":{"@context":"https:\/\/schema.org","@graph":[{"@type":"WebPage","@id":"https:\/\/www.voustenjeans.com\/de\/jacob-cohen-j688-bard-4024-c74-42236-2\/","url":"https:\/\/www.voustenjeans.com\/de\/jacob-cohen-j688-bard-4024-c74-42236-2\/","name":"Jacob Coh\u00ebn - J688 (Bard Active) 4024 C74 (42236) - Vousten Jeans","isPartOf":{"@id":"https:\/\/www.voustenjeans.com\/en\/#website"},"primaryImageOfPage":{"@id":"https:\/\/www.voustenjeans.com\/de\/jacob-cohen-j688-bard-4024-c74-42236-2\/#primaryimage"},"image":{"@id":"https:\/\/www.voustenjeans.com\/de\/jacob-cohen-j688-bard-4024-c74-42236-2\/#primaryimage"},"thumbnailUrl":"https:\/\/www.voustenjeans.com\/wp-content\/uploads\/2023\/06\/J688-Bard-4024-C74-422361.jpg","datePublished":"2026-01-03T13:22:05+00:00","dateModified":"2026-04-04T09:26:05+00:00","breadcrumb":{"@id":"https:\/\/www.voustenjeans.com\/de\/jacob-cohen-j688-bard-4024-c74-42236-2\/#breadcrumb"},"inLanguage":"de-DE","potentialAction":[{"@type":"ReadAction","target":["https:\/\/www.voustenjeans.com\/de\/jacob-cohen-j688-bard-4024-c74-42236-2\/"]}]},{"@type":"ImageObject","inLanguage":"de-DE","@id":"https:\/\/www.voustenjeans.com\/de\/jacob-cohen-j688-bard-4024-c74-42236-2\/#primaryimage","url":"https:\/\/www.voustenjeans.com\/wp-content\/uploads\/2023\/06\/J688-Bard-4024-C74-422361.jpg","contentUrl":"https:\/\/www.voustenjeans.com\/wp-content\/uploads\/2023\/06\/J688-Bard-4024-C74-422361.jpg","width":728,"height":2048},{"@type":"BreadcrumbList","@id":"https:\/\/www.voustenjeans.com\/de\/jacob-cohen-j688-bard-4024-c74-42236-2\/#breadcrumb","itemListElement":[{"@type":"ListItem","position":1,"name":"Home","item":"https:\/\/www.voustenjeans.com\/de\/"},{"@type":"ListItem","position":2,"name":"Shop","item":"https:\/\/www.voustenjeans.com\/de\/shop\/"},{"@type":"ListItem","position":3,"name":"Jacob Coh\u00ebn &#8211; J688 (Bard Active) 4024 C74 (42236)"}]},{"@type":"WebSite","@id":"https:\/\/www.voustenjeans.com\/en\/#website","url":"https:\/\/www.voustenjeans.com\/en\/","name":"Vousten Jeans","description":"","potentialAction":[{"@type":"SearchAction","target":{"@type":"EntryPoint","urlTemplate":"https:\/\/www.voustenjeans.com\/en\/?s={search_term_string}"},"query-input":"required name=search_term_string"}],"inLanguage":"de-DE"}]}},"_links":{"self":[{"href":"https:\/\/www.voustenjeans.com\/de\/wp-json\/wp\/v2\/product\/328918"}],"collection":[{"href":"https:\/\/www.voustenjeans.com\/de\/wp-json\/wp\/v2\/product"}],"about":[{"href":"https:\/\/www.voustenjeans.com\/de\/wp-json\/wp\/v2\/types\/product"}],"replies":[{"embeddable":true,"href":"https:\/\/www.voustenjeans.com\/de\/wp-json\/wp\/v2\/comments?post=328918"}],"wp:featuredmedia":[{"embeddable":true,"href":"https:\/\/www.voustenjeans.com\/de\/wp-json\/wp\/v2\/media\/328902"}],"wp:attachment":[{"href":"https:\/\/www.voustenjeans.com\/de\/wp-json\/wp\/v2\/media?parent=328918"}],"wp:term":[{"taxonomy":"product_cat","embeddable":true,"href":"https:\/\/www.voustenjeans.com\/de\/wp-json\/wp\/v2\/product_cat?post=328918"},{"taxonomy":"product_tag","embeddable":true,"href":"https:\/\/www.voustenjeans.com\/de\/wp-json\/wp\/v2\/product_tag?post=328918"}],"curies":[{"name":"wp","href":"https:\/\/api.w.org\/{rel}","templated":true}]}}