{"id":324291,"date":"2025-10-19T19:18:11","date_gmt":"2025-10-19T17:18:11","guid":{"rendered":"https:\/\/www.voustenjeans.com\/jacob-cohen-j622-nick-slim-3838-b75-41395-2\/"},"modified":"2026-01-24T16:58:05","modified_gmt":"2026-01-24T15:58:05","slug":"jacob-cohen-j622-nick-slim-3838-b75-41395-2","status":"publish","type":"product","link":"https:\/\/www.voustenjeans.com\/de\/jacob-cohen-j622-nick-slim-3838-b75-41395-2\/","title":{"rendered":"Jacob Cohen &#8211; J622 (Nick Slim) 3838 B75 (41395)"},"content":{"rendered":"<p>Moderne Cordhose mit schmaler Passform.<\/p>\n<p><strong>F\u00e4llt klein aus, w\u00e4hlen Sie daher eine Nummer gr\u00f6\u00dfer!<\/strong><\/p>\n<ul>\n<li>Stretch-Cordhose<\/li>\n<li>Normale Bundh\u00f6he<\/li>\n<li>Knopfverschluss<\/li>\n<li>Mit Braunen Wildleder-Patch<\/li>\n<li>Material: 98 % Baumwolle, 2 % Elasthan<\/li>\n<li>Schrittl\u00e4nge: 16,5 cm<\/li>\n<li>L\u00e4nge: 89 cm (kann bei jeder W\u00e4sche leicht variieren)<\/li>\n<li>Diese Jacob Coh\u00ebn Hose wird in Handarbeit in Venetien, Nordostitalien, gefertigt.<\/li>\n<\/ul>\n<p>Ein passender Schal ist im Lieferumfang enthalten.<\/p>\n","protected":false},"excerpt":{"rendered":"<p>Moderne Cordhose mit schmaler Passform. F\u00e4llt klein aus, w\u00e4hlen Sie daher eine Nummer gr\u00f6\u00dfer! Stretch-Cordhose Normale Bundh\u00f6he Knopfverschluss Mit Braunen Wildleder-Patch Material: 98 % Baumwolle, 2 % Elasthan Schrittl\u00e4nge: 16,5 cm L\u00e4nge: 89 cm (kann bei jeder W\u00e4sche leicht variieren) Diese Jacob Coh\u00ebn Hose wird in Handarbeit in Venetien, Nordostitalien, gefertigt. Ein passender Schal ist [&#8230;]\n","protected":false},"featured_media":324267,"comment_status":"open","ping_status":"closed","template":"","meta":[],"product_cat":[1139,1421,1453,1581,1643,1651,1748],"product_tag":[],"acf":[],"yoast_head":"<!-- This site is optimized with the Yoast SEO plugin v22.3 - https:\/\/yoast.com\/wordpress\/plugins\/seo\/ -->\n<title>Jacob Cohen - J622 (Nick Slim) 3838 B75 (41395) - Vousten Jeans<\/title>\n<meta name=\"robots\" content=\"index, follow, max-snippet:-1, max-image-preview:large, max-video-preview:-1\" \/>\n<link rel=\"canonical\" href=\"https:\/\/www.voustenjeans.com\/de\/jacob-cohen-j622-nick-slim-3838-b75-41395-2\/\" \/>\n<meta property=\"og:locale\" content=\"de_DE\" \/>\n<meta property=\"og:type\" content=\"article\" \/>\n<meta property=\"og:title\" content=\"Jacob Cohen - J622 (Nick Slim) 3838 B75 (41395) - Vousten Jeans\" \/>\n<meta property=\"og:description\" content=\"Moderne Cordhose mit schmaler Passform. F\u00e4llt klein aus, w\u00e4hlen Sie daher eine Nummer gr\u00f6\u00dfer! Stretch-Cordhose Normale Bundh\u00f6he Knopfverschluss Mit Braunen Wildleder-Patch Material: 98 % Baumwolle, 2 % Elasthan Schrittl\u00e4nge: 16,5 cm L\u00e4nge: 89 cm (kann bei jeder W\u00e4sche leicht variieren) Diese Jacob Coh\u00ebn Hose wird in Handarbeit in Venetien, Nordostitalien, gefertigt. Ein passender Schal ist [...]\" \/>\n<meta property=\"og:url\" content=\"https:\/\/www.voustenjeans.com\/de\/jacob-cohen-j622-nick-slim-3838-b75-41395-2\/\" \/>\n<meta property=\"og:site_name\" content=\"Vousten Jeans\" \/>\n<meta property=\"article:modified_time\" content=\"2026-01-24T15:58:05+00:00\" \/>\n<meta property=\"og:image\" content=\"https:\/\/www.voustenjeans.com\/wp-content\/uploads\/2023\/06\/jacob_cohen_41409_bruin_front_0-1.jpg\" \/>\n\t<meta property=\"og:image:width\" content=\"800\" \/>\n\t<meta property=\"og:image:height\" content=\"2250\" \/>\n\t<meta property=\"og:image:type\" content=\"image\/jpeg\" \/>\n<meta name=\"twitter:card\" content=\"summary_large_image\" \/>\n<script type=\"application\/ld+json\" class=\"yoast-schema-graph\">{\"@context\":\"https:\/\/schema.org\",\"@graph\":[{\"@type\":\"WebPage\",\"@id\":\"https:\/\/www.voustenjeans.com\/de\/jacob-cohen-j622-nick-slim-3838-b75-41395-2\/\",\"url\":\"https:\/\/www.voustenjeans.com\/de\/jacob-cohen-j622-nick-slim-3838-b75-41395-2\/\",\"name\":\"Jacob Cohen - J622 (Nick Slim) 3838 B75 (41395) - Vousten Jeans\",\"isPartOf\":{\"@id\":\"https:\/\/www.voustenjeans.com\/en\/#website\"},\"primaryImageOfPage\":{\"@id\":\"https:\/\/www.voustenjeans.com\/de\/jacob-cohen-j622-nick-slim-3838-b75-41395-2\/#primaryimage\"},\"image\":{\"@id\":\"https:\/\/www.voustenjeans.com\/de\/jacob-cohen-j622-nick-slim-3838-b75-41395-2\/#primaryimage\"},\"thumbnailUrl\":\"https:\/\/www.voustenjeans.com\/wp-content\/uploads\/2023\/06\/jacob_cohen_41409_bruin_front_0-1.jpg\",\"datePublished\":\"2025-10-19T17:18:11+00:00\",\"dateModified\":\"2026-01-24T15:58:05+00:00\",\"breadcrumb\":{\"@id\":\"https:\/\/www.voustenjeans.com\/de\/jacob-cohen-j622-nick-slim-3838-b75-41395-2\/#breadcrumb\"},\"inLanguage\":\"de-DE\",\"potentialAction\":[{\"@type\":\"ReadAction\",\"target\":[\"https:\/\/www.voustenjeans.com\/de\/jacob-cohen-j622-nick-slim-3838-b75-41395-2\/\"]}]},{\"@type\":\"ImageObject\",\"inLanguage\":\"de-DE\",\"@id\":\"https:\/\/www.voustenjeans.com\/de\/jacob-cohen-j622-nick-slim-3838-b75-41395-2\/#primaryimage\",\"url\":\"https:\/\/www.voustenjeans.com\/wp-content\/uploads\/2023\/06\/jacob_cohen_41409_bruin_front_0-1.jpg\",\"contentUrl\":\"https:\/\/www.voustenjeans.com\/wp-content\/uploads\/2023\/06\/jacob_cohen_41409_bruin_front_0-1.jpg\",\"width\":800,\"height\":2250},{\"@type\":\"BreadcrumbList\",\"@id\":\"https:\/\/www.voustenjeans.com\/de\/jacob-cohen-j622-nick-slim-3838-b75-41395-2\/#breadcrumb\",\"itemListElement\":[{\"@type\":\"ListItem\",\"position\":1,\"name\":\"Home\",\"item\":\"https:\/\/www.voustenjeans.com\/de\/\"},{\"@type\":\"ListItem\",\"position\":2,\"name\":\"Shop\",\"item\":\"https:\/\/www.voustenjeans.com\/de\/shop\/\"},{\"@type\":\"ListItem\",\"position\":3,\"name\":\"Jacob Cohen &#8211; J622 (Nick Slim) 3838 B75 (41395)\"}]},{\"@type\":\"WebSite\",\"@id\":\"https:\/\/www.voustenjeans.com\/en\/#website\",\"url\":\"https:\/\/www.voustenjeans.com\/en\/\",\"name\":\"Vousten Jeans\",\"description\":\"\",\"potentialAction\":[{\"@type\":\"SearchAction\",\"target\":{\"@type\":\"EntryPoint\",\"urlTemplate\":\"https:\/\/www.voustenjeans.com\/en\/?s={search_term_string}\"},\"query-input\":\"required name=search_term_string\"}],\"inLanguage\":\"de-DE\"}]}<\/script>\n<!-- \/ Yoast SEO plugin. -->","yoast_head_json":{"title":"Jacob Cohen - J622 (Nick Slim) 3838 B75 (41395) - Vousten Jeans","robots":{"index":"index","follow":"follow","max-snippet":"max-snippet:-1","max-image-preview":"max-image-preview:large","max-video-preview":"max-video-preview:-1"},"canonical":"https:\/\/www.voustenjeans.com\/de\/jacob-cohen-j622-nick-slim-3838-b75-41395-2\/","og_locale":"de_DE","og_type":"article","og_title":"Jacob Cohen - J622 (Nick Slim) 3838 B75 (41395) - Vousten Jeans","og_description":"Moderne Cordhose mit schmaler Passform. F\u00e4llt klein aus, w\u00e4hlen Sie daher eine Nummer gr\u00f6\u00dfer! Stretch-Cordhose Normale Bundh\u00f6he Knopfverschluss Mit Braunen Wildleder-Patch Material: 98 % Baumwolle, 2 % Elasthan Schrittl\u00e4nge: 16,5 cm L\u00e4nge: 89 cm (kann bei jeder W\u00e4sche leicht variieren) Diese Jacob Coh\u00ebn Hose wird in Handarbeit in Venetien, Nordostitalien, gefertigt. Ein passender Schal ist [...]","og_url":"https:\/\/www.voustenjeans.com\/de\/jacob-cohen-j622-nick-slim-3838-b75-41395-2\/","og_site_name":"Vousten Jeans","article_modified_time":"2026-01-24T15:58:05+00:00","og_image":[{"width":800,"height":2250,"url":"https:\/\/www.voustenjeans.com\/wp-content\/uploads\/2023\/06\/jacob_cohen_41409_bruin_front_0-1.jpg","type":"image\/jpeg"}],"twitter_card":"summary_large_image","schema":{"@context":"https:\/\/schema.org","@graph":[{"@type":"WebPage","@id":"https:\/\/www.voustenjeans.com\/de\/jacob-cohen-j622-nick-slim-3838-b75-41395-2\/","url":"https:\/\/www.voustenjeans.com\/de\/jacob-cohen-j622-nick-slim-3838-b75-41395-2\/","name":"Jacob Cohen - J622 (Nick Slim) 3838 B75 (41395) - Vousten Jeans","isPartOf":{"@id":"https:\/\/www.voustenjeans.com\/en\/#website"},"primaryImageOfPage":{"@id":"https:\/\/www.voustenjeans.com\/de\/jacob-cohen-j622-nick-slim-3838-b75-41395-2\/#primaryimage"},"image":{"@id":"https:\/\/www.voustenjeans.com\/de\/jacob-cohen-j622-nick-slim-3838-b75-41395-2\/#primaryimage"},"thumbnailUrl":"https:\/\/www.voustenjeans.com\/wp-content\/uploads\/2023\/06\/jacob_cohen_41409_bruin_front_0-1.jpg","datePublished":"2025-10-19T17:18:11+00:00","dateModified":"2026-01-24T15:58:05+00:00","breadcrumb":{"@id":"https:\/\/www.voustenjeans.com\/de\/jacob-cohen-j622-nick-slim-3838-b75-41395-2\/#breadcrumb"},"inLanguage":"de-DE","potentialAction":[{"@type":"ReadAction","target":["https:\/\/www.voustenjeans.com\/de\/jacob-cohen-j622-nick-slim-3838-b75-41395-2\/"]}]},{"@type":"ImageObject","inLanguage":"de-DE","@id":"https:\/\/www.voustenjeans.com\/de\/jacob-cohen-j622-nick-slim-3838-b75-41395-2\/#primaryimage","url":"https:\/\/www.voustenjeans.com\/wp-content\/uploads\/2023\/06\/jacob_cohen_41409_bruin_front_0-1.jpg","contentUrl":"https:\/\/www.voustenjeans.com\/wp-content\/uploads\/2023\/06\/jacob_cohen_41409_bruin_front_0-1.jpg","width":800,"height":2250},{"@type":"BreadcrumbList","@id":"https:\/\/www.voustenjeans.com\/de\/jacob-cohen-j622-nick-slim-3838-b75-41395-2\/#breadcrumb","itemListElement":[{"@type":"ListItem","position":1,"name":"Home","item":"https:\/\/www.voustenjeans.com\/de\/"},{"@type":"ListItem","position":2,"name":"Shop","item":"https:\/\/www.voustenjeans.com\/de\/shop\/"},{"@type":"ListItem","position":3,"name":"Jacob Cohen &#8211; J622 (Nick Slim) 3838 B75 (41395)"}]},{"@type":"WebSite","@id":"https:\/\/www.voustenjeans.com\/en\/#website","url":"https:\/\/www.voustenjeans.com\/en\/","name":"Vousten Jeans","description":"","potentialAction":[{"@type":"SearchAction","target":{"@type":"EntryPoint","urlTemplate":"https:\/\/www.voustenjeans.com\/en\/?s={search_term_string}"},"query-input":"required name=search_term_string"}],"inLanguage":"de-DE"}]}},"_links":{"self":[{"href":"https:\/\/www.voustenjeans.com\/de\/wp-json\/wp\/v2\/product\/324291"}],"collection":[{"href":"https:\/\/www.voustenjeans.com\/de\/wp-json\/wp\/v2\/product"}],"about":[{"href":"https:\/\/www.voustenjeans.com\/de\/wp-json\/wp\/v2\/types\/product"}],"replies":[{"embeddable":true,"href":"https:\/\/www.voustenjeans.com\/de\/wp-json\/wp\/v2\/comments?post=324291"}],"wp:featuredmedia":[{"embeddable":true,"href":"https:\/\/www.voustenjeans.com\/de\/wp-json\/wp\/v2\/media\/324267"}],"wp:attachment":[{"href":"https:\/\/www.voustenjeans.com\/de\/wp-json\/wp\/v2\/media?parent=324291"}],"wp:term":[{"taxonomy":"product_cat","embeddable":true,"href":"https:\/\/www.voustenjeans.com\/de\/wp-json\/wp\/v2\/product_cat?post=324291"},{"taxonomy":"product_tag","embeddable":true,"href":"https:\/\/www.voustenjeans.com\/de\/wp-json\/wp\/v2\/product_tag?post=324291"}],"curies":[{"name":"wp","href":"https:\/\/api.w.org\/{rel}","templated":true}]}}