{"id":322891,"date":"2025-10-11T09:34:07","date_gmt":"2025-10-11T07:34:07","guid":{"rendered":"https:\/\/www.voustenjeans.com\/jacob-cohen-j622-nick-slim-34818-2\/"},"modified":"2026-03-28T15:56:06","modified_gmt":"2026-03-28T14:56:06","slug":"jacob-cohen-j622-nick-slim-34818-2","status":"publish","type":"product","link":"https:\/\/www.voustenjeans.com\/de\/jacob-cohen-j622-nick-slim-34818-2\/","title":{"rendered":"Jacob Coh\u00ebn J622 (Nick) slim (34818)"},"content":{"rendered":"<div class=\"field field-name-field-fabrikant-artikelnummer field-type-text field-label-inline clearfix\">\n<div class=\"field-label\">\n<div class=\"field field-name-field-fabrikant-artikelnummer field-type-text field-label-inline clearfix\">\n<div class=\"field-label\">SKU:<\/div>\n<div class=\"field-items\">\n<div class=\"field-item even\">3589 034D<\/div>\n<\/div>\n<\/div>\n<div class=\"field field-name-body field-type-text-with-summary field-label-hidden\">\n<div class=\"field-items\">\n<div class=\"field-item even\">\n<p>Ist eine moderne Jeans und hat eine schmale Passform.<\/p>\n<ul>\n<li>Stretchjeans<\/li>\n<li>Unterer Bund (h\u00fcftiges Modell)<\/li>\n<li>Knopfverschluss<\/li>\n<li>Ausgestattet mit einem braunen Patch<\/li>\n<li>Material: 95% Baumwolle, 2% Elasthan, 3% Polyester<\/li>\n<li>Fu\u00dfbreite: 18 cm<\/li>\n<li>Basisl\u00e4nge: 35 Zoll (kann je nach W\u00e4sche leicht variieren)<\/li>\n<li>Diese Jacob Cohen Jeans wird in Venetien, Nordostitalien, handgefertigt<\/li>\n<\/ul>\n<p>Lieferung mit kostenlosem passendem Schal und zus\u00e4tzlichem Garn in der richtigen Farbe zum K\u00fcrzen.<\/p>\n<\/div>\n<\/div>\n<\/div>\n<\/div>\n<\/div>\n","protected":false},"excerpt":{"rendered":"<p>SKU: 3589 034D Ist eine moderne Jeans und hat eine schmale Passform. Stretchjeans Unterer Bund (h\u00fcftiges Modell) Knopfverschluss Ausgestattet mit einem braunen Patch Material: 95% Baumwolle, 2% Elasthan, 3% Polyester Fu\u00dfbreite: 18 cm Basisl\u00e4nge: 35 Zoll (kann je nach W\u00e4sche leicht variieren) Diese Jacob Cohen Jeans wird in Venetien, Nordostitalien, handgefertigt Lieferung mit kostenlosem passendem [&#8230;]\n","protected":false},"featured_media":316172,"comment_status":"open","ping_status":"closed","template":"","meta":[],"product_cat":[1651,1139,1421,1581],"product_tag":[],"acf":[],"yoast_head":"<!-- This site is optimized with the Yoast SEO plugin v22.3 - https:\/\/yoast.com\/wordpress\/plugins\/seo\/ -->\n<title>Jacob Coh\u00ebn J622 (Nick) slim (34818) - Vousten Jeans<\/title>\n<meta name=\"robots\" content=\"index, follow, max-snippet:-1, max-image-preview:large, max-video-preview:-1\" \/>\n<link rel=\"canonical\" href=\"https:\/\/www.voustenjeans.com\/de\/jacob-cohen-j622-nick-slim-34818-2\/\" \/>\n<meta property=\"og:locale\" content=\"de_DE\" \/>\n<meta property=\"og:type\" content=\"article\" \/>\n<meta property=\"og:title\" content=\"Jacob Coh\u00ebn J622 (Nick) slim (34818) - Vousten Jeans\" \/>\n<meta property=\"og:description\" content=\"SKU: 3589 034D Ist eine moderne Jeans und hat eine schmale Passform. Stretchjeans Unterer Bund (h\u00fcftiges Modell) Knopfverschluss Ausgestattet mit einem braunen Patch Material: 95% Baumwolle, 2% Elasthan, 3% Polyester Fu\u00dfbreite: 18 cm Basisl\u00e4nge: 35 Zoll (kann je nach W\u00e4sche leicht variieren) Diese Jacob Cohen Jeans wird in Venetien, Nordostitalien, handgefertigt Lieferung mit kostenlosem passendem [...]\" \/>\n<meta property=\"og:url\" content=\"https:\/\/www.voustenjeans.com\/de\/jacob-cohen-j622-nick-slim-34818-2\/\" \/>\n<meta property=\"og:site_name\" content=\"Vousten Jeans\" \/>\n<meta property=\"article:modified_time\" content=\"2026-03-28T14:56:06+00:00\" \/>\n<meta property=\"og:image\" content=\"https:\/\/www.voustenjeans.com\/wp-content\/uploads\/2023\/06\/34819_1-3.jpg\" \/>\n\t<meta property=\"og:image:width\" content=\"1365\" \/>\n\t<meta property=\"og:image:height\" content=\"2048\" \/>\n\t<meta property=\"og:image:type\" content=\"image\/jpeg\" \/>\n<meta name=\"twitter:card\" content=\"summary_large_image\" \/>\n<script type=\"application\/ld+json\" class=\"yoast-schema-graph\">{\"@context\":\"https:\/\/schema.org\",\"@graph\":[{\"@type\":\"WebPage\",\"@id\":\"https:\/\/www.voustenjeans.com\/de\/jacob-cohen-j622-nick-slim-34818-2\/\",\"url\":\"https:\/\/www.voustenjeans.com\/de\/jacob-cohen-j622-nick-slim-34818-2\/\",\"name\":\"Jacob Coh\u00ebn J622 (Nick) slim (34818) - Vousten Jeans\",\"isPartOf\":{\"@id\":\"https:\/\/www.voustenjeans.com\/en\/#website\"},\"primaryImageOfPage\":{\"@id\":\"https:\/\/www.voustenjeans.com\/de\/jacob-cohen-j622-nick-slim-34818-2\/#primaryimage\"},\"image\":{\"@id\":\"https:\/\/www.voustenjeans.com\/de\/jacob-cohen-j622-nick-slim-34818-2\/#primaryimage\"},\"thumbnailUrl\":\"https:\/\/www.voustenjeans.com\/wp-content\/uploads\/2023\/06\/34819_1-3.jpg\",\"datePublished\":\"2025-10-11T07:34:07+00:00\",\"dateModified\":\"2026-03-28T14:56:06+00:00\",\"breadcrumb\":{\"@id\":\"https:\/\/www.voustenjeans.com\/de\/jacob-cohen-j622-nick-slim-34818-2\/#breadcrumb\"},\"inLanguage\":\"de-DE\",\"potentialAction\":[{\"@type\":\"ReadAction\",\"target\":[\"https:\/\/www.voustenjeans.com\/de\/jacob-cohen-j622-nick-slim-34818-2\/\"]}]},{\"@type\":\"ImageObject\",\"inLanguage\":\"de-DE\",\"@id\":\"https:\/\/www.voustenjeans.com\/de\/jacob-cohen-j622-nick-slim-34818-2\/#primaryimage\",\"url\":\"https:\/\/www.voustenjeans.com\/wp-content\/uploads\/2023\/06\/34819_1-3.jpg\",\"contentUrl\":\"https:\/\/www.voustenjeans.com\/wp-content\/uploads\/2023\/06\/34819_1-3.jpg\",\"width\":1365,\"height\":2048},{\"@type\":\"BreadcrumbList\",\"@id\":\"https:\/\/www.voustenjeans.com\/de\/jacob-cohen-j622-nick-slim-34818-2\/#breadcrumb\",\"itemListElement\":[{\"@type\":\"ListItem\",\"position\":1,\"name\":\"Home\",\"item\":\"https:\/\/www.voustenjeans.com\/de\/\"},{\"@type\":\"ListItem\",\"position\":2,\"name\":\"Shop\",\"item\":\"https:\/\/www.voustenjeans.com\/de\/shop\/\"},{\"@type\":\"ListItem\",\"position\":3,\"name\":\"Jacob Coh\u00ebn J622 (Nick) slim (34818)\"}]},{\"@type\":\"WebSite\",\"@id\":\"https:\/\/www.voustenjeans.com\/en\/#website\",\"url\":\"https:\/\/www.voustenjeans.com\/en\/\",\"name\":\"Vousten Jeans\",\"description\":\"\",\"potentialAction\":[{\"@type\":\"SearchAction\",\"target\":{\"@type\":\"EntryPoint\",\"urlTemplate\":\"https:\/\/www.voustenjeans.com\/en\/?s={search_term_string}\"},\"query-input\":\"required name=search_term_string\"}],\"inLanguage\":\"de-DE\"}]}<\/script>\n<!-- \/ Yoast SEO plugin. -->","yoast_head_json":{"title":"Jacob Coh\u00ebn J622 (Nick) slim (34818) - Vousten Jeans","robots":{"index":"index","follow":"follow","max-snippet":"max-snippet:-1","max-image-preview":"max-image-preview:large","max-video-preview":"max-video-preview:-1"},"canonical":"https:\/\/www.voustenjeans.com\/de\/jacob-cohen-j622-nick-slim-34818-2\/","og_locale":"de_DE","og_type":"article","og_title":"Jacob Coh\u00ebn J622 (Nick) slim (34818) - Vousten Jeans","og_description":"SKU: 3589 034D Ist eine moderne Jeans und hat eine schmale Passform. Stretchjeans Unterer Bund (h\u00fcftiges Modell) Knopfverschluss Ausgestattet mit einem braunen Patch Material: 95% Baumwolle, 2% Elasthan, 3% Polyester Fu\u00dfbreite: 18 cm Basisl\u00e4nge: 35 Zoll (kann je nach W\u00e4sche leicht variieren) Diese Jacob Cohen Jeans wird in Venetien, Nordostitalien, handgefertigt Lieferung mit kostenlosem passendem [...]","og_url":"https:\/\/www.voustenjeans.com\/de\/jacob-cohen-j622-nick-slim-34818-2\/","og_site_name":"Vousten Jeans","article_modified_time":"2026-03-28T14:56:06+00:00","og_image":[{"width":1365,"height":2048,"url":"https:\/\/www.voustenjeans.com\/wp-content\/uploads\/2023\/06\/34819_1-3.jpg","type":"image\/jpeg"}],"twitter_card":"summary_large_image","schema":{"@context":"https:\/\/schema.org","@graph":[{"@type":"WebPage","@id":"https:\/\/www.voustenjeans.com\/de\/jacob-cohen-j622-nick-slim-34818-2\/","url":"https:\/\/www.voustenjeans.com\/de\/jacob-cohen-j622-nick-slim-34818-2\/","name":"Jacob Coh\u00ebn J622 (Nick) slim (34818) - Vousten Jeans","isPartOf":{"@id":"https:\/\/www.voustenjeans.com\/en\/#website"},"primaryImageOfPage":{"@id":"https:\/\/www.voustenjeans.com\/de\/jacob-cohen-j622-nick-slim-34818-2\/#primaryimage"},"image":{"@id":"https:\/\/www.voustenjeans.com\/de\/jacob-cohen-j622-nick-slim-34818-2\/#primaryimage"},"thumbnailUrl":"https:\/\/www.voustenjeans.com\/wp-content\/uploads\/2023\/06\/34819_1-3.jpg","datePublished":"2025-10-11T07:34:07+00:00","dateModified":"2026-03-28T14:56:06+00:00","breadcrumb":{"@id":"https:\/\/www.voustenjeans.com\/de\/jacob-cohen-j622-nick-slim-34818-2\/#breadcrumb"},"inLanguage":"de-DE","potentialAction":[{"@type":"ReadAction","target":["https:\/\/www.voustenjeans.com\/de\/jacob-cohen-j622-nick-slim-34818-2\/"]}]},{"@type":"ImageObject","inLanguage":"de-DE","@id":"https:\/\/www.voustenjeans.com\/de\/jacob-cohen-j622-nick-slim-34818-2\/#primaryimage","url":"https:\/\/www.voustenjeans.com\/wp-content\/uploads\/2023\/06\/34819_1-3.jpg","contentUrl":"https:\/\/www.voustenjeans.com\/wp-content\/uploads\/2023\/06\/34819_1-3.jpg","width":1365,"height":2048},{"@type":"BreadcrumbList","@id":"https:\/\/www.voustenjeans.com\/de\/jacob-cohen-j622-nick-slim-34818-2\/#breadcrumb","itemListElement":[{"@type":"ListItem","position":1,"name":"Home","item":"https:\/\/www.voustenjeans.com\/de\/"},{"@type":"ListItem","position":2,"name":"Shop","item":"https:\/\/www.voustenjeans.com\/de\/shop\/"},{"@type":"ListItem","position":3,"name":"Jacob Coh\u00ebn J622 (Nick) slim (34818)"}]},{"@type":"WebSite","@id":"https:\/\/www.voustenjeans.com\/en\/#website","url":"https:\/\/www.voustenjeans.com\/en\/","name":"Vousten Jeans","description":"","potentialAction":[{"@type":"SearchAction","target":{"@type":"EntryPoint","urlTemplate":"https:\/\/www.voustenjeans.com\/en\/?s={search_term_string}"},"query-input":"required name=search_term_string"}],"inLanguage":"de-DE"}]}},"_links":{"self":[{"href":"https:\/\/www.voustenjeans.com\/de\/wp-json\/wp\/v2\/product\/322891"}],"collection":[{"href":"https:\/\/www.voustenjeans.com\/de\/wp-json\/wp\/v2\/product"}],"about":[{"href":"https:\/\/www.voustenjeans.com\/de\/wp-json\/wp\/v2\/types\/product"}],"replies":[{"embeddable":true,"href":"https:\/\/www.voustenjeans.com\/de\/wp-json\/wp\/v2\/comments?post=322891"}],"wp:featuredmedia":[{"embeddable":true,"href":"https:\/\/www.voustenjeans.com\/de\/wp-json\/wp\/v2\/media\/316172"}],"wp:attachment":[{"href":"https:\/\/www.voustenjeans.com\/de\/wp-json\/wp\/v2\/media?parent=322891"}],"wp:term":[{"taxonomy":"product_cat","embeddable":true,"href":"https:\/\/www.voustenjeans.com\/de\/wp-json\/wp\/v2\/product_cat?post=322891"},{"taxonomy":"product_tag","embeddable":true,"href":"https:\/\/www.voustenjeans.com\/de\/wp-json\/wp\/v2\/product_tag?post=322891"}],"curies":[{"name":"wp","href":"https:\/\/api.w.org\/{rel}","templated":true}]}}