{"id":320660,"date":"2025-09-27T06:10:07","date_gmt":"2025-09-27T04:10:07","guid":{"rendered":"https:\/\/www.voustenjeans.com\/jacob-cohen-j622-nick-slim-olympic-edition-4213-200d-41173-2\/"},"modified":"2026-03-05T09:02:22","modified_gmt":"2026-03-05T08:02:22","slug":"jacob-cohen-j622-nick-slim-olympic-edition-4213-200d-41173-2","status":"publish","type":"product","link":"https:\/\/www.voustenjeans.com\/de\/jacob-cohen-j622-nick-slim-olympic-edition-4213-200d-41173-2\/","title":{"rendered":"Jacob Coh\u00ebn &#8211; J622 (Nick Slim) OLYMPIC EDITION 4213 200D (41173)"},"content":{"rendered":"<div><strong>Jacob Coh\u00ebn Olympic Milano Cortina Edition.<\/strong><\/div>\n<div>Diese Jeans ist eine Sonderanfertigung f\u00fcr die Olympischen Winterspiele 2026 in Milano Cortina.<br \/>\nDas Thema der Olympischen Spiele spiegelt sich im Aufn\u00e4her wider, in den Knopf ist der Duomo Di Milano eingearbeitet und die Farben der olympischen Ringe sind zu sehen.<br \/>\nDie Taschen auf der Innenseite zeigen ebenfalls die klassischen Autos.<\/div>\n<div><\/div>\n<div>Moderne Jeans im Slim Fit.<\/div>\n<ul>\n<li>Stretchjeans<\/li>\n<li>Normale Bundh\u00f6he<\/li>\n<li>Knopfverschluss<\/li>\n<li>Milano Duomo Knopf<\/li>\n<li>Mit speziellem Milano Cortina Ponyhaar-Patch mit Metalllogo<\/li>\n<li>Material: 79 % Baumwolle, 20 % Lyocell, 1 % Elastan<\/li>\n<li>Schrittl\u00e4nge: 18,5 cm<\/li>\n<li>Basisl\u00e4nge: 89 cm (kann je nach W\u00e4sche leicht variieren)<\/li>\n<li>Diese Jacob Coh\u00ebn Jeans wird in Venetien im Nordosten Italiens handgefertigt.<\/li>\n<\/ul>\n<div>Ein passender Schal und ein farblich passender Faden zum K\u00fcrzen sind im Lieferumfang enthalten.<\/div>\n","protected":false},"excerpt":{"rendered":"<p>Jacob Coh\u00ebn Olympic Milano Cortina Edition. Diese Jeans ist eine Sonderanfertigung f\u00fcr die Olympischen Winterspiele 2026 in Milano Cortina. Das Thema der Olympischen Spiele spiegelt sich im Aufn\u00e4her wider, in den Knopf ist der Duomo Di Milano eingearbeitet und die Farben der olympischen Ringe sind zu sehen. Die Taschen auf der Innenseite zeigen ebenfalls die [&#8230;]\n","protected":false},"featured_media":320530,"comment_status":"open","ping_status":"closed","template":"","meta":[],"product_cat":[1565,1581,1643,1651,1662,1748,1139,1421,1477],"product_tag":[],"acf":[],"yoast_head":"<!-- This site is optimized with the Yoast SEO plugin v22.3 - https:\/\/yoast.com\/wordpress\/plugins\/seo\/ -->\n<title>Jacob Coh\u00ebn - J622 (Nick Slim) OLYMPIC EDITION 4213 200D (41173) - Vousten Jeans<\/title>\n<meta name=\"robots\" content=\"index, follow, max-snippet:-1, max-image-preview:large, max-video-preview:-1\" \/>\n<link rel=\"canonical\" href=\"https:\/\/www.voustenjeans.com\/de\/jacob-cohen-j622-nick-slim-olympic-edition-4213-200d-41173-2\/\" \/>\n<meta property=\"og:locale\" content=\"de_DE\" \/>\n<meta property=\"og:type\" content=\"article\" \/>\n<meta property=\"og:title\" content=\"Jacob Coh\u00ebn - J622 (Nick Slim) OLYMPIC EDITION 4213 200D (41173) - Vousten Jeans\" \/>\n<meta property=\"og:description\" content=\"Jacob Coh\u00ebn Olympic Milano Cortina Edition. Diese Jeans ist eine Sonderanfertigung f\u00fcr die Olympischen Winterspiele 2026 in Milano Cortina. Das Thema der Olympischen Spiele spiegelt sich im Aufn\u00e4her wider, in den Knopf ist der Duomo Di Milano eingearbeitet und die Farben der olympischen Ringe sind zu sehen. Die Taschen auf der Innenseite zeigen ebenfalls die [...]\" \/>\n<meta property=\"og:url\" content=\"https:\/\/www.voustenjeans.com\/de\/jacob-cohen-j622-nick-slim-olympic-edition-4213-200d-41173-2\/\" \/>\n<meta property=\"og:site_name\" content=\"Vousten Jeans\" \/>\n<meta property=\"article:modified_time\" content=\"2026-03-05T08:02:22+00:00\" \/>\n<meta property=\"og:image\" content=\"https:\/\/www.voustenjeans.com\/wp-content\/uploads\/2023\/06\/J688-Bard-OLYMPIC-EDITION-4231-200D-414971.jpg\" \/>\n\t<meta property=\"og:image:width\" content=\"800\" \/>\n\t<meta property=\"og:image:height\" content=\"2250\" \/>\n\t<meta property=\"og:image:type\" content=\"image\/jpeg\" \/>\n<meta name=\"twitter:card\" content=\"summary_large_image\" \/>\n<meta name=\"twitter:label1\" content=\"Est. reading time\" \/>\n\t<meta name=\"twitter:data1\" content=\"1 Minute\" \/>\n<script type=\"application\/ld+json\" class=\"yoast-schema-graph\">{\"@context\":\"https:\/\/schema.org\",\"@graph\":[{\"@type\":\"WebPage\",\"@id\":\"https:\/\/www.voustenjeans.com\/de\/jacob-cohen-j622-nick-slim-olympic-edition-4213-200d-41173-2\/\",\"url\":\"https:\/\/www.voustenjeans.com\/de\/jacob-cohen-j622-nick-slim-olympic-edition-4213-200d-41173-2\/\",\"name\":\"Jacob Coh\u00ebn - J622 (Nick Slim) OLYMPIC EDITION 4213 200D (41173) - Vousten Jeans\",\"isPartOf\":{\"@id\":\"https:\/\/www.voustenjeans.com\/en\/#website\"},\"primaryImageOfPage\":{\"@id\":\"https:\/\/www.voustenjeans.com\/de\/jacob-cohen-j622-nick-slim-olympic-edition-4213-200d-41173-2\/#primaryimage\"},\"image\":{\"@id\":\"https:\/\/www.voustenjeans.com\/de\/jacob-cohen-j622-nick-slim-olympic-edition-4213-200d-41173-2\/#primaryimage\"},\"thumbnailUrl\":\"https:\/\/www.voustenjeans.com\/wp-content\/uploads\/2023\/06\/J688-Bard-OLYMPIC-EDITION-4231-200D-414971.jpg\",\"datePublished\":\"2025-09-27T04:10:07+00:00\",\"dateModified\":\"2026-03-05T08:02:22+00:00\",\"breadcrumb\":{\"@id\":\"https:\/\/www.voustenjeans.com\/de\/jacob-cohen-j622-nick-slim-olympic-edition-4213-200d-41173-2\/#breadcrumb\"},\"inLanguage\":\"de-DE\",\"potentialAction\":[{\"@type\":\"ReadAction\",\"target\":[\"https:\/\/www.voustenjeans.com\/de\/jacob-cohen-j622-nick-slim-olympic-edition-4213-200d-41173-2\/\"]}]},{\"@type\":\"ImageObject\",\"inLanguage\":\"de-DE\",\"@id\":\"https:\/\/www.voustenjeans.com\/de\/jacob-cohen-j622-nick-slim-olympic-edition-4213-200d-41173-2\/#primaryimage\",\"url\":\"https:\/\/www.voustenjeans.com\/wp-content\/uploads\/2023\/06\/J688-Bard-OLYMPIC-EDITION-4231-200D-414971.jpg\",\"contentUrl\":\"https:\/\/www.voustenjeans.com\/wp-content\/uploads\/2023\/06\/J688-Bard-OLYMPIC-EDITION-4231-200D-414971.jpg\",\"width\":800,\"height\":2250},{\"@type\":\"BreadcrumbList\",\"@id\":\"https:\/\/www.voustenjeans.com\/de\/jacob-cohen-j622-nick-slim-olympic-edition-4213-200d-41173-2\/#breadcrumb\",\"itemListElement\":[{\"@type\":\"ListItem\",\"position\":1,\"name\":\"Home\",\"item\":\"https:\/\/www.voustenjeans.com\/de\/\"},{\"@type\":\"ListItem\",\"position\":2,\"name\":\"Shop\",\"item\":\"https:\/\/www.voustenjeans.com\/de\/shop\/\"},{\"@type\":\"ListItem\",\"position\":3,\"name\":\"Jacob Coh\u00ebn &#8211; J622 (Nick Slim) OLYMPIC EDITION 4213 200D (41173)\"}]},{\"@type\":\"WebSite\",\"@id\":\"https:\/\/www.voustenjeans.com\/en\/#website\",\"url\":\"https:\/\/www.voustenjeans.com\/en\/\",\"name\":\"Vousten Jeans\",\"description\":\"\",\"potentialAction\":[{\"@type\":\"SearchAction\",\"target\":{\"@type\":\"EntryPoint\",\"urlTemplate\":\"https:\/\/www.voustenjeans.com\/en\/?s={search_term_string}\"},\"query-input\":\"required name=search_term_string\"}],\"inLanguage\":\"de-DE\"}]}<\/script>\n<!-- \/ Yoast SEO plugin. -->","yoast_head_json":{"title":"Jacob Coh\u00ebn - J622 (Nick Slim) OLYMPIC EDITION 4213 200D (41173) - Vousten Jeans","robots":{"index":"index","follow":"follow","max-snippet":"max-snippet:-1","max-image-preview":"max-image-preview:large","max-video-preview":"max-video-preview:-1"},"canonical":"https:\/\/www.voustenjeans.com\/de\/jacob-cohen-j622-nick-slim-olympic-edition-4213-200d-41173-2\/","og_locale":"de_DE","og_type":"article","og_title":"Jacob Coh\u00ebn - J622 (Nick Slim) OLYMPIC EDITION 4213 200D (41173) - Vousten Jeans","og_description":"Jacob Coh\u00ebn Olympic Milano Cortina Edition. Diese Jeans ist eine Sonderanfertigung f\u00fcr die Olympischen Winterspiele 2026 in Milano Cortina. Das Thema der Olympischen Spiele spiegelt sich im Aufn\u00e4her wider, in den Knopf ist der Duomo Di Milano eingearbeitet und die Farben der olympischen Ringe sind zu sehen. Die Taschen auf der Innenseite zeigen ebenfalls die [...]","og_url":"https:\/\/www.voustenjeans.com\/de\/jacob-cohen-j622-nick-slim-olympic-edition-4213-200d-41173-2\/","og_site_name":"Vousten Jeans","article_modified_time":"2026-03-05T08:02:22+00:00","og_image":[{"width":800,"height":2250,"url":"https:\/\/www.voustenjeans.com\/wp-content\/uploads\/2023\/06\/J688-Bard-OLYMPIC-EDITION-4231-200D-414971.jpg","type":"image\/jpeg"}],"twitter_card":"summary_large_image","twitter_misc":{"Est. reading time":"1 Minute"},"schema":{"@context":"https:\/\/schema.org","@graph":[{"@type":"WebPage","@id":"https:\/\/www.voustenjeans.com\/de\/jacob-cohen-j622-nick-slim-olympic-edition-4213-200d-41173-2\/","url":"https:\/\/www.voustenjeans.com\/de\/jacob-cohen-j622-nick-slim-olympic-edition-4213-200d-41173-2\/","name":"Jacob Coh\u00ebn - J622 (Nick Slim) OLYMPIC EDITION 4213 200D (41173) - Vousten Jeans","isPartOf":{"@id":"https:\/\/www.voustenjeans.com\/en\/#website"},"primaryImageOfPage":{"@id":"https:\/\/www.voustenjeans.com\/de\/jacob-cohen-j622-nick-slim-olympic-edition-4213-200d-41173-2\/#primaryimage"},"image":{"@id":"https:\/\/www.voustenjeans.com\/de\/jacob-cohen-j622-nick-slim-olympic-edition-4213-200d-41173-2\/#primaryimage"},"thumbnailUrl":"https:\/\/www.voustenjeans.com\/wp-content\/uploads\/2023\/06\/J688-Bard-OLYMPIC-EDITION-4231-200D-414971.jpg","datePublished":"2025-09-27T04:10:07+00:00","dateModified":"2026-03-05T08:02:22+00:00","breadcrumb":{"@id":"https:\/\/www.voustenjeans.com\/de\/jacob-cohen-j622-nick-slim-olympic-edition-4213-200d-41173-2\/#breadcrumb"},"inLanguage":"de-DE","potentialAction":[{"@type":"ReadAction","target":["https:\/\/www.voustenjeans.com\/de\/jacob-cohen-j622-nick-slim-olympic-edition-4213-200d-41173-2\/"]}]},{"@type":"ImageObject","inLanguage":"de-DE","@id":"https:\/\/www.voustenjeans.com\/de\/jacob-cohen-j622-nick-slim-olympic-edition-4213-200d-41173-2\/#primaryimage","url":"https:\/\/www.voustenjeans.com\/wp-content\/uploads\/2023\/06\/J688-Bard-OLYMPIC-EDITION-4231-200D-414971.jpg","contentUrl":"https:\/\/www.voustenjeans.com\/wp-content\/uploads\/2023\/06\/J688-Bard-OLYMPIC-EDITION-4231-200D-414971.jpg","width":800,"height":2250},{"@type":"BreadcrumbList","@id":"https:\/\/www.voustenjeans.com\/de\/jacob-cohen-j622-nick-slim-olympic-edition-4213-200d-41173-2\/#breadcrumb","itemListElement":[{"@type":"ListItem","position":1,"name":"Home","item":"https:\/\/www.voustenjeans.com\/de\/"},{"@type":"ListItem","position":2,"name":"Shop","item":"https:\/\/www.voustenjeans.com\/de\/shop\/"},{"@type":"ListItem","position":3,"name":"Jacob Coh\u00ebn &#8211; J622 (Nick Slim) OLYMPIC EDITION 4213 200D (41173)"}]},{"@type":"WebSite","@id":"https:\/\/www.voustenjeans.com\/en\/#website","url":"https:\/\/www.voustenjeans.com\/en\/","name":"Vousten Jeans","description":"","potentialAction":[{"@type":"SearchAction","target":{"@type":"EntryPoint","urlTemplate":"https:\/\/www.voustenjeans.com\/en\/?s={search_term_string}"},"query-input":"required name=search_term_string"}],"inLanguage":"de-DE"}]}},"_links":{"self":[{"href":"https:\/\/www.voustenjeans.com\/de\/wp-json\/wp\/v2\/product\/320660"}],"collection":[{"href":"https:\/\/www.voustenjeans.com\/de\/wp-json\/wp\/v2\/product"}],"about":[{"href":"https:\/\/www.voustenjeans.com\/de\/wp-json\/wp\/v2\/types\/product"}],"replies":[{"embeddable":true,"href":"https:\/\/www.voustenjeans.com\/de\/wp-json\/wp\/v2\/comments?post=320660"}],"wp:featuredmedia":[{"embeddable":true,"href":"https:\/\/www.voustenjeans.com\/de\/wp-json\/wp\/v2\/media\/320530"}],"wp:attachment":[{"href":"https:\/\/www.voustenjeans.com\/de\/wp-json\/wp\/v2\/media?parent=320660"}],"wp:term":[{"taxonomy":"product_cat","embeddable":true,"href":"https:\/\/www.voustenjeans.com\/de\/wp-json\/wp\/v2\/product_cat?post=320660"},{"taxonomy":"product_tag","embeddable":true,"href":"https:\/\/www.voustenjeans.com\/de\/wp-json\/wp\/v2\/product_tag?post=320660"}],"curies":[{"name":"wp","href":"https:\/\/api.w.org\/{rel}","templated":true}]}}