{"id":320546,"date":"2025-09-26T21:22:09","date_gmt":"2025-09-26T19:22:09","guid":{"rendered":"https:\/\/www.voustenjeans.com\/jacob-cohen-j688-bard-olympic-edition-4231-200d-41497-2\/"},"modified":"2026-04-17T23:28:05","modified_gmt":"2026-04-17T21:28:05","slug":"jacob-cohen-j688-bard-olympic-edition-4231-200d-41497-2","status":"publish","type":"product","link":"https:\/\/www.voustenjeans.com\/de\/jacob-cohen-j688-bard-olympic-edition-4231-200d-41497-2\/","title":{"rendered":"Jacob Coh\u00ebn &#8211; J688 (Bard) OLYMPIC EDITION 4231 200D (41497)"},"content":{"rendered":"<div><strong>Jacob Coh\u00ebn Olympic Milano Cortina Edition.<\/strong><\/div>\n<div>Diese Jeans im modernen Style hat eine schmale Passform mit etwas mehr Beinfreiheit.<\/div>\n<ul>\n<li>Stretchjeans<\/li>\n<li>H\u00f6here Taille<\/li>\n<li>Knopfverschluss<\/li>\n<li>Milano Duomo Knopf<\/li>\n<li>Mit speziellem Milano Cortina Ponyhaar-Patch mit Metalllogo<\/li>\n<li>Material: 79 % Baumwolle, 20 % Lyocell, 1 % Elastan<\/li>\n<li>Schrittl\u00e4nge: 18,5 cm<\/li>\n<li>Basisl\u00e4nge: 89 cm (kann je nach W\u00e4sche leicht variieren)<\/li>\n<li>Diese Jacob Coh\u00ebn Jeans wird in Venetien, Nordostitalien, handgefertigt.<\/li>\n<\/ul>\n<div>Ein passender Schal und ein farblich passender Faden zum K\u00fcrzen sind im Lieferumfang enthalten.<\/div>\n","protected":false},"excerpt":{"rendered":"<p>Jacob Coh\u00ebn Olympic Milano Cortina Edition. Diese Jeans im modernen Style hat eine schmale Passform mit etwas mehr Beinfreiheit. Stretchjeans H\u00f6here Taille Knopfverschluss Milano Duomo Knopf Mit speziellem Milano Cortina Ponyhaar-Patch mit Metalllogo Material: 79 % Baumwolle, 20 % Lyocell, 1 % Elastan Schrittl\u00e4nge: 18,5 cm Basisl\u00e4nge: 89 cm (kann je nach W\u00e4sche leicht variieren) [&#8230;]\n","protected":false},"featured_media":320530,"comment_status":"open","ping_status":"closed","template":"","meta":[],"product_cat":[1139,1429,1477,1565,1581,1643,1651,1662,1748],"product_tag":[],"acf":[],"yoast_head":"<!-- This site is optimized with the Yoast SEO plugin v22.3 - https:\/\/yoast.com\/wordpress\/plugins\/seo\/ -->\n<title>Jacob Coh\u00ebn - J688 (Bard) OLYMPIC EDITION 4231 200D (41497) - Vousten Jeans<\/title>\n<meta name=\"robots\" content=\"index, follow, max-snippet:-1, max-image-preview:large, max-video-preview:-1\" \/>\n<link rel=\"canonical\" href=\"https:\/\/www.voustenjeans.com\/de\/jacob-cohen-j688-bard-olympic-edition-4231-200d-41497-2\/\" \/>\n<meta property=\"og:locale\" content=\"de_DE\" \/>\n<meta property=\"og:type\" content=\"article\" \/>\n<meta property=\"og:title\" content=\"Jacob Coh\u00ebn - J688 (Bard) OLYMPIC EDITION 4231 200D (41497) - Vousten Jeans\" \/>\n<meta property=\"og:description\" content=\"Jacob Coh\u00ebn Olympic Milano Cortina Edition. Diese Jeans im modernen Style hat eine schmale Passform mit etwas mehr Beinfreiheit. Stretchjeans H\u00f6here Taille Knopfverschluss Milano Duomo Knopf Mit speziellem Milano Cortina Ponyhaar-Patch mit Metalllogo Material: 79 % Baumwolle, 20 % Lyocell, 1 % Elastan Schrittl\u00e4nge: 18,5 cm Basisl\u00e4nge: 89 cm (kann je nach W\u00e4sche leicht variieren) [...]\" \/>\n<meta property=\"og:url\" content=\"https:\/\/www.voustenjeans.com\/de\/jacob-cohen-j688-bard-olympic-edition-4231-200d-41497-2\/\" \/>\n<meta property=\"og:site_name\" content=\"Vousten Jeans\" \/>\n<meta property=\"article:modified_time\" content=\"2026-04-17T21:28:05+00:00\" \/>\n<meta property=\"og:image\" content=\"https:\/\/www.voustenjeans.com\/wp-content\/uploads\/2023\/06\/J688-Bard-OLYMPIC-EDITION-4231-200D-414971.jpg\" \/>\n\t<meta property=\"og:image:width\" content=\"800\" \/>\n\t<meta property=\"og:image:height\" content=\"2250\" \/>\n\t<meta property=\"og:image:type\" content=\"image\/jpeg\" \/>\n<meta name=\"twitter:card\" content=\"summary_large_image\" \/>\n<script type=\"application\/ld+json\" class=\"yoast-schema-graph\">{\"@context\":\"https:\/\/schema.org\",\"@graph\":[{\"@type\":\"WebPage\",\"@id\":\"https:\/\/www.voustenjeans.com\/de\/jacob-cohen-j688-bard-olympic-edition-4231-200d-41497-2\/\",\"url\":\"https:\/\/www.voustenjeans.com\/de\/jacob-cohen-j688-bard-olympic-edition-4231-200d-41497-2\/\",\"name\":\"Jacob Coh\u00ebn - J688 (Bard) OLYMPIC EDITION 4231 200D (41497) - Vousten Jeans\",\"isPartOf\":{\"@id\":\"https:\/\/www.voustenjeans.com\/en\/#website\"},\"primaryImageOfPage\":{\"@id\":\"https:\/\/www.voustenjeans.com\/de\/jacob-cohen-j688-bard-olympic-edition-4231-200d-41497-2\/#primaryimage\"},\"image\":{\"@id\":\"https:\/\/www.voustenjeans.com\/de\/jacob-cohen-j688-bard-olympic-edition-4231-200d-41497-2\/#primaryimage\"},\"thumbnailUrl\":\"https:\/\/www.voustenjeans.com\/wp-content\/uploads\/2023\/06\/J688-Bard-OLYMPIC-EDITION-4231-200D-414971.jpg\",\"datePublished\":\"2025-09-26T19:22:09+00:00\",\"dateModified\":\"2026-04-17T21:28:05+00:00\",\"breadcrumb\":{\"@id\":\"https:\/\/www.voustenjeans.com\/de\/jacob-cohen-j688-bard-olympic-edition-4231-200d-41497-2\/#breadcrumb\"},\"inLanguage\":\"de-DE\",\"potentialAction\":[{\"@type\":\"ReadAction\",\"target\":[\"https:\/\/www.voustenjeans.com\/de\/jacob-cohen-j688-bard-olympic-edition-4231-200d-41497-2\/\"]}]},{\"@type\":\"ImageObject\",\"inLanguage\":\"de-DE\",\"@id\":\"https:\/\/www.voustenjeans.com\/de\/jacob-cohen-j688-bard-olympic-edition-4231-200d-41497-2\/#primaryimage\",\"url\":\"https:\/\/www.voustenjeans.com\/wp-content\/uploads\/2023\/06\/J688-Bard-OLYMPIC-EDITION-4231-200D-414971.jpg\",\"contentUrl\":\"https:\/\/www.voustenjeans.com\/wp-content\/uploads\/2023\/06\/J688-Bard-OLYMPIC-EDITION-4231-200D-414971.jpg\",\"width\":800,\"height\":2250},{\"@type\":\"BreadcrumbList\",\"@id\":\"https:\/\/www.voustenjeans.com\/de\/jacob-cohen-j688-bard-olympic-edition-4231-200d-41497-2\/#breadcrumb\",\"itemListElement\":[{\"@type\":\"ListItem\",\"position\":1,\"name\":\"Home\",\"item\":\"https:\/\/www.voustenjeans.com\/de\/\"},{\"@type\":\"ListItem\",\"position\":2,\"name\":\"Shop\",\"item\":\"https:\/\/www.voustenjeans.com\/de\/shop\/\"},{\"@type\":\"ListItem\",\"position\":3,\"name\":\"Jacob Coh\u00ebn &#8211; J688 (Bard) OLYMPIC EDITION 4231 200D (41497)\"}]},{\"@type\":\"WebSite\",\"@id\":\"https:\/\/www.voustenjeans.com\/en\/#website\",\"url\":\"https:\/\/www.voustenjeans.com\/en\/\",\"name\":\"Vousten Jeans\",\"description\":\"\",\"potentialAction\":[{\"@type\":\"SearchAction\",\"target\":{\"@type\":\"EntryPoint\",\"urlTemplate\":\"https:\/\/www.voustenjeans.com\/en\/?s={search_term_string}\"},\"query-input\":\"required name=search_term_string\"}],\"inLanguage\":\"de-DE\"}]}<\/script>\n<!-- \/ Yoast SEO plugin. -->","yoast_head_json":{"title":"Jacob Coh\u00ebn - J688 (Bard) OLYMPIC EDITION 4231 200D (41497) - Vousten Jeans","robots":{"index":"index","follow":"follow","max-snippet":"max-snippet:-1","max-image-preview":"max-image-preview:large","max-video-preview":"max-video-preview:-1"},"canonical":"https:\/\/www.voustenjeans.com\/de\/jacob-cohen-j688-bard-olympic-edition-4231-200d-41497-2\/","og_locale":"de_DE","og_type":"article","og_title":"Jacob Coh\u00ebn - J688 (Bard) OLYMPIC EDITION 4231 200D (41497) - Vousten Jeans","og_description":"Jacob Coh\u00ebn Olympic Milano Cortina Edition. Diese Jeans im modernen Style hat eine schmale Passform mit etwas mehr Beinfreiheit. Stretchjeans H\u00f6here Taille Knopfverschluss Milano Duomo Knopf Mit speziellem Milano Cortina Ponyhaar-Patch mit Metalllogo Material: 79 % Baumwolle, 20 % Lyocell, 1 % Elastan Schrittl\u00e4nge: 18,5 cm Basisl\u00e4nge: 89 cm (kann je nach W\u00e4sche leicht variieren) [...]","og_url":"https:\/\/www.voustenjeans.com\/de\/jacob-cohen-j688-bard-olympic-edition-4231-200d-41497-2\/","og_site_name":"Vousten Jeans","article_modified_time":"2026-04-17T21:28:05+00:00","og_image":[{"width":800,"height":2250,"url":"https:\/\/www.voustenjeans.com\/wp-content\/uploads\/2023\/06\/J688-Bard-OLYMPIC-EDITION-4231-200D-414971.jpg","type":"image\/jpeg"}],"twitter_card":"summary_large_image","schema":{"@context":"https:\/\/schema.org","@graph":[{"@type":"WebPage","@id":"https:\/\/www.voustenjeans.com\/de\/jacob-cohen-j688-bard-olympic-edition-4231-200d-41497-2\/","url":"https:\/\/www.voustenjeans.com\/de\/jacob-cohen-j688-bard-olympic-edition-4231-200d-41497-2\/","name":"Jacob Coh\u00ebn - J688 (Bard) OLYMPIC EDITION 4231 200D (41497) - Vousten Jeans","isPartOf":{"@id":"https:\/\/www.voustenjeans.com\/en\/#website"},"primaryImageOfPage":{"@id":"https:\/\/www.voustenjeans.com\/de\/jacob-cohen-j688-bard-olympic-edition-4231-200d-41497-2\/#primaryimage"},"image":{"@id":"https:\/\/www.voustenjeans.com\/de\/jacob-cohen-j688-bard-olympic-edition-4231-200d-41497-2\/#primaryimage"},"thumbnailUrl":"https:\/\/www.voustenjeans.com\/wp-content\/uploads\/2023\/06\/J688-Bard-OLYMPIC-EDITION-4231-200D-414971.jpg","datePublished":"2025-09-26T19:22:09+00:00","dateModified":"2026-04-17T21:28:05+00:00","breadcrumb":{"@id":"https:\/\/www.voustenjeans.com\/de\/jacob-cohen-j688-bard-olympic-edition-4231-200d-41497-2\/#breadcrumb"},"inLanguage":"de-DE","potentialAction":[{"@type":"ReadAction","target":["https:\/\/www.voustenjeans.com\/de\/jacob-cohen-j688-bard-olympic-edition-4231-200d-41497-2\/"]}]},{"@type":"ImageObject","inLanguage":"de-DE","@id":"https:\/\/www.voustenjeans.com\/de\/jacob-cohen-j688-bard-olympic-edition-4231-200d-41497-2\/#primaryimage","url":"https:\/\/www.voustenjeans.com\/wp-content\/uploads\/2023\/06\/J688-Bard-OLYMPIC-EDITION-4231-200D-414971.jpg","contentUrl":"https:\/\/www.voustenjeans.com\/wp-content\/uploads\/2023\/06\/J688-Bard-OLYMPIC-EDITION-4231-200D-414971.jpg","width":800,"height":2250},{"@type":"BreadcrumbList","@id":"https:\/\/www.voustenjeans.com\/de\/jacob-cohen-j688-bard-olympic-edition-4231-200d-41497-2\/#breadcrumb","itemListElement":[{"@type":"ListItem","position":1,"name":"Home","item":"https:\/\/www.voustenjeans.com\/de\/"},{"@type":"ListItem","position":2,"name":"Shop","item":"https:\/\/www.voustenjeans.com\/de\/shop\/"},{"@type":"ListItem","position":3,"name":"Jacob Coh\u00ebn &#8211; J688 (Bard) OLYMPIC EDITION 4231 200D (41497)"}]},{"@type":"WebSite","@id":"https:\/\/www.voustenjeans.com\/en\/#website","url":"https:\/\/www.voustenjeans.com\/en\/","name":"Vousten Jeans","description":"","potentialAction":[{"@type":"SearchAction","target":{"@type":"EntryPoint","urlTemplate":"https:\/\/www.voustenjeans.com\/en\/?s={search_term_string}"},"query-input":"required name=search_term_string"}],"inLanguage":"de-DE"}]}},"_links":{"self":[{"href":"https:\/\/www.voustenjeans.com\/de\/wp-json\/wp\/v2\/product\/320546"}],"collection":[{"href":"https:\/\/www.voustenjeans.com\/de\/wp-json\/wp\/v2\/product"}],"about":[{"href":"https:\/\/www.voustenjeans.com\/de\/wp-json\/wp\/v2\/types\/product"}],"replies":[{"embeddable":true,"href":"https:\/\/www.voustenjeans.com\/de\/wp-json\/wp\/v2\/comments?post=320546"}],"wp:featuredmedia":[{"embeddable":true,"href":"https:\/\/www.voustenjeans.com\/de\/wp-json\/wp\/v2\/media\/320530"}],"wp:attachment":[{"href":"https:\/\/www.voustenjeans.com\/de\/wp-json\/wp\/v2\/media?parent=320546"}],"wp:term":[{"taxonomy":"product_cat","embeddable":true,"href":"https:\/\/www.voustenjeans.com\/de\/wp-json\/wp\/v2\/product_cat?post=320546"},{"taxonomy":"product_tag","embeddable":true,"href":"https:\/\/www.voustenjeans.com\/de\/wp-json\/wp\/v2\/product_tag?post=320546"}],"curies":[{"name":"wp","href":"https:\/\/api.w.org\/{rel}","templated":true}]}}