{"id":320510,"date":"2025-09-26T16:50:13","date_gmt":"2025-09-26T14:50:13","guid":{"rendered":"https:\/\/www.voustenjeans.com\/jacob-cohen-kaschmirschal-grau-41185\/"},"modified":"2025-12-09T10:18:08","modified_gmt":"2025-12-09T09:18:08","slug":"jacob-cohen-kaschmirschal-grau-41185","status":"publish","type":"product","link":"https:\/\/www.voustenjeans.com\/de\/jacob-cohen-kaschmirschal-grau-41185\/","title":{"rendered":"Jacob Coh\u00ebn &#8211; Kaschmirschal Grau (41185)"},"content":{"rendered":"<p>Luxuri\u00f6ser Schal aus Wolle\/Kaschmir mit Jacob Coh\u00ebn 4J&#8217;s-Print.<\/p>\n<ul>\n<li>Der Schal besteht aus 90 % Wolle und 10 % Kaschmir.<\/li>\n<li>Superweiche und nicht kratzende Qualit\u00e4t.<\/li>\n<li>Der Schal sorgt f\u00fcr einen bequemen Look in den k\u00e4lteren Monaten.<\/li>\n<li>Mit 4J&#8217;s-Logo-Print.<\/li>\n<li>Artikelnummer JUM_A0063 000 X0031 RW, Farbe 0083A<\/li>\n<\/ul>\n","protected":false},"excerpt":{"rendered":"<p>Luxuri\u00f6ser Schal aus Wolle\/Kaschmir mit Jacob Coh\u00ebn 4J&#8217;s-Print. Der Schal besteht aus 90 % Wolle und 10 % Kaschmir. Superweiche und nicht kratzende Qualit\u00e4t. Der Schal sorgt f\u00fcr einen bequemen Look in den k\u00e4lteren Monaten. Mit 4J&#8217;s-Logo-Print. Artikelnummer JUM_A0063 000 X0031 RW, Farbe 0083A<\/p>\n","protected":false},"featured_media":320494,"comment_status":"open","ping_status":"closed","template":"","meta":[],"product_cat":[1139,1589,1643,1708,1716,1763,1781],"product_tag":[],"acf":[],"yoast_head":"<!-- This site is optimized with the Yoast SEO plugin v22.3 - https:\/\/yoast.com\/wordpress\/plugins\/seo\/ -->\n<title>Jacob Coh\u00ebn - Kaschmirschal Grau (41185) - Vousten Jeans<\/title>\n<meta name=\"robots\" content=\"index, follow, max-snippet:-1, max-image-preview:large, max-video-preview:-1\" \/>\n<link rel=\"canonical\" href=\"https:\/\/www.voustenjeans.com\/de\/jacob-cohen-kaschmirschal-grau-41185\/\" \/>\n<meta property=\"og:locale\" content=\"de_DE\" \/>\n<meta property=\"og:type\" content=\"article\" \/>\n<meta property=\"og:title\" content=\"Jacob Coh\u00ebn - Kaschmirschal Grau (41185) - Vousten Jeans\" \/>\n<meta property=\"og:description\" content=\"Luxuri\u00f6ser Schal aus Wolle\/Kaschmir mit Jacob Coh\u00ebn 4J&#8217;s-Print. Der Schal besteht aus 90 % Wolle und 10 % Kaschmir. Superweiche und nicht kratzende Qualit\u00e4t. Der Schal sorgt f\u00fcr einen bequemen Look in den k\u00e4lteren Monaten. Mit 4J&#8217;s-Logo-Print. Artikelnummer JUM_A0063 000 X0031 RW, Farbe 0083A\" \/>\n<meta property=\"og:url\" content=\"https:\/\/www.voustenjeans.com\/de\/jacob-cohen-kaschmirschal-grau-41185\/\" \/>\n<meta property=\"og:site_name\" content=\"Vousten Jeans\" \/>\n<meta property=\"article:modified_time\" content=\"2025-12-09T09:18:08+00:00\" \/>\n<meta property=\"og:image\" content=\"https:\/\/www.voustenjeans.com\/wp-content\/uploads\/2023\/06\/Jacob-Cohen-Cashmere-Sjaal-Grijs-41185-1.png\" \/>\n\t<meta property=\"og:image:width\" content=\"1200\" \/>\n\t<meta property=\"og:image:height\" content=\"1800\" \/>\n\t<meta property=\"og:image:type\" content=\"image\/png\" \/>\n<meta name=\"twitter:card\" content=\"summary_large_image\" \/>\n<script type=\"application\/ld+json\" class=\"yoast-schema-graph\">{\"@context\":\"https:\/\/schema.org\",\"@graph\":[{\"@type\":\"WebPage\",\"@id\":\"https:\/\/www.voustenjeans.com\/de\/jacob-cohen-kaschmirschal-grau-41185\/\",\"url\":\"https:\/\/www.voustenjeans.com\/de\/jacob-cohen-kaschmirschal-grau-41185\/\",\"name\":\"Jacob Coh\u00ebn - Kaschmirschal Grau (41185) - Vousten Jeans\",\"isPartOf\":{\"@id\":\"https:\/\/www.voustenjeans.com\/en\/#website\"},\"primaryImageOfPage\":{\"@id\":\"https:\/\/www.voustenjeans.com\/de\/jacob-cohen-kaschmirschal-grau-41185\/#primaryimage\"},\"image\":{\"@id\":\"https:\/\/www.voustenjeans.com\/de\/jacob-cohen-kaschmirschal-grau-41185\/#primaryimage\"},\"thumbnailUrl\":\"https:\/\/www.voustenjeans.com\/wp-content\/uploads\/2023\/06\/Jacob-Cohen-Cashmere-Sjaal-Grijs-41185-1.png\",\"datePublished\":\"2025-09-26T14:50:13+00:00\",\"dateModified\":\"2025-12-09T09:18:08+00:00\",\"breadcrumb\":{\"@id\":\"https:\/\/www.voustenjeans.com\/de\/jacob-cohen-kaschmirschal-grau-41185\/#breadcrumb\"},\"inLanguage\":\"de-DE\",\"potentialAction\":[{\"@type\":\"ReadAction\",\"target\":[\"https:\/\/www.voustenjeans.com\/de\/jacob-cohen-kaschmirschal-grau-41185\/\"]}]},{\"@type\":\"ImageObject\",\"inLanguage\":\"de-DE\",\"@id\":\"https:\/\/www.voustenjeans.com\/de\/jacob-cohen-kaschmirschal-grau-41185\/#primaryimage\",\"url\":\"https:\/\/www.voustenjeans.com\/wp-content\/uploads\/2023\/06\/Jacob-Cohen-Cashmere-Sjaal-Grijs-41185-1.png\",\"contentUrl\":\"https:\/\/www.voustenjeans.com\/wp-content\/uploads\/2023\/06\/Jacob-Cohen-Cashmere-Sjaal-Grijs-41185-1.png\",\"width\":1200,\"height\":1800},{\"@type\":\"BreadcrumbList\",\"@id\":\"https:\/\/www.voustenjeans.com\/de\/jacob-cohen-kaschmirschal-grau-41185\/#breadcrumb\",\"itemListElement\":[{\"@type\":\"ListItem\",\"position\":1,\"name\":\"Home\",\"item\":\"https:\/\/www.voustenjeans.com\/de\/\"},{\"@type\":\"ListItem\",\"position\":2,\"name\":\"Shop\",\"item\":\"https:\/\/www.voustenjeans.com\/de\/shop\/\"},{\"@type\":\"ListItem\",\"position\":3,\"name\":\"Jacob Coh\u00ebn &#8211; Kaschmirschal Grau (41185)\"}]},{\"@type\":\"WebSite\",\"@id\":\"https:\/\/www.voustenjeans.com\/en\/#website\",\"url\":\"https:\/\/www.voustenjeans.com\/en\/\",\"name\":\"Vousten Jeans\",\"description\":\"\",\"potentialAction\":[{\"@type\":\"SearchAction\",\"target\":{\"@type\":\"EntryPoint\",\"urlTemplate\":\"https:\/\/www.voustenjeans.com\/en\/?s={search_term_string}\"},\"query-input\":\"required name=search_term_string\"}],\"inLanguage\":\"de-DE\"}]}<\/script>\n<!-- \/ Yoast SEO plugin. -->","yoast_head_json":{"title":"Jacob Coh\u00ebn - Kaschmirschal Grau (41185) - Vousten Jeans","robots":{"index":"index","follow":"follow","max-snippet":"max-snippet:-1","max-image-preview":"max-image-preview:large","max-video-preview":"max-video-preview:-1"},"canonical":"https:\/\/www.voustenjeans.com\/de\/jacob-cohen-kaschmirschal-grau-41185\/","og_locale":"de_DE","og_type":"article","og_title":"Jacob Coh\u00ebn - Kaschmirschal Grau (41185) - Vousten Jeans","og_description":"Luxuri\u00f6ser Schal aus Wolle\/Kaschmir mit Jacob Coh\u00ebn 4J&#8217;s-Print. Der Schal besteht aus 90 % Wolle und 10 % Kaschmir. Superweiche und nicht kratzende Qualit\u00e4t. Der Schal sorgt f\u00fcr einen bequemen Look in den k\u00e4lteren Monaten. Mit 4J&#8217;s-Logo-Print. Artikelnummer JUM_A0063 000 X0031 RW, Farbe 0083A","og_url":"https:\/\/www.voustenjeans.com\/de\/jacob-cohen-kaschmirschal-grau-41185\/","og_site_name":"Vousten Jeans","article_modified_time":"2025-12-09T09:18:08+00:00","og_image":[{"width":1200,"height":1800,"url":"https:\/\/www.voustenjeans.com\/wp-content\/uploads\/2023\/06\/Jacob-Cohen-Cashmere-Sjaal-Grijs-41185-1.png","type":"image\/png"}],"twitter_card":"summary_large_image","schema":{"@context":"https:\/\/schema.org","@graph":[{"@type":"WebPage","@id":"https:\/\/www.voustenjeans.com\/de\/jacob-cohen-kaschmirschal-grau-41185\/","url":"https:\/\/www.voustenjeans.com\/de\/jacob-cohen-kaschmirschal-grau-41185\/","name":"Jacob Coh\u00ebn - Kaschmirschal Grau (41185) - Vousten Jeans","isPartOf":{"@id":"https:\/\/www.voustenjeans.com\/en\/#website"},"primaryImageOfPage":{"@id":"https:\/\/www.voustenjeans.com\/de\/jacob-cohen-kaschmirschal-grau-41185\/#primaryimage"},"image":{"@id":"https:\/\/www.voustenjeans.com\/de\/jacob-cohen-kaschmirschal-grau-41185\/#primaryimage"},"thumbnailUrl":"https:\/\/www.voustenjeans.com\/wp-content\/uploads\/2023\/06\/Jacob-Cohen-Cashmere-Sjaal-Grijs-41185-1.png","datePublished":"2025-09-26T14:50:13+00:00","dateModified":"2025-12-09T09:18:08+00:00","breadcrumb":{"@id":"https:\/\/www.voustenjeans.com\/de\/jacob-cohen-kaschmirschal-grau-41185\/#breadcrumb"},"inLanguage":"de-DE","potentialAction":[{"@type":"ReadAction","target":["https:\/\/www.voustenjeans.com\/de\/jacob-cohen-kaschmirschal-grau-41185\/"]}]},{"@type":"ImageObject","inLanguage":"de-DE","@id":"https:\/\/www.voustenjeans.com\/de\/jacob-cohen-kaschmirschal-grau-41185\/#primaryimage","url":"https:\/\/www.voustenjeans.com\/wp-content\/uploads\/2023\/06\/Jacob-Cohen-Cashmere-Sjaal-Grijs-41185-1.png","contentUrl":"https:\/\/www.voustenjeans.com\/wp-content\/uploads\/2023\/06\/Jacob-Cohen-Cashmere-Sjaal-Grijs-41185-1.png","width":1200,"height":1800},{"@type":"BreadcrumbList","@id":"https:\/\/www.voustenjeans.com\/de\/jacob-cohen-kaschmirschal-grau-41185\/#breadcrumb","itemListElement":[{"@type":"ListItem","position":1,"name":"Home","item":"https:\/\/www.voustenjeans.com\/de\/"},{"@type":"ListItem","position":2,"name":"Shop","item":"https:\/\/www.voustenjeans.com\/de\/shop\/"},{"@type":"ListItem","position":3,"name":"Jacob Coh\u00ebn &#8211; Kaschmirschal Grau (41185)"}]},{"@type":"WebSite","@id":"https:\/\/www.voustenjeans.com\/en\/#website","url":"https:\/\/www.voustenjeans.com\/en\/","name":"Vousten Jeans","description":"","potentialAction":[{"@type":"SearchAction","target":{"@type":"EntryPoint","urlTemplate":"https:\/\/www.voustenjeans.com\/en\/?s={search_term_string}"},"query-input":"required name=search_term_string"}],"inLanguage":"de-DE"}]}},"_links":{"self":[{"href":"https:\/\/www.voustenjeans.com\/de\/wp-json\/wp\/v2\/product\/320510"}],"collection":[{"href":"https:\/\/www.voustenjeans.com\/de\/wp-json\/wp\/v2\/product"}],"about":[{"href":"https:\/\/www.voustenjeans.com\/de\/wp-json\/wp\/v2\/types\/product"}],"replies":[{"embeddable":true,"href":"https:\/\/www.voustenjeans.com\/de\/wp-json\/wp\/v2\/comments?post=320510"}],"wp:featuredmedia":[{"embeddable":true,"href":"https:\/\/www.voustenjeans.com\/de\/wp-json\/wp\/v2\/media\/320494"}],"wp:attachment":[{"href":"https:\/\/www.voustenjeans.com\/de\/wp-json\/wp\/v2\/media?parent=320510"}],"wp:term":[{"taxonomy":"product_cat","embeddable":true,"href":"https:\/\/www.voustenjeans.com\/de\/wp-json\/wp\/v2\/product_cat?post=320510"},{"taxonomy":"product_tag","embeddable":true,"href":"https:\/\/www.voustenjeans.com\/de\/wp-json\/wp\/v2\/product_tag?post=320510"}],"curies":[{"name":"wp","href":"https:\/\/api.w.org\/{rel}","templated":true}]}}