{"id":320053,"date":"2025-09-06T15:52:16","date_gmt":"2025-09-06T13:52:16","guid":{"rendered":"https:\/\/www.voustenjeans.com\/jacob-cohen-kaschmir-overshirt-grau-41183\/"},"modified":"2025-12-07T15:48:08","modified_gmt":"2025-12-07T14:48:08","slug":"jacob-cohen-kaschmir-overshirt-grau-41183","status":"publish","type":"product","link":"https:\/\/www.voustenjeans.com\/de\/jacob-cohen-kaschmir-overshirt-grau-41183\/","title":{"rendered":"Jacob Coh\u00ebn &#8211; Kaschmir Overshirt grau (41183)"},"content":{"rendered":"<div>Dieses exklusive Jacob Coh\u00ebn Overshirt besteht aus 89 % Wolle, 10 % Kaschmir und 1 % Seide. Es verf\u00fcgt \u00fcber zwei Brusttaschen und eine durchgehende Knopfleiste.<\/div>\n<ul>\n<li>Die Passform ist normal.<\/li>\n<li>Overshirt mit geradem Saum<\/li>\n<li>Zusammensetzung: 89 % Wolle, 10 % Kaschmir und 1 % Seide<\/li>\n<li>Graues doppellagiges Gewebe aus Wolle, Kaschmir und Seide mit dunkelblauem Futter<\/li>\n<li>Braune Vierlochkn\u00f6pfe aus echtem Horn<\/li>\n<li>Pattentaschen<\/li>\n<li>Sechseckiger Patch aus poliertem Leder mit gepr\u00e4gtem Logo und Einfassung<\/li>\n<li>Artikelnummer: 809A RW B977<\/li>\n<\/ul>\n","protected":false},"excerpt":{"rendered":"<p>Dieses exklusive Jacob Coh\u00ebn Overshirt besteht aus 89 % Wolle, 10 % Kaschmir und 1 % Seide. Es verf\u00fcgt \u00fcber zwei Brusttaschen und eine durchgehende Knopfleiste. Die Passform ist normal. Overshirt mit geradem Saum Zusammensetzung: 89 % Wolle, 10 % Kaschmir und 1 % Seide Graues doppellagiges Gewebe aus Wolle, Kaschmir und Seide mit dunkelblauem [&#8230;]\n","protected":false},"featured_media":320037,"comment_status":"open","ping_status":"closed","template":"","meta":[],"product_cat":[1139,1589,1629,1643,1647],"product_tag":[],"acf":[],"yoast_head":"<!-- This site is optimized with the Yoast SEO plugin v22.3 - https:\/\/yoast.com\/wordpress\/plugins\/seo\/ -->\n<title>Jacob Coh\u00ebn - Kaschmir Overshirt grau (41183) - Vousten Jeans<\/title>\n<meta name=\"robots\" content=\"index, follow, max-snippet:-1, max-image-preview:large, max-video-preview:-1\" \/>\n<link rel=\"canonical\" href=\"https:\/\/www.voustenjeans.com\/de\/jacob-cohen-kaschmir-overshirt-grau-41183\/\" \/>\n<meta property=\"og:locale\" content=\"de_DE\" \/>\n<meta property=\"og:type\" content=\"article\" \/>\n<meta property=\"og:title\" content=\"Jacob Coh\u00ebn - Kaschmir Overshirt grau (41183) - Vousten Jeans\" \/>\n<meta property=\"og:description\" content=\"Dieses exklusive Jacob Coh\u00ebn Overshirt besteht aus 89 % Wolle, 10 % Kaschmir und 1 % Seide. Es verf\u00fcgt \u00fcber zwei Brusttaschen und eine durchgehende Knopfleiste. Die Passform ist normal. Overshirt mit geradem Saum Zusammensetzung: 89 % Wolle, 10 % Kaschmir und 1 % Seide Graues doppellagiges Gewebe aus Wolle, Kaschmir und Seide mit dunkelblauem [...]\" \/>\n<meta property=\"og:url\" content=\"https:\/\/www.voustenjeans.com\/de\/jacob-cohen-kaschmir-overshirt-grau-41183\/\" \/>\n<meta property=\"og:site_name\" content=\"Vousten Jeans\" \/>\n<meta property=\"article:modified_time\" content=\"2025-12-07T14:48:08+00:00\" \/>\n<meta property=\"og:image\" content=\"https:\/\/www.voustenjeans.com\/wp-content\/uploads\/2023\/06\/Cashmere-Overshirt-grijs-411831.jpg\" \/>\n\t<meta property=\"og:image:width\" content=\"800\" \/>\n\t<meta property=\"og:image:height\" content=\"1061\" \/>\n\t<meta property=\"og:image:type\" content=\"image\/jpeg\" \/>\n<meta name=\"twitter:card\" content=\"summary_large_image\" \/>\n<script type=\"application\/ld+json\" class=\"yoast-schema-graph\">{\"@context\":\"https:\/\/schema.org\",\"@graph\":[{\"@type\":\"WebPage\",\"@id\":\"https:\/\/www.voustenjeans.com\/de\/jacob-cohen-kaschmir-overshirt-grau-41183\/\",\"url\":\"https:\/\/www.voustenjeans.com\/de\/jacob-cohen-kaschmir-overshirt-grau-41183\/\",\"name\":\"Jacob Coh\u00ebn - Kaschmir Overshirt grau (41183) - Vousten Jeans\",\"isPartOf\":{\"@id\":\"https:\/\/www.voustenjeans.com\/en\/#website\"},\"primaryImageOfPage\":{\"@id\":\"https:\/\/www.voustenjeans.com\/de\/jacob-cohen-kaschmir-overshirt-grau-41183\/#primaryimage\"},\"image\":{\"@id\":\"https:\/\/www.voustenjeans.com\/de\/jacob-cohen-kaschmir-overshirt-grau-41183\/#primaryimage\"},\"thumbnailUrl\":\"https:\/\/www.voustenjeans.com\/wp-content\/uploads\/2023\/06\/Cashmere-Overshirt-grijs-411831.jpg\",\"datePublished\":\"2025-09-06T13:52:16+00:00\",\"dateModified\":\"2025-12-07T14:48:08+00:00\",\"breadcrumb\":{\"@id\":\"https:\/\/www.voustenjeans.com\/de\/jacob-cohen-kaschmir-overshirt-grau-41183\/#breadcrumb\"},\"inLanguage\":\"de-DE\",\"potentialAction\":[{\"@type\":\"ReadAction\",\"target\":[\"https:\/\/www.voustenjeans.com\/de\/jacob-cohen-kaschmir-overshirt-grau-41183\/\"]}]},{\"@type\":\"ImageObject\",\"inLanguage\":\"de-DE\",\"@id\":\"https:\/\/www.voustenjeans.com\/de\/jacob-cohen-kaschmir-overshirt-grau-41183\/#primaryimage\",\"url\":\"https:\/\/www.voustenjeans.com\/wp-content\/uploads\/2023\/06\/Cashmere-Overshirt-grijs-411831.jpg\",\"contentUrl\":\"https:\/\/www.voustenjeans.com\/wp-content\/uploads\/2023\/06\/Cashmere-Overshirt-grijs-411831.jpg\",\"width\":800,\"height\":1061},{\"@type\":\"BreadcrumbList\",\"@id\":\"https:\/\/www.voustenjeans.com\/de\/jacob-cohen-kaschmir-overshirt-grau-41183\/#breadcrumb\",\"itemListElement\":[{\"@type\":\"ListItem\",\"position\":1,\"name\":\"Home\",\"item\":\"https:\/\/www.voustenjeans.com\/de\/\"},{\"@type\":\"ListItem\",\"position\":2,\"name\":\"Shop\",\"item\":\"https:\/\/www.voustenjeans.com\/de\/shop\/\"},{\"@type\":\"ListItem\",\"position\":3,\"name\":\"Jacob Coh\u00ebn &#8211; Kaschmir Overshirt grau (41183)\"}]},{\"@type\":\"WebSite\",\"@id\":\"https:\/\/www.voustenjeans.com\/en\/#website\",\"url\":\"https:\/\/www.voustenjeans.com\/en\/\",\"name\":\"Vousten Jeans\",\"description\":\"\",\"potentialAction\":[{\"@type\":\"SearchAction\",\"target\":{\"@type\":\"EntryPoint\",\"urlTemplate\":\"https:\/\/www.voustenjeans.com\/en\/?s={search_term_string}\"},\"query-input\":\"required name=search_term_string\"}],\"inLanguage\":\"de-DE\"}]}<\/script>\n<!-- \/ Yoast SEO plugin. -->","yoast_head_json":{"title":"Jacob Coh\u00ebn - Kaschmir Overshirt grau (41183) - Vousten Jeans","robots":{"index":"index","follow":"follow","max-snippet":"max-snippet:-1","max-image-preview":"max-image-preview:large","max-video-preview":"max-video-preview:-1"},"canonical":"https:\/\/www.voustenjeans.com\/de\/jacob-cohen-kaschmir-overshirt-grau-41183\/","og_locale":"de_DE","og_type":"article","og_title":"Jacob Coh\u00ebn - Kaschmir Overshirt grau (41183) - Vousten Jeans","og_description":"Dieses exklusive Jacob Coh\u00ebn Overshirt besteht aus 89 % Wolle, 10 % Kaschmir und 1 % Seide. Es verf\u00fcgt \u00fcber zwei Brusttaschen und eine durchgehende Knopfleiste. Die Passform ist normal. Overshirt mit geradem Saum Zusammensetzung: 89 % Wolle, 10 % Kaschmir und 1 % Seide Graues doppellagiges Gewebe aus Wolle, Kaschmir und Seide mit dunkelblauem [...]","og_url":"https:\/\/www.voustenjeans.com\/de\/jacob-cohen-kaschmir-overshirt-grau-41183\/","og_site_name":"Vousten Jeans","article_modified_time":"2025-12-07T14:48:08+00:00","og_image":[{"width":800,"height":1061,"url":"https:\/\/www.voustenjeans.com\/wp-content\/uploads\/2023\/06\/Cashmere-Overshirt-grijs-411831.jpg","type":"image\/jpeg"}],"twitter_card":"summary_large_image","schema":{"@context":"https:\/\/schema.org","@graph":[{"@type":"WebPage","@id":"https:\/\/www.voustenjeans.com\/de\/jacob-cohen-kaschmir-overshirt-grau-41183\/","url":"https:\/\/www.voustenjeans.com\/de\/jacob-cohen-kaschmir-overshirt-grau-41183\/","name":"Jacob Coh\u00ebn - Kaschmir Overshirt grau (41183) - Vousten Jeans","isPartOf":{"@id":"https:\/\/www.voustenjeans.com\/en\/#website"},"primaryImageOfPage":{"@id":"https:\/\/www.voustenjeans.com\/de\/jacob-cohen-kaschmir-overshirt-grau-41183\/#primaryimage"},"image":{"@id":"https:\/\/www.voustenjeans.com\/de\/jacob-cohen-kaschmir-overshirt-grau-41183\/#primaryimage"},"thumbnailUrl":"https:\/\/www.voustenjeans.com\/wp-content\/uploads\/2023\/06\/Cashmere-Overshirt-grijs-411831.jpg","datePublished":"2025-09-06T13:52:16+00:00","dateModified":"2025-12-07T14:48:08+00:00","breadcrumb":{"@id":"https:\/\/www.voustenjeans.com\/de\/jacob-cohen-kaschmir-overshirt-grau-41183\/#breadcrumb"},"inLanguage":"de-DE","potentialAction":[{"@type":"ReadAction","target":["https:\/\/www.voustenjeans.com\/de\/jacob-cohen-kaschmir-overshirt-grau-41183\/"]}]},{"@type":"ImageObject","inLanguage":"de-DE","@id":"https:\/\/www.voustenjeans.com\/de\/jacob-cohen-kaschmir-overshirt-grau-41183\/#primaryimage","url":"https:\/\/www.voustenjeans.com\/wp-content\/uploads\/2023\/06\/Cashmere-Overshirt-grijs-411831.jpg","contentUrl":"https:\/\/www.voustenjeans.com\/wp-content\/uploads\/2023\/06\/Cashmere-Overshirt-grijs-411831.jpg","width":800,"height":1061},{"@type":"BreadcrumbList","@id":"https:\/\/www.voustenjeans.com\/de\/jacob-cohen-kaschmir-overshirt-grau-41183\/#breadcrumb","itemListElement":[{"@type":"ListItem","position":1,"name":"Home","item":"https:\/\/www.voustenjeans.com\/de\/"},{"@type":"ListItem","position":2,"name":"Shop","item":"https:\/\/www.voustenjeans.com\/de\/shop\/"},{"@type":"ListItem","position":3,"name":"Jacob Coh\u00ebn &#8211; Kaschmir Overshirt grau (41183)"}]},{"@type":"WebSite","@id":"https:\/\/www.voustenjeans.com\/en\/#website","url":"https:\/\/www.voustenjeans.com\/en\/","name":"Vousten Jeans","description":"","potentialAction":[{"@type":"SearchAction","target":{"@type":"EntryPoint","urlTemplate":"https:\/\/www.voustenjeans.com\/en\/?s={search_term_string}"},"query-input":"required name=search_term_string"}],"inLanguage":"de-DE"}]}},"_links":{"self":[{"href":"https:\/\/www.voustenjeans.com\/de\/wp-json\/wp\/v2\/product\/320053"}],"collection":[{"href":"https:\/\/www.voustenjeans.com\/de\/wp-json\/wp\/v2\/product"}],"about":[{"href":"https:\/\/www.voustenjeans.com\/de\/wp-json\/wp\/v2\/types\/product"}],"replies":[{"embeddable":true,"href":"https:\/\/www.voustenjeans.com\/de\/wp-json\/wp\/v2\/comments?post=320053"}],"wp:featuredmedia":[{"embeddable":true,"href":"https:\/\/www.voustenjeans.com\/de\/wp-json\/wp\/v2\/media\/320037"}],"wp:attachment":[{"href":"https:\/\/www.voustenjeans.com\/de\/wp-json\/wp\/v2\/media?parent=320053"}],"wp:term":[{"taxonomy":"product_cat","embeddable":true,"href":"https:\/\/www.voustenjeans.com\/de\/wp-json\/wp\/v2\/product_cat?post=320053"},{"taxonomy":"product_tag","embeddable":true,"href":"https:\/\/www.voustenjeans.com\/de\/wp-json\/wp\/v2\/product_tag?post=320053"}],"curies":[{"name":"wp","href":"https:\/\/api.w.org\/{rel}","templated":true}]}}