{"id":318266,"date":"2025-08-14T19:02:10","date_gmt":"2025-08-14T17:02:10","guid":{"rendered":"https:\/\/www.voustenjeans.com\/jacob-cohen-j688-bard-3736-300d-41197-2\/"},"modified":"2026-01-03T01:02:29","modified_gmt":"2026-01-03T00:02:29","slug":"jacob-cohen-j688-bard-3736-300d-41197-2","status":"publish","type":"product","link":"https:\/\/www.voustenjeans.com\/de\/jacob-cohen-j688-bard-3736-300d-41197-2\/","title":{"rendered":"Jacob Coh\u00ebn J688 (Bard) 3736 300D (41197)"},"content":{"rendered":"<div>Diese moderne Jeans hat eine schmale Passform mit etwas mehr Platz an den Oberschenkeln.<\/div>\n<ul>\n<li>Stretchjeans<\/li>\n<li>H\u00f6here Taille<\/li>\n<li>Knopfverschluss<\/li>\n<li>Mit cognacfarbenem Canvas-Patch<\/li>\n<li>Material: 98 % Baumwolle, 2 % Elastan<\/li>\n<li>Schrittl\u00e4nge: 18 cm<\/li>\n<li>Basisl\u00e4nge: 89 cm (kann bei jeder W\u00e4sche leicht variieren)<\/li>\n<li>Diese Jacob Coh\u00ebn Jeans wird in Venetien im Nordosten Italiens handgefertigt.<\/li>\n<\/ul>\n<div>Ein passender Schal und ein farblich passender Faden zum K\u00fcrzen sind im Lieferumfang enthalten.<\/div>\n","protected":false},"excerpt":{"rendered":"<p>Diese moderne Jeans hat eine schmale Passform mit etwas mehr Platz an den Oberschenkeln. Stretchjeans H\u00f6here Taille Knopfverschluss Mit cognacfarbenem Canvas-Patch Material: 98 % Baumwolle, 2 % Elastan Schrittl\u00e4nge: 18 cm Basisl\u00e4nge: 89 cm (kann bei jeder W\u00e4sche leicht variieren) Diese Jacob Coh\u00ebn Jeans wird in Venetien im Nordosten Italiens handgefertigt. Ein passender Schal und [&#8230;]\n","protected":false},"featured_media":318250,"comment_status":"open","ping_status":"closed","template":"","meta":[],"product_cat":[1139,1429,1477,1581,1643,1651,1662,1748],"product_tag":[],"acf":[],"yoast_head":"<!-- This site is optimized with the Yoast SEO plugin v22.3 - https:\/\/yoast.com\/wordpress\/plugins\/seo\/ -->\n<title>Jacob Coh\u00ebn J688 (Bard) 3736 300D (41197) - Vousten Jeans<\/title>\n<meta name=\"robots\" content=\"index, follow, max-snippet:-1, max-image-preview:large, max-video-preview:-1\" \/>\n<link rel=\"canonical\" href=\"https:\/\/www.voustenjeans.com\/de\/jacob-cohen-j688-bard-3736-300d-41197-2\/\" \/>\n<meta property=\"og:locale\" content=\"de_DE\" \/>\n<meta property=\"og:type\" content=\"article\" \/>\n<meta property=\"og:title\" content=\"Jacob Coh\u00ebn J688 (Bard) 3736 300D (41197) - Vousten Jeans\" \/>\n<meta property=\"og:description\" content=\"Diese moderne Jeans hat eine schmale Passform mit etwas mehr Platz an den Oberschenkeln. Stretchjeans H\u00f6here Taille Knopfverschluss Mit cognacfarbenem Canvas-Patch Material: 98 % Baumwolle, 2 % Elastan Schrittl\u00e4nge: 18 cm Basisl\u00e4nge: 89 cm (kann bei jeder W\u00e4sche leicht variieren) Diese Jacob Coh\u00ebn Jeans wird in Venetien im Nordosten Italiens handgefertigt. Ein passender Schal und [...]\" \/>\n<meta property=\"og:url\" content=\"https:\/\/www.voustenjeans.com\/de\/jacob-cohen-j688-bard-3736-300d-41197-2\/\" \/>\n<meta property=\"og:site_name\" content=\"Vousten Jeans\" \/>\n<meta property=\"article:modified_time\" content=\"2026-01-03T00:02:29+00:00\" \/>\n<meta property=\"og:image\" content=\"https:\/\/www.voustenjeans.com\/wp-content\/uploads\/2023\/06\/Jeans-27_Front.jpg\" \/>\n\t<meta property=\"og:image:width\" content=\"800\" \/>\n\t<meta property=\"og:image:height\" content=\"2250\" \/>\n\t<meta property=\"og:image:type\" content=\"image\/jpeg\" \/>\n<meta name=\"twitter:card\" content=\"summary_large_image\" \/>\n<script type=\"application\/ld+json\" class=\"yoast-schema-graph\">{\"@context\":\"https:\/\/schema.org\",\"@graph\":[{\"@type\":\"WebPage\",\"@id\":\"https:\/\/www.voustenjeans.com\/de\/jacob-cohen-j688-bard-3736-300d-41197-2\/\",\"url\":\"https:\/\/www.voustenjeans.com\/de\/jacob-cohen-j688-bard-3736-300d-41197-2\/\",\"name\":\"Jacob Coh\u00ebn J688 (Bard) 3736 300D (41197) - Vousten Jeans\",\"isPartOf\":{\"@id\":\"https:\/\/www.voustenjeans.com\/en\/#website\"},\"primaryImageOfPage\":{\"@id\":\"https:\/\/www.voustenjeans.com\/de\/jacob-cohen-j688-bard-3736-300d-41197-2\/#primaryimage\"},\"image\":{\"@id\":\"https:\/\/www.voustenjeans.com\/de\/jacob-cohen-j688-bard-3736-300d-41197-2\/#primaryimage\"},\"thumbnailUrl\":\"https:\/\/www.voustenjeans.com\/wp-content\/uploads\/2023\/06\/Jeans-27_Front.jpg\",\"datePublished\":\"2025-08-14T17:02:10+00:00\",\"dateModified\":\"2026-01-03T00:02:29+00:00\",\"breadcrumb\":{\"@id\":\"https:\/\/www.voustenjeans.com\/de\/jacob-cohen-j688-bard-3736-300d-41197-2\/#breadcrumb\"},\"inLanguage\":\"de-DE\",\"potentialAction\":[{\"@type\":\"ReadAction\",\"target\":[\"https:\/\/www.voustenjeans.com\/de\/jacob-cohen-j688-bard-3736-300d-41197-2\/\"]}]},{\"@type\":\"ImageObject\",\"inLanguage\":\"de-DE\",\"@id\":\"https:\/\/www.voustenjeans.com\/de\/jacob-cohen-j688-bard-3736-300d-41197-2\/#primaryimage\",\"url\":\"https:\/\/www.voustenjeans.com\/wp-content\/uploads\/2023\/06\/Jeans-27_Front.jpg\",\"contentUrl\":\"https:\/\/www.voustenjeans.com\/wp-content\/uploads\/2023\/06\/Jeans-27_Front.jpg\",\"width\":800,\"height\":2250},{\"@type\":\"BreadcrumbList\",\"@id\":\"https:\/\/www.voustenjeans.com\/de\/jacob-cohen-j688-bard-3736-300d-41197-2\/#breadcrumb\",\"itemListElement\":[{\"@type\":\"ListItem\",\"position\":1,\"name\":\"Home\",\"item\":\"https:\/\/www.voustenjeans.com\/de\/\"},{\"@type\":\"ListItem\",\"position\":2,\"name\":\"Shop\",\"item\":\"https:\/\/www.voustenjeans.com\/de\/shop\/\"},{\"@type\":\"ListItem\",\"position\":3,\"name\":\"Jacob Coh\u00ebn J688 (Bard) 3736 300D (41197)\"}]},{\"@type\":\"WebSite\",\"@id\":\"https:\/\/www.voustenjeans.com\/en\/#website\",\"url\":\"https:\/\/www.voustenjeans.com\/en\/\",\"name\":\"Vousten Jeans\",\"description\":\"\",\"potentialAction\":[{\"@type\":\"SearchAction\",\"target\":{\"@type\":\"EntryPoint\",\"urlTemplate\":\"https:\/\/www.voustenjeans.com\/en\/?s={search_term_string}\"},\"query-input\":\"required name=search_term_string\"}],\"inLanguage\":\"de-DE\"}]}<\/script>\n<!-- \/ Yoast SEO plugin. -->","yoast_head_json":{"title":"Jacob Coh\u00ebn J688 (Bard) 3736 300D (41197) - Vousten Jeans","robots":{"index":"index","follow":"follow","max-snippet":"max-snippet:-1","max-image-preview":"max-image-preview:large","max-video-preview":"max-video-preview:-1"},"canonical":"https:\/\/www.voustenjeans.com\/de\/jacob-cohen-j688-bard-3736-300d-41197-2\/","og_locale":"de_DE","og_type":"article","og_title":"Jacob Coh\u00ebn J688 (Bard) 3736 300D (41197) - Vousten Jeans","og_description":"Diese moderne Jeans hat eine schmale Passform mit etwas mehr Platz an den Oberschenkeln. Stretchjeans H\u00f6here Taille Knopfverschluss Mit cognacfarbenem Canvas-Patch Material: 98 % Baumwolle, 2 % Elastan Schrittl\u00e4nge: 18 cm Basisl\u00e4nge: 89 cm (kann bei jeder W\u00e4sche leicht variieren) Diese Jacob Coh\u00ebn Jeans wird in Venetien im Nordosten Italiens handgefertigt. Ein passender Schal und [...]","og_url":"https:\/\/www.voustenjeans.com\/de\/jacob-cohen-j688-bard-3736-300d-41197-2\/","og_site_name":"Vousten Jeans","article_modified_time":"2026-01-03T00:02:29+00:00","og_image":[{"width":800,"height":2250,"url":"https:\/\/www.voustenjeans.com\/wp-content\/uploads\/2023\/06\/Jeans-27_Front.jpg","type":"image\/jpeg"}],"twitter_card":"summary_large_image","schema":{"@context":"https:\/\/schema.org","@graph":[{"@type":"WebPage","@id":"https:\/\/www.voustenjeans.com\/de\/jacob-cohen-j688-bard-3736-300d-41197-2\/","url":"https:\/\/www.voustenjeans.com\/de\/jacob-cohen-j688-bard-3736-300d-41197-2\/","name":"Jacob Coh\u00ebn J688 (Bard) 3736 300D (41197) - Vousten Jeans","isPartOf":{"@id":"https:\/\/www.voustenjeans.com\/en\/#website"},"primaryImageOfPage":{"@id":"https:\/\/www.voustenjeans.com\/de\/jacob-cohen-j688-bard-3736-300d-41197-2\/#primaryimage"},"image":{"@id":"https:\/\/www.voustenjeans.com\/de\/jacob-cohen-j688-bard-3736-300d-41197-2\/#primaryimage"},"thumbnailUrl":"https:\/\/www.voustenjeans.com\/wp-content\/uploads\/2023\/06\/Jeans-27_Front.jpg","datePublished":"2025-08-14T17:02:10+00:00","dateModified":"2026-01-03T00:02:29+00:00","breadcrumb":{"@id":"https:\/\/www.voustenjeans.com\/de\/jacob-cohen-j688-bard-3736-300d-41197-2\/#breadcrumb"},"inLanguage":"de-DE","potentialAction":[{"@type":"ReadAction","target":["https:\/\/www.voustenjeans.com\/de\/jacob-cohen-j688-bard-3736-300d-41197-2\/"]}]},{"@type":"ImageObject","inLanguage":"de-DE","@id":"https:\/\/www.voustenjeans.com\/de\/jacob-cohen-j688-bard-3736-300d-41197-2\/#primaryimage","url":"https:\/\/www.voustenjeans.com\/wp-content\/uploads\/2023\/06\/Jeans-27_Front.jpg","contentUrl":"https:\/\/www.voustenjeans.com\/wp-content\/uploads\/2023\/06\/Jeans-27_Front.jpg","width":800,"height":2250},{"@type":"BreadcrumbList","@id":"https:\/\/www.voustenjeans.com\/de\/jacob-cohen-j688-bard-3736-300d-41197-2\/#breadcrumb","itemListElement":[{"@type":"ListItem","position":1,"name":"Home","item":"https:\/\/www.voustenjeans.com\/de\/"},{"@type":"ListItem","position":2,"name":"Shop","item":"https:\/\/www.voustenjeans.com\/de\/shop\/"},{"@type":"ListItem","position":3,"name":"Jacob Coh\u00ebn J688 (Bard) 3736 300D (41197)"}]},{"@type":"WebSite","@id":"https:\/\/www.voustenjeans.com\/en\/#website","url":"https:\/\/www.voustenjeans.com\/en\/","name":"Vousten Jeans","description":"","potentialAction":[{"@type":"SearchAction","target":{"@type":"EntryPoint","urlTemplate":"https:\/\/www.voustenjeans.com\/en\/?s={search_term_string}"},"query-input":"required name=search_term_string"}],"inLanguage":"de-DE"}]}},"_links":{"self":[{"href":"https:\/\/www.voustenjeans.com\/de\/wp-json\/wp\/v2\/product\/318266"}],"collection":[{"href":"https:\/\/www.voustenjeans.com\/de\/wp-json\/wp\/v2\/product"}],"about":[{"href":"https:\/\/www.voustenjeans.com\/de\/wp-json\/wp\/v2\/types\/product"}],"replies":[{"embeddable":true,"href":"https:\/\/www.voustenjeans.com\/de\/wp-json\/wp\/v2\/comments?post=318266"}],"wp:featuredmedia":[{"embeddable":true,"href":"https:\/\/www.voustenjeans.com\/de\/wp-json\/wp\/v2\/media\/318250"}],"wp:attachment":[{"href":"https:\/\/www.voustenjeans.com\/de\/wp-json\/wp\/v2\/media?parent=318266"}],"wp:term":[{"taxonomy":"product_cat","embeddable":true,"href":"https:\/\/www.voustenjeans.com\/de\/wp-json\/wp\/v2\/product_cat?post=318266"},{"taxonomy":"product_tag","embeddable":true,"href":"https:\/\/www.voustenjeans.com\/de\/wp-json\/wp\/v2\/product_tag?post=318266"}],"curies":[{"name":"wp","href":"https:\/\/api.w.org\/{rel}","templated":true}]}}