{"id":317030,"date":"2025-08-13T10:04:17","date_gmt":"2025-08-13T08:04:17","guid":{"rendered":"https:\/\/www.voustenjeans.com\/jacob-cohen-688-bard-3731-646d-37919-2\/"},"modified":"2026-02-07T10:48:10","modified_gmt":"2026-02-07T09:48:10","slug":"jacob-cohen-688-bard-3731-646d-37919-2","status":"publish","type":"product","link":"https:\/\/www.voustenjeans.com\/de\/jacob-cohen-688-bard-3731-646d-37919-2\/","title":{"rendered":"Jacob Cohen (688 BARD) 3731 646D (37919)"},"content":{"rendered":"<p>Dies sind moderne Jeans und haben eine schmale Passform, mit etwas mehr Platz f\u00fcr die Oberschenkel.<\/p>\n<ul>\n<li>Stretchjeans<\/li>\n<li>Normale Leibh\u00f6he (Taillenmodell)<\/li>\n<li>Knopfverschluss<\/li>\n<li>\u00a0Ausgestattet mit einem beigen Patch<\/li>\n<li>Material: 72 % Baumwolle, 22 % Polyester, 6 % Elasthan<\/li>\n<li>Fu\u00dfbreite: 18 cm<\/li>\n<li>Grundl\u00e4nge: 35 Zoll (kann je nach W\u00e4sche leicht variieren)<\/li>\n<li>Diese Jeans von Jacob Cohen werden in Venetien im Nordosten Italiens handgefertigt<\/li>\n<\/ul>\n<p>Wird mit einem passenden Schal und zus\u00e4tzlichem Garn in der richtigen Farbe zum K\u00fcrzen geliefert<\/p>\n<p>\u00a0<\/p>\n","protected":false},"excerpt":{"rendered":"<p>Dies sind moderne Jeans und haben eine schmale Passform, mit etwas mehr Platz f\u00fcr die Oberschenkel. Stretchjeans Normale Leibh\u00f6he (Taillenmodell) Knopfverschluss \u00a0Ausgestattet mit einem beigen Patch Material: 72 % Baumwolle, 22 % Polyester, 6 % Elasthan Fu\u00dfbreite: 18 cm Grundl\u00e4nge: 35 Zoll (kann je nach W\u00e4sche leicht variieren) Diese Jeans von Jacob Cohen werden in [&#8230;]\n","protected":false},"featured_media":279716,"comment_status":"open","ping_status":"closed","template":"","meta":[],"product_cat":[1139,1429,1477,1581,1643,1651,1662],"product_tag":[],"acf":[],"yoast_head":"<!-- This site is optimized with the Yoast SEO plugin v22.3 - https:\/\/yoast.com\/wordpress\/plugins\/seo\/ -->\n<title>Jacob Cohen (688 BARD) 3731 646D (37919) - Vousten Jeans<\/title>\n<meta name=\"robots\" content=\"index, follow, max-snippet:-1, max-image-preview:large, max-video-preview:-1\" \/>\n<link rel=\"canonical\" href=\"https:\/\/www.voustenjeans.com\/de\/jacob-cohen-688-bard-3731-646d-37919-2\/\" \/>\n<meta property=\"og:locale\" content=\"de_DE\" \/>\n<meta property=\"og:type\" content=\"article\" \/>\n<meta property=\"og:title\" content=\"Jacob Cohen (688 BARD) 3731 646D (37919) - Vousten Jeans\" \/>\n<meta property=\"og:description\" content=\"Dies sind moderne Jeans und haben eine schmale Passform, mit etwas mehr Platz f\u00fcr die Oberschenkel. Stretchjeans Normale Leibh\u00f6he (Taillenmodell) Knopfverschluss \u00a0Ausgestattet mit einem beigen Patch Material: 72 % Baumwolle, 22 % Polyester, 6 % Elasthan Fu\u00dfbreite: 18 cm Grundl\u00e4nge: 35 Zoll (kann je nach W\u00e4sche leicht variieren) Diese Jeans von Jacob Cohen werden in [...]\" \/>\n<meta property=\"og:url\" content=\"https:\/\/www.voustenjeans.com\/de\/jacob-cohen-688-bard-3731-646d-37919-2\/\" \/>\n<meta property=\"og:site_name\" content=\"Vousten Jeans\" \/>\n<meta property=\"article:modified_time\" content=\"2026-02-07T09:48:10+00:00\" \/>\n<meta property=\"og:image\" content=\"https:\/\/www.voustenjeans.com\/wp-content\/uploads\/2023\/06\/dscf4389-removebg_0.jpg\" \/>\n\t<meta property=\"og:image:width\" content=\"1365\" \/>\n\t<meta property=\"og:image:height\" content=\"2048\" \/>\n\t<meta property=\"og:image:type\" content=\"image\/jpeg\" \/>\n<meta name=\"twitter:card\" content=\"summary_large_image\" \/>\n<script type=\"application\/ld+json\" class=\"yoast-schema-graph\">{\"@context\":\"https:\/\/schema.org\",\"@graph\":[{\"@type\":\"WebPage\",\"@id\":\"https:\/\/www.voustenjeans.com\/de\/jacob-cohen-688-bard-3731-646d-37919-2\/\",\"url\":\"https:\/\/www.voustenjeans.com\/de\/jacob-cohen-688-bard-3731-646d-37919-2\/\",\"name\":\"Jacob Cohen (688 BARD) 3731 646D (37919) - Vousten Jeans\",\"isPartOf\":{\"@id\":\"https:\/\/www.voustenjeans.com\/en\/#website\"},\"primaryImageOfPage\":{\"@id\":\"https:\/\/www.voustenjeans.com\/de\/jacob-cohen-688-bard-3731-646d-37919-2\/#primaryimage\"},\"image\":{\"@id\":\"https:\/\/www.voustenjeans.com\/de\/jacob-cohen-688-bard-3731-646d-37919-2\/#primaryimage\"},\"thumbnailUrl\":\"https:\/\/www.voustenjeans.com\/wp-content\/uploads\/2023\/06\/dscf4389-removebg_0.jpg\",\"datePublished\":\"2025-08-13T08:04:17+00:00\",\"dateModified\":\"2026-02-07T09:48:10+00:00\",\"breadcrumb\":{\"@id\":\"https:\/\/www.voustenjeans.com\/de\/jacob-cohen-688-bard-3731-646d-37919-2\/#breadcrumb\"},\"inLanguage\":\"de-DE\",\"potentialAction\":[{\"@type\":\"ReadAction\",\"target\":[\"https:\/\/www.voustenjeans.com\/de\/jacob-cohen-688-bard-3731-646d-37919-2\/\"]}]},{\"@type\":\"ImageObject\",\"inLanguage\":\"de-DE\",\"@id\":\"https:\/\/www.voustenjeans.com\/de\/jacob-cohen-688-bard-3731-646d-37919-2\/#primaryimage\",\"url\":\"https:\/\/www.voustenjeans.com\/wp-content\/uploads\/2023\/06\/dscf4389-removebg_0.jpg\",\"contentUrl\":\"https:\/\/www.voustenjeans.com\/wp-content\/uploads\/2023\/06\/dscf4389-removebg_0.jpg\",\"width\":1365,\"height\":2048},{\"@type\":\"BreadcrumbList\",\"@id\":\"https:\/\/www.voustenjeans.com\/de\/jacob-cohen-688-bard-3731-646d-37919-2\/#breadcrumb\",\"itemListElement\":[{\"@type\":\"ListItem\",\"position\":1,\"name\":\"Home\",\"item\":\"https:\/\/www.voustenjeans.com\/de\/\"},{\"@type\":\"ListItem\",\"position\":2,\"name\":\"Shop\",\"item\":\"https:\/\/www.voustenjeans.com\/de\/shop\/\"},{\"@type\":\"ListItem\",\"position\":3,\"name\":\"Jacob Cohen (688 BARD) 3731 646D (37919)\"}]},{\"@type\":\"WebSite\",\"@id\":\"https:\/\/www.voustenjeans.com\/en\/#website\",\"url\":\"https:\/\/www.voustenjeans.com\/en\/\",\"name\":\"Vousten Jeans\",\"description\":\"\",\"potentialAction\":[{\"@type\":\"SearchAction\",\"target\":{\"@type\":\"EntryPoint\",\"urlTemplate\":\"https:\/\/www.voustenjeans.com\/en\/?s={search_term_string}\"},\"query-input\":\"required name=search_term_string\"}],\"inLanguage\":\"de-DE\"}]}<\/script>\n<!-- \/ Yoast SEO plugin. -->","yoast_head_json":{"title":"Jacob Cohen (688 BARD) 3731 646D (37919) - Vousten Jeans","robots":{"index":"index","follow":"follow","max-snippet":"max-snippet:-1","max-image-preview":"max-image-preview:large","max-video-preview":"max-video-preview:-1"},"canonical":"https:\/\/www.voustenjeans.com\/de\/jacob-cohen-688-bard-3731-646d-37919-2\/","og_locale":"de_DE","og_type":"article","og_title":"Jacob Cohen (688 BARD) 3731 646D (37919) - Vousten Jeans","og_description":"Dies sind moderne Jeans und haben eine schmale Passform, mit etwas mehr Platz f\u00fcr die Oberschenkel. Stretchjeans Normale Leibh\u00f6he (Taillenmodell) Knopfverschluss \u00a0Ausgestattet mit einem beigen Patch Material: 72 % Baumwolle, 22 % Polyester, 6 % Elasthan Fu\u00dfbreite: 18 cm Grundl\u00e4nge: 35 Zoll (kann je nach W\u00e4sche leicht variieren) Diese Jeans von Jacob Cohen werden in [...]","og_url":"https:\/\/www.voustenjeans.com\/de\/jacob-cohen-688-bard-3731-646d-37919-2\/","og_site_name":"Vousten Jeans","article_modified_time":"2026-02-07T09:48:10+00:00","og_image":[{"width":1365,"height":2048,"url":"https:\/\/www.voustenjeans.com\/wp-content\/uploads\/2023\/06\/dscf4389-removebg_0.jpg","type":"image\/jpeg"}],"twitter_card":"summary_large_image","schema":{"@context":"https:\/\/schema.org","@graph":[{"@type":"WebPage","@id":"https:\/\/www.voustenjeans.com\/de\/jacob-cohen-688-bard-3731-646d-37919-2\/","url":"https:\/\/www.voustenjeans.com\/de\/jacob-cohen-688-bard-3731-646d-37919-2\/","name":"Jacob Cohen (688 BARD) 3731 646D (37919) - Vousten Jeans","isPartOf":{"@id":"https:\/\/www.voustenjeans.com\/en\/#website"},"primaryImageOfPage":{"@id":"https:\/\/www.voustenjeans.com\/de\/jacob-cohen-688-bard-3731-646d-37919-2\/#primaryimage"},"image":{"@id":"https:\/\/www.voustenjeans.com\/de\/jacob-cohen-688-bard-3731-646d-37919-2\/#primaryimage"},"thumbnailUrl":"https:\/\/www.voustenjeans.com\/wp-content\/uploads\/2023\/06\/dscf4389-removebg_0.jpg","datePublished":"2025-08-13T08:04:17+00:00","dateModified":"2026-02-07T09:48:10+00:00","breadcrumb":{"@id":"https:\/\/www.voustenjeans.com\/de\/jacob-cohen-688-bard-3731-646d-37919-2\/#breadcrumb"},"inLanguage":"de-DE","potentialAction":[{"@type":"ReadAction","target":["https:\/\/www.voustenjeans.com\/de\/jacob-cohen-688-bard-3731-646d-37919-2\/"]}]},{"@type":"ImageObject","inLanguage":"de-DE","@id":"https:\/\/www.voustenjeans.com\/de\/jacob-cohen-688-bard-3731-646d-37919-2\/#primaryimage","url":"https:\/\/www.voustenjeans.com\/wp-content\/uploads\/2023\/06\/dscf4389-removebg_0.jpg","contentUrl":"https:\/\/www.voustenjeans.com\/wp-content\/uploads\/2023\/06\/dscf4389-removebg_0.jpg","width":1365,"height":2048},{"@type":"BreadcrumbList","@id":"https:\/\/www.voustenjeans.com\/de\/jacob-cohen-688-bard-3731-646d-37919-2\/#breadcrumb","itemListElement":[{"@type":"ListItem","position":1,"name":"Home","item":"https:\/\/www.voustenjeans.com\/de\/"},{"@type":"ListItem","position":2,"name":"Shop","item":"https:\/\/www.voustenjeans.com\/de\/shop\/"},{"@type":"ListItem","position":3,"name":"Jacob Cohen (688 BARD) 3731 646D (37919)"}]},{"@type":"WebSite","@id":"https:\/\/www.voustenjeans.com\/en\/#website","url":"https:\/\/www.voustenjeans.com\/en\/","name":"Vousten Jeans","description":"","potentialAction":[{"@type":"SearchAction","target":{"@type":"EntryPoint","urlTemplate":"https:\/\/www.voustenjeans.com\/en\/?s={search_term_string}"},"query-input":"required name=search_term_string"}],"inLanguage":"de-DE"}]}},"_links":{"self":[{"href":"https:\/\/www.voustenjeans.com\/de\/wp-json\/wp\/v2\/product\/317030"}],"collection":[{"href":"https:\/\/www.voustenjeans.com\/de\/wp-json\/wp\/v2\/product"}],"about":[{"href":"https:\/\/www.voustenjeans.com\/de\/wp-json\/wp\/v2\/types\/product"}],"replies":[{"embeddable":true,"href":"https:\/\/www.voustenjeans.com\/de\/wp-json\/wp\/v2\/comments?post=317030"}],"wp:featuredmedia":[{"embeddable":true,"href":"https:\/\/www.voustenjeans.com\/de\/wp-json\/wp\/v2\/media\/279716"}],"wp:attachment":[{"href":"https:\/\/www.voustenjeans.com\/de\/wp-json\/wp\/v2\/media?parent=317030"}],"wp:term":[{"taxonomy":"product_cat","embeddable":true,"href":"https:\/\/www.voustenjeans.com\/de\/wp-json\/wp\/v2\/product_cat?post=317030"},{"taxonomy":"product_tag","embeddable":true,"href":"https:\/\/www.voustenjeans.com\/de\/wp-json\/wp\/v2\/product_tag?post=317030"}],"curies":[{"name":"wp","href":"https:\/\/api.w.org\/{rel}","templated":true}]}}