{"id":316694,"date":"2025-08-13T09:20:03","date_gmt":"2025-08-13T07:20:03","guid":{"rendered":"https:\/\/www.voustenjeans.com\/jacob-cohen-bobby-3756-b13-37247-2\/"},"modified":"2026-02-28T06:16:05","modified_gmt":"2026-02-28T05:16:05","slug":"jacob-cohen-bobby-3756-b13-37247-2","status":"publish","type":"product","link":"https:\/\/www.voustenjeans.com\/de\/jacob-cohen-bobby-3756-b13-37247-2\/","title":{"rendered":"Jacob Cohen bobby 3756 B13 (37247)"},"content":{"rendered":"<p>Ist eine semi-l\u00e4ssige Hose aus angenehmer Baumwolle.<\/p>\n<ul>\n<li>Stretch-Chinos<\/li>\n<li>Schlanke Passform<\/li>\n<li>Normale Taillenh\u00f6he<\/li>\n<li>Rei\u00dfverschluss<\/li>\n<li>Ausgestattet mit einem blauen Patch<\/li>\n<li>G\u00fcrtelschlaufen<\/li>\n<li>Seitentaschen<\/li>\n<li>Tickettasche<\/li>\n<li>Paspeltaschen hinten<\/li>\n<li>Material: 55 % Baumwolle, 42 % Lyocell, 3 % Elasthan<\/li>\n<li>Standardbasisl\u00e4nge<\/li>\n<\/ul>\n<p>Diese Jacob Cohen Chino wird in Venetien, Nordostitalien, handgefertigt.<\/p>\n<p>\u00a0<\/p>\n","protected":false},"excerpt":{"rendered":"<p>Ist eine semi-l\u00e4ssige Hose aus angenehmer Baumwolle. Stretch-Chinos Schlanke Passform Normale Taillenh\u00f6he Rei\u00dfverschluss Ausgestattet mit einem blauen Patch G\u00fcrtelschlaufen Seitentaschen Tickettasche Paspeltaschen hinten Material: 55 % Baumwolle, 42 % Lyocell, 3 % Elasthan Standardbasisl\u00e4nge Diese Jacob Cohen Chino wird in Venetien, Nordostitalien, handgefertigt. \u00a0<\/p>\n","protected":false},"featured_media":275892,"comment_status":"open","ping_status":"closed","template":"","meta":[],"product_cat":[1139,1453,1581,1643,1651,1662],"product_tag":[],"acf":[],"yoast_head":"<!-- This site is optimized with the Yoast SEO plugin v22.3 - https:\/\/yoast.com\/wordpress\/plugins\/seo\/ -->\n<title>Jacob Cohen bobby 3756 B13 (37247) - Vousten Jeans<\/title>\n<meta name=\"robots\" content=\"index, follow, max-snippet:-1, max-image-preview:large, max-video-preview:-1\" \/>\n<link rel=\"canonical\" href=\"https:\/\/www.voustenjeans.com\/de\/jacob-cohen-bobby-3756-b13-37247-2\/\" \/>\n<meta property=\"og:locale\" content=\"de_DE\" \/>\n<meta property=\"og:type\" content=\"article\" \/>\n<meta property=\"og:title\" content=\"Jacob Cohen bobby 3756 B13 (37247) - Vousten Jeans\" \/>\n<meta property=\"og:description\" content=\"Ist eine semi-l\u00e4ssige Hose aus angenehmer Baumwolle. Stretch-Chinos Schlanke Passform Normale Taillenh\u00f6he Rei\u00dfverschluss Ausgestattet mit einem blauen Patch G\u00fcrtelschlaufen Seitentaschen Tickettasche Paspeltaschen hinten Material: 55 % Baumwolle, 42 % Lyocell, 3 % Elasthan Standardbasisl\u00e4nge Diese Jacob Cohen Chino wird in Venetien, Nordostitalien, handgefertigt. \u00a0\" \/>\n<meta property=\"og:url\" content=\"https:\/\/www.voustenjeans.com\/de\/jacob-cohen-bobby-3756-b13-37247-2\/\" \/>\n<meta property=\"og:site_name\" content=\"Vousten Jeans\" \/>\n<meta property=\"article:modified_time\" content=\"2026-02-28T05:16:05+00:00\" \/>\n<meta property=\"og:image\" content=\"https:\/\/www.voustenjeans.com\/wp-content\/uploads\/2023\/06\/dscf3915-2.jpg\" \/>\n\t<meta property=\"og:image:width\" content=\"1365\" \/>\n\t<meta property=\"og:image:height\" content=\"2048\" \/>\n\t<meta property=\"og:image:type\" content=\"image\/jpeg\" \/>\n<meta name=\"twitter:card\" content=\"summary_large_image\" \/>\n<script type=\"application\/ld+json\" class=\"yoast-schema-graph\">{\"@context\":\"https:\/\/schema.org\",\"@graph\":[{\"@type\":\"WebPage\",\"@id\":\"https:\/\/www.voustenjeans.com\/de\/jacob-cohen-bobby-3756-b13-37247-2\/\",\"url\":\"https:\/\/www.voustenjeans.com\/de\/jacob-cohen-bobby-3756-b13-37247-2\/\",\"name\":\"Jacob Cohen bobby 3756 B13 (37247) - Vousten Jeans\",\"isPartOf\":{\"@id\":\"https:\/\/www.voustenjeans.com\/en\/#website\"},\"primaryImageOfPage\":{\"@id\":\"https:\/\/www.voustenjeans.com\/de\/jacob-cohen-bobby-3756-b13-37247-2\/#primaryimage\"},\"image\":{\"@id\":\"https:\/\/www.voustenjeans.com\/de\/jacob-cohen-bobby-3756-b13-37247-2\/#primaryimage\"},\"thumbnailUrl\":\"https:\/\/www.voustenjeans.com\/wp-content\/uploads\/2023\/06\/dscf3915-2.jpg\",\"datePublished\":\"2025-08-13T07:20:03+00:00\",\"dateModified\":\"2026-02-28T05:16:05+00:00\",\"breadcrumb\":{\"@id\":\"https:\/\/www.voustenjeans.com\/de\/jacob-cohen-bobby-3756-b13-37247-2\/#breadcrumb\"},\"inLanguage\":\"de-DE\",\"potentialAction\":[{\"@type\":\"ReadAction\",\"target\":[\"https:\/\/www.voustenjeans.com\/de\/jacob-cohen-bobby-3756-b13-37247-2\/\"]}]},{\"@type\":\"ImageObject\",\"inLanguage\":\"de-DE\",\"@id\":\"https:\/\/www.voustenjeans.com\/de\/jacob-cohen-bobby-3756-b13-37247-2\/#primaryimage\",\"url\":\"https:\/\/www.voustenjeans.com\/wp-content\/uploads\/2023\/06\/dscf3915-2.jpg\",\"contentUrl\":\"https:\/\/www.voustenjeans.com\/wp-content\/uploads\/2023\/06\/dscf3915-2.jpg\",\"width\":1365,\"height\":2048},{\"@type\":\"BreadcrumbList\",\"@id\":\"https:\/\/www.voustenjeans.com\/de\/jacob-cohen-bobby-3756-b13-37247-2\/#breadcrumb\",\"itemListElement\":[{\"@type\":\"ListItem\",\"position\":1,\"name\":\"Home\",\"item\":\"https:\/\/www.voustenjeans.com\/de\/\"},{\"@type\":\"ListItem\",\"position\":2,\"name\":\"Shop\",\"item\":\"https:\/\/www.voustenjeans.com\/de\/shop\/\"},{\"@type\":\"ListItem\",\"position\":3,\"name\":\"Jacob Cohen bobby 3756 B13 (37247)\"}]},{\"@type\":\"WebSite\",\"@id\":\"https:\/\/www.voustenjeans.com\/en\/#website\",\"url\":\"https:\/\/www.voustenjeans.com\/en\/\",\"name\":\"Vousten Jeans\",\"description\":\"\",\"potentialAction\":[{\"@type\":\"SearchAction\",\"target\":{\"@type\":\"EntryPoint\",\"urlTemplate\":\"https:\/\/www.voustenjeans.com\/en\/?s={search_term_string}\"},\"query-input\":\"required name=search_term_string\"}],\"inLanguage\":\"de-DE\"}]}<\/script>\n<!-- \/ Yoast SEO plugin. -->","yoast_head_json":{"title":"Jacob Cohen bobby 3756 B13 (37247) - Vousten Jeans","robots":{"index":"index","follow":"follow","max-snippet":"max-snippet:-1","max-image-preview":"max-image-preview:large","max-video-preview":"max-video-preview:-1"},"canonical":"https:\/\/www.voustenjeans.com\/de\/jacob-cohen-bobby-3756-b13-37247-2\/","og_locale":"de_DE","og_type":"article","og_title":"Jacob Cohen bobby 3756 B13 (37247) - Vousten Jeans","og_description":"Ist eine semi-l\u00e4ssige Hose aus angenehmer Baumwolle. Stretch-Chinos Schlanke Passform Normale Taillenh\u00f6he Rei\u00dfverschluss Ausgestattet mit einem blauen Patch G\u00fcrtelschlaufen Seitentaschen Tickettasche Paspeltaschen hinten Material: 55 % Baumwolle, 42 % Lyocell, 3 % Elasthan Standardbasisl\u00e4nge Diese Jacob Cohen Chino wird in Venetien, Nordostitalien, handgefertigt. \u00a0","og_url":"https:\/\/www.voustenjeans.com\/de\/jacob-cohen-bobby-3756-b13-37247-2\/","og_site_name":"Vousten Jeans","article_modified_time":"2026-02-28T05:16:05+00:00","og_image":[{"width":1365,"height":2048,"url":"https:\/\/www.voustenjeans.com\/wp-content\/uploads\/2023\/06\/dscf3915-2.jpg","type":"image\/jpeg"}],"twitter_card":"summary_large_image","schema":{"@context":"https:\/\/schema.org","@graph":[{"@type":"WebPage","@id":"https:\/\/www.voustenjeans.com\/de\/jacob-cohen-bobby-3756-b13-37247-2\/","url":"https:\/\/www.voustenjeans.com\/de\/jacob-cohen-bobby-3756-b13-37247-2\/","name":"Jacob Cohen bobby 3756 B13 (37247) - Vousten Jeans","isPartOf":{"@id":"https:\/\/www.voustenjeans.com\/en\/#website"},"primaryImageOfPage":{"@id":"https:\/\/www.voustenjeans.com\/de\/jacob-cohen-bobby-3756-b13-37247-2\/#primaryimage"},"image":{"@id":"https:\/\/www.voustenjeans.com\/de\/jacob-cohen-bobby-3756-b13-37247-2\/#primaryimage"},"thumbnailUrl":"https:\/\/www.voustenjeans.com\/wp-content\/uploads\/2023\/06\/dscf3915-2.jpg","datePublished":"2025-08-13T07:20:03+00:00","dateModified":"2026-02-28T05:16:05+00:00","breadcrumb":{"@id":"https:\/\/www.voustenjeans.com\/de\/jacob-cohen-bobby-3756-b13-37247-2\/#breadcrumb"},"inLanguage":"de-DE","potentialAction":[{"@type":"ReadAction","target":["https:\/\/www.voustenjeans.com\/de\/jacob-cohen-bobby-3756-b13-37247-2\/"]}]},{"@type":"ImageObject","inLanguage":"de-DE","@id":"https:\/\/www.voustenjeans.com\/de\/jacob-cohen-bobby-3756-b13-37247-2\/#primaryimage","url":"https:\/\/www.voustenjeans.com\/wp-content\/uploads\/2023\/06\/dscf3915-2.jpg","contentUrl":"https:\/\/www.voustenjeans.com\/wp-content\/uploads\/2023\/06\/dscf3915-2.jpg","width":1365,"height":2048},{"@type":"BreadcrumbList","@id":"https:\/\/www.voustenjeans.com\/de\/jacob-cohen-bobby-3756-b13-37247-2\/#breadcrumb","itemListElement":[{"@type":"ListItem","position":1,"name":"Home","item":"https:\/\/www.voustenjeans.com\/de\/"},{"@type":"ListItem","position":2,"name":"Shop","item":"https:\/\/www.voustenjeans.com\/de\/shop\/"},{"@type":"ListItem","position":3,"name":"Jacob Cohen bobby 3756 B13 (37247)"}]},{"@type":"WebSite","@id":"https:\/\/www.voustenjeans.com\/en\/#website","url":"https:\/\/www.voustenjeans.com\/en\/","name":"Vousten Jeans","description":"","potentialAction":[{"@type":"SearchAction","target":{"@type":"EntryPoint","urlTemplate":"https:\/\/www.voustenjeans.com\/en\/?s={search_term_string}"},"query-input":"required name=search_term_string"}],"inLanguage":"de-DE"}]}},"_links":{"self":[{"href":"https:\/\/www.voustenjeans.com\/de\/wp-json\/wp\/v2\/product\/316694"}],"collection":[{"href":"https:\/\/www.voustenjeans.com\/de\/wp-json\/wp\/v2\/product"}],"about":[{"href":"https:\/\/www.voustenjeans.com\/de\/wp-json\/wp\/v2\/types\/product"}],"replies":[{"embeddable":true,"href":"https:\/\/www.voustenjeans.com\/de\/wp-json\/wp\/v2\/comments?post=316694"}],"wp:featuredmedia":[{"embeddable":true,"href":"https:\/\/www.voustenjeans.com\/de\/wp-json\/wp\/v2\/media\/275892"}],"wp:attachment":[{"href":"https:\/\/www.voustenjeans.com\/de\/wp-json\/wp\/v2\/media?parent=316694"}],"wp:term":[{"taxonomy":"product_cat","embeddable":true,"href":"https:\/\/www.voustenjeans.com\/de\/wp-json\/wp\/v2\/product_cat?post=316694"},{"taxonomy":"product_tag","embeddable":true,"href":"https:\/\/www.voustenjeans.com\/de\/wp-json\/wp\/v2\/product_tag?post=316694"}],"curies":[{"name":"wp","href":"https:\/\/api.w.org\/{rel}","templated":true}]}}