{"id":315253,"date":"2025-08-13T08:08:10","date_gmt":"2025-08-13T06:08:10","guid":{"rendered":"https:\/\/www.voustenjeans.com\/jacob-cohen-j688-33195-2\/"},"modified":"2025-08-13T08:08:25","modified_gmt":"2025-08-13T06:08:25","slug":"jacob-cohen-j688-33195-2","status":"publish","type":"product","link":"https:\/\/www.voustenjeans.com\/de\/jacob-cohen-j688-33195-2\/","title":{"rendered":"Jacob Cohen J688 (33195)"},"content":{"rendered":"<p>Hat eine ma\u00dfgeschneiderte Passform mit extra Platz f\u00fcr die Oberschenkel.<\/p>\n<ul>\n<li>Stretch Jeans<\/li>\n<li>Normale H\u00fcfth\u00f6he<\/li>\n<li>Knopfverschluss<\/li>\n<li>Ausgestattet mit einem braunen Patch<\/li>\n<li>Material: 98% Baumwolle, 2% Elasthan<\/li>\n<li>Fu\u00dfweite: 18 cm<\/li>\n<li>Grundl\u00e4nge: 35 Zoll<\/li>\n<li>Diese Jacob Cohen Jeans ist handgefertigt in Venetien, Nord-Ost-Italien<\/li>\n<\/ul>\n<p>Kommt mit einem passenden kleinen Schal und extra Garn in der richtigen Farbe, um die Jeans k\u00fcrzer zu machen.<\/p>\n","protected":false},"excerpt":{"rendered":"<p>Hat eine ma\u00dfgeschneiderte Passform mit extra Platz f\u00fcr die Oberschenkel. Stretch Jeans Normale H\u00fcfth\u00f6he Knopfverschluss Ausgestattet mit einem braunen Patch Material: 98% Baumwolle, 2% Elasthan Fu\u00dfweite: 18 cm Grundl\u00e4nge: 35 Zoll Diese Jacob Cohen Jeans ist handgefertigt in Venetien, Nord-Ost-Italien Kommt mit einem passenden kleinen Schal und extra Garn in der richtigen Farbe, um die [&#8230;]\n","protected":false},"featured_media":315219,"comment_status":"open","ping_status":"closed","template":"","meta":[],"product_cat":[1581,1651,1662,1139,1429,1477],"product_tag":[],"acf":[],"yoast_head":"<!-- This site is optimized with the Yoast SEO plugin v22.3 - https:\/\/yoast.com\/wordpress\/plugins\/seo\/ -->\n<title>Jacob Cohen J688 (33195) - Vousten Jeans<\/title>\n<meta name=\"robots\" content=\"index, follow, max-snippet:-1, max-image-preview:large, max-video-preview:-1\" \/>\n<link rel=\"canonical\" href=\"https:\/\/www.voustenjeans.com\/de\/jacob-cohen-j688-33195-2\/\" \/>\n<meta property=\"og:locale\" content=\"de_DE\" \/>\n<meta property=\"og:type\" content=\"article\" \/>\n<meta property=\"og:title\" content=\"Jacob Cohen J688 (33195) - Vousten Jeans\" \/>\n<meta property=\"og:description\" content=\"Hat eine ma\u00dfgeschneiderte Passform mit extra Platz f\u00fcr die Oberschenkel. Stretch Jeans Normale H\u00fcfth\u00f6he Knopfverschluss Ausgestattet mit einem braunen Patch Material: 98% Baumwolle, 2% Elasthan Fu\u00dfweite: 18 cm Grundl\u00e4nge: 35 Zoll Diese Jacob Cohen Jeans ist handgefertigt in Venetien, Nord-Ost-Italien Kommt mit einem passenden kleinen Schal und extra Garn in der richtigen Farbe, um die [...]\" \/>\n<meta property=\"og:url\" content=\"https:\/\/www.voustenjeans.com\/de\/jacob-cohen-j688-33195-2\/\" \/>\n<meta property=\"og:site_name\" content=\"Vousten Jeans\" \/>\n<meta property=\"article:modified_time\" content=\"2025-08-13T06:08:25+00:00\" \/>\n<meta property=\"og:image\" content=\"https:\/\/www.voustenjeans.com\/wp-content\/uploads\/2023\/06\/jacob-cohen-j688-comf-33195-1-3.jpg\" \/>\n\t<meta property=\"og:image:width\" content=\"1333\" \/>\n\t<meta property=\"og:image:height\" content=\"2000\" \/>\n\t<meta property=\"og:image:type\" content=\"image\/jpeg\" \/>\n<meta name=\"twitter:card\" content=\"summary_large_image\" \/>\n<script type=\"application\/ld+json\" class=\"yoast-schema-graph\">{\"@context\":\"https:\/\/schema.org\",\"@graph\":[{\"@type\":\"WebPage\",\"@id\":\"https:\/\/www.voustenjeans.com\/de\/jacob-cohen-j688-33195-2\/\",\"url\":\"https:\/\/www.voustenjeans.com\/de\/jacob-cohen-j688-33195-2\/\",\"name\":\"Jacob Cohen J688 (33195) - Vousten Jeans\",\"isPartOf\":{\"@id\":\"https:\/\/www.voustenjeans.com\/en\/#website\"},\"primaryImageOfPage\":{\"@id\":\"https:\/\/www.voustenjeans.com\/de\/jacob-cohen-j688-33195-2\/#primaryimage\"},\"image\":{\"@id\":\"https:\/\/www.voustenjeans.com\/de\/jacob-cohen-j688-33195-2\/#primaryimage\"},\"thumbnailUrl\":\"https:\/\/www.voustenjeans.com\/wp-content\/uploads\/2023\/06\/jacob-cohen-j688-comf-33195-1-3.jpg\",\"datePublished\":\"2025-08-13T06:08:10+00:00\",\"dateModified\":\"2025-08-13T06:08:25+00:00\",\"breadcrumb\":{\"@id\":\"https:\/\/www.voustenjeans.com\/de\/jacob-cohen-j688-33195-2\/#breadcrumb\"},\"inLanguage\":\"de-DE\",\"potentialAction\":[{\"@type\":\"ReadAction\",\"target\":[\"https:\/\/www.voustenjeans.com\/de\/jacob-cohen-j688-33195-2\/\"]}]},{\"@type\":\"ImageObject\",\"inLanguage\":\"de-DE\",\"@id\":\"https:\/\/www.voustenjeans.com\/de\/jacob-cohen-j688-33195-2\/#primaryimage\",\"url\":\"https:\/\/www.voustenjeans.com\/wp-content\/uploads\/2023\/06\/jacob-cohen-j688-comf-33195-1-3.jpg\",\"contentUrl\":\"https:\/\/www.voustenjeans.com\/wp-content\/uploads\/2023\/06\/jacob-cohen-j688-comf-33195-1-3.jpg\",\"width\":1333,\"height\":2000},{\"@type\":\"BreadcrumbList\",\"@id\":\"https:\/\/www.voustenjeans.com\/de\/jacob-cohen-j688-33195-2\/#breadcrumb\",\"itemListElement\":[{\"@type\":\"ListItem\",\"position\":1,\"name\":\"Home\",\"item\":\"https:\/\/www.voustenjeans.com\/de\/\"},{\"@type\":\"ListItem\",\"position\":2,\"name\":\"Shop\",\"item\":\"https:\/\/www.voustenjeans.com\/de\/shop\/\"},{\"@type\":\"ListItem\",\"position\":3,\"name\":\"Jacob Cohen J688 (33195)\"}]},{\"@type\":\"WebSite\",\"@id\":\"https:\/\/www.voustenjeans.com\/en\/#website\",\"url\":\"https:\/\/www.voustenjeans.com\/en\/\",\"name\":\"Vousten Jeans\",\"description\":\"\",\"potentialAction\":[{\"@type\":\"SearchAction\",\"target\":{\"@type\":\"EntryPoint\",\"urlTemplate\":\"https:\/\/www.voustenjeans.com\/en\/?s={search_term_string}\"},\"query-input\":\"required name=search_term_string\"}],\"inLanguage\":\"de-DE\"}]}<\/script>\n<!-- \/ Yoast SEO plugin. -->","yoast_head_json":{"title":"Jacob Cohen J688 (33195) - Vousten Jeans","robots":{"index":"index","follow":"follow","max-snippet":"max-snippet:-1","max-image-preview":"max-image-preview:large","max-video-preview":"max-video-preview:-1"},"canonical":"https:\/\/www.voustenjeans.com\/de\/jacob-cohen-j688-33195-2\/","og_locale":"de_DE","og_type":"article","og_title":"Jacob Cohen J688 (33195) - Vousten Jeans","og_description":"Hat eine ma\u00dfgeschneiderte Passform mit extra Platz f\u00fcr die Oberschenkel. Stretch Jeans Normale H\u00fcfth\u00f6he Knopfverschluss Ausgestattet mit einem braunen Patch Material: 98% Baumwolle, 2% Elasthan Fu\u00dfweite: 18 cm Grundl\u00e4nge: 35 Zoll Diese Jacob Cohen Jeans ist handgefertigt in Venetien, Nord-Ost-Italien Kommt mit einem passenden kleinen Schal und extra Garn in der richtigen Farbe, um die [...]","og_url":"https:\/\/www.voustenjeans.com\/de\/jacob-cohen-j688-33195-2\/","og_site_name":"Vousten Jeans","article_modified_time":"2025-08-13T06:08:25+00:00","og_image":[{"width":1333,"height":2000,"url":"https:\/\/www.voustenjeans.com\/wp-content\/uploads\/2023\/06\/jacob-cohen-j688-comf-33195-1-3.jpg","type":"image\/jpeg"}],"twitter_card":"summary_large_image","schema":{"@context":"https:\/\/schema.org","@graph":[{"@type":"WebPage","@id":"https:\/\/www.voustenjeans.com\/de\/jacob-cohen-j688-33195-2\/","url":"https:\/\/www.voustenjeans.com\/de\/jacob-cohen-j688-33195-2\/","name":"Jacob Cohen J688 (33195) - Vousten Jeans","isPartOf":{"@id":"https:\/\/www.voustenjeans.com\/en\/#website"},"primaryImageOfPage":{"@id":"https:\/\/www.voustenjeans.com\/de\/jacob-cohen-j688-33195-2\/#primaryimage"},"image":{"@id":"https:\/\/www.voustenjeans.com\/de\/jacob-cohen-j688-33195-2\/#primaryimage"},"thumbnailUrl":"https:\/\/www.voustenjeans.com\/wp-content\/uploads\/2023\/06\/jacob-cohen-j688-comf-33195-1-3.jpg","datePublished":"2025-08-13T06:08:10+00:00","dateModified":"2025-08-13T06:08:25+00:00","breadcrumb":{"@id":"https:\/\/www.voustenjeans.com\/de\/jacob-cohen-j688-33195-2\/#breadcrumb"},"inLanguage":"de-DE","potentialAction":[{"@type":"ReadAction","target":["https:\/\/www.voustenjeans.com\/de\/jacob-cohen-j688-33195-2\/"]}]},{"@type":"ImageObject","inLanguage":"de-DE","@id":"https:\/\/www.voustenjeans.com\/de\/jacob-cohen-j688-33195-2\/#primaryimage","url":"https:\/\/www.voustenjeans.com\/wp-content\/uploads\/2023\/06\/jacob-cohen-j688-comf-33195-1-3.jpg","contentUrl":"https:\/\/www.voustenjeans.com\/wp-content\/uploads\/2023\/06\/jacob-cohen-j688-comf-33195-1-3.jpg","width":1333,"height":2000},{"@type":"BreadcrumbList","@id":"https:\/\/www.voustenjeans.com\/de\/jacob-cohen-j688-33195-2\/#breadcrumb","itemListElement":[{"@type":"ListItem","position":1,"name":"Home","item":"https:\/\/www.voustenjeans.com\/de\/"},{"@type":"ListItem","position":2,"name":"Shop","item":"https:\/\/www.voustenjeans.com\/de\/shop\/"},{"@type":"ListItem","position":3,"name":"Jacob Cohen J688 (33195)"}]},{"@type":"WebSite","@id":"https:\/\/www.voustenjeans.com\/en\/#website","url":"https:\/\/www.voustenjeans.com\/en\/","name":"Vousten Jeans","description":"","potentialAction":[{"@type":"SearchAction","target":{"@type":"EntryPoint","urlTemplate":"https:\/\/www.voustenjeans.com\/en\/?s={search_term_string}"},"query-input":"required name=search_term_string"}],"inLanguage":"de-DE"}]}},"_links":{"self":[{"href":"https:\/\/www.voustenjeans.com\/de\/wp-json\/wp\/v2\/product\/315253"}],"collection":[{"href":"https:\/\/www.voustenjeans.com\/de\/wp-json\/wp\/v2\/product"}],"about":[{"href":"https:\/\/www.voustenjeans.com\/de\/wp-json\/wp\/v2\/types\/product"}],"replies":[{"embeddable":true,"href":"https:\/\/www.voustenjeans.com\/de\/wp-json\/wp\/v2\/comments?post=315253"}],"wp:featuredmedia":[{"embeddable":true,"href":"https:\/\/www.voustenjeans.com\/de\/wp-json\/wp\/v2\/media\/315219"}],"wp:attachment":[{"href":"https:\/\/www.voustenjeans.com\/de\/wp-json\/wp\/v2\/media?parent=315253"}],"wp:term":[{"taxonomy":"product_cat","embeddable":true,"href":"https:\/\/www.voustenjeans.com\/de\/wp-json\/wp\/v2\/product_cat?post=315253"},{"taxonomy":"product_tag","embeddable":true,"href":"https:\/\/www.voustenjeans.com\/de\/wp-json\/wp\/v2\/product_tag?post=315253"}],"curies":[{"name":"wp","href":"https:\/\/api.w.org\/{rel}","templated":true}]}}