{"id":314385,"date":"2025-08-13T07:55:57","date_gmt":"2025-08-13T05:55:57","guid":{"rendered":"https:\/\/www.voustenjeans.com\/jacob-cohen-j620-eduard-limited-3619-405d-37588-2\/"},"modified":"2026-01-03T00:20:05","modified_gmt":"2026-01-02T23:20:05","slug":"jacob-cohen-j620-eduard-limited-3619-405d-37588-2","status":"publish","type":"product","link":"https:\/\/www.voustenjeans.com\/de\/jacob-cohen-j620-eduard-limited-3619-405d-37588-2\/","title":{"rendered":"Jacob Cohen J620 (eduard) limited 3619 405D (37588)"},"content":{"rendered":"<div>Hat eine normale Passform und f\u00e4llt normal aus.<\/div>\n<ul>\n<li>Ist eine exklusive Jeans<\/li>\n<li>Stretch-Jeans<\/li>\n<li>Standard-Taillenh\u00f6he<\/li>\n<li>Knopfverschluss<\/li>\n<li>Geeignet f\u00fcr straffe Beine<\/li>\n<li>Ausgestattet mit einem cognac\u00a0Patch<\/li>\n<li>Material: 92 % Baumwolle, 2 % Elasthan, 6 % Elastomultiester<\/li>\n<li>Fu\u00dfbreite: 20\u00a0cm Basisl\u00e4nge: 35 Zoll (kann je nach W\u00e4sche leicht variieren)<\/li>\n<li>Diese Jeans von Jacob Cohen werden in Venetien im Nordosten Italiens von Hand gefertigt<\/li>\n<\/ul>\n<div>Lieferung mit einem kostenlosen passenden Schal und zus\u00e4tzlichem Garn in der richtigen Farbe zum K\u00fcrzen.<\/div>\n","protected":false},"excerpt":{"rendered":"<p>Hat eine normale Passform und f\u00e4llt normal aus. Ist eine exklusive Jeans Stretch-Jeans Standard-Taillenh\u00f6he Knopfverschluss Geeignet f\u00fcr straffe Beine Ausgestattet mit einem cognac\u00a0Patch Material: 92 % Baumwolle, 2 % Elasthan, 6 % Elastomultiester Fu\u00dfbreite: 20\u00a0cm Basisl\u00e4nge: 35 Zoll (kann je nach W\u00e4sche leicht variieren) Diese Jeans von Jacob Cohen werden in Venetien im Nordosten Italiens [&#8230;]\n","protected":false},"featured_media":275556,"comment_status":"open","ping_status":"closed","template":"","meta":[],"product_cat":[1139,1405,1477,1517,1581,1643,1662],"product_tag":[],"acf":[],"yoast_head":"<!-- This site is optimized with the Yoast SEO plugin v22.3 - https:\/\/yoast.com\/wordpress\/plugins\/seo\/ -->\n<title>Jacob Cohen J620 (eduard) limited 3619 405D (37588) - Vousten Jeans<\/title>\n<meta name=\"robots\" content=\"index, follow, max-snippet:-1, max-image-preview:large, max-video-preview:-1\" \/>\n<link rel=\"canonical\" href=\"https:\/\/www.voustenjeans.com\/de\/jacob-cohen-j620-eduard-limited-3619-405d-37588-2\/\" \/>\n<meta property=\"og:locale\" content=\"de_DE\" \/>\n<meta property=\"og:type\" content=\"article\" \/>\n<meta property=\"og:title\" content=\"Jacob Cohen J620 (eduard) limited 3619 405D (37588) - Vousten Jeans\" \/>\n<meta property=\"og:description\" content=\"Hat eine normale Passform und f\u00e4llt normal aus. Ist eine exklusive Jeans Stretch-Jeans Standard-Taillenh\u00f6he Knopfverschluss Geeignet f\u00fcr straffe Beine Ausgestattet mit einem cognac\u00a0Patch Material: 92 % Baumwolle, 2 % Elasthan, 6 % Elastomultiester Fu\u00dfbreite: 20\u00a0cm Basisl\u00e4nge: 35 Zoll (kann je nach W\u00e4sche leicht variieren) Diese Jeans von Jacob Cohen werden in Venetien im Nordosten Italiens [...]\" \/>\n<meta property=\"og:url\" content=\"https:\/\/www.voustenjeans.com\/de\/jacob-cohen-j620-eduard-limited-3619-405d-37588-2\/\" \/>\n<meta property=\"og:site_name\" content=\"Vousten Jeans\" \/>\n<meta property=\"article:modified_time\" content=\"2026-01-02T23:20:05+00:00\" \/>\n<meta property=\"og:image\" content=\"https:\/\/www.voustenjeans.com\/wp-content\/uploads\/2023\/06\/image001-scaled-1.jpeg\" \/>\n\t<meta property=\"og:image:width\" content=\"795\" \/>\n\t<meta property=\"og:image:height\" content=\"2560\" \/>\n\t<meta property=\"og:image:type\" content=\"image\/jpeg\" \/>\n<meta name=\"twitter:card\" content=\"summary_large_image\" \/>\n<script type=\"application\/ld+json\" class=\"yoast-schema-graph\">{\"@context\":\"https:\/\/schema.org\",\"@graph\":[{\"@type\":\"WebPage\",\"@id\":\"https:\/\/www.voustenjeans.com\/de\/jacob-cohen-j620-eduard-limited-3619-405d-37588-2\/\",\"url\":\"https:\/\/www.voustenjeans.com\/de\/jacob-cohen-j620-eduard-limited-3619-405d-37588-2\/\",\"name\":\"Jacob Cohen J620 (eduard) limited 3619 405D (37588) - Vousten Jeans\",\"isPartOf\":{\"@id\":\"https:\/\/www.voustenjeans.com\/en\/#website\"},\"primaryImageOfPage\":{\"@id\":\"https:\/\/www.voustenjeans.com\/de\/jacob-cohen-j620-eduard-limited-3619-405d-37588-2\/#primaryimage\"},\"image\":{\"@id\":\"https:\/\/www.voustenjeans.com\/de\/jacob-cohen-j620-eduard-limited-3619-405d-37588-2\/#primaryimage\"},\"thumbnailUrl\":\"https:\/\/www.voustenjeans.com\/wp-content\/uploads\/2023\/06\/image001-scaled-1.jpeg\",\"datePublished\":\"2025-08-13T05:55:57+00:00\",\"dateModified\":\"2026-01-02T23:20:05+00:00\",\"breadcrumb\":{\"@id\":\"https:\/\/www.voustenjeans.com\/de\/jacob-cohen-j620-eduard-limited-3619-405d-37588-2\/#breadcrumb\"},\"inLanguage\":\"de-DE\",\"potentialAction\":[{\"@type\":\"ReadAction\",\"target\":[\"https:\/\/www.voustenjeans.com\/de\/jacob-cohen-j620-eduard-limited-3619-405d-37588-2\/\"]}]},{\"@type\":\"ImageObject\",\"inLanguage\":\"de-DE\",\"@id\":\"https:\/\/www.voustenjeans.com\/de\/jacob-cohen-j620-eduard-limited-3619-405d-37588-2\/#primaryimage\",\"url\":\"https:\/\/www.voustenjeans.com\/wp-content\/uploads\/2023\/06\/image001-scaled-1.jpeg\",\"contentUrl\":\"https:\/\/www.voustenjeans.com\/wp-content\/uploads\/2023\/06\/image001-scaled-1.jpeg\",\"width\":795,\"height\":2560},{\"@type\":\"BreadcrumbList\",\"@id\":\"https:\/\/www.voustenjeans.com\/de\/jacob-cohen-j620-eduard-limited-3619-405d-37588-2\/#breadcrumb\",\"itemListElement\":[{\"@type\":\"ListItem\",\"position\":1,\"name\":\"Home\",\"item\":\"https:\/\/www.voustenjeans.com\/de\/\"},{\"@type\":\"ListItem\",\"position\":2,\"name\":\"Shop\",\"item\":\"https:\/\/www.voustenjeans.com\/de\/shop\/\"},{\"@type\":\"ListItem\",\"position\":3,\"name\":\"Jacob Cohen J620 (eduard) limited 3619 405D (37588)\"}]},{\"@type\":\"WebSite\",\"@id\":\"https:\/\/www.voustenjeans.com\/en\/#website\",\"url\":\"https:\/\/www.voustenjeans.com\/en\/\",\"name\":\"Vousten Jeans\",\"description\":\"\",\"potentialAction\":[{\"@type\":\"SearchAction\",\"target\":{\"@type\":\"EntryPoint\",\"urlTemplate\":\"https:\/\/www.voustenjeans.com\/en\/?s={search_term_string}\"},\"query-input\":\"required name=search_term_string\"}],\"inLanguage\":\"de-DE\"}]}<\/script>\n<!-- \/ Yoast SEO plugin. -->","yoast_head_json":{"title":"Jacob Cohen J620 (eduard) limited 3619 405D (37588) - Vousten Jeans","robots":{"index":"index","follow":"follow","max-snippet":"max-snippet:-1","max-image-preview":"max-image-preview:large","max-video-preview":"max-video-preview:-1"},"canonical":"https:\/\/www.voustenjeans.com\/de\/jacob-cohen-j620-eduard-limited-3619-405d-37588-2\/","og_locale":"de_DE","og_type":"article","og_title":"Jacob Cohen J620 (eduard) limited 3619 405D (37588) - Vousten Jeans","og_description":"Hat eine normale Passform und f\u00e4llt normal aus. Ist eine exklusive Jeans Stretch-Jeans Standard-Taillenh\u00f6he Knopfverschluss Geeignet f\u00fcr straffe Beine Ausgestattet mit einem cognac\u00a0Patch Material: 92 % Baumwolle, 2 % Elasthan, 6 % Elastomultiester Fu\u00dfbreite: 20\u00a0cm Basisl\u00e4nge: 35 Zoll (kann je nach W\u00e4sche leicht variieren) Diese Jeans von Jacob Cohen werden in Venetien im Nordosten Italiens [...]","og_url":"https:\/\/www.voustenjeans.com\/de\/jacob-cohen-j620-eduard-limited-3619-405d-37588-2\/","og_site_name":"Vousten Jeans","article_modified_time":"2026-01-02T23:20:05+00:00","og_image":[{"width":795,"height":2560,"url":"https:\/\/www.voustenjeans.com\/wp-content\/uploads\/2023\/06\/image001-scaled-1.jpeg","type":"image\/jpeg"}],"twitter_card":"summary_large_image","schema":{"@context":"https:\/\/schema.org","@graph":[{"@type":"WebPage","@id":"https:\/\/www.voustenjeans.com\/de\/jacob-cohen-j620-eduard-limited-3619-405d-37588-2\/","url":"https:\/\/www.voustenjeans.com\/de\/jacob-cohen-j620-eduard-limited-3619-405d-37588-2\/","name":"Jacob Cohen J620 (eduard) limited 3619 405D (37588) - Vousten Jeans","isPartOf":{"@id":"https:\/\/www.voustenjeans.com\/en\/#website"},"primaryImageOfPage":{"@id":"https:\/\/www.voustenjeans.com\/de\/jacob-cohen-j620-eduard-limited-3619-405d-37588-2\/#primaryimage"},"image":{"@id":"https:\/\/www.voustenjeans.com\/de\/jacob-cohen-j620-eduard-limited-3619-405d-37588-2\/#primaryimage"},"thumbnailUrl":"https:\/\/www.voustenjeans.com\/wp-content\/uploads\/2023\/06\/image001-scaled-1.jpeg","datePublished":"2025-08-13T05:55:57+00:00","dateModified":"2026-01-02T23:20:05+00:00","breadcrumb":{"@id":"https:\/\/www.voustenjeans.com\/de\/jacob-cohen-j620-eduard-limited-3619-405d-37588-2\/#breadcrumb"},"inLanguage":"de-DE","potentialAction":[{"@type":"ReadAction","target":["https:\/\/www.voustenjeans.com\/de\/jacob-cohen-j620-eduard-limited-3619-405d-37588-2\/"]}]},{"@type":"ImageObject","inLanguage":"de-DE","@id":"https:\/\/www.voustenjeans.com\/de\/jacob-cohen-j620-eduard-limited-3619-405d-37588-2\/#primaryimage","url":"https:\/\/www.voustenjeans.com\/wp-content\/uploads\/2023\/06\/image001-scaled-1.jpeg","contentUrl":"https:\/\/www.voustenjeans.com\/wp-content\/uploads\/2023\/06\/image001-scaled-1.jpeg","width":795,"height":2560},{"@type":"BreadcrumbList","@id":"https:\/\/www.voustenjeans.com\/de\/jacob-cohen-j620-eduard-limited-3619-405d-37588-2\/#breadcrumb","itemListElement":[{"@type":"ListItem","position":1,"name":"Home","item":"https:\/\/www.voustenjeans.com\/de\/"},{"@type":"ListItem","position":2,"name":"Shop","item":"https:\/\/www.voustenjeans.com\/de\/shop\/"},{"@type":"ListItem","position":3,"name":"Jacob Cohen J620 (eduard) limited 3619 405D (37588)"}]},{"@type":"WebSite","@id":"https:\/\/www.voustenjeans.com\/en\/#website","url":"https:\/\/www.voustenjeans.com\/en\/","name":"Vousten Jeans","description":"","potentialAction":[{"@type":"SearchAction","target":{"@type":"EntryPoint","urlTemplate":"https:\/\/www.voustenjeans.com\/en\/?s={search_term_string}"},"query-input":"required name=search_term_string"}],"inLanguage":"de-DE"}]}},"_links":{"self":[{"href":"https:\/\/www.voustenjeans.com\/de\/wp-json\/wp\/v2\/product\/314385"}],"collection":[{"href":"https:\/\/www.voustenjeans.com\/de\/wp-json\/wp\/v2\/product"}],"about":[{"href":"https:\/\/www.voustenjeans.com\/de\/wp-json\/wp\/v2\/types\/product"}],"replies":[{"embeddable":true,"href":"https:\/\/www.voustenjeans.com\/de\/wp-json\/wp\/v2\/comments?post=314385"}],"wp:featuredmedia":[{"embeddable":true,"href":"https:\/\/www.voustenjeans.com\/de\/wp-json\/wp\/v2\/media\/275556"}],"wp:attachment":[{"href":"https:\/\/www.voustenjeans.com\/de\/wp-json\/wp\/v2\/media?parent=314385"}],"wp:term":[{"taxonomy":"product_cat","embeddable":true,"href":"https:\/\/www.voustenjeans.com\/de\/wp-json\/wp\/v2\/product_cat?post=314385"},{"taxonomy":"product_tag","embeddable":true,"href":"https:\/\/www.voustenjeans.com\/de\/wp-json\/wp\/v2\/product_tag?post=314385"}],"curies":[{"name":"wp","href":"https:\/\/api.w.org\/{rel}","templated":true}]}}