{"id":313924,"date":"2025-08-12T14:14:25","date_gmt":"2025-08-12T12:14:25","guid":{"rendered":"https:\/\/www.voustenjeans.com\/jacob-cohen-kaschmir-overshirt-dunkelbeige-41184\/"},"modified":"2026-01-03T07:42:11","modified_gmt":"2026-01-03T06:42:11","slug":"jacob-cohen-kaschmir-overshirt-dunkelbeige-41184","status":"publish","type":"product","link":"https:\/\/www.voustenjeans.com\/de\/jacob-cohen-kaschmir-overshirt-dunkelbeige-41184\/","title":{"rendered":"Jacob Coh\u00ebn &#8211; Kaschmir-Overshirt dunkelbeige (41184)"},"content":{"rendered":"<p>Dieses exklusive Overshirt von Jacob Coh\u00ebn besteht aus 89 % Wolle, 10 % Kaschmir und 1 % Seide. Das Overshirt hat zwei Brusttaschen und einen durchgehenden Knopfverschluss.<\/p>\n<p>Das Model ist 186 cm gro\u00df, wiegt 80 kg und tr\u00e4gt Gr\u00f6\u00dfe M.<\/p>\n<ul>\n<li>Die Passform ist regular fit.<\/li>\n<li>Overshirt mit geradem Saum<\/li>\n<li>Material: 89 % Wolle, 10 % Kaschmir und 1 % Seide<\/li>\n<li>Dunkelbeiger Doppelstoff aus Wolle, Kaschmir und Seide, innen hellbeige<\/li>\n<li>Braune Kn\u00f6pfe aus echtem Horn mit vier L\u00f6chern<\/li>\n<li>Taschen mit Patte<\/li>\n<li>Sechseckiger Aufn\u00e4her aus poliertem Leder mit gepr\u00e4gtem Logo und Kanten<\/li>\n<li>Artikelnummer: 809A RW D49<\/li>\n<\/ul>\n","protected":false},"excerpt":{"rendered":"<p>Dieses exklusive Overshirt von Jacob Coh\u00ebn besteht aus 89 % Wolle, 10 % Kaschmir und 1 % Seide. Das Overshirt hat zwei Brusttaschen und einen durchgehenden Knopfverschluss. Das Model ist 186 cm gro\u00df, wiegt 80 kg und tr\u00e4gt Gr\u00f6\u00dfe M. Die Passform ist regular fit. Overshirt mit geradem Saum Material: 89 % Wolle, 10 % [&#8230;]\n","protected":false},"featured_media":313856,"comment_status":"open","ping_status":"closed","template":"","meta":[],"product_cat":[1643,1693,1763,1139,1589,1629],"product_tag":[],"acf":[],"yoast_head":"<!-- This site is optimized with the Yoast SEO plugin v22.3 - https:\/\/yoast.com\/wordpress\/plugins\/seo\/ -->\n<title>Jacob Coh\u00ebn - Kaschmir-Overshirt dunkelbeige (41184) - Vousten Jeans<\/title>\n<meta name=\"robots\" content=\"index, follow, max-snippet:-1, max-image-preview:large, max-video-preview:-1\" \/>\n<link rel=\"canonical\" href=\"https:\/\/www.voustenjeans.com\/de\/jacob-cohen-kaschmir-overshirt-dunkelbeige-41184\/\" \/>\n<meta property=\"og:locale\" content=\"de_DE\" \/>\n<meta property=\"og:type\" content=\"article\" \/>\n<meta property=\"og:title\" content=\"Jacob Coh\u00ebn - Kaschmir-Overshirt dunkelbeige (41184) - Vousten Jeans\" \/>\n<meta property=\"og:description\" content=\"Dieses exklusive Overshirt von Jacob Coh\u00ebn besteht aus 89 % Wolle, 10 % Kaschmir und 1 % Seide. Das Overshirt hat zwei Brusttaschen und einen durchgehenden Knopfverschluss. Das Model ist 186 cm gro\u00df, wiegt 80 kg und tr\u00e4gt Gr\u00f6\u00dfe M. Die Passform ist regular fit. Overshirt mit geradem Saum Material: 89 % Wolle, 10 % [...]\" \/>\n<meta property=\"og:url\" content=\"https:\/\/www.voustenjeans.com\/de\/jacob-cohen-kaschmir-overshirt-dunkelbeige-41184\/\" \/>\n<meta property=\"og:site_name\" content=\"Vousten Jeans\" \/>\n<meta property=\"article:modified_time\" content=\"2026-01-03T06:42:11+00:00\" \/>\n<meta property=\"og:image\" content=\"https:\/\/www.voustenjeans.com\/wp-content\/uploads\/2023\/06\/vest-beige_Front.jpg\" \/>\n\t<meta property=\"og:image:width\" content=\"800\" \/>\n\t<meta property=\"og:image:height\" content=\"1020\" \/>\n\t<meta property=\"og:image:type\" content=\"image\/jpeg\" \/>\n<meta name=\"twitter:card\" content=\"summary_large_image\" \/>\n<script type=\"application\/ld+json\" class=\"yoast-schema-graph\">{\"@context\":\"https:\/\/schema.org\",\"@graph\":[{\"@type\":\"WebPage\",\"@id\":\"https:\/\/www.voustenjeans.com\/de\/jacob-cohen-kaschmir-overshirt-dunkelbeige-41184\/\",\"url\":\"https:\/\/www.voustenjeans.com\/de\/jacob-cohen-kaschmir-overshirt-dunkelbeige-41184\/\",\"name\":\"Jacob Coh\u00ebn - Kaschmir-Overshirt dunkelbeige (41184) - Vousten Jeans\",\"isPartOf\":{\"@id\":\"https:\/\/www.voustenjeans.com\/en\/#website\"},\"primaryImageOfPage\":{\"@id\":\"https:\/\/www.voustenjeans.com\/de\/jacob-cohen-kaschmir-overshirt-dunkelbeige-41184\/#primaryimage\"},\"image\":{\"@id\":\"https:\/\/www.voustenjeans.com\/de\/jacob-cohen-kaschmir-overshirt-dunkelbeige-41184\/#primaryimage\"},\"thumbnailUrl\":\"https:\/\/www.voustenjeans.com\/wp-content\/uploads\/2023\/06\/vest-beige_Front.jpg\",\"datePublished\":\"2025-08-12T12:14:25+00:00\",\"dateModified\":\"2026-01-03T06:42:11+00:00\",\"breadcrumb\":{\"@id\":\"https:\/\/www.voustenjeans.com\/de\/jacob-cohen-kaschmir-overshirt-dunkelbeige-41184\/#breadcrumb\"},\"inLanguage\":\"de-DE\",\"potentialAction\":[{\"@type\":\"ReadAction\",\"target\":[\"https:\/\/www.voustenjeans.com\/de\/jacob-cohen-kaschmir-overshirt-dunkelbeige-41184\/\"]}]},{\"@type\":\"ImageObject\",\"inLanguage\":\"de-DE\",\"@id\":\"https:\/\/www.voustenjeans.com\/de\/jacob-cohen-kaschmir-overshirt-dunkelbeige-41184\/#primaryimage\",\"url\":\"https:\/\/www.voustenjeans.com\/wp-content\/uploads\/2023\/06\/vest-beige_Front.jpg\",\"contentUrl\":\"https:\/\/www.voustenjeans.com\/wp-content\/uploads\/2023\/06\/vest-beige_Front.jpg\",\"width\":800,\"height\":1020},{\"@type\":\"BreadcrumbList\",\"@id\":\"https:\/\/www.voustenjeans.com\/de\/jacob-cohen-kaschmir-overshirt-dunkelbeige-41184\/#breadcrumb\",\"itemListElement\":[{\"@type\":\"ListItem\",\"position\":1,\"name\":\"Home\",\"item\":\"https:\/\/www.voustenjeans.com\/de\/\"},{\"@type\":\"ListItem\",\"position\":2,\"name\":\"Shop\",\"item\":\"https:\/\/www.voustenjeans.com\/de\/shop\/\"},{\"@type\":\"ListItem\",\"position\":3,\"name\":\"Jacob Coh\u00ebn &#8211; Kaschmir-Overshirt dunkelbeige (41184)\"}]},{\"@type\":\"WebSite\",\"@id\":\"https:\/\/www.voustenjeans.com\/en\/#website\",\"url\":\"https:\/\/www.voustenjeans.com\/en\/\",\"name\":\"Vousten Jeans\",\"description\":\"\",\"potentialAction\":[{\"@type\":\"SearchAction\",\"target\":{\"@type\":\"EntryPoint\",\"urlTemplate\":\"https:\/\/www.voustenjeans.com\/en\/?s={search_term_string}\"},\"query-input\":\"required name=search_term_string\"}],\"inLanguage\":\"de-DE\"}]}<\/script>\n<!-- \/ Yoast SEO plugin. -->","yoast_head_json":{"title":"Jacob Coh\u00ebn - Kaschmir-Overshirt dunkelbeige (41184) - Vousten Jeans","robots":{"index":"index","follow":"follow","max-snippet":"max-snippet:-1","max-image-preview":"max-image-preview:large","max-video-preview":"max-video-preview:-1"},"canonical":"https:\/\/www.voustenjeans.com\/de\/jacob-cohen-kaschmir-overshirt-dunkelbeige-41184\/","og_locale":"de_DE","og_type":"article","og_title":"Jacob Coh\u00ebn - Kaschmir-Overshirt dunkelbeige (41184) - Vousten Jeans","og_description":"Dieses exklusive Overshirt von Jacob Coh\u00ebn besteht aus 89 % Wolle, 10 % Kaschmir und 1 % Seide. Das Overshirt hat zwei Brusttaschen und einen durchgehenden Knopfverschluss. Das Model ist 186 cm gro\u00df, wiegt 80 kg und tr\u00e4gt Gr\u00f6\u00dfe M. Die Passform ist regular fit. Overshirt mit geradem Saum Material: 89 % Wolle, 10 % [...]","og_url":"https:\/\/www.voustenjeans.com\/de\/jacob-cohen-kaschmir-overshirt-dunkelbeige-41184\/","og_site_name":"Vousten Jeans","article_modified_time":"2026-01-03T06:42:11+00:00","og_image":[{"width":800,"height":1020,"url":"https:\/\/www.voustenjeans.com\/wp-content\/uploads\/2023\/06\/vest-beige_Front.jpg","type":"image\/jpeg"}],"twitter_card":"summary_large_image","schema":{"@context":"https:\/\/schema.org","@graph":[{"@type":"WebPage","@id":"https:\/\/www.voustenjeans.com\/de\/jacob-cohen-kaschmir-overshirt-dunkelbeige-41184\/","url":"https:\/\/www.voustenjeans.com\/de\/jacob-cohen-kaschmir-overshirt-dunkelbeige-41184\/","name":"Jacob Coh\u00ebn - Kaschmir-Overshirt dunkelbeige (41184) - Vousten Jeans","isPartOf":{"@id":"https:\/\/www.voustenjeans.com\/en\/#website"},"primaryImageOfPage":{"@id":"https:\/\/www.voustenjeans.com\/de\/jacob-cohen-kaschmir-overshirt-dunkelbeige-41184\/#primaryimage"},"image":{"@id":"https:\/\/www.voustenjeans.com\/de\/jacob-cohen-kaschmir-overshirt-dunkelbeige-41184\/#primaryimage"},"thumbnailUrl":"https:\/\/www.voustenjeans.com\/wp-content\/uploads\/2023\/06\/vest-beige_Front.jpg","datePublished":"2025-08-12T12:14:25+00:00","dateModified":"2026-01-03T06:42:11+00:00","breadcrumb":{"@id":"https:\/\/www.voustenjeans.com\/de\/jacob-cohen-kaschmir-overshirt-dunkelbeige-41184\/#breadcrumb"},"inLanguage":"de-DE","potentialAction":[{"@type":"ReadAction","target":["https:\/\/www.voustenjeans.com\/de\/jacob-cohen-kaschmir-overshirt-dunkelbeige-41184\/"]}]},{"@type":"ImageObject","inLanguage":"de-DE","@id":"https:\/\/www.voustenjeans.com\/de\/jacob-cohen-kaschmir-overshirt-dunkelbeige-41184\/#primaryimage","url":"https:\/\/www.voustenjeans.com\/wp-content\/uploads\/2023\/06\/vest-beige_Front.jpg","contentUrl":"https:\/\/www.voustenjeans.com\/wp-content\/uploads\/2023\/06\/vest-beige_Front.jpg","width":800,"height":1020},{"@type":"BreadcrumbList","@id":"https:\/\/www.voustenjeans.com\/de\/jacob-cohen-kaschmir-overshirt-dunkelbeige-41184\/#breadcrumb","itemListElement":[{"@type":"ListItem","position":1,"name":"Home","item":"https:\/\/www.voustenjeans.com\/de\/"},{"@type":"ListItem","position":2,"name":"Shop","item":"https:\/\/www.voustenjeans.com\/de\/shop\/"},{"@type":"ListItem","position":3,"name":"Jacob Coh\u00ebn &#8211; Kaschmir-Overshirt dunkelbeige (41184)"}]},{"@type":"WebSite","@id":"https:\/\/www.voustenjeans.com\/en\/#website","url":"https:\/\/www.voustenjeans.com\/en\/","name":"Vousten Jeans","description":"","potentialAction":[{"@type":"SearchAction","target":{"@type":"EntryPoint","urlTemplate":"https:\/\/www.voustenjeans.com\/en\/?s={search_term_string}"},"query-input":"required name=search_term_string"}],"inLanguage":"de-DE"}]}},"_links":{"self":[{"href":"https:\/\/www.voustenjeans.com\/de\/wp-json\/wp\/v2\/product\/313924"}],"collection":[{"href":"https:\/\/www.voustenjeans.com\/de\/wp-json\/wp\/v2\/product"}],"about":[{"href":"https:\/\/www.voustenjeans.com\/de\/wp-json\/wp\/v2\/types\/product"}],"replies":[{"embeddable":true,"href":"https:\/\/www.voustenjeans.com\/de\/wp-json\/wp\/v2\/comments?post=313924"}],"wp:featuredmedia":[{"embeddable":true,"href":"https:\/\/www.voustenjeans.com\/de\/wp-json\/wp\/v2\/media\/313856"}],"wp:attachment":[{"href":"https:\/\/www.voustenjeans.com\/de\/wp-json\/wp\/v2\/media?parent=313924"}],"wp:term":[{"taxonomy":"product_cat","embeddable":true,"href":"https:\/\/www.voustenjeans.com\/de\/wp-json\/wp\/v2\/product_cat?post=313924"},{"taxonomy":"product_tag","embeddable":true,"href":"https:\/\/www.voustenjeans.com\/de\/wp-json\/wp\/v2\/product_tag?post=313924"}],"curies":[{"name":"wp","href":"https:\/\/api.w.org\/{rel}","templated":true}]}}