{"id":313631,"date":"2025-08-11T14:53:43","date_gmt":"2025-08-11T12:53:43","guid":{"rendered":"https:\/\/www.voustenjeans.com\/jacob-cohen-knitwear-apres-ski-sweater-41181-2\/"},"modified":"2026-02-05T13:52:00","modified_gmt":"2026-02-05T12:52:00","slug":"jacob-cohen-knitwear-apres-ski-sweater-41181-2","status":"publish","type":"product","link":"https:\/\/www.voustenjeans.com\/de\/jacob-cohen-knitwear-apres-ski-sweater-41181-2\/","title":{"rendered":"Jacob Coh\u00ebn Knitwear Apr\u00e8s-Ski Sweater (41181)"},"content":{"rendered":"<div>\n<p>Dieser Pullover ist Teil der Apr\u00e8s-Ski-Kollektion. Diese Kollektion umfasst Artikel, die nicht nur das Apr\u00e8s-Ski-Thema verk\u00f6rpern, sondern dank der Verwendung von Materialien wie Kaschmir und Alpaka auch ideal f\u00fcr k\u00e4ltere Temperaturen sind.<\/p>\n<p>Ein bequemer Strickpullover mit normaler Passform.<br \/>\nDas Model ist 186 cm gro\u00df, wiegt 80 kg und tr\u00e4gt Gr\u00f6\u00dfe M.<\/p>\n<ul>\n<li>Material: 48 % Alpaka, 28 % Polyamid, 21 % Schurwolle, 3 % Elastan<\/li>\n<li>Mit gesticktem Jacob Cohen Apr\u00e8s-Ski-Logo<\/li>\n<li>Siehe auch die passende Jeans<\/li>\n<\/ul>\n<p>Dieser Jacob Cohen Pullover wird in Venetien im Nordosten Italiens handgefertigt.<\/p>\n<\/div>\n","protected":false},"excerpt":{"rendered":"<p>Dieser Pullover ist Teil der Apr\u00e8s-Ski-Kollektion. Diese Kollektion umfasst Artikel, die nicht nur das Apr\u00e8s-Ski-Thema verk\u00f6rpern, sondern dank der Verwendung von Materialien wie Kaschmir und Alpaka auch ideal f\u00fcr k\u00e4ltere Temperaturen sind. Ein bequemer Strickpullover mit normaler Passform. Das Model ist 186 cm gro\u00df, wiegt 80 kg und tr\u00e4gt Gr\u00f6\u00dfe M. Material: 48 % Alpaka, [&#8230;]\n","protected":false},"featured_media":313602,"comment_status":"open","ping_status":"closed","template":"","meta":[],"product_cat":[1643,1763,1768,1139,1573,1589],"product_tag":[],"acf":[],"yoast_head":"<!-- This site is optimized with the Yoast SEO plugin v22.3 - https:\/\/yoast.com\/wordpress\/plugins\/seo\/ -->\n<title>Jacob Coh\u00ebn Knitwear Apr\u00e8s-Ski Sweater (41181) - Vousten Jeans<\/title>\n<meta name=\"robots\" content=\"index, follow, max-snippet:-1, max-image-preview:large, max-video-preview:-1\" \/>\n<link rel=\"canonical\" href=\"https:\/\/www.voustenjeans.com\/de\/jacob-cohen-knitwear-apres-ski-sweater-41181-2\/\" \/>\n<meta property=\"og:locale\" content=\"de_DE\" \/>\n<meta property=\"og:type\" content=\"article\" \/>\n<meta property=\"og:title\" content=\"Jacob Coh\u00ebn Knitwear Apr\u00e8s-Ski Sweater (41181) - Vousten Jeans\" \/>\n<meta property=\"og:description\" content=\"Dieser Pullover ist Teil der Apr\u00e8s-Ski-Kollektion. Diese Kollektion umfasst Artikel, die nicht nur das Apr\u00e8s-Ski-Thema verk\u00f6rpern, sondern dank der Verwendung von Materialien wie Kaschmir und Alpaka auch ideal f\u00fcr k\u00e4ltere Temperaturen sind. Ein bequemer Strickpullover mit normaler Passform. Das Model ist 186 cm gro\u00df, wiegt 80 kg und tr\u00e4gt Gr\u00f6\u00dfe M. Material: 48 % Alpaka, [...]\" \/>\n<meta property=\"og:url\" content=\"https:\/\/www.voustenjeans.com\/de\/jacob-cohen-knitwear-apres-ski-sweater-41181-2\/\" \/>\n<meta property=\"og:site_name\" content=\"Vousten Jeans\" \/>\n<meta property=\"article:modified_time\" content=\"2026-02-05T12:52:00+00:00\" \/>\n<meta property=\"og:image\" content=\"https:\/\/www.voustenjeans.com\/wp-content\/uploads\/2023\/06\/trui_front.jpg\" \/>\n\t<meta property=\"og:image:width\" content=\"800\" \/>\n\t<meta property=\"og:image:height\" content=\"1134\" \/>\n\t<meta property=\"og:image:type\" content=\"image\/jpeg\" \/>\n<meta name=\"twitter:card\" content=\"summary_large_image\" \/>\n<script type=\"application\/ld+json\" class=\"yoast-schema-graph\">{\"@context\":\"https:\/\/schema.org\",\"@graph\":[{\"@type\":\"WebPage\",\"@id\":\"https:\/\/www.voustenjeans.com\/de\/jacob-cohen-knitwear-apres-ski-sweater-41181-2\/\",\"url\":\"https:\/\/www.voustenjeans.com\/de\/jacob-cohen-knitwear-apres-ski-sweater-41181-2\/\",\"name\":\"Jacob Coh\u00ebn Knitwear Apr\u00e8s-Ski Sweater (41181) - Vousten Jeans\",\"isPartOf\":{\"@id\":\"https:\/\/www.voustenjeans.com\/en\/#website\"},\"primaryImageOfPage\":{\"@id\":\"https:\/\/www.voustenjeans.com\/de\/jacob-cohen-knitwear-apres-ski-sweater-41181-2\/#primaryimage\"},\"image\":{\"@id\":\"https:\/\/www.voustenjeans.com\/de\/jacob-cohen-knitwear-apres-ski-sweater-41181-2\/#primaryimage\"},\"thumbnailUrl\":\"https:\/\/www.voustenjeans.com\/wp-content\/uploads\/2023\/06\/trui_front.jpg\",\"datePublished\":\"2025-08-11T12:53:43+00:00\",\"dateModified\":\"2026-02-05T12:52:00+00:00\",\"breadcrumb\":{\"@id\":\"https:\/\/www.voustenjeans.com\/de\/jacob-cohen-knitwear-apres-ski-sweater-41181-2\/#breadcrumb\"},\"inLanguage\":\"de-DE\",\"potentialAction\":[{\"@type\":\"ReadAction\",\"target\":[\"https:\/\/www.voustenjeans.com\/de\/jacob-cohen-knitwear-apres-ski-sweater-41181-2\/\"]}]},{\"@type\":\"ImageObject\",\"inLanguage\":\"de-DE\",\"@id\":\"https:\/\/www.voustenjeans.com\/de\/jacob-cohen-knitwear-apres-ski-sweater-41181-2\/#primaryimage\",\"url\":\"https:\/\/www.voustenjeans.com\/wp-content\/uploads\/2023\/06\/trui_front.jpg\",\"contentUrl\":\"https:\/\/www.voustenjeans.com\/wp-content\/uploads\/2023\/06\/trui_front.jpg\",\"width\":800,\"height\":1134},{\"@type\":\"BreadcrumbList\",\"@id\":\"https:\/\/www.voustenjeans.com\/de\/jacob-cohen-knitwear-apres-ski-sweater-41181-2\/#breadcrumb\",\"itemListElement\":[{\"@type\":\"ListItem\",\"position\":1,\"name\":\"Home\",\"item\":\"https:\/\/www.voustenjeans.com\/de\/\"},{\"@type\":\"ListItem\",\"position\":2,\"name\":\"Shop\",\"item\":\"https:\/\/www.voustenjeans.com\/de\/shop\/\"},{\"@type\":\"ListItem\",\"position\":3,\"name\":\"Jacob Coh\u00ebn Knitwear Apr\u00e8s-Ski Sweater (41181)\"}]},{\"@type\":\"WebSite\",\"@id\":\"https:\/\/www.voustenjeans.com\/en\/#website\",\"url\":\"https:\/\/www.voustenjeans.com\/en\/\",\"name\":\"Vousten Jeans\",\"description\":\"\",\"potentialAction\":[{\"@type\":\"SearchAction\",\"target\":{\"@type\":\"EntryPoint\",\"urlTemplate\":\"https:\/\/www.voustenjeans.com\/en\/?s={search_term_string}\"},\"query-input\":\"required name=search_term_string\"}],\"inLanguage\":\"de-DE\"}]}<\/script>\n<!-- \/ Yoast SEO plugin. -->","yoast_head_json":{"title":"Jacob Coh\u00ebn Knitwear Apr\u00e8s-Ski Sweater (41181) - Vousten Jeans","robots":{"index":"index","follow":"follow","max-snippet":"max-snippet:-1","max-image-preview":"max-image-preview:large","max-video-preview":"max-video-preview:-1"},"canonical":"https:\/\/www.voustenjeans.com\/de\/jacob-cohen-knitwear-apres-ski-sweater-41181-2\/","og_locale":"de_DE","og_type":"article","og_title":"Jacob Coh\u00ebn Knitwear Apr\u00e8s-Ski Sweater (41181) - Vousten Jeans","og_description":"Dieser Pullover ist Teil der Apr\u00e8s-Ski-Kollektion. Diese Kollektion umfasst Artikel, die nicht nur das Apr\u00e8s-Ski-Thema verk\u00f6rpern, sondern dank der Verwendung von Materialien wie Kaschmir und Alpaka auch ideal f\u00fcr k\u00e4ltere Temperaturen sind. Ein bequemer Strickpullover mit normaler Passform. Das Model ist 186 cm gro\u00df, wiegt 80 kg und tr\u00e4gt Gr\u00f6\u00dfe M. Material: 48 % Alpaka, [...]","og_url":"https:\/\/www.voustenjeans.com\/de\/jacob-cohen-knitwear-apres-ski-sweater-41181-2\/","og_site_name":"Vousten Jeans","article_modified_time":"2026-02-05T12:52:00+00:00","og_image":[{"width":800,"height":1134,"url":"https:\/\/www.voustenjeans.com\/wp-content\/uploads\/2023\/06\/trui_front.jpg","type":"image\/jpeg"}],"twitter_card":"summary_large_image","schema":{"@context":"https:\/\/schema.org","@graph":[{"@type":"WebPage","@id":"https:\/\/www.voustenjeans.com\/de\/jacob-cohen-knitwear-apres-ski-sweater-41181-2\/","url":"https:\/\/www.voustenjeans.com\/de\/jacob-cohen-knitwear-apres-ski-sweater-41181-2\/","name":"Jacob Coh\u00ebn Knitwear Apr\u00e8s-Ski Sweater (41181) - Vousten Jeans","isPartOf":{"@id":"https:\/\/www.voustenjeans.com\/en\/#website"},"primaryImageOfPage":{"@id":"https:\/\/www.voustenjeans.com\/de\/jacob-cohen-knitwear-apres-ski-sweater-41181-2\/#primaryimage"},"image":{"@id":"https:\/\/www.voustenjeans.com\/de\/jacob-cohen-knitwear-apres-ski-sweater-41181-2\/#primaryimage"},"thumbnailUrl":"https:\/\/www.voustenjeans.com\/wp-content\/uploads\/2023\/06\/trui_front.jpg","datePublished":"2025-08-11T12:53:43+00:00","dateModified":"2026-02-05T12:52:00+00:00","breadcrumb":{"@id":"https:\/\/www.voustenjeans.com\/de\/jacob-cohen-knitwear-apres-ski-sweater-41181-2\/#breadcrumb"},"inLanguage":"de-DE","potentialAction":[{"@type":"ReadAction","target":["https:\/\/www.voustenjeans.com\/de\/jacob-cohen-knitwear-apres-ski-sweater-41181-2\/"]}]},{"@type":"ImageObject","inLanguage":"de-DE","@id":"https:\/\/www.voustenjeans.com\/de\/jacob-cohen-knitwear-apres-ski-sweater-41181-2\/#primaryimage","url":"https:\/\/www.voustenjeans.com\/wp-content\/uploads\/2023\/06\/trui_front.jpg","contentUrl":"https:\/\/www.voustenjeans.com\/wp-content\/uploads\/2023\/06\/trui_front.jpg","width":800,"height":1134},{"@type":"BreadcrumbList","@id":"https:\/\/www.voustenjeans.com\/de\/jacob-cohen-knitwear-apres-ski-sweater-41181-2\/#breadcrumb","itemListElement":[{"@type":"ListItem","position":1,"name":"Home","item":"https:\/\/www.voustenjeans.com\/de\/"},{"@type":"ListItem","position":2,"name":"Shop","item":"https:\/\/www.voustenjeans.com\/de\/shop\/"},{"@type":"ListItem","position":3,"name":"Jacob Coh\u00ebn Knitwear Apr\u00e8s-Ski Sweater (41181)"}]},{"@type":"WebSite","@id":"https:\/\/www.voustenjeans.com\/en\/#website","url":"https:\/\/www.voustenjeans.com\/en\/","name":"Vousten Jeans","description":"","potentialAction":[{"@type":"SearchAction","target":{"@type":"EntryPoint","urlTemplate":"https:\/\/www.voustenjeans.com\/en\/?s={search_term_string}"},"query-input":"required name=search_term_string"}],"inLanguage":"de-DE"}]}},"_links":{"self":[{"href":"https:\/\/www.voustenjeans.com\/de\/wp-json\/wp\/v2\/product\/313631"}],"collection":[{"href":"https:\/\/www.voustenjeans.com\/de\/wp-json\/wp\/v2\/product"}],"about":[{"href":"https:\/\/www.voustenjeans.com\/de\/wp-json\/wp\/v2\/types\/product"}],"replies":[{"embeddable":true,"href":"https:\/\/www.voustenjeans.com\/de\/wp-json\/wp\/v2\/comments?post=313631"}],"wp:featuredmedia":[{"embeddable":true,"href":"https:\/\/www.voustenjeans.com\/de\/wp-json\/wp\/v2\/media\/313602"}],"wp:attachment":[{"href":"https:\/\/www.voustenjeans.com\/de\/wp-json\/wp\/v2\/media?parent=313631"}],"wp:term":[{"taxonomy":"product_cat","embeddable":true,"href":"https:\/\/www.voustenjeans.com\/de\/wp-json\/wp\/v2\/product_cat?post=313631"},{"taxonomy":"product_tag","embeddable":true,"href":"https:\/\/www.voustenjeans.com\/de\/wp-json\/wp\/v2\/product_tag?post=313631"}],"curies":[{"name":"wp","href":"https:\/\/api.w.org\/{rel}","templated":true}]}}