{"id":310819,"date":"2025-07-28T22:56:23","date_gmt":"2025-07-28T20:56:23","guid":{"rendered":"https:\/\/www.voustenjeans.com\/jacob-cohen-j688-bard-cord-3838-a81-41411\/"},"modified":"2026-04-01T08:02:05","modified_gmt":"2026-04-01T06:02:05","slug":"jacob-cohen-j688-bard-cord-3838-a81-41411","status":"publish","type":"product","link":"https:\/\/www.voustenjeans.com\/de\/jacob-cohen-j688-bard-cord-3838-a81-41411\/","title":{"rendered":"Jacob Coh\u00ebn J688 (Bard) Cord 3838 A81 (41411)"},"content":{"rendered":"<p>Diese moderne Cordhose hat eine schmale Passform mit etwas mehr Platz an den Oberschenkeln.<\/p>\n<p><strong>F\u00e4llt klein aus, w\u00e4hlen Sie eine Nummer gr\u00f6\u00dfer als normal!<\/strong><\/p>\n<ul>\n<li>Stretch-Cordhose<\/li>\n<li>H\u00f6here Taille<\/li>\n<li>Knopfverschluss<\/li>\n<li>Mit cremefarbenem Wildleder-Patch<\/li>\n<li>Material: 98 % Baumwolle, 2 % Elasthan<\/li>\n<li>Schrittl\u00e4nge: 18,5 cm<\/li>\n<li>L\u00e4nge: 89 cm (kann bei jeder W\u00e4sche leicht variieren)<\/li>\n<li>Diese Jacob Coh\u00ebn Hose wird in Venetien, Nordostitalien, handgefertigt.<\/li>\n<\/ul>\n<p>Ein passender Schal ist im Lieferumfang enthalten.<\/p>\n","protected":false},"excerpt":{"rendered":"<p>Diese moderne Cordhose hat eine schmale Passform mit etwas mehr Platz an den Oberschenkeln. F\u00e4llt klein aus, w\u00e4hlen Sie eine Nummer gr\u00f6\u00dfer als normal! Stretch-Cordhose H\u00f6here Taille Knopfverschluss Mit cremefarbenem Wildleder-Patch Material: 98 % Baumwolle, 2 % Elasthan Schrittl\u00e4nge: 18,5 cm L\u00e4nge: 89 cm (kann bei jeder W\u00e4sche leicht variieren) Diese Jacob Coh\u00ebn Hose wird [&#8230;]\n","protected":false},"featured_media":310806,"comment_status":"open","ping_status":"closed","template":"","meta":[],"product_cat":[1139,1429,1453,1581,1643,1651,1662],"product_tag":[],"acf":[],"yoast_head":"<!-- This site is optimized with the Yoast SEO plugin v22.3 - https:\/\/yoast.com\/wordpress\/plugins\/seo\/ -->\n<title>Jacob Coh\u00ebn J688 (Bard) Cord 3838 A81 (41411) - Vousten Jeans<\/title>\n<meta name=\"robots\" content=\"index, follow, max-snippet:-1, max-image-preview:large, max-video-preview:-1\" \/>\n<link rel=\"canonical\" href=\"https:\/\/www.voustenjeans.com\/de\/jacob-cohen-j688-bard-cord-3838-a81-41411\/\" \/>\n<meta property=\"og:locale\" content=\"de_DE\" \/>\n<meta property=\"og:type\" content=\"article\" \/>\n<meta property=\"og:title\" content=\"Jacob Coh\u00ebn J688 (Bard) Cord 3838 A81 (41411) - Vousten Jeans\" \/>\n<meta property=\"og:description\" content=\"Diese moderne Cordhose hat eine schmale Passform mit etwas mehr Platz an den Oberschenkeln. F\u00e4llt klein aus, w\u00e4hlen Sie eine Nummer gr\u00f6\u00dfer als normal! Stretch-Cordhose H\u00f6here Taille Knopfverschluss Mit cremefarbenem Wildleder-Patch Material: 98 % Baumwolle, 2 % Elasthan Schrittl\u00e4nge: 18,5 cm L\u00e4nge: 89 cm (kann bei jeder W\u00e4sche leicht variieren) Diese Jacob Coh\u00ebn Hose wird [...]\" \/>\n<meta property=\"og:url\" content=\"https:\/\/www.voustenjeans.com\/de\/jacob-cohen-j688-bard-cord-3838-a81-41411\/\" \/>\n<meta property=\"og:site_name\" content=\"Vousten Jeans\" \/>\n<meta property=\"article:modified_time\" content=\"2026-04-01T06:02:05+00:00\" \/>\n<meta property=\"og:image\" content=\"https:\/\/www.voustenjeans.com\/wp-content\/uploads\/2023\/06\/jacob_cohen_41411_off_white_front-2.jpg\" \/>\n\t<meta property=\"og:image:width\" content=\"728\" \/>\n\t<meta property=\"og:image:height\" content=\"2048\" \/>\n\t<meta property=\"og:image:type\" content=\"image\/jpeg\" \/>\n<meta name=\"twitter:card\" content=\"summary_large_image\" \/>\n<script type=\"application\/ld+json\" class=\"yoast-schema-graph\">{\"@context\":\"https:\/\/schema.org\",\"@graph\":[{\"@type\":\"WebPage\",\"@id\":\"https:\/\/www.voustenjeans.com\/de\/jacob-cohen-j688-bard-cord-3838-a81-41411\/\",\"url\":\"https:\/\/www.voustenjeans.com\/de\/jacob-cohen-j688-bard-cord-3838-a81-41411\/\",\"name\":\"Jacob Coh\u00ebn J688 (Bard) Cord 3838 A81 (41411) - Vousten Jeans\",\"isPartOf\":{\"@id\":\"https:\/\/www.voustenjeans.com\/en\/#website\"},\"primaryImageOfPage\":{\"@id\":\"https:\/\/www.voustenjeans.com\/de\/jacob-cohen-j688-bard-cord-3838-a81-41411\/#primaryimage\"},\"image\":{\"@id\":\"https:\/\/www.voustenjeans.com\/de\/jacob-cohen-j688-bard-cord-3838-a81-41411\/#primaryimage\"},\"thumbnailUrl\":\"https:\/\/www.voustenjeans.com\/wp-content\/uploads\/2023\/06\/jacob_cohen_41411_off_white_front-2.jpg\",\"datePublished\":\"2025-07-28T20:56:23+00:00\",\"dateModified\":\"2026-04-01T06:02:05+00:00\",\"breadcrumb\":{\"@id\":\"https:\/\/www.voustenjeans.com\/de\/jacob-cohen-j688-bard-cord-3838-a81-41411\/#breadcrumb\"},\"inLanguage\":\"de-DE\",\"potentialAction\":[{\"@type\":\"ReadAction\",\"target\":[\"https:\/\/www.voustenjeans.com\/de\/jacob-cohen-j688-bard-cord-3838-a81-41411\/\"]}]},{\"@type\":\"ImageObject\",\"inLanguage\":\"de-DE\",\"@id\":\"https:\/\/www.voustenjeans.com\/de\/jacob-cohen-j688-bard-cord-3838-a81-41411\/#primaryimage\",\"url\":\"https:\/\/www.voustenjeans.com\/wp-content\/uploads\/2023\/06\/jacob_cohen_41411_off_white_front-2.jpg\",\"contentUrl\":\"https:\/\/www.voustenjeans.com\/wp-content\/uploads\/2023\/06\/jacob_cohen_41411_off_white_front-2.jpg\",\"width\":728,\"height\":2048},{\"@type\":\"BreadcrumbList\",\"@id\":\"https:\/\/www.voustenjeans.com\/de\/jacob-cohen-j688-bard-cord-3838-a81-41411\/#breadcrumb\",\"itemListElement\":[{\"@type\":\"ListItem\",\"position\":1,\"name\":\"Home\",\"item\":\"https:\/\/www.voustenjeans.com\/de\/\"},{\"@type\":\"ListItem\",\"position\":2,\"name\":\"Shop\",\"item\":\"https:\/\/www.voustenjeans.com\/de\/shop\/\"},{\"@type\":\"ListItem\",\"position\":3,\"name\":\"Jacob Coh\u00ebn J688 (Bard) Cord 3838 A81 (41411)\"}]},{\"@type\":\"WebSite\",\"@id\":\"https:\/\/www.voustenjeans.com\/en\/#website\",\"url\":\"https:\/\/www.voustenjeans.com\/en\/\",\"name\":\"Vousten Jeans\",\"description\":\"\",\"potentialAction\":[{\"@type\":\"SearchAction\",\"target\":{\"@type\":\"EntryPoint\",\"urlTemplate\":\"https:\/\/www.voustenjeans.com\/en\/?s={search_term_string}\"},\"query-input\":\"required name=search_term_string\"}],\"inLanguage\":\"de-DE\"}]}<\/script>\n<!-- \/ Yoast SEO plugin. -->","yoast_head_json":{"title":"Jacob Coh\u00ebn J688 (Bard) Cord 3838 A81 (41411) - Vousten Jeans","robots":{"index":"index","follow":"follow","max-snippet":"max-snippet:-1","max-image-preview":"max-image-preview:large","max-video-preview":"max-video-preview:-1"},"canonical":"https:\/\/www.voustenjeans.com\/de\/jacob-cohen-j688-bard-cord-3838-a81-41411\/","og_locale":"de_DE","og_type":"article","og_title":"Jacob Coh\u00ebn J688 (Bard) Cord 3838 A81 (41411) - Vousten Jeans","og_description":"Diese moderne Cordhose hat eine schmale Passform mit etwas mehr Platz an den Oberschenkeln. F\u00e4llt klein aus, w\u00e4hlen Sie eine Nummer gr\u00f6\u00dfer als normal! Stretch-Cordhose H\u00f6here Taille Knopfverschluss Mit cremefarbenem Wildleder-Patch Material: 98 % Baumwolle, 2 % Elasthan Schrittl\u00e4nge: 18,5 cm L\u00e4nge: 89 cm (kann bei jeder W\u00e4sche leicht variieren) Diese Jacob Coh\u00ebn Hose wird [...]","og_url":"https:\/\/www.voustenjeans.com\/de\/jacob-cohen-j688-bard-cord-3838-a81-41411\/","og_site_name":"Vousten Jeans","article_modified_time":"2026-04-01T06:02:05+00:00","og_image":[{"width":728,"height":2048,"url":"https:\/\/www.voustenjeans.com\/wp-content\/uploads\/2023\/06\/jacob_cohen_41411_off_white_front-2.jpg","type":"image\/jpeg"}],"twitter_card":"summary_large_image","schema":{"@context":"https:\/\/schema.org","@graph":[{"@type":"WebPage","@id":"https:\/\/www.voustenjeans.com\/de\/jacob-cohen-j688-bard-cord-3838-a81-41411\/","url":"https:\/\/www.voustenjeans.com\/de\/jacob-cohen-j688-bard-cord-3838-a81-41411\/","name":"Jacob Coh\u00ebn J688 (Bard) Cord 3838 A81 (41411) - Vousten Jeans","isPartOf":{"@id":"https:\/\/www.voustenjeans.com\/en\/#website"},"primaryImageOfPage":{"@id":"https:\/\/www.voustenjeans.com\/de\/jacob-cohen-j688-bard-cord-3838-a81-41411\/#primaryimage"},"image":{"@id":"https:\/\/www.voustenjeans.com\/de\/jacob-cohen-j688-bard-cord-3838-a81-41411\/#primaryimage"},"thumbnailUrl":"https:\/\/www.voustenjeans.com\/wp-content\/uploads\/2023\/06\/jacob_cohen_41411_off_white_front-2.jpg","datePublished":"2025-07-28T20:56:23+00:00","dateModified":"2026-04-01T06:02:05+00:00","breadcrumb":{"@id":"https:\/\/www.voustenjeans.com\/de\/jacob-cohen-j688-bard-cord-3838-a81-41411\/#breadcrumb"},"inLanguage":"de-DE","potentialAction":[{"@type":"ReadAction","target":["https:\/\/www.voustenjeans.com\/de\/jacob-cohen-j688-bard-cord-3838-a81-41411\/"]}]},{"@type":"ImageObject","inLanguage":"de-DE","@id":"https:\/\/www.voustenjeans.com\/de\/jacob-cohen-j688-bard-cord-3838-a81-41411\/#primaryimage","url":"https:\/\/www.voustenjeans.com\/wp-content\/uploads\/2023\/06\/jacob_cohen_41411_off_white_front-2.jpg","contentUrl":"https:\/\/www.voustenjeans.com\/wp-content\/uploads\/2023\/06\/jacob_cohen_41411_off_white_front-2.jpg","width":728,"height":2048},{"@type":"BreadcrumbList","@id":"https:\/\/www.voustenjeans.com\/de\/jacob-cohen-j688-bard-cord-3838-a81-41411\/#breadcrumb","itemListElement":[{"@type":"ListItem","position":1,"name":"Home","item":"https:\/\/www.voustenjeans.com\/de\/"},{"@type":"ListItem","position":2,"name":"Shop","item":"https:\/\/www.voustenjeans.com\/de\/shop\/"},{"@type":"ListItem","position":3,"name":"Jacob Coh\u00ebn J688 (Bard) Cord 3838 A81 (41411)"}]},{"@type":"WebSite","@id":"https:\/\/www.voustenjeans.com\/en\/#website","url":"https:\/\/www.voustenjeans.com\/en\/","name":"Vousten Jeans","description":"","potentialAction":[{"@type":"SearchAction","target":{"@type":"EntryPoint","urlTemplate":"https:\/\/www.voustenjeans.com\/en\/?s={search_term_string}"},"query-input":"required name=search_term_string"}],"inLanguage":"de-DE"}]}},"_links":{"self":[{"href":"https:\/\/www.voustenjeans.com\/de\/wp-json\/wp\/v2\/product\/310819"}],"collection":[{"href":"https:\/\/www.voustenjeans.com\/de\/wp-json\/wp\/v2\/product"}],"about":[{"href":"https:\/\/www.voustenjeans.com\/de\/wp-json\/wp\/v2\/types\/product"}],"replies":[{"embeddable":true,"href":"https:\/\/www.voustenjeans.com\/de\/wp-json\/wp\/v2\/comments?post=310819"}],"wp:featuredmedia":[{"embeddable":true,"href":"https:\/\/www.voustenjeans.com\/de\/wp-json\/wp\/v2\/media\/310806"}],"wp:attachment":[{"href":"https:\/\/www.voustenjeans.com\/de\/wp-json\/wp\/v2\/media?parent=310819"}],"wp:term":[{"taxonomy":"product_cat","embeddable":true,"href":"https:\/\/www.voustenjeans.com\/de\/wp-json\/wp\/v2\/product_cat?post=310819"},{"taxonomy":"product_tag","embeddable":true,"href":"https:\/\/www.voustenjeans.com\/de\/wp-json\/wp\/v2\/product_tag?post=310819"}],"curies":[{"name":"wp","href":"https:\/\/api.w.org\/{rel}","templated":true}]}}