{"id":303414,"date":"2025-06-04T11:47:54","date_gmt":"2025-06-04T09:47:54","guid":{"rendered":"https:\/\/www.voustenjeans.com\/jacob-cohen-poloshirt-blau-38892\/"},"modified":"2026-02-21T01:36:04","modified_gmt":"2026-02-21T00:36:04","slug":"jacob-cohen-poloshirt-blau-38892","status":"publish","type":"product","link":"https:\/\/www.voustenjeans.com\/de\/jacob-cohen-poloshirt-blau-38892\/","title":{"rendered":"Jacob Cohen &#8211; Poloshirt blau (38892)"},"content":{"rendered":"<p>Mit den Poloshirts von Jacob Coh\u00ebn sorgen Sie im Sommer f\u00fcr einen stilvollen und eleganten Look. Dieses Poloshirt in Blau verf\u00fcgt \u00fcber einen klassischen Drei-Knopf-Verschluss mit Kragen und kurzen \u00c4rmeln. Die Schlitze im Saum verleihen diesem Shirt einen verspielten Charakter und sorgen f\u00fcr ein angenehmes Tragegef\u00fchl.<br \/>\nDie kleine Stickerei auf der linken Brust und der Kontrast am Kragen runden dieses Poloshirt ab und sorgen f\u00fcr eine dezente Erg\u00e4nzung zum ansonsten minimalistischen Stil.<\/p>\n<ul>\n<li>Baumwolle 96 %, Elastan 4 %<\/li>\n<li>Kurze \u00c4rmel<\/li>\n<li>Polokragen<\/li>\n<li>Gesticktes Logo auf der Brust<\/li>\n<li>Slim-Fit-Passform<\/li>\n<li>Passt normal<\/li>\n<\/ul>\n","protected":false},"excerpt":{"rendered":"<p>Mit den Poloshirts von Jacob Coh\u00ebn sorgen Sie im Sommer f\u00fcr einen stilvollen und eleganten Look. Dieses Poloshirt in Blau verf\u00fcgt \u00fcber einen klassischen Drei-Knopf-Verschluss mit Kragen und kurzen \u00c4rmeln. Die Schlitze im Saum verleihen diesem Shirt einen verspielten Charakter und sorgen f\u00fcr ein angenehmes Tragegef\u00fchl. Die kleine Stickerei auf der linken Brust und der [&#8230;]\n","protected":false},"featured_media":303392,"comment_status":"open","ping_status":"closed","template":"","meta":[],"product_cat":[1139,1252,1589,1621,1651],"product_tag":[],"acf":[],"yoast_head":"<!-- This site is optimized with the Yoast SEO plugin v22.3 - https:\/\/yoast.com\/wordpress\/plugins\/seo\/ -->\n<title>Jacob Cohen - Poloshirt blau (38892) - Vousten Jeans<\/title>\n<meta name=\"robots\" content=\"index, follow, max-snippet:-1, max-image-preview:large, max-video-preview:-1\" \/>\n<link rel=\"canonical\" href=\"https:\/\/www.voustenjeans.com\/de\/jacob-cohen-poloshirt-blau-38892\/\" \/>\n<meta property=\"og:locale\" content=\"de_DE\" \/>\n<meta property=\"og:type\" content=\"article\" \/>\n<meta property=\"og:title\" content=\"Jacob Cohen - Poloshirt blau (38892) - Vousten Jeans\" \/>\n<meta property=\"og:description\" content=\"Mit den Poloshirts von Jacob Coh\u00ebn sorgen Sie im Sommer f\u00fcr einen stilvollen und eleganten Look. Dieses Poloshirt in Blau verf\u00fcgt \u00fcber einen klassischen Drei-Knopf-Verschluss mit Kragen und kurzen \u00c4rmeln. Die Schlitze im Saum verleihen diesem Shirt einen verspielten Charakter und sorgen f\u00fcr ein angenehmes Tragegef\u00fchl. Die kleine Stickerei auf der linken Brust und der [...]\" \/>\n<meta property=\"og:url\" content=\"https:\/\/www.voustenjeans.com\/de\/jacob-cohen-poloshirt-blau-38892\/\" \/>\n<meta property=\"og:site_name\" content=\"Vousten Jeans\" \/>\n<meta property=\"article:modified_time\" content=\"2026-02-21T00:36:04+00:00\" \/>\n<meta property=\"og:image\" content=\"https:\/\/www.voustenjeans.com\/wp-content\/uploads\/2023\/06\/Jacob-Cohen-Polo-shirt-blauw-2464-X22-38892-1.jpg\" \/>\n\t<meta property=\"og:image:width\" content=\"1365\" \/>\n\t<meta property=\"og:image:height\" content=\"2048\" \/>\n\t<meta property=\"og:image:type\" content=\"image\/jpeg\" \/>\n<meta name=\"twitter:card\" content=\"summary_large_image\" \/>\n<script type=\"application\/ld+json\" class=\"yoast-schema-graph\">{\"@context\":\"https:\/\/schema.org\",\"@graph\":[{\"@type\":\"WebPage\",\"@id\":\"https:\/\/www.voustenjeans.com\/de\/jacob-cohen-poloshirt-blau-38892\/\",\"url\":\"https:\/\/www.voustenjeans.com\/de\/jacob-cohen-poloshirt-blau-38892\/\",\"name\":\"Jacob Cohen - Poloshirt blau (38892) - Vousten Jeans\",\"isPartOf\":{\"@id\":\"https:\/\/www.voustenjeans.com\/en\/#website\"},\"primaryImageOfPage\":{\"@id\":\"https:\/\/www.voustenjeans.com\/de\/jacob-cohen-poloshirt-blau-38892\/#primaryimage\"},\"image\":{\"@id\":\"https:\/\/www.voustenjeans.com\/de\/jacob-cohen-poloshirt-blau-38892\/#primaryimage\"},\"thumbnailUrl\":\"https:\/\/www.voustenjeans.com\/wp-content\/uploads\/2023\/06\/Jacob-Cohen-Polo-shirt-blauw-2464-X22-38892-1.jpg\",\"datePublished\":\"2025-06-04T09:47:54+00:00\",\"dateModified\":\"2026-02-21T00:36:04+00:00\",\"breadcrumb\":{\"@id\":\"https:\/\/www.voustenjeans.com\/de\/jacob-cohen-poloshirt-blau-38892\/#breadcrumb\"},\"inLanguage\":\"de-DE\",\"potentialAction\":[{\"@type\":\"ReadAction\",\"target\":[\"https:\/\/www.voustenjeans.com\/de\/jacob-cohen-poloshirt-blau-38892\/\"]}]},{\"@type\":\"ImageObject\",\"inLanguage\":\"de-DE\",\"@id\":\"https:\/\/www.voustenjeans.com\/de\/jacob-cohen-poloshirt-blau-38892\/#primaryimage\",\"url\":\"https:\/\/www.voustenjeans.com\/wp-content\/uploads\/2023\/06\/Jacob-Cohen-Polo-shirt-blauw-2464-X22-38892-1.jpg\",\"contentUrl\":\"https:\/\/www.voustenjeans.com\/wp-content\/uploads\/2023\/06\/Jacob-Cohen-Polo-shirt-blauw-2464-X22-38892-1.jpg\",\"width\":1365,\"height\":2048},{\"@type\":\"BreadcrumbList\",\"@id\":\"https:\/\/www.voustenjeans.com\/de\/jacob-cohen-poloshirt-blau-38892\/#breadcrumb\",\"itemListElement\":[{\"@type\":\"ListItem\",\"position\":1,\"name\":\"Home\",\"item\":\"https:\/\/www.voustenjeans.com\/de\/\"},{\"@type\":\"ListItem\",\"position\":2,\"name\":\"Shop\",\"item\":\"https:\/\/www.voustenjeans.com\/de\/shop\/\"},{\"@type\":\"ListItem\",\"position\":3,\"name\":\"Jacob Cohen &#8211; Poloshirt blau (38892)\"}]},{\"@type\":\"WebSite\",\"@id\":\"https:\/\/www.voustenjeans.com\/en\/#website\",\"url\":\"https:\/\/www.voustenjeans.com\/en\/\",\"name\":\"Vousten Jeans\",\"description\":\"\",\"potentialAction\":[{\"@type\":\"SearchAction\",\"target\":{\"@type\":\"EntryPoint\",\"urlTemplate\":\"https:\/\/www.voustenjeans.com\/en\/?s={search_term_string}\"},\"query-input\":\"required name=search_term_string\"}],\"inLanguage\":\"de-DE\"}]}<\/script>\n<!-- \/ Yoast SEO plugin. -->","yoast_head_json":{"title":"Jacob Cohen - Poloshirt blau (38892) - Vousten Jeans","robots":{"index":"index","follow":"follow","max-snippet":"max-snippet:-1","max-image-preview":"max-image-preview:large","max-video-preview":"max-video-preview:-1"},"canonical":"https:\/\/www.voustenjeans.com\/de\/jacob-cohen-poloshirt-blau-38892\/","og_locale":"de_DE","og_type":"article","og_title":"Jacob Cohen - Poloshirt blau (38892) - Vousten Jeans","og_description":"Mit den Poloshirts von Jacob Coh\u00ebn sorgen Sie im Sommer f\u00fcr einen stilvollen und eleganten Look. Dieses Poloshirt in Blau verf\u00fcgt \u00fcber einen klassischen Drei-Knopf-Verschluss mit Kragen und kurzen \u00c4rmeln. Die Schlitze im Saum verleihen diesem Shirt einen verspielten Charakter und sorgen f\u00fcr ein angenehmes Tragegef\u00fchl. Die kleine Stickerei auf der linken Brust und der [...]","og_url":"https:\/\/www.voustenjeans.com\/de\/jacob-cohen-poloshirt-blau-38892\/","og_site_name":"Vousten Jeans","article_modified_time":"2026-02-21T00:36:04+00:00","og_image":[{"width":1365,"height":2048,"url":"https:\/\/www.voustenjeans.com\/wp-content\/uploads\/2023\/06\/Jacob-Cohen-Polo-shirt-blauw-2464-X22-38892-1.jpg","type":"image\/jpeg"}],"twitter_card":"summary_large_image","schema":{"@context":"https:\/\/schema.org","@graph":[{"@type":"WebPage","@id":"https:\/\/www.voustenjeans.com\/de\/jacob-cohen-poloshirt-blau-38892\/","url":"https:\/\/www.voustenjeans.com\/de\/jacob-cohen-poloshirt-blau-38892\/","name":"Jacob Cohen - Poloshirt blau (38892) - Vousten Jeans","isPartOf":{"@id":"https:\/\/www.voustenjeans.com\/en\/#website"},"primaryImageOfPage":{"@id":"https:\/\/www.voustenjeans.com\/de\/jacob-cohen-poloshirt-blau-38892\/#primaryimage"},"image":{"@id":"https:\/\/www.voustenjeans.com\/de\/jacob-cohen-poloshirt-blau-38892\/#primaryimage"},"thumbnailUrl":"https:\/\/www.voustenjeans.com\/wp-content\/uploads\/2023\/06\/Jacob-Cohen-Polo-shirt-blauw-2464-X22-38892-1.jpg","datePublished":"2025-06-04T09:47:54+00:00","dateModified":"2026-02-21T00:36:04+00:00","breadcrumb":{"@id":"https:\/\/www.voustenjeans.com\/de\/jacob-cohen-poloshirt-blau-38892\/#breadcrumb"},"inLanguage":"de-DE","potentialAction":[{"@type":"ReadAction","target":["https:\/\/www.voustenjeans.com\/de\/jacob-cohen-poloshirt-blau-38892\/"]}]},{"@type":"ImageObject","inLanguage":"de-DE","@id":"https:\/\/www.voustenjeans.com\/de\/jacob-cohen-poloshirt-blau-38892\/#primaryimage","url":"https:\/\/www.voustenjeans.com\/wp-content\/uploads\/2023\/06\/Jacob-Cohen-Polo-shirt-blauw-2464-X22-38892-1.jpg","contentUrl":"https:\/\/www.voustenjeans.com\/wp-content\/uploads\/2023\/06\/Jacob-Cohen-Polo-shirt-blauw-2464-X22-38892-1.jpg","width":1365,"height":2048},{"@type":"BreadcrumbList","@id":"https:\/\/www.voustenjeans.com\/de\/jacob-cohen-poloshirt-blau-38892\/#breadcrumb","itemListElement":[{"@type":"ListItem","position":1,"name":"Home","item":"https:\/\/www.voustenjeans.com\/de\/"},{"@type":"ListItem","position":2,"name":"Shop","item":"https:\/\/www.voustenjeans.com\/de\/shop\/"},{"@type":"ListItem","position":3,"name":"Jacob Cohen &#8211; Poloshirt blau (38892)"}]},{"@type":"WebSite","@id":"https:\/\/www.voustenjeans.com\/en\/#website","url":"https:\/\/www.voustenjeans.com\/en\/","name":"Vousten Jeans","description":"","potentialAction":[{"@type":"SearchAction","target":{"@type":"EntryPoint","urlTemplate":"https:\/\/www.voustenjeans.com\/en\/?s={search_term_string}"},"query-input":"required name=search_term_string"}],"inLanguage":"de-DE"}]}},"_links":{"self":[{"href":"https:\/\/www.voustenjeans.com\/de\/wp-json\/wp\/v2\/product\/303414"}],"collection":[{"href":"https:\/\/www.voustenjeans.com\/de\/wp-json\/wp\/v2\/product"}],"about":[{"href":"https:\/\/www.voustenjeans.com\/de\/wp-json\/wp\/v2\/types\/product"}],"replies":[{"embeddable":true,"href":"https:\/\/www.voustenjeans.com\/de\/wp-json\/wp\/v2\/comments?post=303414"}],"wp:featuredmedia":[{"embeddable":true,"href":"https:\/\/www.voustenjeans.com\/de\/wp-json\/wp\/v2\/media\/303392"}],"wp:attachment":[{"href":"https:\/\/www.voustenjeans.com\/de\/wp-json\/wp\/v2\/media?parent=303414"}],"wp:term":[{"taxonomy":"product_cat","embeddable":true,"href":"https:\/\/www.voustenjeans.com\/de\/wp-json\/wp\/v2\/product_cat?post=303414"},{"taxonomy":"product_tag","embeddable":true,"href":"https:\/\/www.voustenjeans.com\/de\/wp-json\/wp\/v2\/product_tag?post=303414"}],"curies":[{"name":"wp","href":"https:\/\/api.w.org\/{rel}","templated":true}]}}