{"id":302739,"date":"2025-06-03T22:22:10","date_gmt":"2025-06-03T20:22:10","guid":{"rendered":"https:\/\/www.voustenjeans.com\/jacob-cohen-poloshirt-schwarz-e2464-c74-40412\/"},"modified":"2026-04-01T05:06:07","modified_gmt":"2026-04-01T03:06:07","slug":"jacob-cohen-poloshirt-schwarz-e2464-c74-40412","status":"publish","type":"product","link":"https:\/\/www.voustenjeans.com\/de\/jacob-cohen-poloshirt-schwarz-e2464-c74-40412\/","title":{"rendered":"Jacob Coh\u00ebn Poloshirt schwarz E2464 C74 (40412)"},"content":{"rendered":"<p>Mit den Poloshirts von Jacob Coh\u00ebn sorgen Sie im Sommer f\u00fcr einen stilvollen und eleganten Look. Dieses Poloshirt in Schwarz verf\u00fcgt \u00fcber einen klassischen Drei-Knopf-Verschluss mit Kragen und kurzen \u00c4rmeln. Die Schlitze im Saum verleihen diesem Shirt einen verspielten Charakter und sorgen f\u00fcr ein angenehmes Tragegef\u00fchl.<br \/>\nDie kleine Stickerei auf der linken Brust und der Kontrast am Kragen runden dieses Poloshirt ab und sorgen f\u00fcr eine dezente Erg\u00e4nzung zum ansonsten minimalistischen Stil.<\/p>\n<ul>\n<li>96 % Baumwolle, 4 % Elasthan\u00a0<\/li>\n<li>Kurze \u00c4rmel<\/li>\n<li>Polokragen<\/li>\n<li>Gesticktes Logo auf der Brust<\/li>\n<li>Slim-Fit-Passform<\/li>\n<li>Passt normal<\/li>\n<\/ul>\n<p>\u00a0<\/p>\n","protected":false},"excerpt":{"rendered":"<p>Mit den Poloshirts von Jacob Coh\u00ebn sorgen Sie im Sommer f\u00fcr einen stilvollen und eleganten Look. Dieses Poloshirt in Schwarz verf\u00fcgt \u00fcber einen klassischen Drei-Knopf-Verschluss mit Kragen und kurzen \u00c4rmeln. Die Schlitze im Saum verleihen diesem Shirt einen verspielten Charakter und sorgen f\u00fcr ein angenehmes Tragegef\u00fchl. Die kleine Stickerei auf der linken Brust und der [&#8230;]\n","protected":false},"featured_media":213602,"comment_status":"open","ping_status":"closed","template":"","meta":[],"product_cat":[1139,1589,1621,1643],"product_tag":[],"acf":[],"yoast_head":"<!-- This site is optimized with the Yoast SEO plugin v22.3 - https:\/\/yoast.com\/wordpress\/plugins\/seo\/ -->\n<title>Jacob Coh\u00ebn Poloshirt schwarz E2464 C74 (40412) - Vousten Jeans<\/title>\n<meta name=\"robots\" content=\"index, follow, max-snippet:-1, max-image-preview:large, max-video-preview:-1\" \/>\n<link rel=\"canonical\" href=\"https:\/\/www.voustenjeans.com\/de\/jacob-cohen-poloshirt-schwarz-e2464-c74-40412\/\" \/>\n<meta property=\"og:locale\" content=\"de_DE\" \/>\n<meta property=\"og:type\" content=\"article\" \/>\n<meta property=\"og:title\" content=\"Jacob Coh\u00ebn Poloshirt schwarz E2464 C74 (40412) - Vousten Jeans\" \/>\n<meta property=\"og:description\" content=\"Mit den Poloshirts von Jacob Coh\u00ebn sorgen Sie im Sommer f\u00fcr einen stilvollen und eleganten Look. Dieses Poloshirt in Schwarz verf\u00fcgt \u00fcber einen klassischen Drei-Knopf-Verschluss mit Kragen und kurzen \u00c4rmeln. Die Schlitze im Saum verleihen diesem Shirt einen verspielten Charakter und sorgen f\u00fcr ein angenehmes Tragegef\u00fchl. Die kleine Stickerei auf der linken Brust und der [...]\" \/>\n<meta property=\"og:url\" content=\"https:\/\/www.voustenjeans.com\/de\/jacob-cohen-poloshirt-schwarz-e2464-c74-40412\/\" \/>\n<meta property=\"og:site_name\" content=\"Vousten Jeans\" \/>\n<meta property=\"article:modified_time\" content=\"2026-04-01T03:06:07+00:00\" \/>\n<meta property=\"og:image\" content=\"https:\/\/www.voustenjeans.com\/wp-content\/uploads\/2023\/06\/ontwerp_zonder_titel_53-2.jpg\" \/>\n\t<meta property=\"og:image:width\" content=\"1365\" \/>\n\t<meta property=\"og:image:height\" content=\"2048\" \/>\n\t<meta property=\"og:image:type\" content=\"image\/jpeg\" \/>\n<meta name=\"twitter:card\" content=\"summary_large_image\" \/>\n<script type=\"application\/ld+json\" class=\"yoast-schema-graph\">{\"@context\":\"https:\/\/schema.org\",\"@graph\":[{\"@type\":\"WebPage\",\"@id\":\"https:\/\/www.voustenjeans.com\/de\/jacob-cohen-poloshirt-schwarz-e2464-c74-40412\/\",\"url\":\"https:\/\/www.voustenjeans.com\/de\/jacob-cohen-poloshirt-schwarz-e2464-c74-40412\/\",\"name\":\"Jacob Coh\u00ebn Poloshirt schwarz E2464 C74 (40412) - Vousten Jeans\",\"isPartOf\":{\"@id\":\"https:\/\/www.voustenjeans.com\/en\/#website\"},\"primaryImageOfPage\":{\"@id\":\"https:\/\/www.voustenjeans.com\/de\/jacob-cohen-poloshirt-schwarz-e2464-c74-40412\/#primaryimage\"},\"image\":{\"@id\":\"https:\/\/www.voustenjeans.com\/de\/jacob-cohen-poloshirt-schwarz-e2464-c74-40412\/#primaryimage\"},\"thumbnailUrl\":\"https:\/\/www.voustenjeans.com\/wp-content\/uploads\/2023\/06\/ontwerp_zonder_titel_53-2.jpg\",\"datePublished\":\"2025-06-03T20:22:10+00:00\",\"dateModified\":\"2026-04-01T03:06:07+00:00\",\"breadcrumb\":{\"@id\":\"https:\/\/www.voustenjeans.com\/de\/jacob-cohen-poloshirt-schwarz-e2464-c74-40412\/#breadcrumb\"},\"inLanguage\":\"de-DE\",\"potentialAction\":[{\"@type\":\"ReadAction\",\"target\":[\"https:\/\/www.voustenjeans.com\/de\/jacob-cohen-poloshirt-schwarz-e2464-c74-40412\/\"]}]},{\"@type\":\"ImageObject\",\"inLanguage\":\"de-DE\",\"@id\":\"https:\/\/www.voustenjeans.com\/de\/jacob-cohen-poloshirt-schwarz-e2464-c74-40412\/#primaryimage\",\"url\":\"https:\/\/www.voustenjeans.com\/wp-content\/uploads\/2023\/06\/ontwerp_zonder_titel_53-2.jpg\",\"contentUrl\":\"https:\/\/www.voustenjeans.com\/wp-content\/uploads\/2023\/06\/ontwerp_zonder_titel_53-2.jpg\",\"width\":1365,\"height\":2048},{\"@type\":\"BreadcrumbList\",\"@id\":\"https:\/\/www.voustenjeans.com\/de\/jacob-cohen-poloshirt-schwarz-e2464-c74-40412\/#breadcrumb\",\"itemListElement\":[{\"@type\":\"ListItem\",\"position\":1,\"name\":\"Home\",\"item\":\"https:\/\/www.voustenjeans.com\/de\/\"},{\"@type\":\"ListItem\",\"position\":2,\"name\":\"Shop\",\"item\":\"https:\/\/www.voustenjeans.com\/de\/shop\/\"},{\"@type\":\"ListItem\",\"position\":3,\"name\":\"Jacob Coh\u00ebn Poloshirt schwarz E2464 C74 (40412)\"}]},{\"@type\":\"WebSite\",\"@id\":\"https:\/\/www.voustenjeans.com\/en\/#website\",\"url\":\"https:\/\/www.voustenjeans.com\/en\/\",\"name\":\"Vousten Jeans\",\"description\":\"\",\"potentialAction\":[{\"@type\":\"SearchAction\",\"target\":{\"@type\":\"EntryPoint\",\"urlTemplate\":\"https:\/\/www.voustenjeans.com\/en\/?s={search_term_string}\"},\"query-input\":\"required name=search_term_string\"}],\"inLanguage\":\"de-DE\"}]}<\/script>\n<!-- \/ Yoast SEO plugin. -->","yoast_head_json":{"title":"Jacob Coh\u00ebn Poloshirt schwarz E2464 C74 (40412) - Vousten Jeans","robots":{"index":"index","follow":"follow","max-snippet":"max-snippet:-1","max-image-preview":"max-image-preview:large","max-video-preview":"max-video-preview:-1"},"canonical":"https:\/\/www.voustenjeans.com\/de\/jacob-cohen-poloshirt-schwarz-e2464-c74-40412\/","og_locale":"de_DE","og_type":"article","og_title":"Jacob Coh\u00ebn Poloshirt schwarz E2464 C74 (40412) - Vousten Jeans","og_description":"Mit den Poloshirts von Jacob Coh\u00ebn sorgen Sie im Sommer f\u00fcr einen stilvollen und eleganten Look. Dieses Poloshirt in Schwarz verf\u00fcgt \u00fcber einen klassischen Drei-Knopf-Verschluss mit Kragen und kurzen \u00c4rmeln. Die Schlitze im Saum verleihen diesem Shirt einen verspielten Charakter und sorgen f\u00fcr ein angenehmes Tragegef\u00fchl. Die kleine Stickerei auf der linken Brust und der [...]","og_url":"https:\/\/www.voustenjeans.com\/de\/jacob-cohen-poloshirt-schwarz-e2464-c74-40412\/","og_site_name":"Vousten Jeans","article_modified_time":"2026-04-01T03:06:07+00:00","og_image":[{"width":1365,"height":2048,"url":"https:\/\/www.voustenjeans.com\/wp-content\/uploads\/2023\/06\/ontwerp_zonder_titel_53-2.jpg","type":"image\/jpeg"}],"twitter_card":"summary_large_image","schema":{"@context":"https:\/\/schema.org","@graph":[{"@type":"WebPage","@id":"https:\/\/www.voustenjeans.com\/de\/jacob-cohen-poloshirt-schwarz-e2464-c74-40412\/","url":"https:\/\/www.voustenjeans.com\/de\/jacob-cohen-poloshirt-schwarz-e2464-c74-40412\/","name":"Jacob Coh\u00ebn Poloshirt schwarz E2464 C74 (40412) - Vousten Jeans","isPartOf":{"@id":"https:\/\/www.voustenjeans.com\/en\/#website"},"primaryImageOfPage":{"@id":"https:\/\/www.voustenjeans.com\/de\/jacob-cohen-poloshirt-schwarz-e2464-c74-40412\/#primaryimage"},"image":{"@id":"https:\/\/www.voustenjeans.com\/de\/jacob-cohen-poloshirt-schwarz-e2464-c74-40412\/#primaryimage"},"thumbnailUrl":"https:\/\/www.voustenjeans.com\/wp-content\/uploads\/2023\/06\/ontwerp_zonder_titel_53-2.jpg","datePublished":"2025-06-03T20:22:10+00:00","dateModified":"2026-04-01T03:06:07+00:00","breadcrumb":{"@id":"https:\/\/www.voustenjeans.com\/de\/jacob-cohen-poloshirt-schwarz-e2464-c74-40412\/#breadcrumb"},"inLanguage":"de-DE","potentialAction":[{"@type":"ReadAction","target":["https:\/\/www.voustenjeans.com\/de\/jacob-cohen-poloshirt-schwarz-e2464-c74-40412\/"]}]},{"@type":"ImageObject","inLanguage":"de-DE","@id":"https:\/\/www.voustenjeans.com\/de\/jacob-cohen-poloshirt-schwarz-e2464-c74-40412\/#primaryimage","url":"https:\/\/www.voustenjeans.com\/wp-content\/uploads\/2023\/06\/ontwerp_zonder_titel_53-2.jpg","contentUrl":"https:\/\/www.voustenjeans.com\/wp-content\/uploads\/2023\/06\/ontwerp_zonder_titel_53-2.jpg","width":1365,"height":2048},{"@type":"BreadcrumbList","@id":"https:\/\/www.voustenjeans.com\/de\/jacob-cohen-poloshirt-schwarz-e2464-c74-40412\/#breadcrumb","itemListElement":[{"@type":"ListItem","position":1,"name":"Home","item":"https:\/\/www.voustenjeans.com\/de\/"},{"@type":"ListItem","position":2,"name":"Shop","item":"https:\/\/www.voustenjeans.com\/de\/shop\/"},{"@type":"ListItem","position":3,"name":"Jacob Coh\u00ebn Poloshirt schwarz E2464 C74 (40412)"}]},{"@type":"WebSite","@id":"https:\/\/www.voustenjeans.com\/en\/#website","url":"https:\/\/www.voustenjeans.com\/en\/","name":"Vousten Jeans","description":"","potentialAction":[{"@type":"SearchAction","target":{"@type":"EntryPoint","urlTemplate":"https:\/\/www.voustenjeans.com\/en\/?s={search_term_string}"},"query-input":"required name=search_term_string"}],"inLanguage":"de-DE"}]}},"_links":{"self":[{"href":"https:\/\/www.voustenjeans.com\/de\/wp-json\/wp\/v2\/product\/302739"}],"collection":[{"href":"https:\/\/www.voustenjeans.com\/de\/wp-json\/wp\/v2\/product"}],"about":[{"href":"https:\/\/www.voustenjeans.com\/de\/wp-json\/wp\/v2\/types\/product"}],"replies":[{"embeddable":true,"href":"https:\/\/www.voustenjeans.com\/de\/wp-json\/wp\/v2\/comments?post=302739"}],"wp:featuredmedia":[{"embeddable":true,"href":"https:\/\/www.voustenjeans.com\/de\/wp-json\/wp\/v2\/media\/213602"}],"wp:attachment":[{"href":"https:\/\/www.voustenjeans.com\/de\/wp-json\/wp\/v2\/media?parent=302739"}],"wp:term":[{"taxonomy":"product_cat","embeddable":true,"href":"https:\/\/www.voustenjeans.com\/de\/wp-json\/wp\/v2\/product_cat?post=302739"},{"taxonomy":"product_tag","embeddable":true,"href":"https:\/\/www.voustenjeans.com\/de\/wp-json\/wp\/v2\/product_tag?post=302739"}],"curies":[{"name":"wp","href":"https:\/\/api.w.org\/{rel}","templated":true}]}}