{"id":302574,"date":"2025-06-03T22:16:00","date_gmt":"2025-06-03T20:16:00","guid":{"rendered":"https:\/\/www.voustenjeans.com\/jacob-cohen-j688-bard-resort-edition-3623-200d-40364-2\/"},"modified":"2026-02-05T13:49:51","modified_gmt":"2026-02-05T12:49:51","slug":"jacob-cohen-j688-bard-resort-edition-3623-200d-40364-2","status":"publish","type":"product","link":"https:\/\/www.voustenjeans.com\/de\/jacob-cohen-j688-bard-resort-edition-3623-200d-40364-2\/","title":{"rendered":"Jacob Coh\u00ebn J688 (Bard) Resort edition 3623 200D (40364)"},"content":{"rendered":"<p>Die Jacob Coh\u00ebn Resort-Kollektion ist von der raffinierten Eleganz und dem zeitlosen Luxus der Yachtclubs inspiriert: Orte, an denen Tradition, Raffinesse und eine tiefe Leidenschaft f\u00fcr das Meer zusammenkommen und eine einzigartige Atmosph\u00e4re schaffen. Jedes St\u00fcck der Kollektion wurde geschaffen, um den exklusiven Charme dieser privaten Enklaven einzufangen, in denen die Kunst des Segelns nahtlos mit tadellosem Stil verschmilzt.<br \/>\nDies sind moderne Jeans und haben eine schmale Passform mit etwas mehr Platz f\u00fcr die Oberschenkel.<br \/>\nDer Patch spricht f\u00fcr sich, aber auch die kleineren Details machen diese Jeans zu etwas Besonderem. Die N\u00e4hte an den Ges\u00e4\u00dftaschen sehen aus wie ein Segelseil und der Knopf ist aus gebleichtem Teakholz.<\/p>\n<ul>\n<li>Stretchjeans<\/li>\n<li>H\u00f6here Taille<\/li>\n<li>Knopfverschluss<\/li>\n<li>Ausgestattet mit einem beige\/blauen Ponyhaar-Resort-Patch mit Metalllogo<\/li>\n<li>Material: 92 % Baumwolle, 6 % Elastomultiester, 2 % Elasthan<\/li>\n<li>Fu\u00dfbreite: 18,5 cm<\/li>\n<li>Grundl\u00e4nge: 35 Zoll (kann je nach W\u00e4sche leicht variieren)<\/li>\n<li>Diese Jeans von Jacob Coh\u00ebn werden in Venetien im Nordosten Italiens handgefertigt<\/li>\n<\/ul>\n<p>Wird mit einem passenden Schal und zus\u00e4tzlichem Garn in der richtigen Farbe zum K\u00fcrzen geliefert.<\/p>\n<p>\u00a0<\/p>\n","protected":false},"excerpt":{"rendered":"<p>Die Jacob Coh\u00ebn Resort-Kollektion ist von der raffinierten Eleganz und dem zeitlosen Luxus der Yachtclubs inspiriert: Orte, an denen Tradition, Raffinesse und eine tiefe Leidenschaft f\u00fcr das Meer zusammenkommen und eine einzigartige Atmosph\u00e4re schaffen. Jedes St\u00fcck der Kollektion wurde geschaffen, um den exklusiven Charme dieser privaten Enklaven einzufangen, in denen die Kunst des Segelns nahtlos [&#8230;]\n","protected":false},"featured_media":220742,"comment_status":"open","ping_status":"closed","template":"","meta":[],"product_cat":[1581,1643,1651,1662,1139,1429,1477],"product_tag":[],"acf":[],"yoast_head":"<!-- This site is optimized with the Yoast SEO plugin v22.3 - https:\/\/yoast.com\/wordpress\/plugins\/seo\/ -->\n<title>Jacob Coh\u00ebn J688 (Bard) Resort edition 3623 200D (40364) - Vousten Jeans<\/title>\n<meta name=\"robots\" content=\"index, follow, max-snippet:-1, max-image-preview:large, max-video-preview:-1\" \/>\n<link rel=\"canonical\" href=\"https:\/\/www.voustenjeans.com\/de\/jacob-cohen-j688-bard-resort-edition-3623-200d-40364-2\/\" \/>\n<meta property=\"og:locale\" content=\"de_DE\" \/>\n<meta property=\"og:type\" content=\"article\" \/>\n<meta property=\"og:title\" content=\"Jacob Coh\u00ebn J688 (Bard) Resort edition 3623 200D (40364) - Vousten Jeans\" \/>\n<meta property=\"og:description\" content=\"Die Jacob Coh\u00ebn Resort-Kollektion ist von der raffinierten Eleganz und dem zeitlosen Luxus der Yachtclubs inspiriert: Orte, an denen Tradition, Raffinesse und eine tiefe Leidenschaft f\u00fcr das Meer zusammenkommen und eine einzigartige Atmosph\u00e4re schaffen. Jedes St\u00fcck der Kollektion wurde geschaffen, um den exklusiven Charme dieser privaten Enklaven einzufangen, in denen die Kunst des Segelns nahtlos [...]\" \/>\n<meta property=\"og:url\" content=\"https:\/\/www.voustenjeans.com\/de\/jacob-cohen-j688-bard-resort-edition-3623-200d-40364-2\/\" \/>\n<meta property=\"og:site_name\" content=\"Vousten Jeans\" \/>\n<meta property=\"article:modified_time\" content=\"2026-02-05T12:49:51+00:00\" \/>\n<meta property=\"og:image\" content=\"https:\/\/www.voustenjeans.com\/wp-content\/uploads\/2023\/06\/jacob_cohen_j622_nick_slim_resort_edition_3623_200d_403661_0.jpg\" \/>\n\t<meta property=\"og:image:width\" content=\"800\" \/>\n\t<meta property=\"og:image:height\" content=\"2250\" \/>\n\t<meta property=\"og:image:type\" content=\"image\/jpeg\" \/>\n<meta name=\"twitter:card\" content=\"summary_large_image\" \/>\n<meta name=\"twitter:label1\" content=\"Est. reading time\" \/>\n\t<meta name=\"twitter:data1\" content=\"1 Minute\" \/>\n<script type=\"application\/ld+json\" class=\"yoast-schema-graph\">{\"@context\":\"https:\/\/schema.org\",\"@graph\":[{\"@type\":\"WebPage\",\"@id\":\"https:\/\/www.voustenjeans.com\/de\/jacob-cohen-j688-bard-resort-edition-3623-200d-40364-2\/\",\"url\":\"https:\/\/www.voustenjeans.com\/de\/jacob-cohen-j688-bard-resort-edition-3623-200d-40364-2\/\",\"name\":\"Jacob Coh\u00ebn J688 (Bard) Resort edition 3623 200D (40364) - Vousten Jeans\",\"isPartOf\":{\"@id\":\"https:\/\/www.voustenjeans.com\/en\/#website\"},\"primaryImageOfPage\":{\"@id\":\"https:\/\/www.voustenjeans.com\/de\/jacob-cohen-j688-bard-resort-edition-3623-200d-40364-2\/#primaryimage\"},\"image\":{\"@id\":\"https:\/\/www.voustenjeans.com\/de\/jacob-cohen-j688-bard-resort-edition-3623-200d-40364-2\/#primaryimage\"},\"thumbnailUrl\":\"https:\/\/www.voustenjeans.com\/wp-content\/uploads\/2023\/06\/jacob_cohen_j622_nick_slim_resort_edition_3623_200d_403661_0.jpg\",\"datePublished\":\"2025-06-03T20:16:00+00:00\",\"dateModified\":\"2026-02-05T12:49:51+00:00\",\"breadcrumb\":{\"@id\":\"https:\/\/www.voustenjeans.com\/de\/jacob-cohen-j688-bard-resort-edition-3623-200d-40364-2\/#breadcrumb\"},\"inLanguage\":\"de-DE\",\"potentialAction\":[{\"@type\":\"ReadAction\",\"target\":[\"https:\/\/www.voustenjeans.com\/de\/jacob-cohen-j688-bard-resort-edition-3623-200d-40364-2\/\"]}]},{\"@type\":\"ImageObject\",\"inLanguage\":\"de-DE\",\"@id\":\"https:\/\/www.voustenjeans.com\/de\/jacob-cohen-j688-bard-resort-edition-3623-200d-40364-2\/#primaryimage\",\"url\":\"https:\/\/www.voustenjeans.com\/wp-content\/uploads\/2023\/06\/jacob_cohen_j622_nick_slim_resort_edition_3623_200d_403661_0.jpg\",\"contentUrl\":\"https:\/\/www.voustenjeans.com\/wp-content\/uploads\/2023\/06\/jacob_cohen_j622_nick_slim_resort_edition_3623_200d_403661_0.jpg\",\"width\":800,\"height\":2250},{\"@type\":\"BreadcrumbList\",\"@id\":\"https:\/\/www.voustenjeans.com\/de\/jacob-cohen-j688-bard-resort-edition-3623-200d-40364-2\/#breadcrumb\",\"itemListElement\":[{\"@type\":\"ListItem\",\"position\":1,\"name\":\"Home\",\"item\":\"https:\/\/www.voustenjeans.com\/de\/\"},{\"@type\":\"ListItem\",\"position\":2,\"name\":\"Shop\",\"item\":\"https:\/\/www.voustenjeans.com\/de\/shop\/\"},{\"@type\":\"ListItem\",\"position\":3,\"name\":\"Jacob Coh\u00ebn J688 (Bard) Resort edition 3623 200D (40364)\"}]},{\"@type\":\"WebSite\",\"@id\":\"https:\/\/www.voustenjeans.com\/en\/#website\",\"url\":\"https:\/\/www.voustenjeans.com\/en\/\",\"name\":\"Vousten Jeans\",\"description\":\"\",\"potentialAction\":[{\"@type\":\"SearchAction\",\"target\":{\"@type\":\"EntryPoint\",\"urlTemplate\":\"https:\/\/www.voustenjeans.com\/en\/?s={search_term_string}\"},\"query-input\":\"required name=search_term_string\"}],\"inLanguage\":\"de-DE\"}]}<\/script>\n<!-- \/ Yoast SEO plugin. -->","yoast_head_json":{"title":"Jacob Coh\u00ebn J688 (Bard) Resort edition 3623 200D (40364) - Vousten Jeans","robots":{"index":"index","follow":"follow","max-snippet":"max-snippet:-1","max-image-preview":"max-image-preview:large","max-video-preview":"max-video-preview:-1"},"canonical":"https:\/\/www.voustenjeans.com\/de\/jacob-cohen-j688-bard-resort-edition-3623-200d-40364-2\/","og_locale":"de_DE","og_type":"article","og_title":"Jacob Coh\u00ebn J688 (Bard) Resort edition 3623 200D (40364) - Vousten Jeans","og_description":"Die Jacob Coh\u00ebn Resort-Kollektion ist von der raffinierten Eleganz und dem zeitlosen Luxus der Yachtclubs inspiriert: Orte, an denen Tradition, Raffinesse und eine tiefe Leidenschaft f\u00fcr das Meer zusammenkommen und eine einzigartige Atmosph\u00e4re schaffen. Jedes St\u00fcck der Kollektion wurde geschaffen, um den exklusiven Charme dieser privaten Enklaven einzufangen, in denen die Kunst des Segelns nahtlos [...]","og_url":"https:\/\/www.voustenjeans.com\/de\/jacob-cohen-j688-bard-resort-edition-3623-200d-40364-2\/","og_site_name":"Vousten Jeans","article_modified_time":"2026-02-05T12:49:51+00:00","og_image":[{"width":800,"height":2250,"url":"https:\/\/www.voustenjeans.com\/wp-content\/uploads\/2023\/06\/jacob_cohen_j622_nick_slim_resort_edition_3623_200d_403661_0.jpg","type":"image\/jpeg"}],"twitter_card":"summary_large_image","twitter_misc":{"Est. reading time":"1 Minute"},"schema":{"@context":"https:\/\/schema.org","@graph":[{"@type":"WebPage","@id":"https:\/\/www.voustenjeans.com\/de\/jacob-cohen-j688-bard-resort-edition-3623-200d-40364-2\/","url":"https:\/\/www.voustenjeans.com\/de\/jacob-cohen-j688-bard-resort-edition-3623-200d-40364-2\/","name":"Jacob Coh\u00ebn J688 (Bard) Resort edition 3623 200D (40364) - Vousten Jeans","isPartOf":{"@id":"https:\/\/www.voustenjeans.com\/en\/#website"},"primaryImageOfPage":{"@id":"https:\/\/www.voustenjeans.com\/de\/jacob-cohen-j688-bard-resort-edition-3623-200d-40364-2\/#primaryimage"},"image":{"@id":"https:\/\/www.voustenjeans.com\/de\/jacob-cohen-j688-bard-resort-edition-3623-200d-40364-2\/#primaryimage"},"thumbnailUrl":"https:\/\/www.voustenjeans.com\/wp-content\/uploads\/2023\/06\/jacob_cohen_j622_nick_slim_resort_edition_3623_200d_403661_0.jpg","datePublished":"2025-06-03T20:16:00+00:00","dateModified":"2026-02-05T12:49:51+00:00","breadcrumb":{"@id":"https:\/\/www.voustenjeans.com\/de\/jacob-cohen-j688-bard-resort-edition-3623-200d-40364-2\/#breadcrumb"},"inLanguage":"de-DE","potentialAction":[{"@type":"ReadAction","target":["https:\/\/www.voustenjeans.com\/de\/jacob-cohen-j688-bard-resort-edition-3623-200d-40364-2\/"]}]},{"@type":"ImageObject","inLanguage":"de-DE","@id":"https:\/\/www.voustenjeans.com\/de\/jacob-cohen-j688-bard-resort-edition-3623-200d-40364-2\/#primaryimage","url":"https:\/\/www.voustenjeans.com\/wp-content\/uploads\/2023\/06\/jacob_cohen_j622_nick_slim_resort_edition_3623_200d_403661_0.jpg","contentUrl":"https:\/\/www.voustenjeans.com\/wp-content\/uploads\/2023\/06\/jacob_cohen_j622_nick_slim_resort_edition_3623_200d_403661_0.jpg","width":800,"height":2250},{"@type":"BreadcrumbList","@id":"https:\/\/www.voustenjeans.com\/de\/jacob-cohen-j688-bard-resort-edition-3623-200d-40364-2\/#breadcrumb","itemListElement":[{"@type":"ListItem","position":1,"name":"Home","item":"https:\/\/www.voustenjeans.com\/de\/"},{"@type":"ListItem","position":2,"name":"Shop","item":"https:\/\/www.voustenjeans.com\/de\/shop\/"},{"@type":"ListItem","position":3,"name":"Jacob Coh\u00ebn J688 (Bard) Resort edition 3623 200D (40364)"}]},{"@type":"WebSite","@id":"https:\/\/www.voustenjeans.com\/en\/#website","url":"https:\/\/www.voustenjeans.com\/en\/","name":"Vousten Jeans","description":"","potentialAction":[{"@type":"SearchAction","target":{"@type":"EntryPoint","urlTemplate":"https:\/\/www.voustenjeans.com\/en\/?s={search_term_string}"},"query-input":"required name=search_term_string"}],"inLanguage":"de-DE"}]}},"_links":{"self":[{"href":"https:\/\/www.voustenjeans.com\/de\/wp-json\/wp\/v2\/product\/302574"}],"collection":[{"href":"https:\/\/www.voustenjeans.com\/de\/wp-json\/wp\/v2\/product"}],"about":[{"href":"https:\/\/www.voustenjeans.com\/de\/wp-json\/wp\/v2\/types\/product"}],"replies":[{"embeddable":true,"href":"https:\/\/www.voustenjeans.com\/de\/wp-json\/wp\/v2\/comments?post=302574"}],"wp:featuredmedia":[{"embeddable":true,"href":"https:\/\/www.voustenjeans.com\/de\/wp-json\/wp\/v2\/media\/220742"}],"wp:attachment":[{"href":"https:\/\/www.voustenjeans.com\/de\/wp-json\/wp\/v2\/media?parent=302574"}],"wp:term":[{"taxonomy":"product_cat","embeddable":true,"href":"https:\/\/www.voustenjeans.com\/de\/wp-json\/wp\/v2\/product_cat?post=302574"},{"taxonomy":"product_tag","embeddable":true,"href":"https:\/\/www.voustenjeans.com\/de\/wp-json\/wp\/v2\/product_tag?post=302574"}],"curies":[{"name":"wp","href":"https:\/\/api.w.org\/{rel}","templated":true}]}}