{"id":302566,"date":"2025-06-03T22:15:41","date_gmt":"2025-06-03T20:15:41","guid":{"rendered":"https:\/\/www.voustenjeans.com\/jacob-cohen-j622-nick-slim-golf-edition-3623-300d-40363-2\/"},"modified":"2026-04-01T04:18:09","modified_gmt":"2026-04-01T02:18:09","slug":"jacob-cohen-j622-nick-slim-golf-edition-3623-300d-40363-2","status":"publish","type":"product","link":"https:\/\/www.voustenjeans.com\/de\/jacob-cohen-j622-nick-slim-golf-edition-3623-300d-40363-2\/","title":{"rendered":"Jacob Coh\u00ebn J622 (Nick Slim) Golf edition 3623 300D (40363)"},"content":{"rendered":"<p><strong>Golfbegeisterte aufgepasst!<\/strong> Jacob Coh\u00ebn w\u00fcrdigt in dieser Saison den Golfsport. Leichte Jeans mit verschiedenen Details, die an Golf erinnern. Das Thema spiegelt sich im Aufn\u00e4her, Knopf, Minitasche und Schal wider. Dar\u00fcber hinaus hat die Hose sch\u00f6ne Kontrastn\u00e4hte.<br \/>\nIst eine moderne Jeans und hat eine schmale Passform.\u00a0<\/p>\n<ul>\n<li>Stretchjeans<\/li>\n<li>Normale Taillenh\u00f6he<\/li>\n<li>Knopfverschluss. Im vorderen Knopf ist ein Golfball eingearbeitet<\/li>\n<li>Ausgestattet mit einem braunen Ponyhaaraufn\u00e4her mit Wellenlogo\u00a0\u00a0<\/li>\n<li>Material: 92 % Baumwolle, 6 % Elastomultiester, 2 % Elasthan<\/li>\n<li>Fu\u00dfbreite: 18 cm<\/li>\n<li>Grundl\u00e4nge: 35 Zoll (kann je nach W\u00e4sche leicht variieren)<\/li>\n<li>Diese Jeans von Jacob Coh\u00ebn werden in Venetien im Nordosten Italiens handgefertigt<\/li>\n<\/ul>\n<p>Wird mit einem passenden Schal und zus\u00e4tzlichem Garn in der richtigen Farbe zum K\u00fcrzen geliefert.<\/p>\n<p>\u00a0<\/p>\n","protected":false},"excerpt":{"rendered":"<p>Golfbegeisterte aufgepasst! Jacob Coh\u00ebn w\u00fcrdigt in dieser Saison den Golfsport. Leichte Jeans mit verschiedenen Details, die an Golf erinnern. Das Thema spiegelt sich im Aufn\u00e4her, Knopf, Minitasche und Schal wider. Dar\u00fcber hinaus hat die Hose sch\u00f6ne Kontrastn\u00e4hte. Ist eine moderne Jeans und hat eine schmale Passform.\u00a0 Stretchjeans Normale Taillenh\u00f6he Knopfverschluss. Im vorderen Knopf ist ein [&#8230;]\n","protected":false},"featured_media":220230,"comment_status":"open","ping_status":"closed","template":"","meta":[],"product_cat":[1139,1421,1477,1581,1643,1651,1662],"product_tag":[],"acf":[],"yoast_head":"<!-- This site is optimized with the Yoast SEO plugin v22.3 - https:\/\/yoast.com\/wordpress\/plugins\/seo\/ -->\n<title>Jacob Coh\u00ebn J622 (Nick Slim) Golf edition 3623 300D (40363) - Vousten Jeans<\/title>\n<meta name=\"robots\" content=\"index, follow, max-snippet:-1, max-image-preview:large, max-video-preview:-1\" \/>\n<link rel=\"canonical\" href=\"https:\/\/www.voustenjeans.com\/de\/jacob-cohen-j622-nick-slim-golf-edition-3623-300d-40363-2\/\" \/>\n<meta property=\"og:locale\" content=\"de_DE\" \/>\n<meta property=\"og:type\" content=\"article\" \/>\n<meta property=\"og:title\" content=\"Jacob Coh\u00ebn J622 (Nick Slim) Golf edition 3623 300D (40363) - Vousten Jeans\" \/>\n<meta property=\"og:description\" content=\"Golfbegeisterte aufgepasst! Jacob Coh\u00ebn w\u00fcrdigt in dieser Saison den Golfsport. Leichte Jeans mit verschiedenen Details, die an Golf erinnern. Das Thema spiegelt sich im Aufn\u00e4her, Knopf, Minitasche und Schal wider. Dar\u00fcber hinaus hat die Hose sch\u00f6ne Kontrastn\u00e4hte. Ist eine moderne Jeans und hat eine schmale Passform.\u00a0 Stretchjeans Normale Taillenh\u00f6he Knopfverschluss. Im vorderen Knopf ist ein [...]\" \/>\n<meta property=\"og:url\" content=\"https:\/\/www.voustenjeans.com\/de\/jacob-cohen-j622-nick-slim-golf-edition-3623-300d-40363-2\/\" \/>\n<meta property=\"og:site_name\" content=\"Vousten Jeans\" \/>\n<meta property=\"article:modified_time\" content=\"2026-04-01T02:18:09+00:00\" \/>\n<meta property=\"og:image\" content=\"https:\/\/www.voustenjeans.com\/wp-content\/uploads\/2023\/06\/250002998_front.jpg\" \/>\n\t<meta property=\"og:image:width\" content=\"800\" \/>\n\t<meta property=\"og:image:height\" content=\"2250\" \/>\n\t<meta property=\"og:image:type\" content=\"image\/jpeg\" \/>\n<meta name=\"twitter:card\" content=\"summary_large_image\" \/>\n<meta name=\"twitter:label1\" content=\"Est. reading time\" \/>\n\t<meta name=\"twitter:data1\" content=\"1 Minute\" \/>\n<script type=\"application\/ld+json\" class=\"yoast-schema-graph\">{\"@context\":\"https:\/\/schema.org\",\"@graph\":[{\"@type\":\"WebPage\",\"@id\":\"https:\/\/www.voustenjeans.com\/de\/jacob-cohen-j622-nick-slim-golf-edition-3623-300d-40363-2\/\",\"url\":\"https:\/\/www.voustenjeans.com\/de\/jacob-cohen-j622-nick-slim-golf-edition-3623-300d-40363-2\/\",\"name\":\"Jacob Coh\u00ebn J622 (Nick Slim) Golf edition 3623 300D (40363) - Vousten Jeans\",\"isPartOf\":{\"@id\":\"https:\/\/www.voustenjeans.com\/en\/#website\"},\"primaryImageOfPage\":{\"@id\":\"https:\/\/www.voustenjeans.com\/de\/jacob-cohen-j622-nick-slim-golf-edition-3623-300d-40363-2\/#primaryimage\"},\"image\":{\"@id\":\"https:\/\/www.voustenjeans.com\/de\/jacob-cohen-j622-nick-slim-golf-edition-3623-300d-40363-2\/#primaryimage\"},\"thumbnailUrl\":\"https:\/\/www.voustenjeans.com\/wp-content\/uploads\/2023\/06\/250002998_front.jpg\",\"datePublished\":\"2025-06-03T20:15:41+00:00\",\"dateModified\":\"2026-04-01T02:18:09+00:00\",\"breadcrumb\":{\"@id\":\"https:\/\/www.voustenjeans.com\/de\/jacob-cohen-j622-nick-slim-golf-edition-3623-300d-40363-2\/#breadcrumb\"},\"inLanguage\":\"de-DE\",\"potentialAction\":[{\"@type\":\"ReadAction\",\"target\":[\"https:\/\/www.voustenjeans.com\/de\/jacob-cohen-j622-nick-slim-golf-edition-3623-300d-40363-2\/\"]}]},{\"@type\":\"ImageObject\",\"inLanguage\":\"de-DE\",\"@id\":\"https:\/\/www.voustenjeans.com\/de\/jacob-cohen-j622-nick-slim-golf-edition-3623-300d-40363-2\/#primaryimage\",\"url\":\"https:\/\/www.voustenjeans.com\/wp-content\/uploads\/2023\/06\/250002998_front.jpg\",\"contentUrl\":\"https:\/\/www.voustenjeans.com\/wp-content\/uploads\/2023\/06\/250002998_front.jpg\",\"width\":800,\"height\":2250},{\"@type\":\"BreadcrumbList\",\"@id\":\"https:\/\/www.voustenjeans.com\/de\/jacob-cohen-j622-nick-slim-golf-edition-3623-300d-40363-2\/#breadcrumb\",\"itemListElement\":[{\"@type\":\"ListItem\",\"position\":1,\"name\":\"Home\",\"item\":\"https:\/\/www.voustenjeans.com\/de\/\"},{\"@type\":\"ListItem\",\"position\":2,\"name\":\"Shop\",\"item\":\"https:\/\/www.voustenjeans.com\/de\/shop\/\"},{\"@type\":\"ListItem\",\"position\":3,\"name\":\"Jacob Coh\u00ebn J622 (Nick Slim) Golf edition 3623 300D (40363)\"}]},{\"@type\":\"WebSite\",\"@id\":\"https:\/\/www.voustenjeans.com\/en\/#website\",\"url\":\"https:\/\/www.voustenjeans.com\/en\/\",\"name\":\"Vousten Jeans\",\"description\":\"\",\"potentialAction\":[{\"@type\":\"SearchAction\",\"target\":{\"@type\":\"EntryPoint\",\"urlTemplate\":\"https:\/\/www.voustenjeans.com\/en\/?s={search_term_string}\"},\"query-input\":\"required name=search_term_string\"}],\"inLanguage\":\"de-DE\"}]}<\/script>\n<!-- \/ Yoast SEO plugin. -->","yoast_head_json":{"title":"Jacob Coh\u00ebn J622 (Nick Slim) Golf edition 3623 300D (40363) - Vousten Jeans","robots":{"index":"index","follow":"follow","max-snippet":"max-snippet:-1","max-image-preview":"max-image-preview:large","max-video-preview":"max-video-preview:-1"},"canonical":"https:\/\/www.voustenjeans.com\/de\/jacob-cohen-j622-nick-slim-golf-edition-3623-300d-40363-2\/","og_locale":"de_DE","og_type":"article","og_title":"Jacob Coh\u00ebn J622 (Nick Slim) Golf edition 3623 300D (40363) - Vousten Jeans","og_description":"Golfbegeisterte aufgepasst! Jacob Coh\u00ebn w\u00fcrdigt in dieser Saison den Golfsport. Leichte Jeans mit verschiedenen Details, die an Golf erinnern. Das Thema spiegelt sich im Aufn\u00e4her, Knopf, Minitasche und Schal wider. Dar\u00fcber hinaus hat die Hose sch\u00f6ne Kontrastn\u00e4hte. Ist eine moderne Jeans und hat eine schmale Passform.\u00a0 Stretchjeans Normale Taillenh\u00f6he Knopfverschluss. Im vorderen Knopf ist ein [...]","og_url":"https:\/\/www.voustenjeans.com\/de\/jacob-cohen-j622-nick-slim-golf-edition-3623-300d-40363-2\/","og_site_name":"Vousten Jeans","article_modified_time":"2026-04-01T02:18:09+00:00","og_image":[{"width":800,"height":2250,"url":"https:\/\/www.voustenjeans.com\/wp-content\/uploads\/2023\/06\/250002998_front.jpg","type":"image\/jpeg"}],"twitter_card":"summary_large_image","twitter_misc":{"Est. reading time":"1 Minute"},"schema":{"@context":"https:\/\/schema.org","@graph":[{"@type":"WebPage","@id":"https:\/\/www.voustenjeans.com\/de\/jacob-cohen-j622-nick-slim-golf-edition-3623-300d-40363-2\/","url":"https:\/\/www.voustenjeans.com\/de\/jacob-cohen-j622-nick-slim-golf-edition-3623-300d-40363-2\/","name":"Jacob Coh\u00ebn J622 (Nick Slim) Golf edition 3623 300D (40363) - Vousten Jeans","isPartOf":{"@id":"https:\/\/www.voustenjeans.com\/en\/#website"},"primaryImageOfPage":{"@id":"https:\/\/www.voustenjeans.com\/de\/jacob-cohen-j622-nick-slim-golf-edition-3623-300d-40363-2\/#primaryimage"},"image":{"@id":"https:\/\/www.voustenjeans.com\/de\/jacob-cohen-j622-nick-slim-golf-edition-3623-300d-40363-2\/#primaryimage"},"thumbnailUrl":"https:\/\/www.voustenjeans.com\/wp-content\/uploads\/2023\/06\/250002998_front.jpg","datePublished":"2025-06-03T20:15:41+00:00","dateModified":"2026-04-01T02:18:09+00:00","breadcrumb":{"@id":"https:\/\/www.voustenjeans.com\/de\/jacob-cohen-j622-nick-slim-golf-edition-3623-300d-40363-2\/#breadcrumb"},"inLanguage":"de-DE","potentialAction":[{"@type":"ReadAction","target":["https:\/\/www.voustenjeans.com\/de\/jacob-cohen-j622-nick-slim-golf-edition-3623-300d-40363-2\/"]}]},{"@type":"ImageObject","inLanguage":"de-DE","@id":"https:\/\/www.voustenjeans.com\/de\/jacob-cohen-j622-nick-slim-golf-edition-3623-300d-40363-2\/#primaryimage","url":"https:\/\/www.voustenjeans.com\/wp-content\/uploads\/2023\/06\/250002998_front.jpg","contentUrl":"https:\/\/www.voustenjeans.com\/wp-content\/uploads\/2023\/06\/250002998_front.jpg","width":800,"height":2250},{"@type":"BreadcrumbList","@id":"https:\/\/www.voustenjeans.com\/de\/jacob-cohen-j622-nick-slim-golf-edition-3623-300d-40363-2\/#breadcrumb","itemListElement":[{"@type":"ListItem","position":1,"name":"Home","item":"https:\/\/www.voustenjeans.com\/de\/"},{"@type":"ListItem","position":2,"name":"Shop","item":"https:\/\/www.voustenjeans.com\/de\/shop\/"},{"@type":"ListItem","position":3,"name":"Jacob Coh\u00ebn J622 (Nick Slim) Golf edition 3623 300D (40363)"}]},{"@type":"WebSite","@id":"https:\/\/www.voustenjeans.com\/en\/#website","url":"https:\/\/www.voustenjeans.com\/en\/","name":"Vousten Jeans","description":"","potentialAction":[{"@type":"SearchAction","target":{"@type":"EntryPoint","urlTemplate":"https:\/\/www.voustenjeans.com\/en\/?s={search_term_string}"},"query-input":"required name=search_term_string"}],"inLanguage":"de-DE"}]}},"_links":{"self":[{"href":"https:\/\/www.voustenjeans.com\/de\/wp-json\/wp\/v2\/product\/302566"}],"collection":[{"href":"https:\/\/www.voustenjeans.com\/de\/wp-json\/wp\/v2\/product"}],"about":[{"href":"https:\/\/www.voustenjeans.com\/de\/wp-json\/wp\/v2\/types\/product"}],"replies":[{"embeddable":true,"href":"https:\/\/www.voustenjeans.com\/de\/wp-json\/wp\/v2\/comments?post=302566"}],"wp:featuredmedia":[{"embeddable":true,"href":"https:\/\/www.voustenjeans.com\/de\/wp-json\/wp\/v2\/media\/220230"}],"wp:attachment":[{"href":"https:\/\/www.voustenjeans.com\/de\/wp-json\/wp\/v2\/media?parent=302566"}],"wp:term":[{"taxonomy":"product_cat","embeddable":true,"href":"https:\/\/www.voustenjeans.com\/de\/wp-json\/wp\/v2\/product_cat?post=302566"},{"taxonomy":"product_tag","embeddable":true,"href":"https:\/\/www.voustenjeans.com\/de\/wp-json\/wp\/v2\/product_tag?post=302566"}],"curies":[{"name":"wp","href":"https:\/\/api.w.org\/{rel}","templated":true}]}}