{"id":302441,"date":"2025-06-03T22:10:46","date_gmt":"2025-06-03T20:10:46","guid":{"rendered":"https:\/\/www.voustenjeans.com\/jacob-cohen-j688-bard-golf-edition-3848-w00d-40347-2\/"},"modified":"2025-10-04T06:54:21","modified_gmt":"2025-10-04T04:54:21","slug":"jacob-cohen-j688-bard-golf-edition-3848-w00d-40347-2","status":"publish","type":"product","link":"https:\/\/www.voustenjeans.com\/de\/jacob-cohen-j688-bard-golf-edition-3848-w00d-40347-2\/","title":{"rendered":"Jacob Coh\u00ebn J688 (Bard) Golf Edition 3848 W00D (40347)"},"content":{"rendered":"<p><strong>Golfliebhaber aufgepasst<\/strong>: Jacob Coh\u00ebn ist in dieser Saison eine Hommage an den Golfsport. Wei\u00dfe Jeans mit verschiedenen Details, die auf den Golfsport verweisen. Das Thema spiegelt sich in den Aufn\u00e4hern, Kn\u00f6pfen, Minitaschen und Schals wider, au\u00dferdem hat die Jeans sch\u00f6ne Kontrastn\u00e4hte.<br \/>\nIst eine moderne Jeans und hat eine schlanke Passform mit etwas mehr Platz f\u00fcr die Oberschenkel.<\/p>\n<ul>\n<li>Stretch-Jeans\u00a0<\/li>\n<li>H\u00f6here Leibh\u00f6he (Taillenmodell)<\/li>\n<li>Knopfverschluss<\/li>\n<li>Mit beigefarbenem Aufn\u00e4her mit Jacob Cohen Golf-Logo<\/li>\n<li>Material: 93% Baumwolle, 5% Elastomultiester, 2% Elastan<\/li>\n<li>Fu\u00dfweite: 18 cm<\/li>\n<li>Basisl\u00e4nge: 35 Zoll (kann je nach Waschung leicht variieren)<\/li>\n<li>Diese Jacob Coh\u00ebn Jeans wird in Venetien im Nordosten Italiens handgefertigt<\/li>\n<\/ul>\n<p>Gratis dazu gibt es einen passenden Schal und zus\u00e4tzliches Garn in der richtigen Farbe zum K\u00fcrzen<\/p>\n","protected":false},"excerpt":{"rendered":"<p>Golfliebhaber aufgepasst: Jacob Coh\u00ebn ist in dieser Saison eine Hommage an den Golfsport. Wei\u00dfe Jeans mit verschiedenen Details, die auf den Golfsport verweisen. Das Thema spiegelt sich in den Aufn\u00e4hern, Kn\u00f6pfen, Minitaschen und Schals wider, au\u00dferdem hat die Jeans sch\u00f6ne Kontrastn\u00e4hte. Ist eine moderne Jeans und hat eine schlanke Passform mit etwas mehr Platz f\u00fcr [&#8230;]\n","protected":false},"featured_media":258352,"comment_status":"open","ping_status":"closed","template":"","meta":[],"product_cat":[1139,1429,1477,1581,1643,1651,1662],"product_tag":[],"acf":[],"yoast_head":"<!-- This site is optimized with the Yoast SEO plugin v22.3 - https:\/\/yoast.com\/wordpress\/plugins\/seo\/ -->\n<title>Jacob Coh\u00ebn J688 (Bard) Golf Edition 3848 W00D (40347) - Vousten Jeans<\/title>\n<meta name=\"robots\" content=\"index, follow, max-snippet:-1, max-image-preview:large, max-video-preview:-1\" \/>\n<link rel=\"canonical\" href=\"https:\/\/www.voustenjeans.com\/de\/jacob-cohen-j688-bard-golf-edition-3848-w00d-40347-2\/\" \/>\n<meta property=\"og:locale\" content=\"de_DE\" \/>\n<meta property=\"og:type\" content=\"article\" \/>\n<meta property=\"og:title\" content=\"Jacob Coh\u00ebn J688 (Bard) Golf Edition 3848 W00D (40347) - Vousten Jeans\" \/>\n<meta property=\"og:description\" content=\"Golfliebhaber aufgepasst: Jacob Coh\u00ebn ist in dieser Saison eine Hommage an den Golfsport. Wei\u00dfe Jeans mit verschiedenen Details, die auf den Golfsport verweisen. Das Thema spiegelt sich in den Aufn\u00e4hern, Kn\u00f6pfen, Minitaschen und Schals wider, au\u00dferdem hat die Jeans sch\u00f6ne Kontrastn\u00e4hte. Ist eine moderne Jeans und hat eine schlanke Passform mit etwas mehr Platz f\u00fcr [...]\" \/>\n<meta property=\"og:url\" content=\"https:\/\/www.voustenjeans.com\/de\/jacob-cohen-j688-bard-golf-edition-3848-w00d-40347-2\/\" \/>\n<meta property=\"og:site_name\" content=\"Vousten Jeans\" \/>\n<meta property=\"article:modified_time\" content=\"2025-10-04T04:54:21+00:00\" \/>\n<meta property=\"og:image\" content=\"https:\/\/www.voustenjeans.com\/wp-content\/uploads\/2023\/06\/250002044_front.jpg\" \/>\n\t<meta property=\"og:image:width\" content=\"800\" \/>\n\t<meta property=\"og:image:height\" content=\"2250\" \/>\n\t<meta property=\"og:image:type\" content=\"image\/jpeg\" \/>\n<meta name=\"twitter:card\" content=\"summary_large_image\" \/>\n<meta name=\"twitter:label1\" content=\"Est. reading time\" \/>\n\t<meta name=\"twitter:data1\" content=\"1 Minute\" \/>\n<script type=\"application\/ld+json\" class=\"yoast-schema-graph\">{\"@context\":\"https:\/\/schema.org\",\"@graph\":[{\"@type\":\"WebPage\",\"@id\":\"https:\/\/www.voustenjeans.com\/de\/jacob-cohen-j688-bard-golf-edition-3848-w00d-40347-2\/\",\"url\":\"https:\/\/www.voustenjeans.com\/de\/jacob-cohen-j688-bard-golf-edition-3848-w00d-40347-2\/\",\"name\":\"Jacob Coh\u00ebn J688 (Bard) Golf Edition 3848 W00D (40347) - Vousten Jeans\",\"isPartOf\":{\"@id\":\"https:\/\/www.voustenjeans.com\/en\/#website\"},\"primaryImageOfPage\":{\"@id\":\"https:\/\/www.voustenjeans.com\/de\/jacob-cohen-j688-bard-golf-edition-3848-w00d-40347-2\/#primaryimage\"},\"image\":{\"@id\":\"https:\/\/www.voustenjeans.com\/de\/jacob-cohen-j688-bard-golf-edition-3848-w00d-40347-2\/#primaryimage\"},\"thumbnailUrl\":\"https:\/\/www.voustenjeans.com\/wp-content\/uploads\/2023\/06\/250002044_front.jpg\",\"datePublished\":\"2025-06-03T20:10:46+00:00\",\"dateModified\":\"2025-10-04T04:54:21+00:00\",\"breadcrumb\":{\"@id\":\"https:\/\/www.voustenjeans.com\/de\/jacob-cohen-j688-bard-golf-edition-3848-w00d-40347-2\/#breadcrumb\"},\"inLanguage\":\"de-DE\",\"potentialAction\":[{\"@type\":\"ReadAction\",\"target\":[\"https:\/\/www.voustenjeans.com\/de\/jacob-cohen-j688-bard-golf-edition-3848-w00d-40347-2\/\"]}]},{\"@type\":\"ImageObject\",\"inLanguage\":\"de-DE\",\"@id\":\"https:\/\/www.voustenjeans.com\/de\/jacob-cohen-j688-bard-golf-edition-3848-w00d-40347-2\/#primaryimage\",\"url\":\"https:\/\/www.voustenjeans.com\/wp-content\/uploads\/2023\/06\/250002044_front.jpg\",\"contentUrl\":\"https:\/\/www.voustenjeans.com\/wp-content\/uploads\/2023\/06\/250002044_front.jpg\",\"width\":800,\"height\":2250},{\"@type\":\"BreadcrumbList\",\"@id\":\"https:\/\/www.voustenjeans.com\/de\/jacob-cohen-j688-bard-golf-edition-3848-w00d-40347-2\/#breadcrumb\",\"itemListElement\":[{\"@type\":\"ListItem\",\"position\":1,\"name\":\"Home\",\"item\":\"https:\/\/www.voustenjeans.com\/de\/\"},{\"@type\":\"ListItem\",\"position\":2,\"name\":\"Shop\",\"item\":\"https:\/\/www.voustenjeans.com\/de\/shop\/\"},{\"@type\":\"ListItem\",\"position\":3,\"name\":\"Jacob Coh\u00ebn J688 (Bard) Golf Edition 3848 W00D (40347)\"}]},{\"@type\":\"WebSite\",\"@id\":\"https:\/\/www.voustenjeans.com\/en\/#website\",\"url\":\"https:\/\/www.voustenjeans.com\/en\/\",\"name\":\"Vousten Jeans\",\"description\":\"\",\"potentialAction\":[{\"@type\":\"SearchAction\",\"target\":{\"@type\":\"EntryPoint\",\"urlTemplate\":\"https:\/\/www.voustenjeans.com\/en\/?s={search_term_string}\"},\"query-input\":\"required name=search_term_string\"}],\"inLanguage\":\"de-DE\"}]}<\/script>\n<!-- \/ Yoast SEO plugin. -->","yoast_head_json":{"title":"Jacob Coh\u00ebn J688 (Bard) Golf Edition 3848 W00D (40347) - Vousten Jeans","robots":{"index":"index","follow":"follow","max-snippet":"max-snippet:-1","max-image-preview":"max-image-preview:large","max-video-preview":"max-video-preview:-1"},"canonical":"https:\/\/www.voustenjeans.com\/de\/jacob-cohen-j688-bard-golf-edition-3848-w00d-40347-2\/","og_locale":"de_DE","og_type":"article","og_title":"Jacob Coh\u00ebn J688 (Bard) Golf Edition 3848 W00D (40347) - Vousten Jeans","og_description":"Golfliebhaber aufgepasst: Jacob Coh\u00ebn ist in dieser Saison eine Hommage an den Golfsport. Wei\u00dfe Jeans mit verschiedenen Details, die auf den Golfsport verweisen. Das Thema spiegelt sich in den Aufn\u00e4hern, Kn\u00f6pfen, Minitaschen und Schals wider, au\u00dferdem hat die Jeans sch\u00f6ne Kontrastn\u00e4hte. Ist eine moderne Jeans und hat eine schlanke Passform mit etwas mehr Platz f\u00fcr [...]","og_url":"https:\/\/www.voustenjeans.com\/de\/jacob-cohen-j688-bard-golf-edition-3848-w00d-40347-2\/","og_site_name":"Vousten Jeans","article_modified_time":"2025-10-04T04:54:21+00:00","og_image":[{"width":800,"height":2250,"url":"https:\/\/www.voustenjeans.com\/wp-content\/uploads\/2023\/06\/250002044_front.jpg","type":"image\/jpeg"}],"twitter_card":"summary_large_image","twitter_misc":{"Est. reading time":"1 Minute"},"schema":{"@context":"https:\/\/schema.org","@graph":[{"@type":"WebPage","@id":"https:\/\/www.voustenjeans.com\/de\/jacob-cohen-j688-bard-golf-edition-3848-w00d-40347-2\/","url":"https:\/\/www.voustenjeans.com\/de\/jacob-cohen-j688-bard-golf-edition-3848-w00d-40347-2\/","name":"Jacob Coh\u00ebn J688 (Bard) Golf Edition 3848 W00D (40347) - Vousten Jeans","isPartOf":{"@id":"https:\/\/www.voustenjeans.com\/en\/#website"},"primaryImageOfPage":{"@id":"https:\/\/www.voustenjeans.com\/de\/jacob-cohen-j688-bard-golf-edition-3848-w00d-40347-2\/#primaryimage"},"image":{"@id":"https:\/\/www.voustenjeans.com\/de\/jacob-cohen-j688-bard-golf-edition-3848-w00d-40347-2\/#primaryimage"},"thumbnailUrl":"https:\/\/www.voustenjeans.com\/wp-content\/uploads\/2023\/06\/250002044_front.jpg","datePublished":"2025-06-03T20:10:46+00:00","dateModified":"2025-10-04T04:54:21+00:00","breadcrumb":{"@id":"https:\/\/www.voustenjeans.com\/de\/jacob-cohen-j688-bard-golf-edition-3848-w00d-40347-2\/#breadcrumb"},"inLanguage":"de-DE","potentialAction":[{"@type":"ReadAction","target":["https:\/\/www.voustenjeans.com\/de\/jacob-cohen-j688-bard-golf-edition-3848-w00d-40347-2\/"]}]},{"@type":"ImageObject","inLanguage":"de-DE","@id":"https:\/\/www.voustenjeans.com\/de\/jacob-cohen-j688-bard-golf-edition-3848-w00d-40347-2\/#primaryimage","url":"https:\/\/www.voustenjeans.com\/wp-content\/uploads\/2023\/06\/250002044_front.jpg","contentUrl":"https:\/\/www.voustenjeans.com\/wp-content\/uploads\/2023\/06\/250002044_front.jpg","width":800,"height":2250},{"@type":"BreadcrumbList","@id":"https:\/\/www.voustenjeans.com\/de\/jacob-cohen-j688-bard-golf-edition-3848-w00d-40347-2\/#breadcrumb","itemListElement":[{"@type":"ListItem","position":1,"name":"Home","item":"https:\/\/www.voustenjeans.com\/de\/"},{"@type":"ListItem","position":2,"name":"Shop","item":"https:\/\/www.voustenjeans.com\/de\/shop\/"},{"@type":"ListItem","position":3,"name":"Jacob Coh\u00ebn J688 (Bard) Golf Edition 3848 W00D (40347)"}]},{"@type":"WebSite","@id":"https:\/\/www.voustenjeans.com\/en\/#website","url":"https:\/\/www.voustenjeans.com\/en\/","name":"Vousten Jeans","description":"","potentialAction":[{"@type":"SearchAction","target":{"@type":"EntryPoint","urlTemplate":"https:\/\/www.voustenjeans.com\/en\/?s={search_term_string}"},"query-input":"required name=search_term_string"}],"inLanguage":"de-DE"}]}},"_links":{"self":[{"href":"https:\/\/www.voustenjeans.com\/de\/wp-json\/wp\/v2\/product\/302441"}],"collection":[{"href":"https:\/\/www.voustenjeans.com\/de\/wp-json\/wp\/v2\/product"}],"about":[{"href":"https:\/\/www.voustenjeans.com\/de\/wp-json\/wp\/v2\/types\/product"}],"replies":[{"embeddable":true,"href":"https:\/\/www.voustenjeans.com\/de\/wp-json\/wp\/v2\/comments?post=302441"}],"wp:featuredmedia":[{"embeddable":true,"href":"https:\/\/www.voustenjeans.com\/de\/wp-json\/wp\/v2\/media\/258352"}],"wp:attachment":[{"href":"https:\/\/www.voustenjeans.com\/de\/wp-json\/wp\/v2\/media?parent=302441"}],"wp:term":[{"taxonomy":"product_cat","embeddable":true,"href":"https:\/\/www.voustenjeans.com\/de\/wp-json\/wp\/v2\/product_cat?post=302441"},{"taxonomy":"product_tag","embeddable":true,"href":"https:\/\/www.voustenjeans.com\/de\/wp-json\/wp\/v2\/product_tag?post=302441"}],"curies":[{"name":"wp","href":"https:\/\/api.w.org\/{rel}","templated":true}]}}