{"id":302333,"date":"2025-06-03T22:06:59","date_gmt":"2025-06-03T20:06:59","guid":{"rendered":"https:\/\/www.voustenjeans.com\/jacob-cohen-j622-nick-slim-3732-a00-40314-2\/"},"modified":"2026-04-01T03:58:12","modified_gmt":"2026-04-01T01:58:12","slug":"jacob-cohen-j622-nick-slim-3732-a00-40314-2","status":"publish","type":"product","link":"https:\/\/www.voustenjeans.com\/de\/jacob-cohen-j622-nick-slim-3732-a00-40314-2\/","title":{"rendered":"Jacob Coh\u00ebn J622 (Nick Slim) 3732 A00 (40314)"},"content":{"rendered":"<p>Ist eine wei\u00dfe Jeans und hat eine schmale Passform.\u00a0<br \/>\nF\u00e4llt klein aus, \u00fcberlegen Sie, eine Gr\u00f6\u00dfe gr\u00f6\u00dfer zu w\u00e4hlen.<\/p>\n<ul>\n<li>Stretchjeans<\/li>\n<li>Normale Taillenh\u00f6he<\/li>\n<li>Knopfverschluss<\/li>\n<li>Ausgestattet mit einem beigen Ponyhaaraufn\u00e4her mit braunen Streifen und Logo<\/li>\n<li>Material: 89 % Baumwolle, 8 % Polyester, 3 % Elasthan<\/li>\n<li>Fu\u00dfbreite: 16,5 cm<\/li>\n<li>Grundl\u00e4nge: 35 Zoll (kann je nach W\u00e4sche leicht variieren)<\/li>\n<li>Diese Jeans von Jacob Coh\u00ebn werden in Venetien im Nordosten Italiens handgefertigt<\/li>\n<\/ul>\n<p>Wird mit einem passenden Schal und zus\u00e4tzlichem Garn in der richtigen Farbe zum K\u00fcrzen geliefert.<\/p>\n","protected":false},"excerpt":{"rendered":"<p>Ist eine wei\u00dfe Jeans und hat eine schmale Passform.\u00a0 F\u00e4llt klein aus, \u00fcberlegen Sie, eine Gr\u00f6\u00dfe gr\u00f6\u00dfer zu w\u00e4hlen. Stretchjeans Normale Taillenh\u00f6he Knopfverschluss Ausgestattet mit einem beigen Ponyhaaraufn\u00e4her mit braunen Streifen und Logo Material: 89 % Baumwolle, 8 % Polyester, 3 % Elasthan Fu\u00dfbreite: 16,5 cm Grundl\u00e4nge: 35 Zoll (kann je nach W\u00e4sche leicht variieren) [&#8230;]\n","protected":false},"featured_media":262236,"comment_status":"open","ping_status":"closed","template":"","meta":[],"product_cat":[1139,1421,1477,1581,1643,1651,1662],"product_tag":[],"acf":[],"yoast_head":"<!-- This site is optimized with the Yoast SEO plugin v22.3 - https:\/\/yoast.com\/wordpress\/plugins\/seo\/ -->\n<title>Jacob Coh\u00ebn J622 (Nick Slim) 3732 A00 (40314) - Vousten Jeans<\/title>\n<meta name=\"robots\" content=\"index, follow, max-snippet:-1, max-image-preview:large, max-video-preview:-1\" \/>\n<link rel=\"canonical\" href=\"https:\/\/www.voustenjeans.com\/de\/jacob-cohen-j622-nick-slim-3732-a00-40314-2\/\" \/>\n<meta property=\"og:locale\" content=\"de_DE\" \/>\n<meta property=\"og:type\" content=\"article\" \/>\n<meta property=\"og:title\" content=\"Jacob Coh\u00ebn J622 (Nick Slim) 3732 A00 (40314) - Vousten Jeans\" \/>\n<meta property=\"og:description\" content=\"Ist eine wei\u00dfe Jeans und hat eine schmale Passform.\u00a0 F\u00e4llt klein aus, \u00fcberlegen Sie, eine Gr\u00f6\u00dfe gr\u00f6\u00dfer zu w\u00e4hlen. Stretchjeans Normale Taillenh\u00f6he Knopfverschluss Ausgestattet mit einem beigen Ponyhaaraufn\u00e4her mit braunen Streifen und Logo Material: 89 % Baumwolle, 8 % Polyester, 3 % Elasthan Fu\u00dfbreite: 16,5 cm Grundl\u00e4nge: 35 Zoll (kann je nach W\u00e4sche leicht variieren) [...]\" \/>\n<meta property=\"og:url\" content=\"https:\/\/www.voustenjeans.com\/de\/jacob-cohen-j622-nick-slim-3732-a00-40314-2\/\" \/>\n<meta property=\"og:site_name\" content=\"Vousten Jeans\" \/>\n<meta property=\"article:modified_time\" content=\"2026-04-01T01:58:12+00:00\" \/>\n<meta property=\"og:image\" content=\"https:\/\/www.voustenjeans.com\/wp-content\/uploads\/2023\/06\/jacob_cohen_j622_nick_slim_3732_a00_40314.jpg\" \/>\n\t<meta property=\"og:image:width\" content=\"800\" \/>\n\t<meta property=\"og:image:height\" content=\"2250\" \/>\n\t<meta property=\"og:image:type\" content=\"image\/jpeg\" \/>\n<meta name=\"twitter:card\" content=\"summary_large_image\" \/>\n<script type=\"application\/ld+json\" class=\"yoast-schema-graph\">{\"@context\":\"https:\/\/schema.org\",\"@graph\":[{\"@type\":\"WebPage\",\"@id\":\"https:\/\/www.voustenjeans.com\/de\/jacob-cohen-j622-nick-slim-3732-a00-40314-2\/\",\"url\":\"https:\/\/www.voustenjeans.com\/de\/jacob-cohen-j622-nick-slim-3732-a00-40314-2\/\",\"name\":\"Jacob Coh\u00ebn J622 (Nick Slim) 3732 A00 (40314) - Vousten Jeans\",\"isPartOf\":{\"@id\":\"https:\/\/www.voustenjeans.com\/en\/#website\"},\"primaryImageOfPage\":{\"@id\":\"https:\/\/www.voustenjeans.com\/de\/jacob-cohen-j622-nick-slim-3732-a00-40314-2\/#primaryimage\"},\"image\":{\"@id\":\"https:\/\/www.voustenjeans.com\/de\/jacob-cohen-j622-nick-slim-3732-a00-40314-2\/#primaryimage\"},\"thumbnailUrl\":\"https:\/\/www.voustenjeans.com\/wp-content\/uploads\/2023\/06\/jacob_cohen_j622_nick_slim_3732_a00_40314.jpg\",\"datePublished\":\"2025-06-03T20:06:59+00:00\",\"dateModified\":\"2026-04-01T01:58:12+00:00\",\"breadcrumb\":{\"@id\":\"https:\/\/www.voustenjeans.com\/de\/jacob-cohen-j622-nick-slim-3732-a00-40314-2\/#breadcrumb\"},\"inLanguage\":\"de-DE\",\"potentialAction\":[{\"@type\":\"ReadAction\",\"target\":[\"https:\/\/www.voustenjeans.com\/de\/jacob-cohen-j622-nick-slim-3732-a00-40314-2\/\"]}]},{\"@type\":\"ImageObject\",\"inLanguage\":\"de-DE\",\"@id\":\"https:\/\/www.voustenjeans.com\/de\/jacob-cohen-j622-nick-slim-3732-a00-40314-2\/#primaryimage\",\"url\":\"https:\/\/www.voustenjeans.com\/wp-content\/uploads\/2023\/06\/jacob_cohen_j622_nick_slim_3732_a00_40314.jpg\",\"contentUrl\":\"https:\/\/www.voustenjeans.com\/wp-content\/uploads\/2023\/06\/jacob_cohen_j622_nick_slim_3732_a00_40314.jpg\",\"width\":800,\"height\":2250},{\"@type\":\"BreadcrumbList\",\"@id\":\"https:\/\/www.voustenjeans.com\/de\/jacob-cohen-j622-nick-slim-3732-a00-40314-2\/#breadcrumb\",\"itemListElement\":[{\"@type\":\"ListItem\",\"position\":1,\"name\":\"Home\",\"item\":\"https:\/\/www.voustenjeans.com\/de\/\"},{\"@type\":\"ListItem\",\"position\":2,\"name\":\"Shop\",\"item\":\"https:\/\/www.voustenjeans.com\/de\/shop\/\"},{\"@type\":\"ListItem\",\"position\":3,\"name\":\"Jacob Coh\u00ebn J622 (Nick Slim) 3732 A00 (40314)\"}]},{\"@type\":\"WebSite\",\"@id\":\"https:\/\/www.voustenjeans.com\/en\/#website\",\"url\":\"https:\/\/www.voustenjeans.com\/en\/\",\"name\":\"Vousten Jeans\",\"description\":\"\",\"potentialAction\":[{\"@type\":\"SearchAction\",\"target\":{\"@type\":\"EntryPoint\",\"urlTemplate\":\"https:\/\/www.voustenjeans.com\/en\/?s={search_term_string}\"},\"query-input\":\"required name=search_term_string\"}],\"inLanguage\":\"de-DE\"}]}<\/script>\n<!-- \/ Yoast SEO plugin. -->","yoast_head_json":{"title":"Jacob Coh\u00ebn J622 (Nick Slim) 3732 A00 (40314) - Vousten Jeans","robots":{"index":"index","follow":"follow","max-snippet":"max-snippet:-1","max-image-preview":"max-image-preview:large","max-video-preview":"max-video-preview:-1"},"canonical":"https:\/\/www.voustenjeans.com\/de\/jacob-cohen-j622-nick-slim-3732-a00-40314-2\/","og_locale":"de_DE","og_type":"article","og_title":"Jacob Coh\u00ebn J622 (Nick Slim) 3732 A00 (40314) - Vousten Jeans","og_description":"Ist eine wei\u00dfe Jeans und hat eine schmale Passform.\u00a0 F\u00e4llt klein aus, \u00fcberlegen Sie, eine Gr\u00f6\u00dfe gr\u00f6\u00dfer zu w\u00e4hlen. Stretchjeans Normale Taillenh\u00f6he Knopfverschluss Ausgestattet mit einem beigen Ponyhaaraufn\u00e4her mit braunen Streifen und Logo Material: 89 % Baumwolle, 8 % Polyester, 3 % Elasthan Fu\u00dfbreite: 16,5 cm Grundl\u00e4nge: 35 Zoll (kann je nach W\u00e4sche leicht variieren) [...]","og_url":"https:\/\/www.voustenjeans.com\/de\/jacob-cohen-j622-nick-slim-3732-a00-40314-2\/","og_site_name":"Vousten Jeans","article_modified_time":"2026-04-01T01:58:12+00:00","og_image":[{"width":800,"height":2250,"url":"https:\/\/www.voustenjeans.com\/wp-content\/uploads\/2023\/06\/jacob_cohen_j622_nick_slim_3732_a00_40314.jpg","type":"image\/jpeg"}],"twitter_card":"summary_large_image","schema":{"@context":"https:\/\/schema.org","@graph":[{"@type":"WebPage","@id":"https:\/\/www.voustenjeans.com\/de\/jacob-cohen-j622-nick-slim-3732-a00-40314-2\/","url":"https:\/\/www.voustenjeans.com\/de\/jacob-cohen-j622-nick-slim-3732-a00-40314-2\/","name":"Jacob Coh\u00ebn J622 (Nick Slim) 3732 A00 (40314) - Vousten Jeans","isPartOf":{"@id":"https:\/\/www.voustenjeans.com\/en\/#website"},"primaryImageOfPage":{"@id":"https:\/\/www.voustenjeans.com\/de\/jacob-cohen-j622-nick-slim-3732-a00-40314-2\/#primaryimage"},"image":{"@id":"https:\/\/www.voustenjeans.com\/de\/jacob-cohen-j622-nick-slim-3732-a00-40314-2\/#primaryimage"},"thumbnailUrl":"https:\/\/www.voustenjeans.com\/wp-content\/uploads\/2023\/06\/jacob_cohen_j622_nick_slim_3732_a00_40314.jpg","datePublished":"2025-06-03T20:06:59+00:00","dateModified":"2026-04-01T01:58:12+00:00","breadcrumb":{"@id":"https:\/\/www.voustenjeans.com\/de\/jacob-cohen-j622-nick-slim-3732-a00-40314-2\/#breadcrumb"},"inLanguage":"de-DE","potentialAction":[{"@type":"ReadAction","target":["https:\/\/www.voustenjeans.com\/de\/jacob-cohen-j622-nick-slim-3732-a00-40314-2\/"]}]},{"@type":"ImageObject","inLanguage":"de-DE","@id":"https:\/\/www.voustenjeans.com\/de\/jacob-cohen-j622-nick-slim-3732-a00-40314-2\/#primaryimage","url":"https:\/\/www.voustenjeans.com\/wp-content\/uploads\/2023\/06\/jacob_cohen_j622_nick_slim_3732_a00_40314.jpg","contentUrl":"https:\/\/www.voustenjeans.com\/wp-content\/uploads\/2023\/06\/jacob_cohen_j622_nick_slim_3732_a00_40314.jpg","width":800,"height":2250},{"@type":"BreadcrumbList","@id":"https:\/\/www.voustenjeans.com\/de\/jacob-cohen-j622-nick-slim-3732-a00-40314-2\/#breadcrumb","itemListElement":[{"@type":"ListItem","position":1,"name":"Home","item":"https:\/\/www.voustenjeans.com\/de\/"},{"@type":"ListItem","position":2,"name":"Shop","item":"https:\/\/www.voustenjeans.com\/de\/shop\/"},{"@type":"ListItem","position":3,"name":"Jacob Coh\u00ebn J622 (Nick Slim) 3732 A00 (40314)"}]},{"@type":"WebSite","@id":"https:\/\/www.voustenjeans.com\/en\/#website","url":"https:\/\/www.voustenjeans.com\/en\/","name":"Vousten Jeans","description":"","potentialAction":[{"@type":"SearchAction","target":{"@type":"EntryPoint","urlTemplate":"https:\/\/www.voustenjeans.com\/en\/?s={search_term_string}"},"query-input":"required name=search_term_string"}],"inLanguage":"de-DE"}]}},"_links":{"self":[{"href":"https:\/\/www.voustenjeans.com\/de\/wp-json\/wp\/v2\/product\/302333"}],"collection":[{"href":"https:\/\/www.voustenjeans.com\/de\/wp-json\/wp\/v2\/product"}],"about":[{"href":"https:\/\/www.voustenjeans.com\/de\/wp-json\/wp\/v2\/types\/product"}],"replies":[{"embeddable":true,"href":"https:\/\/www.voustenjeans.com\/de\/wp-json\/wp\/v2\/comments?post=302333"}],"wp:featuredmedia":[{"embeddable":true,"href":"https:\/\/www.voustenjeans.com\/de\/wp-json\/wp\/v2\/media\/262236"}],"wp:attachment":[{"href":"https:\/\/www.voustenjeans.com\/de\/wp-json\/wp\/v2\/media?parent=302333"}],"wp:term":[{"taxonomy":"product_cat","embeddable":true,"href":"https:\/\/www.voustenjeans.com\/de\/wp-json\/wp\/v2\/product_cat?post=302333"},{"taxonomy":"product_tag","embeddable":true,"href":"https:\/\/www.voustenjeans.com\/de\/wp-json\/wp\/v2\/product_tag?post=302333"}],"curies":[{"name":"wp","href":"https:\/\/api.w.org\/{rel}","templated":true}]}}