{"id":302301,"date":"2025-06-03T22:05:41","date_gmt":"2025-06-03T20:05:41","guid":{"rendered":"https:\/\/www.voustenjeans.com\/jacob-cohen-j688-bard-2851-300d-40309-2\/"},"modified":"2025-10-04T01:50:12","modified_gmt":"2025-10-03T23:50:12","slug":"jacob-cohen-j688-bard-2851-300d-40309-2","status":"publish","type":"product","link":"https:\/\/www.voustenjeans.com\/de\/jacob-cohen-j688-bard-2851-300d-40309-2\/","title":{"rendered":"Jacob Coh\u00ebn J688 (Bard) 2851 300D (40309)"},"content":{"rendered":"<p>Dies sind moderne Jeans und haben eine schmale Passform mit etwas mehr Platz f\u00fcr die Oberschenkel.<\/p>\n<ul>\n<li>Stretchjeans<\/li>\n<li>H\u00f6here Taille<\/li>\n<li>Knopfverschluss<\/li>\n<li>Ausgestattet mit einem weichen dunkelblauen Patch\u00a0<\/li>\n<li>Material: 92 % Baumwolle, 6 % Elastomultiester, 2 % Elasthan\u00a0<\/li>\n<li>Fu\u00dfbreite: 19 cm<\/li>\n<li>Grundl\u00e4nge: 35 Zoll (kann je nach W\u00e4sche leicht variieren)<\/li>\n<li>Diese Jeans von Jacob Cohen werden in Venetien im Nordosten Italiens handgefertigt<\/li>\n<\/ul>\n<p>Im Lieferumfang sind ein kostenloser passender Schal, eine Flasche Textilparf\u00fcm und extra Faden in der richtigen Farbe zum K\u00fcrzen enthalten.<\/p>\n<p>\u00a0<\/p>\n","protected":false},"excerpt":{"rendered":"<p>Dies sind moderne Jeans und haben eine schmale Passform mit etwas mehr Platz f\u00fcr die Oberschenkel. Stretchjeans H\u00f6here Taille Knopfverschluss Ausgestattet mit einem weichen dunkelblauen Patch\u00a0 Material: 92 % Baumwolle, 6 % Elastomultiester, 2 % Elasthan\u00a0 Fu\u00dfbreite: 19 cm Grundl\u00e4nge: 35 Zoll (kann je nach W\u00e4sche leicht variieren) Diese Jeans von Jacob Cohen werden in [&#8230;]\n","protected":false},"featured_media":257136,"comment_status":"open","ping_status":"closed","template":"","meta":[],"product_cat":[1139,1429,1477,1581,1643,1651,1662],"product_tag":[],"acf":[],"yoast_head":"<!-- This site is optimized with the Yoast SEO plugin v22.3 - https:\/\/yoast.com\/wordpress\/plugins\/seo\/ -->\n<title>Jacob Coh\u00ebn J688 (Bard) 2851 300D (40309) - Vousten Jeans<\/title>\n<meta name=\"robots\" content=\"index, follow, max-snippet:-1, max-image-preview:large, max-video-preview:-1\" \/>\n<link rel=\"canonical\" href=\"https:\/\/www.voustenjeans.com\/de\/jacob-cohen-j688-bard-2851-300d-40309-2\/\" \/>\n<meta property=\"og:locale\" content=\"de_DE\" \/>\n<meta property=\"og:type\" content=\"article\" \/>\n<meta property=\"og:title\" content=\"Jacob Coh\u00ebn J688 (Bard) 2851 300D (40309) - Vousten Jeans\" \/>\n<meta property=\"og:description\" content=\"Dies sind moderne Jeans und haben eine schmale Passform mit etwas mehr Platz f\u00fcr die Oberschenkel. Stretchjeans H\u00f6here Taille Knopfverschluss Ausgestattet mit einem weichen dunkelblauen Patch\u00a0 Material: 92 % Baumwolle, 6 % Elastomultiester, 2 % Elasthan\u00a0 Fu\u00dfbreite: 19 cm Grundl\u00e4nge: 35 Zoll (kann je nach W\u00e4sche leicht variieren) Diese Jeans von Jacob Cohen werden in [...]\" \/>\n<meta property=\"og:url\" content=\"https:\/\/www.voustenjeans.com\/de\/jacob-cohen-j688-bard-2851-300d-40309-2\/\" \/>\n<meta property=\"og:site_name\" content=\"Vousten Jeans\" \/>\n<meta property=\"article:modified_time\" content=\"2025-10-03T23:50:12+00:00\" \/>\n<meta property=\"og:image\" content=\"https:\/\/www.voustenjeans.com\/wp-content\/uploads\/2023\/06\/250003130_front.jpg\" \/>\n\t<meta property=\"og:image:width\" content=\"800\" \/>\n\t<meta property=\"og:image:height\" content=\"2250\" \/>\n\t<meta property=\"og:image:type\" content=\"image\/jpeg\" \/>\n<meta name=\"twitter:card\" content=\"summary_large_image\" \/>\n<script type=\"application\/ld+json\" class=\"yoast-schema-graph\">{\"@context\":\"https:\/\/schema.org\",\"@graph\":[{\"@type\":\"WebPage\",\"@id\":\"https:\/\/www.voustenjeans.com\/de\/jacob-cohen-j688-bard-2851-300d-40309-2\/\",\"url\":\"https:\/\/www.voustenjeans.com\/de\/jacob-cohen-j688-bard-2851-300d-40309-2\/\",\"name\":\"Jacob Coh\u00ebn J688 (Bard) 2851 300D (40309) - Vousten Jeans\",\"isPartOf\":{\"@id\":\"https:\/\/www.voustenjeans.com\/en\/#website\"},\"primaryImageOfPage\":{\"@id\":\"https:\/\/www.voustenjeans.com\/de\/jacob-cohen-j688-bard-2851-300d-40309-2\/#primaryimage\"},\"image\":{\"@id\":\"https:\/\/www.voustenjeans.com\/de\/jacob-cohen-j688-bard-2851-300d-40309-2\/#primaryimage\"},\"thumbnailUrl\":\"https:\/\/www.voustenjeans.com\/wp-content\/uploads\/2023\/06\/250003130_front.jpg\",\"datePublished\":\"2025-06-03T20:05:41+00:00\",\"dateModified\":\"2025-10-03T23:50:12+00:00\",\"breadcrumb\":{\"@id\":\"https:\/\/www.voustenjeans.com\/de\/jacob-cohen-j688-bard-2851-300d-40309-2\/#breadcrumb\"},\"inLanguage\":\"de-DE\",\"potentialAction\":[{\"@type\":\"ReadAction\",\"target\":[\"https:\/\/www.voustenjeans.com\/de\/jacob-cohen-j688-bard-2851-300d-40309-2\/\"]}]},{\"@type\":\"ImageObject\",\"inLanguage\":\"de-DE\",\"@id\":\"https:\/\/www.voustenjeans.com\/de\/jacob-cohen-j688-bard-2851-300d-40309-2\/#primaryimage\",\"url\":\"https:\/\/www.voustenjeans.com\/wp-content\/uploads\/2023\/06\/250003130_front.jpg\",\"contentUrl\":\"https:\/\/www.voustenjeans.com\/wp-content\/uploads\/2023\/06\/250003130_front.jpg\",\"width\":800,\"height\":2250},{\"@type\":\"BreadcrumbList\",\"@id\":\"https:\/\/www.voustenjeans.com\/de\/jacob-cohen-j688-bard-2851-300d-40309-2\/#breadcrumb\",\"itemListElement\":[{\"@type\":\"ListItem\",\"position\":1,\"name\":\"Home\",\"item\":\"https:\/\/www.voustenjeans.com\/de\/\"},{\"@type\":\"ListItem\",\"position\":2,\"name\":\"Shop\",\"item\":\"https:\/\/www.voustenjeans.com\/de\/shop\/\"},{\"@type\":\"ListItem\",\"position\":3,\"name\":\"Jacob Coh\u00ebn J688 (Bard) 2851 300D (40309)\"}]},{\"@type\":\"WebSite\",\"@id\":\"https:\/\/www.voustenjeans.com\/en\/#website\",\"url\":\"https:\/\/www.voustenjeans.com\/en\/\",\"name\":\"Vousten Jeans\",\"description\":\"\",\"potentialAction\":[{\"@type\":\"SearchAction\",\"target\":{\"@type\":\"EntryPoint\",\"urlTemplate\":\"https:\/\/www.voustenjeans.com\/en\/?s={search_term_string}\"},\"query-input\":\"required name=search_term_string\"}],\"inLanguage\":\"de-DE\"}]}<\/script>\n<!-- \/ Yoast SEO plugin. -->","yoast_head_json":{"title":"Jacob Coh\u00ebn J688 (Bard) 2851 300D (40309) - Vousten Jeans","robots":{"index":"index","follow":"follow","max-snippet":"max-snippet:-1","max-image-preview":"max-image-preview:large","max-video-preview":"max-video-preview:-1"},"canonical":"https:\/\/www.voustenjeans.com\/de\/jacob-cohen-j688-bard-2851-300d-40309-2\/","og_locale":"de_DE","og_type":"article","og_title":"Jacob Coh\u00ebn J688 (Bard) 2851 300D (40309) - Vousten Jeans","og_description":"Dies sind moderne Jeans und haben eine schmale Passform mit etwas mehr Platz f\u00fcr die Oberschenkel. Stretchjeans H\u00f6here Taille Knopfverschluss Ausgestattet mit einem weichen dunkelblauen Patch\u00a0 Material: 92 % Baumwolle, 6 % Elastomultiester, 2 % Elasthan\u00a0 Fu\u00dfbreite: 19 cm Grundl\u00e4nge: 35 Zoll (kann je nach W\u00e4sche leicht variieren) Diese Jeans von Jacob Cohen werden in [...]","og_url":"https:\/\/www.voustenjeans.com\/de\/jacob-cohen-j688-bard-2851-300d-40309-2\/","og_site_name":"Vousten Jeans","article_modified_time":"2025-10-03T23:50:12+00:00","og_image":[{"width":800,"height":2250,"url":"https:\/\/www.voustenjeans.com\/wp-content\/uploads\/2023\/06\/250003130_front.jpg","type":"image\/jpeg"}],"twitter_card":"summary_large_image","schema":{"@context":"https:\/\/schema.org","@graph":[{"@type":"WebPage","@id":"https:\/\/www.voustenjeans.com\/de\/jacob-cohen-j688-bard-2851-300d-40309-2\/","url":"https:\/\/www.voustenjeans.com\/de\/jacob-cohen-j688-bard-2851-300d-40309-2\/","name":"Jacob Coh\u00ebn J688 (Bard) 2851 300D (40309) - Vousten Jeans","isPartOf":{"@id":"https:\/\/www.voustenjeans.com\/en\/#website"},"primaryImageOfPage":{"@id":"https:\/\/www.voustenjeans.com\/de\/jacob-cohen-j688-bard-2851-300d-40309-2\/#primaryimage"},"image":{"@id":"https:\/\/www.voustenjeans.com\/de\/jacob-cohen-j688-bard-2851-300d-40309-2\/#primaryimage"},"thumbnailUrl":"https:\/\/www.voustenjeans.com\/wp-content\/uploads\/2023\/06\/250003130_front.jpg","datePublished":"2025-06-03T20:05:41+00:00","dateModified":"2025-10-03T23:50:12+00:00","breadcrumb":{"@id":"https:\/\/www.voustenjeans.com\/de\/jacob-cohen-j688-bard-2851-300d-40309-2\/#breadcrumb"},"inLanguage":"de-DE","potentialAction":[{"@type":"ReadAction","target":["https:\/\/www.voustenjeans.com\/de\/jacob-cohen-j688-bard-2851-300d-40309-2\/"]}]},{"@type":"ImageObject","inLanguage":"de-DE","@id":"https:\/\/www.voustenjeans.com\/de\/jacob-cohen-j688-bard-2851-300d-40309-2\/#primaryimage","url":"https:\/\/www.voustenjeans.com\/wp-content\/uploads\/2023\/06\/250003130_front.jpg","contentUrl":"https:\/\/www.voustenjeans.com\/wp-content\/uploads\/2023\/06\/250003130_front.jpg","width":800,"height":2250},{"@type":"BreadcrumbList","@id":"https:\/\/www.voustenjeans.com\/de\/jacob-cohen-j688-bard-2851-300d-40309-2\/#breadcrumb","itemListElement":[{"@type":"ListItem","position":1,"name":"Home","item":"https:\/\/www.voustenjeans.com\/de\/"},{"@type":"ListItem","position":2,"name":"Shop","item":"https:\/\/www.voustenjeans.com\/de\/shop\/"},{"@type":"ListItem","position":3,"name":"Jacob Coh\u00ebn J688 (Bard) 2851 300D (40309)"}]},{"@type":"WebSite","@id":"https:\/\/www.voustenjeans.com\/en\/#website","url":"https:\/\/www.voustenjeans.com\/en\/","name":"Vousten Jeans","description":"","potentialAction":[{"@type":"SearchAction","target":{"@type":"EntryPoint","urlTemplate":"https:\/\/www.voustenjeans.com\/en\/?s={search_term_string}"},"query-input":"required name=search_term_string"}],"inLanguage":"de-DE"}]}},"_links":{"self":[{"href":"https:\/\/www.voustenjeans.com\/de\/wp-json\/wp\/v2\/product\/302301"}],"collection":[{"href":"https:\/\/www.voustenjeans.com\/de\/wp-json\/wp\/v2\/product"}],"about":[{"href":"https:\/\/www.voustenjeans.com\/de\/wp-json\/wp\/v2\/types\/product"}],"replies":[{"embeddable":true,"href":"https:\/\/www.voustenjeans.com\/de\/wp-json\/wp\/v2\/comments?post=302301"}],"wp:featuredmedia":[{"embeddable":true,"href":"https:\/\/www.voustenjeans.com\/de\/wp-json\/wp\/v2\/media\/257136"}],"wp:attachment":[{"href":"https:\/\/www.voustenjeans.com\/de\/wp-json\/wp\/v2\/media?parent=302301"}],"wp:term":[{"taxonomy":"product_cat","embeddable":true,"href":"https:\/\/www.voustenjeans.com\/de\/wp-json\/wp\/v2\/product_cat?post=302301"},{"taxonomy":"product_tag","embeddable":true,"href":"https:\/\/www.voustenjeans.com\/de\/wp-json\/wp\/v2\/product_tag?post=302301"}],"curies":[{"name":"wp","href":"https:\/\/api.w.org\/{rel}","templated":true}]}}