{"id":302151,"date":"2025-06-03T21:50:00","date_gmt":"2025-06-03T19:50:00","guid":{"rendered":"https:\/\/www.voustenjeans.com\/jacob-cohen-j688-bard-grand-tour-paris-0014-909d-39628-2\/"},"modified":"2026-04-11T02:56:08","modified_gmt":"2026-04-11T00:56:08","slug":"jacob-cohen-j688-bard-grand-tour-paris-0014-909d-39628-2","status":"publish","type":"product","link":"https:\/\/www.voustenjeans.com\/de\/jacob-cohen-j688-bard-grand-tour-paris-0014-909d-39628-2\/","title":{"rendered":"Jacob Cohen J688 (Bard)  Grand Tour Paris 0014 909D (39628)"},"content":{"rendered":"<p>Die Jacob Coh\u00ebn Grand Tour Capsule Collection f\u00fchrt Sie um die ganze Welt in die sch\u00f6nsten und inspirierendsten St\u00e4dte. Diese graue Jeans entf\u00fchrt Sie in die Stadt Paris, mit einer Hauptrolle f\u00fcr die Kathedrale Notre Dame. Das Notre-Dame-Muster kehrt subtil im Aufn\u00e4her, Knopf, auf der Innenseite und im Schal dieser Jeans zur\u00fcck. Erh\u00e4ltlich in den Modellen 622 Nick Slim und 688 Bard.<\/p>\n<p><em>Jeans herzustellen ist eine Sache, eine Geschichte zu erz\u00e4hlen eine andere!<\/em><\/p>\n<p>Dies sind moderne Jeans und haben eine schmale Passform mit etwas mehr Platz f\u00fcr die Oberschenkel.<\/p>\n<ul>\n<li>Stretchjeans<\/li>\n<li>H\u00f6here Taille<\/li>\n<li>Knopfverschluss<\/li>\n<li>Ausgestattet mit einem schwarzen Aufn\u00e4her mit einem Motiv des Notre Dame<\/li>\n<li>Material: 97 % Baumwolle, 3 % Elasthan\u00a0<\/li>\n<li>Fu\u00dfbreite: 18 cm<\/li>\n<li>Grundl\u00e4nge: 35 Zoll (kann je nach W\u00e4sche leicht variieren)<\/li>\n<li>Diese Jeans von Jacob Cohen werden in Venetien im Nordosten Italiens handgefertigt<\/li>\n<\/ul>\n<p>Wird mit einem passenden Schal und zus\u00e4tzlichem Garn in der richtigen Farbe zum K\u00fcrzen geliefert.<\/p>\n","protected":false},"excerpt":{"rendered":"<p>Die Jacob Coh\u00ebn Grand Tour Capsule Collection f\u00fchrt Sie um die ganze Welt in die sch\u00f6nsten und inspirierendsten St\u00e4dte. Diese graue Jeans entf\u00fchrt Sie in die Stadt Paris, mit einer Hauptrolle f\u00fcr die Kathedrale Notre Dame. Das Notre-Dame-Muster kehrt subtil im Aufn\u00e4her, Knopf, auf der Innenseite und im Schal dieser Jeans zur\u00fcck. Erh\u00e4ltlich in den [&#8230;]\n","protected":false},"featured_media":242461,"comment_status":"open","ping_status":"closed","template":"","meta":[],"product_cat":[1581,1643,1651,1662,1139,1429,1477],"product_tag":[],"acf":[],"yoast_head":"<!-- This site is optimized with the Yoast SEO plugin v22.3 - https:\/\/yoast.com\/wordpress\/plugins\/seo\/ -->\n<title>Jacob Cohen J688 (Bard) Grand Tour Paris 0014 909D (39628) - Vousten Jeans<\/title>\n<meta name=\"robots\" content=\"index, follow, max-snippet:-1, max-image-preview:large, max-video-preview:-1\" \/>\n<link rel=\"canonical\" href=\"https:\/\/www.voustenjeans.com\/de\/jacob-cohen-j688-bard-grand-tour-paris-0014-909d-39628-2\/\" \/>\n<meta property=\"og:locale\" content=\"de_DE\" \/>\n<meta property=\"og:type\" content=\"article\" \/>\n<meta property=\"og:title\" content=\"Jacob Cohen J688 (Bard) Grand Tour Paris 0014 909D (39628) - Vousten Jeans\" \/>\n<meta property=\"og:description\" content=\"Die Jacob Coh\u00ebn Grand Tour Capsule Collection f\u00fchrt Sie um die ganze Welt in die sch\u00f6nsten und inspirierendsten St\u00e4dte. Diese graue Jeans entf\u00fchrt Sie in die Stadt Paris, mit einer Hauptrolle f\u00fcr die Kathedrale Notre Dame. Das Notre-Dame-Muster kehrt subtil im Aufn\u00e4her, Knopf, auf der Innenseite und im Schal dieser Jeans zur\u00fcck. Erh\u00e4ltlich in den [...]\" \/>\n<meta property=\"og:url\" content=\"https:\/\/www.voustenjeans.com\/de\/jacob-cohen-j688-bard-grand-tour-paris-0014-909d-39628-2\/\" \/>\n<meta property=\"og:site_name\" content=\"Vousten Jeans\" \/>\n<meta property=\"article:modified_time\" content=\"2026-04-11T00:56:08+00:00\" \/>\n<meta property=\"og:image\" content=\"https:\/\/www.voustenjeans.com\/wp-content\/uploads\/2023\/06\/jacob_cohen_j688_bard_0014_909d_39628.jpg\" \/>\n\t<meta property=\"og:image:width\" content=\"800\" \/>\n\t<meta property=\"og:image:height\" content=\"2250\" \/>\n\t<meta property=\"og:image:type\" content=\"image\/jpeg\" \/>\n<meta name=\"twitter:card\" content=\"summary_large_image\" \/>\n<meta name=\"twitter:label1\" content=\"Est. reading time\" \/>\n\t<meta name=\"twitter:data1\" content=\"1 Minute\" \/>\n<script type=\"application\/ld+json\" class=\"yoast-schema-graph\">{\"@context\":\"https:\/\/schema.org\",\"@graph\":[{\"@type\":\"WebPage\",\"@id\":\"https:\/\/www.voustenjeans.com\/de\/jacob-cohen-j688-bard-grand-tour-paris-0014-909d-39628-2\/\",\"url\":\"https:\/\/www.voustenjeans.com\/de\/jacob-cohen-j688-bard-grand-tour-paris-0014-909d-39628-2\/\",\"name\":\"Jacob Cohen J688 (Bard) Grand Tour Paris 0014 909D (39628) - Vousten Jeans\",\"isPartOf\":{\"@id\":\"https:\/\/www.voustenjeans.com\/en\/#website\"},\"primaryImageOfPage\":{\"@id\":\"https:\/\/www.voustenjeans.com\/de\/jacob-cohen-j688-bard-grand-tour-paris-0014-909d-39628-2\/#primaryimage\"},\"image\":{\"@id\":\"https:\/\/www.voustenjeans.com\/de\/jacob-cohen-j688-bard-grand-tour-paris-0014-909d-39628-2\/#primaryimage\"},\"thumbnailUrl\":\"https:\/\/www.voustenjeans.com\/wp-content\/uploads\/2023\/06\/jacob_cohen_j688_bard_0014_909d_39628.jpg\",\"datePublished\":\"2025-06-03T19:50:00+00:00\",\"dateModified\":\"2026-04-11T00:56:08+00:00\",\"breadcrumb\":{\"@id\":\"https:\/\/www.voustenjeans.com\/de\/jacob-cohen-j688-bard-grand-tour-paris-0014-909d-39628-2\/#breadcrumb\"},\"inLanguage\":\"de-DE\",\"potentialAction\":[{\"@type\":\"ReadAction\",\"target\":[\"https:\/\/www.voustenjeans.com\/de\/jacob-cohen-j688-bard-grand-tour-paris-0014-909d-39628-2\/\"]}]},{\"@type\":\"ImageObject\",\"inLanguage\":\"de-DE\",\"@id\":\"https:\/\/www.voustenjeans.com\/de\/jacob-cohen-j688-bard-grand-tour-paris-0014-909d-39628-2\/#primaryimage\",\"url\":\"https:\/\/www.voustenjeans.com\/wp-content\/uploads\/2023\/06\/jacob_cohen_j688_bard_0014_909d_39628.jpg\",\"contentUrl\":\"https:\/\/www.voustenjeans.com\/wp-content\/uploads\/2023\/06\/jacob_cohen_j688_bard_0014_909d_39628.jpg\",\"width\":800,\"height\":2250},{\"@type\":\"BreadcrumbList\",\"@id\":\"https:\/\/www.voustenjeans.com\/de\/jacob-cohen-j688-bard-grand-tour-paris-0014-909d-39628-2\/#breadcrumb\",\"itemListElement\":[{\"@type\":\"ListItem\",\"position\":1,\"name\":\"Home\",\"item\":\"https:\/\/www.voustenjeans.com\/de\/\"},{\"@type\":\"ListItem\",\"position\":2,\"name\":\"Shop\",\"item\":\"https:\/\/www.voustenjeans.com\/de\/shop\/\"},{\"@type\":\"ListItem\",\"position\":3,\"name\":\"Jacob Cohen J688 (Bard) Grand Tour Paris 0014 909D (39628)\"}]},{\"@type\":\"WebSite\",\"@id\":\"https:\/\/www.voustenjeans.com\/en\/#website\",\"url\":\"https:\/\/www.voustenjeans.com\/en\/\",\"name\":\"Vousten Jeans\",\"description\":\"\",\"potentialAction\":[{\"@type\":\"SearchAction\",\"target\":{\"@type\":\"EntryPoint\",\"urlTemplate\":\"https:\/\/www.voustenjeans.com\/en\/?s={search_term_string}\"},\"query-input\":\"required name=search_term_string\"}],\"inLanguage\":\"de-DE\"}]}<\/script>\n<!-- \/ Yoast SEO plugin. -->","yoast_head_json":{"title":"Jacob Cohen J688 (Bard) Grand Tour Paris 0014 909D (39628) - Vousten Jeans","robots":{"index":"index","follow":"follow","max-snippet":"max-snippet:-1","max-image-preview":"max-image-preview:large","max-video-preview":"max-video-preview:-1"},"canonical":"https:\/\/www.voustenjeans.com\/de\/jacob-cohen-j688-bard-grand-tour-paris-0014-909d-39628-2\/","og_locale":"de_DE","og_type":"article","og_title":"Jacob Cohen J688 (Bard) Grand Tour Paris 0014 909D (39628) - Vousten Jeans","og_description":"Die Jacob Coh\u00ebn Grand Tour Capsule Collection f\u00fchrt Sie um die ganze Welt in die sch\u00f6nsten und inspirierendsten St\u00e4dte. Diese graue Jeans entf\u00fchrt Sie in die Stadt Paris, mit einer Hauptrolle f\u00fcr die Kathedrale Notre Dame. Das Notre-Dame-Muster kehrt subtil im Aufn\u00e4her, Knopf, auf der Innenseite und im Schal dieser Jeans zur\u00fcck. Erh\u00e4ltlich in den [...]","og_url":"https:\/\/www.voustenjeans.com\/de\/jacob-cohen-j688-bard-grand-tour-paris-0014-909d-39628-2\/","og_site_name":"Vousten Jeans","article_modified_time":"2026-04-11T00:56:08+00:00","og_image":[{"width":800,"height":2250,"url":"https:\/\/www.voustenjeans.com\/wp-content\/uploads\/2023\/06\/jacob_cohen_j688_bard_0014_909d_39628.jpg","type":"image\/jpeg"}],"twitter_card":"summary_large_image","twitter_misc":{"Est. reading time":"1 Minute"},"schema":{"@context":"https:\/\/schema.org","@graph":[{"@type":"WebPage","@id":"https:\/\/www.voustenjeans.com\/de\/jacob-cohen-j688-bard-grand-tour-paris-0014-909d-39628-2\/","url":"https:\/\/www.voustenjeans.com\/de\/jacob-cohen-j688-bard-grand-tour-paris-0014-909d-39628-2\/","name":"Jacob Cohen J688 (Bard) Grand Tour Paris 0014 909D (39628) - Vousten Jeans","isPartOf":{"@id":"https:\/\/www.voustenjeans.com\/en\/#website"},"primaryImageOfPage":{"@id":"https:\/\/www.voustenjeans.com\/de\/jacob-cohen-j688-bard-grand-tour-paris-0014-909d-39628-2\/#primaryimage"},"image":{"@id":"https:\/\/www.voustenjeans.com\/de\/jacob-cohen-j688-bard-grand-tour-paris-0014-909d-39628-2\/#primaryimage"},"thumbnailUrl":"https:\/\/www.voustenjeans.com\/wp-content\/uploads\/2023\/06\/jacob_cohen_j688_bard_0014_909d_39628.jpg","datePublished":"2025-06-03T19:50:00+00:00","dateModified":"2026-04-11T00:56:08+00:00","breadcrumb":{"@id":"https:\/\/www.voustenjeans.com\/de\/jacob-cohen-j688-bard-grand-tour-paris-0014-909d-39628-2\/#breadcrumb"},"inLanguage":"de-DE","potentialAction":[{"@type":"ReadAction","target":["https:\/\/www.voustenjeans.com\/de\/jacob-cohen-j688-bard-grand-tour-paris-0014-909d-39628-2\/"]}]},{"@type":"ImageObject","inLanguage":"de-DE","@id":"https:\/\/www.voustenjeans.com\/de\/jacob-cohen-j688-bard-grand-tour-paris-0014-909d-39628-2\/#primaryimage","url":"https:\/\/www.voustenjeans.com\/wp-content\/uploads\/2023\/06\/jacob_cohen_j688_bard_0014_909d_39628.jpg","contentUrl":"https:\/\/www.voustenjeans.com\/wp-content\/uploads\/2023\/06\/jacob_cohen_j688_bard_0014_909d_39628.jpg","width":800,"height":2250},{"@type":"BreadcrumbList","@id":"https:\/\/www.voustenjeans.com\/de\/jacob-cohen-j688-bard-grand-tour-paris-0014-909d-39628-2\/#breadcrumb","itemListElement":[{"@type":"ListItem","position":1,"name":"Home","item":"https:\/\/www.voustenjeans.com\/de\/"},{"@type":"ListItem","position":2,"name":"Shop","item":"https:\/\/www.voustenjeans.com\/de\/shop\/"},{"@type":"ListItem","position":3,"name":"Jacob Cohen J688 (Bard) Grand Tour Paris 0014 909D (39628)"}]},{"@type":"WebSite","@id":"https:\/\/www.voustenjeans.com\/en\/#website","url":"https:\/\/www.voustenjeans.com\/en\/","name":"Vousten Jeans","description":"","potentialAction":[{"@type":"SearchAction","target":{"@type":"EntryPoint","urlTemplate":"https:\/\/www.voustenjeans.com\/en\/?s={search_term_string}"},"query-input":"required name=search_term_string"}],"inLanguage":"de-DE"}]}},"_links":{"self":[{"href":"https:\/\/www.voustenjeans.com\/de\/wp-json\/wp\/v2\/product\/302151"}],"collection":[{"href":"https:\/\/www.voustenjeans.com\/de\/wp-json\/wp\/v2\/product"}],"about":[{"href":"https:\/\/www.voustenjeans.com\/de\/wp-json\/wp\/v2\/types\/product"}],"replies":[{"embeddable":true,"href":"https:\/\/www.voustenjeans.com\/de\/wp-json\/wp\/v2\/comments?post=302151"}],"wp:featuredmedia":[{"embeddable":true,"href":"https:\/\/www.voustenjeans.com\/de\/wp-json\/wp\/v2\/media\/242461"}],"wp:attachment":[{"href":"https:\/\/www.voustenjeans.com\/de\/wp-json\/wp\/v2\/media?parent=302151"}],"wp:term":[{"taxonomy":"product_cat","embeddable":true,"href":"https:\/\/www.voustenjeans.com\/de\/wp-json\/wp\/v2\/product_cat?post=302151"},{"taxonomy":"product_tag","embeddable":true,"href":"https:\/\/www.voustenjeans.com\/de\/wp-json\/wp\/v2\/product_tag?post=302151"}],"curies":[{"name":"wp","href":"https:\/\/api.w.org\/{rel}","templated":true}]}}