{"id":301461,"date":"2025-06-03T21:10:13","date_gmt":"2025-06-03T19:10:13","guid":{"rendered":"https:\/\/www.voustenjeans.com\/jacob-cohen-j688-bard-special-3864-343d-36825-2\/"},"modified":"2026-03-10T01:10:09","modified_gmt":"2026-03-10T00:10:09","slug":"jacob-cohen-j688-bard-special-3864-343d-36825-2","status":"publish","type":"product","link":"https:\/\/www.voustenjeans.com\/de\/jacob-cohen-j688-bard-special-3864-343d-36825-2\/","title":{"rendered":"Jacob Cohen J688 (Bard) Special 3864 343D (36825)"},"content":{"rendered":"<p>Ist eine moderne Jeans und hat eine schmale Passform mit etwas mehr Platz f\u00fcr die Oberschenkel.<\/p>\n<ul>\n<li>Ist ein exklusive\u00a0<strong>(Special)<\/strong>\u00a0jeans<\/li>\n<li><strong>Ist ein luxuri\u00f6sere jeans als die Limited Edition<\/strong><\/li>\n<li>Stretch jeans<\/li>\n<li>Normale Taillenh\u00f6he (Taillenform)<\/li>\n<li>Knopfverschluss<\/li>\n<li>Ausgestattet mit einem (abnehmbaren) Braunes Krokodilleder Patch<\/li>\n<li>Material: 99% Baumwolle, 1% Elastan<\/li>\n<li>Fu\u00dfbreite: 18 cm<\/li>\n<li>Basisl\u00e4nge: 35 Zoll (kann je nach W\u00e4sche leicht variieren)<\/li>\n<li>Diese Jeans von Jacob Cohen werden in Venetien im Nordosten Italiens von Hand gefertigt<\/li>\n<\/ul>\n<p>Die Patches von Special Jeans bestehen unter anderem aus Rochenleder, Krokodilleder oder Leguanleder. Der abnehmbare Patch macht die Hose einfach zu waschen und es besteht die M\u00f6glichkeit, die Patches zu wechseln. Die Jeans der Special-Kategorie liegen in einer h\u00f6heren Preisklasse als die Limited-Editions, da sie luxuri\u00f6ser in der Ausf\u00fchrung sind.<\/p>\n<p>Lieferung mit einem kostenlosen passenden Schal und zus\u00e4tzlichem Garn in der richtigen Farbe zum K\u00fcrzen<\/p>\n","protected":false},"excerpt":{"rendered":"<p>Ist eine moderne Jeans und hat eine schmale Passform mit etwas mehr Platz f\u00fcr die Oberschenkel. Ist ein exklusive\u00a0(Special)\u00a0jeans Ist ein luxuri\u00f6sere jeans als die Limited Edition Stretch jeans Normale Taillenh\u00f6he (Taillenform) Knopfverschluss Ausgestattet mit einem (abnehmbaren) Braunes Krokodilleder Patch Material: 99% Baumwolle, 1% Elastan Fu\u00dfbreite: 18 cm Basisl\u00e4nge: 35 Zoll (kann je nach W\u00e4sche [&#8230;]\n","protected":false},"featured_media":272020,"comment_status":"open","ping_status":"closed","template":"","meta":[],"product_cat":[1139,1429,1477,1565,1581,1643,1651,1662],"product_tag":[],"acf":[],"yoast_head":"<!-- This site is optimized with the Yoast SEO plugin v22.3 - https:\/\/yoast.com\/wordpress\/plugins\/seo\/ -->\n<title>Jacob Cohen J688 (Bard) Special 3864 343D (36825) - Vousten Jeans<\/title>\n<meta name=\"robots\" content=\"index, follow, max-snippet:-1, max-image-preview:large, max-video-preview:-1\" \/>\n<link rel=\"canonical\" href=\"https:\/\/www.voustenjeans.com\/de\/jacob-cohen-j688-bard-special-3864-343d-36825-2\/\" \/>\n<meta property=\"og:locale\" content=\"de_DE\" \/>\n<meta property=\"og:type\" content=\"article\" \/>\n<meta property=\"og:title\" content=\"Jacob Cohen J688 (Bard) Special 3864 343D (36825) - Vousten Jeans\" \/>\n<meta property=\"og:description\" content=\"Ist eine moderne Jeans und hat eine schmale Passform mit etwas mehr Platz f\u00fcr die Oberschenkel. Ist ein exklusive\u00a0(Special)\u00a0jeans Ist ein luxuri\u00f6sere jeans als die Limited Edition Stretch jeans Normale Taillenh\u00f6he (Taillenform) Knopfverschluss Ausgestattet mit einem (abnehmbaren) Braunes Krokodilleder Patch Material: 99% Baumwolle, 1% Elastan Fu\u00dfbreite: 18 cm Basisl\u00e4nge: 35 Zoll (kann je nach W\u00e4sche [...]\" \/>\n<meta property=\"og:url\" content=\"https:\/\/www.voustenjeans.com\/de\/jacob-cohen-j688-bard-special-3864-343d-36825-2\/\" \/>\n<meta property=\"og:site_name\" content=\"Vousten Jeans\" \/>\n<meta property=\"article:modified_time\" content=\"2026-03-10T00:10:09+00:00\" \/>\n<meta property=\"og:image\" content=\"https:\/\/www.voustenjeans.com\/wp-content\/uploads\/2023\/06\/36825-36824_1_van_3_0.jpg\" \/>\n\t<meta property=\"og:image:width\" content=\"1333\" \/>\n\t<meta property=\"og:image:height\" content=\"2000\" \/>\n\t<meta property=\"og:image:type\" content=\"image\/jpeg\" \/>\n<meta name=\"twitter:card\" content=\"summary_large_image\" \/>\n<meta name=\"twitter:label1\" content=\"Est. reading time\" \/>\n\t<meta name=\"twitter:data1\" content=\"1 Minute\" \/>\n<script type=\"application\/ld+json\" class=\"yoast-schema-graph\">{\"@context\":\"https:\/\/schema.org\",\"@graph\":[{\"@type\":\"WebPage\",\"@id\":\"https:\/\/www.voustenjeans.com\/de\/jacob-cohen-j688-bard-special-3864-343d-36825-2\/\",\"url\":\"https:\/\/www.voustenjeans.com\/de\/jacob-cohen-j688-bard-special-3864-343d-36825-2\/\",\"name\":\"Jacob Cohen J688 (Bard) Special 3864 343D (36825) - Vousten Jeans\",\"isPartOf\":{\"@id\":\"https:\/\/www.voustenjeans.com\/en\/#website\"},\"primaryImageOfPage\":{\"@id\":\"https:\/\/www.voustenjeans.com\/de\/jacob-cohen-j688-bard-special-3864-343d-36825-2\/#primaryimage\"},\"image\":{\"@id\":\"https:\/\/www.voustenjeans.com\/de\/jacob-cohen-j688-bard-special-3864-343d-36825-2\/#primaryimage\"},\"thumbnailUrl\":\"https:\/\/www.voustenjeans.com\/wp-content\/uploads\/2023\/06\/36825-36824_1_van_3_0.jpg\",\"datePublished\":\"2025-06-03T19:10:13+00:00\",\"dateModified\":\"2026-03-10T00:10:09+00:00\",\"breadcrumb\":{\"@id\":\"https:\/\/www.voustenjeans.com\/de\/jacob-cohen-j688-bard-special-3864-343d-36825-2\/#breadcrumb\"},\"inLanguage\":\"de-DE\",\"potentialAction\":[{\"@type\":\"ReadAction\",\"target\":[\"https:\/\/www.voustenjeans.com\/de\/jacob-cohen-j688-bard-special-3864-343d-36825-2\/\"]}]},{\"@type\":\"ImageObject\",\"inLanguage\":\"de-DE\",\"@id\":\"https:\/\/www.voustenjeans.com\/de\/jacob-cohen-j688-bard-special-3864-343d-36825-2\/#primaryimage\",\"url\":\"https:\/\/www.voustenjeans.com\/wp-content\/uploads\/2023\/06\/36825-36824_1_van_3_0.jpg\",\"contentUrl\":\"https:\/\/www.voustenjeans.com\/wp-content\/uploads\/2023\/06\/36825-36824_1_van_3_0.jpg\",\"width\":1333,\"height\":2000},{\"@type\":\"BreadcrumbList\",\"@id\":\"https:\/\/www.voustenjeans.com\/de\/jacob-cohen-j688-bard-special-3864-343d-36825-2\/#breadcrumb\",\"itemListElement\":[{\"@type\":\"ListItem\",\"position\":1,\"name\":\"Home\",\"item\":\"https:\/\/www.voustenjeans.com\/de\/\"},{\"@type\":\"ListItem\",\"position\":2,\"name\":\"Shop\",\"item\":\"https:\/\/www.voustenjeans.com\/de\/shop\/\"},{\"@type\":\"ListItem\",\"position\":3,\"name\":\"Jacob Cohen J688 (Bard) Special 3864 343D (36825)\"}]},{\"@type\":\"WebSite\",\"@id\":\"https:\/\/www.voustenjeans.com\/en\/#website\",\"url\":\"https:\/\/www.voustenjeans.com\/en\/\",\"name\":\"Vousten Jeans\",\"description\":\"\",\"potentialAction\":[{\"@type\":\"SearchAction\",\"target\":{\"@type\":\"EntryPoint\",\"urlTemplate\":\"https:\/\/www.voustenjeans.com\/en\/?s={search_term_string}\"},\"query-input\":\"required name=search_term_string\"}],\"inLanguage\":\"de-DE\"}]}<\/script>\n<!-- \/ Yoast SEO plugin. -->","yoast_head_json":{"title":"Jacob Cohen J688 (Bard) Special 3864 343D (36825) - Vousten Jeans","robots":{"index":"index","follow":"follow","max-snippet":"max-snippet:-1","max-image-preview":"max-image-preview:large","max-video-preview":"max-video-preview:-1"},"canonical":"https:\/\/www.voustenjeans.com\/de\/jacob-cohen-j688-bard-special-3864-343d-36825-2\/","og_locale":"de_DE","og_type":"article","og_title":"Jacob Cohen J688 (Bard) Special 3864 343D (36825) - Vousten Jeans","og_description":"Ist eine moderne Jeans und hat eine schmale Passform mit etwas mehr Platz f\u00fcr die Oberschenkel. Ist ein exklusive\u00a0(Special)\u00a0jeans Ist ein luxuri\u00f6sere jeans als die Limited Edition Stretch jeans Normale Taillenh\u00f6he (Taillenform) Knopfverschluss Ausgestattet mit einem (abnehmbaren) Braunes Krokodilleder Patch Material: 99% Baumwolle, 1% Elastan Fu\u00dfbreite: 18 cm Basisl\u00e4nge: 35 Zoll (kann je nach W\u00e4sche [...]","og_url":"https:\/\/www.voustenjeans.com\/de\/jacob-cohen-j688-bard-special-3864-343d-36825-2\/","og_site_name":"Vousten Jeans","article_modified_time":"2026-03-10T00:10:09+00:00","og_image":[{"width":1333,"height":2000,"url":"https:\/\/www.voustenjeans.com\/wp-content\/uploads\/2023\/06\/36825-36824_1_van_3_0.jpg","type":"image\/jpeg"}],"twitter_card":"summary_large_image","twitter_misc":{"Est. reading time":"1 Minute"},"schema":{"@context":"https:\/\/schema.org","@graph":[{"@type":"WebPage","@id":"https:\/\/www.voustenjeans.com\/de\/jacob-cohen-j688-bard-special-3864-343d-36825-2\/","url":"https:\/\/www.voustenjeans.com\/de\/jacob-cohen-j688-bard-special-3864-343d-36825-2\/","name":"Jacob Cohen J688 (Bard) Special 3864 343D (36825) - Vousten Jeans","isPartOf":{"@id":"https:\/\/www.voustenjeans.com\/en\/#website"},"primaryImageOfPage":{"@id":"https:\/\/www.voustenjeans.com\/de\/jacob-cohen-j688-bard-special-3864-343d-36825-2\/#primaryimage"},"image":{"@id":"https:\/\/www.voustenjeans.com\/de\/jacob-cohen-j688-bard-special-3864-343d-36825-2\/#primaryimage"},"thumbnailUrl":"https:\/\/www.voustenjeans.com\/wp-content\/uploads\/2023\/06\/36825-36824_1_van_3_0.jpg","datePublished":"2025-06-03T19:10:13+00:00","dateModified":"2026-03-10T00:10:09+00:00","breadcrumb":{"@id":"https:\/\/www.voustenjeans.com\/de\/jacob-cohen-j688-bard-special-3864-343d-36825-2\/#breadcrumb"},"inLanguage":"de-DE","potentialAction":[{"@type":"ReadAction","target":["https:\/\/www.voustenjeans.com\/de\/jacob-cohen-j688-bard-special-3864-343d-36825-2\/"]}]},{"@type":"ImageObject","inLanguage":"de-DE","@id":"https:\/\/www.voustenjeans.com\/de\/jacob-cohen-j688-bard-special-3864-343d-36825-2\/#primaryimage","url":"https:\/\/www.voustenjeans.com\/wp-content\/uploads\/2023\/06\/36825-36824_1_van_3_0.jpg","contentUrl":"https:\/\/www.voustenjeans.com\/wp-content\/uploads\/2023\/06\/36825-36824_1_van_3_0.jpg","width":1333,"height":2000},{"@type":"BreadcrumbList","@id":"https:\/\/www.voustenjeans.com\/de\/jacob-cohen-j688-bard-special-3864-343d-36825-2\/#breadcrumb","itemListElement":[{"@type":"ListItem","position":1,"name":"Home","item":"https:\/\/www.voustenjeans.com\/de\/"},{"@type":"ListItem","position":2,"name":"Shop","item":"https:\/\/www.voustenjeans.com\/de\/shop\/"},{"@type":"ListItem","position":3,"name":"Jacob Cohen J688 (Bard) Special 3864 343D (36825)"}]},{"@type":"WebSite","@id":"https:\/\/www.voustenjeans.com\/en\/#website","url":"https:\/\/www.voustenjeans.com\/en\/","name":"Vousten Jeans","description":"","potentialAction":[{"@type":"SearchAction","target":{"@type":"EntryPoint","urlTemplate":"https:\/\/www.voustenjeans.com\/en\/?s={search_term_string}"},"query-input":"required name=search_term_string"}],"inLanguage":"de-DE"}]}},"_links":{"self":[{"href":"https:\/\/www.voustenjeans.com\/de\/wp-json\/wp\/v2\/product\/301461"}],"collection":[{"href":"https:\/\/www.voustenjeans.com\/de\/wp-json\/wp\/v2\/product"}],"about":[{"href":"https:\/\/www.voustenjeans.com\/de\/wp-json\/wp\/v2\/types\/product"}],"replies":[{"embeddable":true,"href":"https:\/\/www.voustenjeans.com\/de\/wp-json\/wp\/v2\/comments?post=301461"}],"wp:featuredmedia":[{"embeddable":true,"href":"https:\/\/www.voustenjeans.com\/de\/wp-json\/wp\/v2\/media\/272020"}],"wp:attachment":[{"href":"https:\/\/www.voustenjeans.com\/de\/wp-json\/wp\/v2\/media?parent=301461"}],"wp:term":[{"taxonomy":"product_cat","embeddable":true,"href":"https:\/\/www.voustenjeans.com\/de\/wp-json\/wp\/v2\/product_cat?post=301461"},{"taxonomy":"product_tag","embeddable":true,"href":"https:\/\/www.voustenjeans.com\/de\/wp-json\/wp\/v2\/product_tag?post=301461"}],"curies":[{"name":"wp","href":"https:\/\/api.w.org\/{rel}","templated":true}]}}