{"id":301450,"date":"2025-06-03T21:09:40","date_gmt":"2025-06-03T19:09:40","guid":{"rendered":"https:\/\/www.voustenjeans.com\/jacob-cohen-bobby-sandfarbe-3755-d31-36797\/"},"modified":"2025-10-02T06:46:09","modified_gmt":"2025-10-02T04:46:09","slug":"jacob-cohen-bobby-sandfarbe-3755-d31-36797","status":"publish","type":"product","link":"https:\/\/www.voustenjeans.com\/de\/jacob-cohen-bobby-sandfarbe-3755-d31-36797\/","title":{"rendered":"Jacob Coh\u00ebn Bobby Sandfarbe 3755 D31 (36797)"},"content":{"rendered":"<div>\n<p>Ist eine semi-l\u00e4ssige Hose aus angenehmer Baumwolle.<\/p>\n<ul>\n<li>Stretch-Chinos<\/li>\n<li>schlanke Passform<\/li>\n<li>Normale Taillenh\u00f6he<\/li>\n<li>Rei\u00dfverschluss<\/li>\n<li>Ausgestattet mit einem sandfarbenen Patch<\/li>\n<li>G\u00fcrtelschlaufen<\/li>\n<li>Seitentaschen<\/li>\n<li>Tickettasche<\/li>\n<li>Paspeltaschen hinten<\/li>\n<li>Material: 96 % Baumwolle, 4 % Elasthan<\/li>\n<li>Standardbasisl\u00e4nge<\/li>\n<\/ul>\n<p>Diese Jacob Cohen Chino wird in Venetien, Nordostitalien, handgefertigt.<\/p>\n<p>\u00a0<\/p>\n<\/div>\n","protected":false},"excerpt":{"rendered":"<p>Ist eine semi-l\u00e4ssige Hose aus angenehmer Baumwolle. Stretch-Chinos schlanke Passform Normale Taillenh\u00f6he Rei\u00dfverschluss Ausgestattet mit einem sandfarbenen Patch G\u00fcrtelschlaufen Seitentaschen Tickettasche Paspeltaschen hinten Material: 96 % Baumwolle, 4 % Elasthan Standardbasisl\u00e4nge Diese Jacob Cohen Chino wird in Venetien, Nordostitalien, handgefertigt. \u00a0<\/p>\n","protected":false},"featured_media":271476,"comment_status":"open","ping_status":"closed","template":"","meta":[],"product_cat":[1643,1651,1662,1139,1453,1581],"product_tag":[],"acf":[],"yoast_head":"<!-- This site is optimized with the Yoast SEO plugin v22.3 - https:\/\/yoast.com\/wordpress\/plugins\/seo\/ -->\n<title>Jacob Coh\u00ebn Bobby Sandfarbe 3755 D31 (36797) - Vousten Jeans<\/title>\n<meta name=\"robots\" content=\"index, follow, max-snippet:-1, max-image-preview:large, max-video-preview:-1\" \/>\n<link rel=\"canonical\" href=\"https:\/\/www.voustenjeans.com\/de\/jacob-cohen-bobby-sandfarbe-3755-d31-36797\/\" \/>\n<meta property=\"og:locale\" content=\"de_DE\" \/>\n<meta property=\"og:type\" content=\"article\" \/>\n<meta property=\"og:title\" content=\"Jacob Coh\u00ebn Bobby Sandfarbe 3755 D31 (36797) - Vousten Jeans\" \/>\n<meta property=\"og:description\" content=\"Ist eine semi-l\u00e4ssige Hose aus angenehmer Baumwolle. Stretch-Chinos schlanke Passform Normale Taillenh\u00f6he Rei\u00dfverschluss Ausgestattet mit einem sandfarbenen Patch G\u00fcrtelschlaufen Seitentaschen Tickettasche Paspeltaschen hinten Material: 96 % Baumwolle, 4 % Elasthan Standardbasisl\u00e4nge Diese Jacob Cohen Chino wird in Venetien, Nordostitalien, handgefertigt. \u00a0\" \/>\n<meta property=\"og:url\" content=\"https:\/\/www.voustenjeans.com\/de\/jacob-cohen-bobby-sandfarbe-3755-d31-36797\/\" \/>\n<meta property=\"og:site_name\" content=\"Vousten Jeans\" \/>\n<meta property=\"article:modified_time\" content=\"2025-10-02T04:46:09+00:00\" \/>\n<meta property=\"og:image\" content=\"https:\/\/www.voustenjeans.com\/wp-content\/uploads\/2023\/06\/36797_1_0.jpg\" \/>\n\t<meta property=\"og:image:width\" content=\"1363\" \/>\n\t<meta property=\"og:image:height\" content=\"2048\" \/>\n\t<meta property=\"og:image:type\" content=\"image\/jpeg\" \/>\n<meta name=\"twitter:card\" content=\"summary_large_image\" \/>\n<script type=\"application\/ld+json\" class=\"yoast-schema-graph\">{\"@context\":\"https:\/\/schema.org\",\"@graph\":[{\"@type\":\"WebPage\",\"@id\":\"https:\/\/www.voustenjeans.com\/de\/jacob-cohen-bobby-sandfarbe-3755-d31-36797\/\",\"url\":\"https:\/\/www.voustenjeans.com\/de\/jacob-cohen-bobby-sandfarbe-3755-d31-36797\/\",\"name\":\"Jacob Coh\u00ebn Bobby Sandfarbe 3755 D31 (36797) - Vousten Jeans\",\"isPartOf\":{\"@id\":\"https:\/\/www.voustenjeans.com\/en\/#website\"},\"primaryImageOfPage\":{\"@id\":\"https:\/\/www.voustenjeans.com\/de\/jacob-cohen-bobby-sandfarbe-3755-d31-36797\/#primaryimage\"},\"image\":{\"@id\":\"https:\/\/www.voustenjeans.com\/de\/jacob-cohen-bobby-sandfarbe-3755-d31-36797\/#primaryimage\"},\"thumbnailUrl\":\"https:\/\/www.voustenjeans.com\/wp-content\/uploads\/2023\/06\/36797_1_0.jpg\",\"datePublished\":\"2025-06-03T19:09:40+00:00\",\"dateModified\":\"2025-10-02T04:46:09+00:00\",\"breadcrumb\":{\"@id\":\"https:\/\/www.voustenjeans.com\/de\/jacob-cohen-bobby-sandfarbe-3755-d31-36797\/#breadcrumb\"},\"inLanguage\":\"de-DE\",\"potentialAction\":[{\"@type\":\"ReadAction\",\"target\":[\"https:\/\/www.voustenjeans.com\/de\/jacob-cohen-bobby-sandfarbe-3755-d31-36797\/\"]}]},{\"@type\":\"ImageObject\",\"inLanguage\":\"de-DE\",\"@id\":\"https:\/\/www.voustenjeans.com\/de\/jacob-cohen-bobby-sandfarbe-3755-d31-36797\/#primaryimage\",\"url\":\"https:\/\/www.voustenjeans.com\/wp-content\/uploads\/2023\/06\/36797_1_0.jpg\",\"contentUrl\":\"https:\/\/www.voustenjeans.com\/wp-content\/uploads\/2023\/06\/36797_1_0.jpg\",\"width\":1363,\"height\":2048},{\"@type\":\"BreadcrumbList\",\"@id\":\"https:\/\/www.voustenjeans.com\/de\/jacob-cohen-bobby-sandfarbe-3755-d31-36797\/#breadcrumb\",\"itemListElement\":[{\"@type\":\"ListItem\",\"position\":1,\"name\":\"Home\",\"item\":\"https:\/\/www.voustenjeans.com\/de\/\"},{\"@type\":\"ListItem\",\"position\":2,\"name\":\"Shop\",\"item\":\"https:\/\/www.voustenjeans.com\/de\/shop\/\"},{\"@type\":\"ListItem\",\"position\":3,\"name\":\"Jacob Coh\u00ebn Bobby Sandfarbe 3755 D31 (36797)\"}]},{\"@type\":\"WebSite\",\"@id\":\"https:\/\/www.voustenjeans.com\/en\/#website\",\"url\":\"https:\/\/www.voustenjeans.com\/en\/\",\"name\":\"Vousten Jeans\",\"description\":\"\",\"potentialAction\":[{\"@type\":\"SearchAction\",\"target\":{\"@type\":\"EntryPoint\",\"urlTemplate\":\"https:\/\/www.voustenjeans.com\/en\/?s={search_term_string}\"},\"query-input\":\"required name=search_term_string\"}],\"inLanguage\":\"de-DE\"}]}<\/script>\n<!-- \/ Yoast SEO plugin. -->","yoast_head_json":{"title":"Jacob Coh\u00ebn Bobby Sandfarbe 3755 D31 (36797) - Vousten Jeans","robots":{"index":"index","follow":"follow","max-snippet":"max-snippet:-1","max-image-preview":"max-image-preview:large","max-video-preview":"max-video-preview:-1"},"canonical":"https:\/\/www.voustenjeans.com\/de\/jacob-cohen-bobby-sandfarbe-3755-d31-36797\/","og_locale":"de_DE","og_type":"article","og_title":"Jacob Coh\u00ebn Bobby Sandfarbe 3755 D31 (36797) - Vousten Jeans","og_description":"Ist eine semi-l\u00e4ssige Hose aus angenehmer Baumwolle. Stretch-Chinos schlanke Passform Normale Taillenh\u00f6he Rei\u00dfverschluss Ausgestattet mit einem sandfarbenen Patch G\u00fcrtelschlaufen Seitentaschen Tickettasche Paspeltaschen hinten Material: 96 % Baumwolle, 4 % Elasthan Standardbasisl\u00e4nge Diese Jacob Cohen Chino wird in Venetien, Nordostitalien, handgefertigt. \u00a0","og_url":"https:\/\/www.voustenjeans.com\/de\/jacob-cohen-bobby-sandfarbe-3755-d31-36797\/","og_site_name":"Vousten Jeans","article_modified_time":"2025-10-02T04:46:09+00:00","og_image":[{"width":1363,"height":2048,"url":"https:\/\/www.voustenjeans.com\/wp-content\/uploads\/2023\/06\/36797_1_0.jpg","type":"image\/jpeg"}],"twitter_card":"summary_large_image","schema":{"@context":"https:\/\/schema.org","@graph":[{"@type":"WebPage","@id":"https:\/\/www.voustenjeans.com\/de\/jacob-cohen-bobby-sandfarbe-3755-d31-36797\/","url":"https:\/\/www.voustenjeans.com\/de\/jacob-cohen-bobby-sandfarbe-3755-d31-36797\/","name":"Jacob Coh\u00ebn Bobby Sandfarbe 3755 D31 (36797) - Vousten Jeans","isPartOf":{"@id":"https:\/\/www.voustenjeans.com\/en\/#website"},"primaryImageOfPage":{"@id":"https:\/\/www.voustenjeans.com\/de\/jacob-cohen-bobby-sandfarbe-3755-d31-36797\/#primaryimage"},"image":{"@id":"https:\/\/www.voustenjeans.com\/de\/jacob-cohen-bobby-sandfarbe-3755-d31-36797\/#primaryimage"},"thumbnailUrl":"https:\/\/www.voustenjeans.com\/wp-content\/uploads\/2023\/06\/36797_1_0.jpg","datePublished":"2025-06-03T19:09:40+00:00","dateModified":"2025-10-02T04:46:09+00:00","breadcrumb":{"@id":"https:\/\/www.voustenjeans.com\/de\/jacob-cohen-bobby-sandfarbe-3755-d31-36797\/#breadcrumb"},"inLanguage":"de-DE","potentialAction":[{"@type":"ReadAction","target":["https:\/\/www.voustenjeans.com\/de\/jacob-cohen-bobby-sandfarbe-3755-d31-36797\/"]}]},{"@type":"ImageObject","inLanguage":"de-DE","@id":"https:\/\/www.voustenjeans.com\/de\/jacob-cohen-bobby-sandfarbe-3755-d31-36797\/#primaryimage","url":"https:\/\/www.voustenjeans.com\/wp-content\/uploads\/2023\/06\/36797_1_0.jpg","contentUrl":"https:\/\/www.voustenjeans.com\/wp-content\/uploads\/2023\/06\/36797_1_0.jpg","width":1363,"height":2048},{"@type":"BreadcrumbList","@id":"https:\/\/www.voustenjeans.com\/de\/jacob-cohen-bobby-sandfarbe-3755-d31-36797\/#breadcrumb","itemListElement":[{"@type":"ListItem","position":1,"name":"Home","item":"https:\/\/www.voustenjeans.com\/de\/"},{"@type":"ListItem","position":2,"name":"Shop","item":"https:\/\/www.voustenjeans.com\/de\/shop\/"},{"@type":"ListItem","position":3,"name":"Jacob Coh\u00ebn Bobby Sandfarbe 3755 D31 (36797)"}]},{"@type":"WebSite","@id":"https:\/\/www.voustenjeans.com\/en\/#website","url":"https:\/\/www.voustenjeans.com\/en\/","name":"Vousten Jeans","description":"","potentialAction":[{"@type":"SearchAction","target":{"@type":"EntryPoint","urlTemplate":"https:\/\/www.voustenjeans.com\/en\/?s={search_term_string}"},"query-input":"required name=search_term_string"}],"inLanguage":"de-DE"}]}},"_links":{"self":[{"href":"https:\/\/www.voustenjeans.com\/de\/wp-json\/wp\/v2\/product\/301450"}],"collection":[{"href":"https:\/\/www.voustenjeans.com\/de\/wp-json\/wp\/v2\/product"}],"about":[{"href":"https:\/\/www.voustenjeans.com\/de\/wp-json\/wp\/v2\/types\/product"}],"replies":[{"embeddable":true,"href":"https:\/\/www.voustenjeans.com\/de\/wp-json\/wp\/v2\/comments?post=301450"}],"wp:featuredmedia":[{"embeddable":true,"href":"https:\/\/www.voustenjeans.com\/de\/wp-json\/wp\/v2\/media\/271476"}],"wp:attachment":[{"href":"https:\/\/www.voustenjeans.com\/de\/wp-json\/wp\/v2\/media?parent=301450"}],"wp:term":[{"taxonomy":"product_cat","embeddable":true,"href":"https:\/\/www.voustenjeans.com\/de\/wp-json\/wp\/v2\/product_cat?post=301450"},{"taxonomy":"product_tag","embeddable":true,"href":"https:\/\/www.voustenjeans.com\/de\/wp-json\/wp\/v2\/product_tag?post=301450"}],"curies":[{"name":"wp","href":"https:\/\/api.w.org\/{rel}","templated":true}]}}