{"id":301399,"date":"2025-06-03T21:07:37","date_gmt":"2025-06-03T19:07:37","guid":{"rendered":"https:\/\/www.voustenjeans.com\/jacob-cohen-j688-bard-36311\/"},"modified":"2026-04-06T01:56:06","modified_gmt":"2026-04-05T23:56:06","slug":"jacob-cohen-j688-bard-36311","status":"publish","type":"product","link":"https:\/\/www.voustenjeans.com\/de\/jacob-cohen-j688-bard-36311\/","title":{"rendered":"Jacob Coh\u00ebn J688 (Bard) (36311)"},"content":{"rendered":"<p>Ist eine moderne Jeans und hat eine schmale Passform mit etwas mehr Platz f\u00fcr die Oberschenkel.<\/p>\n<ul>\n<li>Jogging-Jeans<\/li>\n<li>H\u00f6here Taille<\/li>\n<li>Knopfverschluss Ausgestattet mit einem schwarzen Patch<\/li>\n<li>Hauptteil: 95 % Baumwolle, 6 % Polyester, 2 % Elastan.<\/li>\n<li>Fu\u00dfbreite: 18.5 cm<\/li>\n<li>Basisl\u00e4nge: 35 Zoll (kann je nach W\u00e4sche leicht variieren)<\/li>\n<li>Diese Jeans von Jacob Cohen werden in Venetien im Nordosten Italiens von Hand gefertigt<\/li>\n<\/ul>\n<p>Lieferung mit einem kostenlosen passenden Schal und zus\u00e4tzlichem Garn in der richtigen Farbe zum K\u00fcrzen<\/p>\n","protected":false},"excerpt":{"rendered":"<p>Ist eine moderne Jeans und hat eine schmale Passform mit etwas mehr Platz f\u00fcr die Oberschenkel. Jogging-Jeans H\u00f6here Taille Knopfverschluss Ausgestattet mit einem schwarzen Patch Hauptteil: 95 % Baumwolle, 6 % Polyester, 2 % Elastan. Fu\u00dfbreite: 18.5 cm Basisl\u00e4nge: 35 Zoll (kann je nach W\u00e4sche leicht variieren) Diese Jeans von Jacob Cohen werden in Venetien [&#8230;]\n","protected":false},"featured_media":268468,"comment_status":"open","ping_status":"closed","template":"","meta":[],"product_cat":[1509,1581,1643,1651,1662,1823,1139,1429,1477],"product_tag":[],"acf":[],"yoast_head":"<!-- This site is optimized with the Yoast SEO plugin v22.3 - https:\/\/yoast.com\/wordpress\/plugins\/seo\/ -->\n<title>Jacob Coh\u00ebn J688 (Bard) (36311) - Vousten Jeans<\/title>\n<meta name=\"robots\" content=\"index, follow, max-snippet:-1, max-image-preview:large, max-video-preview:-1\" \/>\n<link rel=\"canonical\" href=\"https:\/\/www.voustenjeans.com\/de\/jacob-cohen-j688-bard-36311\/\" \/>\n<meta property=\"og:locale\" content=\"de_DE\" \/>\n<meta property=\"og:type\" content=\"article\" \/>\n<meta property=\"og:title\" content=\"Jacob Coh\u00ebn J688 (Bard) (36311) - Vousten Jeans\" \/>\n<meta property=\"og:description\" content=\"Ist eine moderne Jeans und hat eine schmale Passform mit etwas mehr Platz f\u00fcr die Oberschenkel. Jogging-Jeans H\u00f6here Taille Knopfverschluss Ausgestattet mit einem schwarzen Patch Hauptteil: 95 % Baumwolle, 6 % Polyester, 2 % Elastan. Fu\u00dfbreite: 18.5 cm Basisl\u00e4nge: 35 Zoll (kann je nach W\u00e4sche leicht variieren) Diese Jeans von Jacob Cohen werden in Venetien [...]\" \/>\n<meta property=\"og:url\" content=\"https:\/\/www.voustenjeans.com\/de\/jacob-cohen-j688-bard-36311\/\" \/>\n<meta property=\"og:site_name\" content=\"Vousten Jeans\" \/>\n<meta property=\"article:modified_time\" content=\"2026-04-05T23:56:06+00:00\" \/>\n<meta property=\"og:image\" content=\"https:\/\/www.voustenjeans.com\/wp-content\/uploads\/2023\/06\/36311_1-2.jpg\" \/>\n\t<meta property=\"og:image:width\" content=\"1365\" \/>\n\t<meta property=\"og:image:height\" content=\"2048\" \/>\n\t<meta property=\"og:image:type\" content=\"image\/jpeg\" \/>\n<meta name=\"twitter:card\" content=\"summary_large_image\" \/>\n<script type=\"application\/ld+json\" class=\"yoast-schema-graph\">{\"@context\":\"https:\/\/schema.org\",\"@graph\":[{\"@type\":\"WebPage\",\"@id\":\"https:\/\/www.voustenjeans.com\/de\/jacob-cohen-j688-bard-36311\/\",\"url\":\"https:\/\/www.voustenjeans.com\/de\/jacob-cohen-j688-bard-36311\/\",\"name\":\"Jacob Coh\u00ebn J688 (Bard) (36311) - Vousten Jeans\",\"isPartOf\":{\"@id\":\"https:\/\/www.voustenjeans.com\/en\/#website\"},\"primaryImageOfPage\":{\"@id\":\"https:\/\/www.voustenjeans.com\/de\/jacob-cohen-j688-bard-36311\/#primaryimage\"},\"image\":{\"@id\":\"https:\/\/www.voustenjeans.com\/de\/jacob-cohen-j688-bard-36311\/#primaryimage\"},\"thumbnailUrl\":\"https:\/\/www.voustenjeans.com\/wp-content\/uploads\/2023\/06\/36311_1-2.jpg\",\"datePublished\":\"2025-06-03T19:07:37+00:00\",\"dateModified\":\"2026-04-05T23:56:06+00:00\",\"breadcrumb\":{\"@id\":\"https:\/\/www.voustenjeans.com\/de\/jacob-cohen-j688-bard-36311\/#breadcrumb\"},\"inLanguage\":\"de-DE\",\"potentialAction\":[{\"@type\":\"ReadAction\",\"target\":[\"https:\/\/www.voustenjeans.com\/de\/jacob-cohen-j688-bard-36311\/\"]}]},{\"@type\":\"ImageObject\",\"inLanguage\":\"de-DE\",\"@id\":\"https:\/\/www.voustenjeans.com\/de\/jacob-cohen-j688-bard-36311\/#primaryimage\",\"url\":\"https:\/\/www.voustenjeans.com\/wp-content\/uploads\/2023\/06\/36311_1-2.jpg\",\"contentUrl\":\"https:\/\/www.voustenjeans.com\/wp-content\/uploads\/2023\/06\/36311_1-2.jpg\",\"width\":1365,\"height\":2048},{\"@type\":\"BreadcrumbList\",\"@id\":\"https:\/\/www.voustenjeans.com\/de\/jacob-cohen-j688-bard-36311\/#breadcrumb\",\"itemListElement\":[{\"@type\":\"ListItem\",\"position\":1,\"name\":\"Home\",\"item\":\"https:\/\/www.voustenjeans.com\/de\/\"},{\"@type\":\"ListItem\",\"position\":2,\"name\":\"Shop\",\"item\":\"https:\/\/www.voustenjeans.com\/de\/shop\/\"},{\"@type\":\"ListItem\",\"position\":3,\"name\":\"Jacob Coh\u00ebn J688 (Bard) (36311)\"}]},{\"@type\":\"WebSite\",\"@id\":\"https:\/\/www.voustenjeans.com\/en\/#website\",\"url\":\"https:\/\/www.voustenjeans.com\/en\/\",\"name\":\"Vousten Jeans\",\"description\":\"\",\"potentialAction\":[{\"@type\":\"SearchAction\",\"target\":{\"@type\":\"EntryPoint\",\"urlTemplate\":\"https:\/\/www.voustenjeans.com\/en\/?s={search_term_string}\"},\"query-input\":\"required name=search_term_string\"}],\"inLanguage\":\"de-DE\"}]}<\/script>\n<!-- \/ Yoast SEO plugin. -->","yoast_head_json":{"title":"Jacob Coh\u00ebn J688 (Bard) (36311) - Vousten Jeans","robots":{"index":"index","follow":"follow","max-snippet":"max-snippet:-1","max-image-preview":"max-image-preview:large","max-video-preview":"max-video-preview:-1"},"canonical":"https:\/\/www.voustenjeans.com\/de\/jacob-cohen-j688-bard-36311\/","og_locale":"de_DE","og_type":"article","og_title":"Jacob Coh\u00ebn J688 (Bard) (36311) - Vousten Jeans","og_description":"Ist eine moderne Jeans und hat eine schmale Passform mit etwas mehr Platz f\u00fcr die Oberschenkel. Jogging-Jeans H\u00f6here Taille Knopfverschluss Ausgestattet mit einem schwarzen Patch Hauptteil: 95 % Baumwolle, 6 % Polyester, 2 % Elastan. Fu\u00dfbreite: 18.5 cm Basisl\u00e4nge: 35 Zoll (kann je nach W\u00e4sche leicht variieren) Diese Jeans von Jacob Cohen werden in Venetien [...]","og_url":"https:\/\/www.voustenjeans.com\/de\/jacob-cohen-j688-bard-36311\/","og_site_name":"Vousten Jeans","article_modified_time":"2026-04-05T23:56:06+00:00","og_image":[{"width":1365,"height":2048,"url":"https:\/\/www.voustenjeans.com\/wp-content\/uploads\/2023\/06\/36311_1-2.jpg","type":"image\/jpeg"}],"twitter_card":"summary_large_image","schema":{"@context":"https:\/\/schema.org","@graph":[{"@type":"WebPage","@id":"https:\/\/www.voustenjeans.com\/de\/jacob-cohen-j688-bard-36311\/","url":"https:\/\/www.voustenjeans.com\/de\/jacob-cohen-j688-bard-36311\/","name":"Jacob Coh\u00ebn J688 (Bard) (36311) - Vousten Jeans","isPartOf":{"@id":"https:\/\/www.voustenjeans.com\/en\/#website"},"primaryImageOfPage":{"@id":"https:\/\/www.voustenjeans.com\/de\/jacob-cohen-j688-bard-36311\/#primaryimage"},"image":{"@id":"https:\/\/www.voustenjeans.com\/de\/jacob-cohen-j688-bard-36311\/#primaryimage"},"thumbnailUrl":"https:\/\/www.voustenjeans.com\/wp-content\/uploads\/2023\/06\/36311_1-2.jpg","datePublished":"2025-06-03T19:07:37+00:00","dateModified":"2026-04-05T23:56:06+00:00","breadcrumb":{"@id":"https:\/\/www.voustenjeans.com\/de\/jacob-cohen-j688-bard-36311\/#breadcrumb"},"inLanguage":"de-DE","potentialAction":[{"@type":"ReadAction","target":["https:\/\/www.voustenjeans.com\/de\/jacob-cohen-j688-bard-36311\/"]}]},{"@type":"ImageObject","inLanguage":"de-DE","@id":"https:\/\/www.voustenjeans.com\/de\/jacob-cohen-j688-bard-36311\/#primaryimage","url":"https:\/\/www.voustenjeans.com\/wp-content\/uploads\/2023\/06\/36311_1-2.jpg","contentUrl":"https:\/\/www.voustenjeans.com\/wp-content\/uploads\/2023\/06\/36311_1-2.jpg","width":1365,"height":2048},{"@type":"BreadcrumbList","@id":"https:\/\/www.voustenjeans.com\/de\/jacob-cohen-j688-bard-36311\/#breadcrumb","itemListElement":[{"@type":"ListItem","position":1,"name":"Home","item":"https:\/\/www.voustenjeans.com\/de\/"},{"@type":"ListItem","position":2,"name":"Shop","item":"https:\/\/www.voustenjeans.com\/de\/shop\/"},{"@type":"ListItem","position":3,"name":"Jacob Coh\u00ebn J688 (Bard) (36311)"}]},{"@type":"WebSite","@id":"https:\/\/www.voustenjeans.com\/en\/#website","url":"https:\/\/www.voustenjeans.com\/en\/","name":"Vousten Jeans","description":"","potentialAction":[{"@type":"SearchAction","target":{"@type":"EntryPoint","urlTemplate":"https:\/\/www.voustenjeans.com\/en\/?s={search_term_string}"},"query-input":"required name=search_term_string"}],"inLanguage":"de-DE"}]}},"_links":{"self":[{"href":"https:\/\/www.voustenjeans.com\/de\/wp-json\/wp\/v2\/product\/301399"}],"collection":[{"href":"https:\/\/www.voustenjeans.com\/de\/wp-json\/wp\/v2\/product"}],"about":[{"href":"https:\/\/www.voustenjeans.com\/de\/wp-json\/wp\/v2\/types\/product"}],"replies":[{"embeddable":true,"href":"https:\/\/www.voustenjeans.com\/de\/wp-json\/wp\/v2\/comments?post=301399"}],"wp:featuredmedia":[{"embeddable":true,"href":"https:\/\/www.voustenjeans.com\/de\/wp-json\/wp\/v2\/media\/268468"}],"wp:attachment":[{"href":"https:\/\/www.voustenjeans.com\/de\/wp-json\/wp\/v2\/media?parent=301399"}],"wp:term":[{"taxonomy":"product_cat","embeddable":true,"href":"https:\/\/www.voustenjeans.com\/de\/wp-json\/wp\/v2\/product_cat?post=301399"},{"taxonomy":"product_tag","embeddable":true,"href":"https:\/\/www.voustenjeans.com\/de\/wp-json\/wp\/v2\/product_tag?post=301399"}],"curies":[{"name":"wp","href":"https:\/\/api.w.org\/{rel}","templated":true}]}}