{"id":301395,"date":"2025-06-03T21:07:26","date_gmt":"2025-06-03T19:07:26","guid":{"rendered":"https:\/\/www.voustenjeans.com\/jacob-cohen-j620-eduard-special-36307\/"},"modified":"2026-04-17T02:00:10","modified_gmt":"2026-04-17T00:00:10","slug":"jacob-cohen-j620-eduard-special-36307","status":"publish","type":"product","link":"https:\/\/www.voustenjeans.com\/de\/jacob-cohen-j620-eduard-special-36307\/","title":{"rendered":"Jacob Coh\u00ebn J620 (Eduard) Special (36307)"},"content":{"rendered":"<div>\n<div>\n<div>\n<div>\n<p>Hat eine normale Passform und f\u00e4llt normal aus.<\/p>\n<ul>\n<li>Ist ein exklusive\u00a0<strong>(Special)<\/strong>\u00a0jeans<\/li>\n<li><strong>Ist ein luxuri\u00f6sere jeans als die Limited Edition<\/strong><\/li>\n<li>Stretch jeans<\/li>\n<li>Standard-Taillenh\u00f6he<\/li>\n<li>Knopfverschluss<\/li>\n<li>Geeignet f\u00fcr straffe Beine<\/li>\n<li>Ausgestattet mit einem (abnehmbaren) Braunen Pythonleder Patch<\/li>\n<li>Hauptteil: 92 % Baumwolle, 6 % Elastomultiester, 2 % Elastan.<\/li>\n<li>Fu\u00dfbreite: 21.5\u00a0cm<\/li>\n<li>Basisl\u00e4nge: 35 Zoll (kann je nach W\u00e4sche leicht variieren)<\/li>\n<li>Diese Jeans von Jacob Cohen werden in Venetien im Nordosten Italiens von Hand gefertigt<\/li>\n<\/ul>\n<p>Die Patches von Special Jeans bestehen unter anderem aus Rochenleder, Krokodilleder oder Leguanleder. Der abnehmbare Patch macht die Hose einfach zu waschen und es besteht die M\u00f6glichkeit, die Patches zu wechseln. Die Jeans der Special-Kategorie liegen in einer h\u00f6heren Preisklasse als die Limited-Editions, da sie luxuri\u00f6ser in der Ausf\u00fchrung sind.<\/p>\n<p>Lieferung mit einem kostenlosen passenden Schal und zus\u00e4tzlichem Garn in der richtigen Farbe zum K\u00fcrzen<\/p>\n<\/div>\n<\/div>\n<\/div>\n<\/div>\n<div>\n<div>\n<div>\n<ul>\n<\/ul>\n<\/div>\n<\/div>\n<\/div>\n","protected":false},"excerpt":{"rendered":"<p>Hat eine normale Passform und f\u00e4llt normal aus. Ist ein exklusive\u00a0(Special)\u00a0jeans Ist ein luxuri\u00f6sere jeans als die Limited Edition Stretch jeans Standard-Taillenh\u00f6he Knopfverschluss Geeignet f\u00fcr straffe Beine Ausgestattet mit einem (abnehmbaren) Braunen Pythonleder Patch Hauptteil: 92 % Baumwolle, 6 % Elastomultiester, 2 % Elastan. Fu\u00dfbreite: 21.5\u00a0cm Basisl\u00e4nge: 35 Zoll (kann je nach W\u00e4sche leicht variieren) [&#8230;]\n","protected":false},"featured_media":270908,"comment_status":"open","ping_status":"closed","template":"","meta":[],"product_cat":[1565,1581,1643,1651,1662,1139,1405,1477],"product_tag":[],"acf":[],"yoast_head":"<!-- This site is optimized with the Yoast SEO plugin v22.3 - https:\/\/yoast.com\/wordpress\/plugins\/seo\/ -->\n<title>Jacob Coh\u00ebn J620 (Eduard) Special (36307) - Vousten Jeans<\/title>\n<meta name=\"robots\" content=\"index, follow, max-snippet:-1, max-image-preview:large, max-video-preview:-1\" \/>\n<link rel=\"canonical\" href=\"https:\/\/www.voustenjeans.com\/de\/jacob-cohen-j620-eduard-special-36307\/\" \/>\n<meta property=\"og:locale\" content=\"de_DE\" \/>\n<meta property=\"og:type\" content=\"article\" \/>\n<meta property=\"og:title\" content=\"Jacob Coh\u00ebn J620 (Eduard) Special (36307) - Vousten Jeans\" \/>\n<meta property=\"og:description\" content=\"Hat eine normale Passform und f\u00e4llt normal aus. Ist ein exklusive\u00a0(Special)\u00a0jeans Ist ein luxuri\u00f6sere jeans als die Limited Edition Stretch jeans Standard-Taillenh\u00f6he Knopfverschluss Geeignet f\u00fcr straffe Beine Ausgestattet mit einem (abnehmbaren) Braunen Pythonleder Patch Hauptteil: 92 % Baumwolle, 6 % Elastomultiester, 2 % Elastan. Fu\u00dfbreite: 21.5\u00a0cm Basisl\u00e4nge: 35 Zoll (kann je nach W\u00e4sche leicht variieren) [...]\" \/>\n<meta property=\"og:url\" content=\"https:\/\/www.voustenjeans.com\/de\/jacob-cohen-j620-eduard-special-36307\/\" \/>\n<meta property=\"og:site_name\" content=\"Vousten Jeans\" \/>\n<meta property=\"article:modified_time\" content=\"2026-04-17T00:00:10+00:00\" \/>\n<meta property=\"og:image\" content=\"https:\/\/www.voustenjeans.com\/wp-content\/uploads\/2023\/06\/36307_1.jpg\" \/>\n\t<meta property=\"og:image:width\" content=\"1362\" \/>\n\t<meta property=\"og:image:height\" content=\"2048\" \/>\n\t<meta property=\"og:image:type\" content=\"image\/jpeg\" \/>\n<meta name=\"twitter:card\" content=\"summary_large_image\" \/>\n<meta name=\"twitter:label1\" content=\"Est. reading time\" \/>\n\t<meta name=\"twitter:data1\" content=\"1 Minute\" \/>\n<script type=\"application\/ld+json\" class=\"yoast-schema-graph\">{\"@context\":\"https:\/\/schema.org\",\"@graph\":[{\"@type\":\"WebPage\",\"@id\":\"https:\/\/www.voustenjeans.com\/de\/jacob-cohen-j620-eduard-special-36307\/\",\"url\":\"https:\/\/www.voustenjeans.com\/de\/jacob-cohen-j620-eduard-special-36307\/\",\"name\":\"Jacob Coh\u00ebn J620 (Eduard) Special (36307) - Vousten Jeans\",\"isPartOf\":{\"@id\":\"https:\/\/www.voustenjeans.com\/en\/#website\"},\"primaryImageOfPage\":{\"@id\":\"https:\/\/www.voustenjeans.com\/de\/jacob-cohen-j620-eduard-special-36307\/#primaryimage\"},\"image\":{\"@id\":\"https:\/\/www.voustenjeans.com\/de\/jacob-cohen-j620-eduard-special-36307\/#primaryimage\"},\"thumbnailUrl\":\"https:\/\/www.voustenjeans.com\/wp-content\/uploads\/2023\/06\/36307_1.jpg\",\"datePublished\":\"2025-06-03T19:07:26+00:00\",\"dateModified\":\"2026-04-17T00:00:10+00:00\",\"breadcrumb\":{\"@id\":\"https:\/\/www.voustenjeans.com\/de\/jacob-cohen-j620-eduard-special-36307\/#breadcrumb\"},\"inLanguage\":\"de-DE\",\"potentialAction\":[{\"@type\":\"ReadAction\",\"target\":[\"https:\/\/www.voustenjeans.com\/de\/jacob-cohen-j620-eduard-special-36307\/\"]}]},{\"@type\":\"ImageObject\",\"inLanguage\":\"de-DE\",\"@id\":\"https:\/\/www.voustenjeans.com\/de\/jacob-cohen-j620-eduard-special-36307\/#primaryimage\",\"url\":\"https:\/\/www.voustenjeans.com\/wp-content\/uploads\/2023\/06\/36307_1.jpg\",\"contentUrl\":\"https:\/\/www.voustenjeans.com\/wp-content\/uploads\/2023\/06\/36307_1.jpg\",\"width\":1362,\"height\":2048},{\"@type\":\"BreadcrumbList\",\"@id\":\"https:\/\/www.voustenjeans.com\/de\/jacob-cohen-j620-eduard-special-36307\/#breadcrumb\",\"itemListElement\":[{\"@type\":\"ListItem\",\"position\":1,\"name\":\"Home\",\"item\":\"https:\/\/www.voustenjeans.com\/de\/\"},{\"@type\":\"ListItem\",\"position\":2,\"name\":\"Shop\",\"item\":\"https:\/\/www.voustenjeans.com\/de\/shop\/\"},{\"@type\":\"ListItem\",\"position\":3,\"name\":\"Jacob Coh\u00ebn J620 (Eduard) Special (36307)\"}]},{\"@type\":\"WebSite\",\"@id\":\"https:\/\/www.voustenjeans.com\/en\/#website\",\"url\":\"https:\/\/www.voustenjeans.com\/en\/\",\"name\":\"Vousten Jeans\",\"description\":\"\",\"potentialAction\":[{\"@type\":\"SearchAction\",\"target\":{\"@type\":\"EntryPoint\",\"urlTemplate\":\"https:\/\/www.voustenjeans.com\/en\/?s={search_term_string}\"},\"query-input\":\"required name=search_term_string\"}],\"inLanguage\":\"de-DE\"}]}<\/script>\n<!-- \/ Yoast SEO plugin. -->","yoast_head_json":{"title":"Jacob Coh\u00ebn J620 (Eduard) Special (36307) - Vousten Jeans","robots":{"index":"index","follow":"follow","max-snippet":"max-snippet:-1","max-image-preview":"max-image-preview:large","max-video-preview":"max-video-preview:-1"},"canonical":"https:\/\/www.voustenjeans.com\/de\/jacob-cohen-j620-eduard-special-36307\/","og_locale":"de_DE","og_type":"article","og_title":"Jacob Coh\u00ebn J620 (Eduard) Special (36307) - Vousten Jeans","og_description":"Hat eine normale Passform und f\u00e4llt normal aus. Ist ein exklusive\u00a0(Special)\u00a0jeans Ist ein luxuri\u00f6sere jeans als die Limited Edition Stretch jeans Standard-Taillenh\u00f6he Knopfverschluss Geeignet f\u00fcr straffe Beine Ausgestattet mit einem (abnehmbaren) Braunen Pythonleder Patch Hauptteil: 92 % Baumwolle, 6 % Elastomultiester, 2 % Elastan. Fu\u00dfbreite: 21.5\u00a0cm Basisl\u00e4nge: 35 Zoll (kann je nach W\u00e4sche leicht variieren) [...]","og_url":"https:\/\/www.voustenjeans.com\/de\/jacob-cohen-j620-eduard-special-36307\/","og_site_name":"Vousten Jeans","article_modified_time":"2026-04-17T00:00:10+00:00","og_image":[{"width":1362,"height":2048,"url":"https:\/\/www.voustenjeans.com\/wp-content\/uploads\/2023\/06\/36307_1.jpg","type":"image\/jpeg"}],"twitter_card":"summary_large_image","twitter_misc":{"Est. reading time":"1 Minute"},"schema":{"@context":"https:\/\/schema.org","@graph":[{"@type":"WebPage","@id":"https:\/\/www.voustenjeans.com\/de\/jacob-cohen-j620-eduard-special-36307\/","url":"https:\/\/www.voustenjeans.com\/de\/jacob-cohen-j620-eduard-special-36307\/","name":"Jacob Coh\u00ebn J620 (Eduard) Special (36307) - Vousten Jeans","isPartOf":{"@id":"https:\/\/www.voustenjeans.com\/en\/#website"},"primaryImageOfPage":{"@id":"https:\/\/www.voustenjeans.com\/de\/jacob-cohen-j620-eduard-special-36307\/#primaryimage"},"image":{"@id":"https:\/\/www.voustenjeans.com\/de\/jacob-cohen-j620-eduard-special-36307\/#primaryimage"},"thumbnailUrl":"https:\/\/www.voustenjeans.com\/wp-content\/uploads\/2023\/06\/36307_1.jpg","datePublished":"2025-06-03T19:07:26+00:00","dateModified":"2026-04-17T00:00:10+00:00","breadcrumb":{"@id":"https:\/\/www.voustenjeans.com\/de\/jacob-cohen-j620-eduard-special-36307\/#breadcrumb"},"inLanguage":"de-DE","potentialAction":[{"@type":"ReadAction","target":["https:\/\/www.voustenjeans.com\/de\/jacob-cohen-j620-eduard-special-36307\/"]}]},{"@type":"ImageObject","inLanguage":"de-DE","@id":"https:\/\/www.voustenjeans.com\/de\/jacob-cohen-j620-eduard-special-36307\/#primaryimage","url":"https:\/\/www.voustenjeans.com\/wp-content\/uploads\/2023\/06\/36307_1.jpg","contentUrl":"https:\/\/www.voustenjeans.com\/wp-content\/uploads\/2023\/06\/36307_1.jpg","width":1362,"height":2048},{"@type":"BreadcrumbList","@id":"https:\/\/www.voustenjeans.com\/de\/jacob-cohen-j620-eduard-special-36307\/#breadcrumb","itemListElement":[{"@type":"ListItem","position":1,"name":"Home","item":"https:\/\/www.voustenjeans.com\/de\/"},{"@type":"ListItem","position":2,"name":"Shop","item":"https:\/\/www.voustenjeans.com\/de\/shop\/"},{"@type":"ListItem","position":3,"name":"Jacob Coh\u00ebn J620 (Eduard) Special (36307)"}]},{"@type":"WebSite","@id":"https:\/\/www.voustenjeans.com\/en\/#website","url":"https:\/\/www.voustenjeans.com\/en\/","name":"Vousten Jeans","description":"","potentialAction":[{"@type":"SearchAction","target":{"@type":"EntryPoint","urlTemplate":"https:\/\/www.voustenjeans.com\/en\/?s={search_term_string}"},"query-input":"required name=search_term_string"}],"inLanguage":"de-DE"}]}},"_links":{"self":[{"href":"https:\/\/www.voustenjeans.com\/de\/wp-json\/wp\/v2\/product\/301395"}],"collection":[{"href":"https:\/\/www.voustenjeans.com\/de\/wp-json\/wp\/v2\/product"}],"about":[{"href":"https:\/\/www.voustenjeans.com\/de\/wp-json\/wp\/v2\/types\/product"}],"replies":[{"embeddable":true,"href":"https:\/\/www.voustenjeans.com\/de\/wp-json\/wp\/v2\/comments?post=301395"}],"wp:featuredmedia":[{"embeddable":true,"href":"https:\/\/www.voustenjeans.com\/de\/wp-json\/wp\/v2\/media\/270908"}],"wp:attachment":[{"href":"https:\/\/www.voustenjeans.com\/de\/wp-json\/wp\/v2\/media?parent=301395"}],"wp:term":[{"taxonomy":"product_cat","embeddable":true,"href":"https:\/\/www.voustenjeans.com\/de\/wp-json\/wp\/v2\/product_cat?post=301395"},{"taxonomy":"product_tag","embeddable":true,"href":"https:\/\/www.voustenjeans.com\/de\/wp-json\/wp\/v2\/product_tag?post=301395"}],"curies":[{"name":"wp","href":"https:\/\/api.w.org\/{rel}","templated":true}]}}