{"id":670,"date":"2023-04-06T12:45:57","date_gmt":"2023-04-06T12:45:57","guid":{"rendered":"https:\/\/www.voustenjeans.com\/uber-vousten\/"},"modified":"2026-01-15T07:58:06","modified_gmt":"2026-01-15T06:58:06","slug":"ueber-vousten","status":"publish","type":"page","link":"https:\/\/www.voustenjeans.com\/de\/ueber-vousten\/","title":{"rendered":"\u00dcber Vousten"},"content":{"rendered":"<h1>\u00dcber Vousten<\/h1>\n<h3 class=\"wp-block-heading has-text-align-center\">Vorstellung des Vousten Mode<\/h3>\n<p>Willkommen bei Vousten Brands Of The World, einem internationalen Online-Shop mit Sitz in den Niederlanden, registriert unter dem Handelsnamen Vousten Man &amp; Mode B.V. Gegr\u00fcndet im Jahr 1926, hat sich Vousten Man &amp; Mode B.V. zu einem f\u00fchrenden Online-Spezialisten f\u00fcr Luxusmodemarken entwickelt. Wir haben treue Kunden sowohl in den Niederlanden als auch international. Vousten Man &amp; Mode B.V. betreibt ein dynamisches und kreatives Gesch\u00e4ftsmodell und bietet eine umfangreiche Auswahl an weltber\u00fchmten Luxusmarken in einem Gesch\u00e4ft in Schijndel und \u00fcber verschiedene Online-Shops.<\/p>\n<figure class=\"wp-block-gallery has-nested-images columns-default is-cropped wp-block-gallery-1 is-layout-flex wp-block-gallery-is-layout-flex\">\n<figure class=\"wp-block-image size-large\"><img decoding=\"async\" data-id=\"373352\" src=\"https:\/\/checkout.voustenbrandsoftheworld.com\/wp-content\/uploads\/2026\/01\/The-Store-5-1024x768.png\" alt=\"\" class=\"wp-image-373352\" \/><\/figure>\n<figure class=\"wp-block-image size-large\"><img decoding=\"async\" data-id=\"373360\" src=\"https:\/\/checkout.voustenbrandsoftheworld.com\/wp-content\/uploads\/2026\/01\/The-Store-6-2-1024x768.png\" alt=\"\" class=\"wp-image-373360\" \/><\/figure>\n<\/figure>\n<h3 class=\"wp-block-heading has-text-align-center\"><strong>Kompromissloser Luxus mit Un\u00fcbertroffenem Service<\/strong><\/h3>\n<p>Wir erf\u00fcllen die Anforderungen der anspruchsvollsten Verbraucher, indem wir kompromisslosen Luxus mit un\u00fcbertroffenem Service bieten. Alle unsere Aktivit\u00e4ten erfolgen neben unserem Gesch\u00e4ft in Schijndel von vier Satellitenlagern aus, die sich in Schijndel (Europa), Hongkong (Asien) und Los Angeles (Amerika) befinden. Dies stellt sicher, dass unsere Produkte in den meisten F\u00e4llen innerhalb von 24 Stunden bei Ihnen eintreffen und in der Regel nicht sp\u00e4ter als nach 3 Tagen. Dies erm\u00f6glicht es Ihnen als Kunden, in Ihrer lokalen W\u00e4hrung zu bezahlen und sich an unseren \u00f6rtlichen Kundenservice zu wenden, der bereit ist, alle Ihre Fragen und Anfragen zu beantworten. Nachhaltiges Unternehmertum ist ein wichtiger Bestandteil unserer Unternehmensf\u00fchrung.<\/p>\n<h3 class=\"wp-block-heading has-text-align-center\"><strong>Die Geschichte von Vousten<\/strong><\/h3>\n<p>Vousten Man &amp; Mode B.V. wurde 1926 von Herrn Theo Vousten Sr. gegr\u00fcndet, woraufhin sein Sohn Gerard Vousten das Ruder \u00fcbernahm. Theo Vousten Jr. f\u00fchrte das Familienerbe 1989 fort und \u00fcbernahm als dritte Generation der Familie Vousten das Unternehmen. In dieser Zeit hat sich das Familienunternehmen zu einem bedeutenden Akteur in der Online-Luxusmodebranche entwickelt. Im Jahr 2026, dem 100-j\u00e4hrigen Jubil\u00e4umsjahr, ging Vousten Mode in die vierte Generation \u00fcber, mit Thomas Vousten und seiner Partnerin Charlotte an der Spitze. Das Engagement von Vousten, seinen Kunden handwerklich hochwertige Produkte in Kombination mit einem sehr hohen Serviceniveau zu bieten, hat das Unternehmen zum Online-Marktf\u00fchrer f\u00fcr Marken wie <a href=\"https:\/\/www.voustenshoes.com\/de\" data-type=\"URL\" data-id=\"https:\/\/www.voustenshoes.com\/de\" target=\"_blank\" rel=\"noreferrer noopener\">Santoni<\/a>,<a href=\"https:\/\/www.voustenjeans.com\/de\" data-type=\"URL\" data-id=\"https:\/\/www.voustenjeans.com\/de\" target=\"_blank\" rel=\"noreferrer noopener\">Jacob Cohen<\/a>, <a href=\"https:\/\/www.voustensports.com\/de\/herren-stone-island\/\" data-type=\"URL\" data-id=\"https:\/\/www.voustensports.com\/de\/herren-stone-island\/\" target=\"_blank\" rel=\"noreferrer noopener\">Stone Island<\/a>,<a href=\"https:\/\/www.voustensports.com\/de\/herren-dukes-artisan-belts\/\" data-type=\"URL\" data-id=\"https:\/\/www.voustensports.com\/de\/herren-dukes-artisan-belts\/\" target=\"_blank\" rel=\"noreferrer noopener\">Dukes Artisan Belts<\/a>, <a href=\"https:\/\/www.voustensports.com\/de\/herren-damico\/\" data-type=\"URL\" data-id=\"https:\/\/www.voustensports.com\/de\/herren-damico\/\" target=\"_blank\" rel=\"noreferrer noopener\">Andrea D\u2019Amico Belts<\/a>, <a href=\"https:\/\/www.voustensports.com\/de\/herren-c-p-company\/\" data-type=\"URL\" data-id=\"https:\/\/www.voustensports.com\/de\/herren-c-p-company\/\" target=\"_blank\" rel=\"noreferrer noopener\">C.P. Company<\/a> und <a href=\"https:\/\/www.voustensports.com\/de\/heren-hogan\/\" data-type=\"URL\" data-id=\"https:\/\/www.voustensports.com\/de\/heren-hogan\/\" target=\"_blank\" rel=\"noreferrer noopener\">Hogan<\/a> gemacht.<\/p>\n<div class=\"wp-block-image\">\n<figure class=\"aligncenter size-full\"><img decoding=\"async\" src=\"https:\/\/checkout.voustenbrandsoftheworld.com\/wp-content\/uploads\/2026\/01\/Man-sagt-Stil-kann-man-nicht-kaufen-aber-versuchen-wir-es-doch-mal-2.png\" alt=\"\" class=\"wp-image-373450\" \/><\/figure>\n<\/div>\n<h3 class=\"wp-block-heading has-text-align-center\"><strong>Vousten Shoes, Partner von Santoni &amp; Jacob Coh\u00ebn<\/strong><\/h3>\n<p>Vousten Shoes ist weltweit der gr\u00f6\u00dfte Partner von Santoni und Jacob Coh\u00ebn. Dank unserer Partnerschaft mit Santoni und Jacob Coh\u00ebn sind wir in der Lage, Santoni-Schuhe und Jacob Coh\u00ebn-Jeans weltweit zu verkaufen. Unsere Schuhe und Jeans sind in unseren Lagern in den USA, den Niederlanden (f\u00fcr Europa) und Hongkong (f\u00fcr Asien) vorr\u00e4tig. Alle angezeigten Modelle und Gr\u00f6\u00dfen haben wir physisch auf Lager. Unser Gesamtbestand umfasst rund 300 verschiedene Santoni-Modelle in allen verf\u00fcgbaren Gr\u00f6\u00dfen. Dies erm\u00f6glicht uns eine schnelle Lieferung zu garantieren.<\/p>\n<div class=\"wp-block-media-text is-stacked-on-mobile\">\n<figure class=\"wp-block-media-text__media\"><img decoding=\"async\" src=\"https:\/\/checkout.voustenbrandsoftheworld.com\/wp-content\/uploads\/2024\/05\/Suit-David.jpg\" alt=\"Vousten Mode\" class=\"wp-image-238036 size-full\" \/><\/figure>\n<div class=\"wp-block-media-text__content\">\n<h3 class=\"wp-block-heading has-text-align-center\"><strong>Reisender Tailor<\/strong><\/h3>\n<p>Wir bedienen unsere Ma\u00dfkunden von unserem Lager in Schijndel (Niederlande) aus, reisen aber auch regelm\u00e4\u00dfig in die USA und nach Asien um die neuesten Stoffqualit\u00e4ten und Designs zu pr\u00e4sentieren. Wir hei\u00dfen unsere Kunden gerne in einer unserer vier regionalen Ma\u00dfkonfektionsstellen in Los Angeles, Hongkong oder Schijndel willkommen.<\/p>\n<p>Unser reisender Schneider kann Sie weltweit in Ihrem B\u00fcro, zu Hause besuchen oder ein Treffen in einem von uns gebuchten Hotel arrangieren, w\u00e4hrend Sie auf Gesch\u00e4ftsreise sind. Bei diesem Treffen nehmen wir Ihre Ma\u00dfe sehr genau und informieren Sie \u00fcber neue Schnitte, neue Materialien und die neuesten Trends. Wenn Sie interessiert sind, besuchen Sie bitte <a href=\"https:\/\/chat.openai.com\/c\/www.vousten-tailoring.com\" target=\"_blank\" rel=\"noopener\">www.vousten-tailoring.com<\/a>, um eine Brosch\u00fcre anzufordern oder direkt einen Termin im Online-Kalender zu vereinbaren.<\/p>\n<\/div>\n<\/div>\n<p><strong><br \/><\/strong><\/p>\n\n","protected":false},"excerpt":{"rendered":"","protected":false},"author":1,"featured_media":0,"parent":0,"menu_order":0,"comment_status":"closed","ping_status":"closed","template":"","meta":{"footnotes":""},"acf":[],"yoast_head":"<!-- This site is optimized with the Yoast SEO plugin v22.3 - https:\/\/yoast.com\/wordpress\/plugins\/seo\/ -->\n<title>\u00dcber Vousten - Vousten Jeans<\/title>\n<meta name=\"robots\" content=\"index, follow, max-snippet:-1, max-image-preview:large, max-video-preview:-1\" \/>\n<link rel=\"canonical\" href=\"https:\/\/www.voustenjeans.com\/de\/ueber-vousten\/\" \/>\n<meta property=\"og:locale\" content=\"de_DE\" \/>\n<meta property=\"og:type\" content=\"article\" \/>\n<meta property=\"og:title\" content=\"\u00dcber Vousten - Vousten Jeans\" \/>\n<meta property=\"og:url\" content=\"https:\/\/www.voustenjeans.com\/de\/ueber-vousten\/\" \/>\n<meta property=\"og:site_name\" content=\"Vousten Jeans\" \/>\n<meta property=\"article:modified_time\" content=\"2026-01-15T06:58:06+00:00\" \/>\n<meta name=\"twitter:card\" content=\"summary_large_image\" \/>\n<script type=\"application\/ld+json\" class=\"yoast-schema-graph\">{\"@context\":\"https:\/\/schema.org\",\"@graph\":[{\"@type\":\"WebPage\",\"@id\":\"https:\/\/www.voustenjeans.com\/de\/ueber-vousten\/\",\"url\":\"https:\/\/www.voustenjeans.com\/de\/ueber-vousten\/\",\"name\":\"\u00dcber Vousten - Vousten Jeans\",\"isPartOf\":{\"@id\":\"https:\/\/www.voustenjeans.com\/en\/#website\"},\"datePublished\":\"2023-04-06T12:45:57+00:00\",\"dateModified\":\"2026-01-15T06:58:06+00:00\",\"breadcrumb\":{\"@id\":\"https:\/\/www.voustenjeans.com\/de\/ueber-vousten\/#breadcrumb\"},\"inLanguage\":\"de-DE\",\"potentialAction\":[{\"@type\":\"ReadAction\",\"target\":[\"https:\/\/www.voustenjeans.com\/de\/ueber-vousten\/\"]}]},{\"@type\":\"BreadcrumbList\",\"@id\":\"https:\/\/www.voustenjeans.com\/de\/ueber-vousten\/#breadcrumb\",\"itemListElement\":[{\"@type\":\"ListItem\",\"position\":1,\"name\":\"Home\",\"item\":\"https:\/\/www.voustenjeans.com\/de\/\"},{\"@type\":\"ListItem\",\"position\":2,\"name\":\"\u00dcber Vousten\"}]},{\"@type\":\"WebSite\",\"@id\":\"https:\/\/www.voustenjeans.com\/en\/#website\",\"url\":\"https:\/\/www.voustenjeans.com\/en\/\",\"name\":\"Vousten Jeans\",\"description\":\"\",\"potentialAction\":[{\"@type\":\"SearchAction\",\"target\":{\"@type\":\"EntryPoint\",\"urlTemplate\":\"https:\/\/www.voustenjeans.com\/en\/?s={search_term_string}\"},\"query-input\":\"required name=search_term_string\"}],\"inLanguage\":\"de-DE\"}]}<\/script>\n<!-- \/ Yoast SEO plugin. -->","yoast_head_json":{"title":"\u00dcber Vousten - Vousten Jeans","robots":{"index":"index","follow":"follow","max-snippet":"max-snippet:-1","max-image-preview":"max-image-preview:large","max-video-preview":"max-video-preview:-1"},"canonical":"https:\/\/www.voustenjeans.com\/de\/ueber-vousten\/","og_locale":"de_DE","og_type":"article","og_title":"\u00dcber Vousten - Vousten Jeans","og_url":"https:\/\/www.voustenjeans.com\/de\/ueber-vousten\/","og_site_name":"Vousten Jeans","article_modified_time":"2026-01-15T06:58:06+00:00","twitter_card":"summary_large_image","schema":{"@context":"https:\/\/schema.org","@graph":[{"@type":"WebPage","@id":"https:\/\/www.voustenjeans.com\/de\/ueber-vousten\/","url":"https:\/\/www.voustenjeans.com\/de\/ueber-vousten\/","name":"\u00dcber Vousten - Vousten Jeans","isPartOf":{"@id":"https:\/\/www.voustenjeans.com\/en\/#website"},"datePublished":"2023-04-06T12:45:57+00:00","dateModified":"2026-01-15T06:58:06+00:00","breadcrumb":{"@id":"https:\/\/www.voustenjeans.com\/de\/ueber-vousten\/#breadcrumb"},"inLanguage":"de-DE","potentialAction":[{"@type":"ReadAction","target":["https:\/\/www.voustenjeans.com\/de\/ueber-vousten\/"]}]},{"@type":"BreadcrumbList","@id":"https:\/\/www.voustenjeans.com\/de\/ueber-vousten\/#breadcrumb","itemListElement":[{"@type":"ListItem","position":1,"name":"Home","item":"https:\/\/www.voustenjeans.com\/de\/"},{"@type":"ListItem","position":2,"name":"\u00dcber Vousten"}]},{"@type":"WebSite","@id":"https:\/\/www.voustenjeans.com\/en\/#website","url":"https:\/\/www.voustenjeans.com\/en\/","name":"Vousten Jeans","description":"","potentialAction":[{"@type":"SearchAction","target":{"@type":"EntryPoint","urlTemplate":"https:\/\/www.voustenjeans.com\/en\/?s={search_term_string}"},"query-input":"required name=search_term_string"}],"inLanguage":"de-DE"}]}},"_links":{"self":[{"href":"https:\/\/www.voustenjeans.com\/de\/wp-json\/wp\/v2\/pages\/670"}],"collection":[{"href":"https:\/\/www.voustenjeans.com\/de\/wp-json\/wp\/v2\/pages"}],"about":[{"href":"https:\/\/www.voustenjeans.com\/de\/wp-json\/wp\/v2\/types\/page"}],"author":[{"embeddable":true,"href":"https:\/\/www.voustenjeans.com\/de\/wp-json\/wp\/v2\/users\/1"}],"replies":[{"embeddable":true,"href":"https:\/\/www.voustenjeans.com\/de\/wp-json\/wp\/v2\/comments?post=670"}],"version-history":[{"count":1,"href":"https:\/\/www.voustenjeans.com\/de\/wp-json\/wp\/v2\/pages\/670\/revisions"}],"predecessor-version":[{"id":208666,"href":"https:\/\/www.voustenjeans.com\/de\/wp-json\/wp\/v2\/pages\/670\/revisions\/208666"}],"wp:attachment":[{"href":"https:\/\/www.voustenjeans.com\/de\/wp-json\/wp\/v2\/media?parent=670"}],"curies":[{"name":"wp","href":"https:\/\/api.w.org\/{rel}","templated":true}]}}