{"id":666,"date":"2023-04-06T12:45:56","date_gmt":"2023-04-06T12:45:56","guid":{"rendered":"https:\/\/www.voustenjeans.com\/kontaktinformationen\/"},"modified":"2026-01-13T02:38:06","modified_gmt":"2026-01-13T01:38:06","slug":"contact","status":"publish","type":"page","link":"https:\/\/www.voustenjeans.com\/de\/contact\/","title":{"rendered":"Kontakt"},"content":{"rendered":"<div class=\"lazyblock-header-image-ZgAduA wp-block-lazyblock-header-image\"><div class=\"lazyblocks-header-image vi-header-image--hoogte--klein vi-header-image--overlay-gradient--1\" style=\"\">\n<!--    <div class=\"img img-desktop vi-img--load-bg-img\" style=\"background-color: #333;--><!--\" vi-img-url=\"--><!--\"><\/div>-->\n<!--    <div class=\"img img-mobile vi-img--load-bg-img\" style=\"background-color: #333;--><!--\" vi-img-url=\"--><!--\"><\/div>-->\n    <img decoding=\"async\" src=\"https:\/\/www.voustenjeans.com\/wp-content\/uploads\/2025\/07\/Header-woo-900-x-600-px-4-320x240.png\" srcset=\"https:\/\/www.voustenjeans.com\/wp-content\/uploads\/2025\/07\/Header-woo-900-x-600-px-4-320x240.png 320w, https:\/\/www.voustenjeans.com\/wp-content\/uploads\/2025\/07\/Header-woo-900-x-600-px-4-768x576.png 768w, https:\/\/www.voustenjeans.com\/wp-content\/uploads\/2025\/07\/AW25-Header-desktop-4-1280x427.png 1280w, https:\/\/www.voustenjeans.com\/wp-content\/uploads\/2025\/07\/AW25-Header-desktop-4.png 1920w\" class=\"img\" style=\"object-position:center center;object-fit:cover; width:100%; height:100%;\" \/>    <div class=\"overlay-gradient\"><\/div>\n    <div class=\"inner\">\n        <div class=\"txt\">\n            <div class=\"kop\"><h1 class=\"inner\">Kontakt<\/h1><\/div>\n                    <\/div>\n    <\/div>\n    <\/div>\n<\/div>\n\n<h1>Kontakt<\/h1>\n<p>Bei Vousten Mode stehen wir Ihnen jederzeit mit Rat und Tat zur Seite. Ob Sie Fragen zu unseren Produkten haben, Hilfe bei der Bestellung ben\u00f6tigen oder eine Stylingberatung w\u00fcnschen, unser kompetentes Team ist f\u00fcr Sie da.<\/p>\n<h4 class=\"wp-block-heading\">Kundenservice<\/h4>\n<p>Unser Kundenservice-Team ist w\u00e4hrend der \u00d6ffnungszeiten f\u00fcr Sie da und hilft Ihnen gerne bei allen Fragen weiter. Kontaktieren Sie uns telefonisch oder senden Sie uns eine E-Mail und Sie erhalten umgehend eine Antwort.<\/p>\n<h4 class=\"wp-block-heading\">Online-Fragen und Bestellungen<\/h4>\n<p>Wenn Sie Fragen zu Ihrer Online-Bestellung, zu R\u00fccksendungen oder zu unserem Sortiment haben, k\u00f6nnen Sie auch das untenstehende Kontaktformular ausf\u00fcllen. Bitte geben Sie so viele Details wie m\u00f6glich an, damit wir Ihnen schnell und effizient helfen k\u00f6nnen. Sie k\u00f6nnen uns auch \u00fcber WhatsApp unter 0031-735492303 erreichen.<\/p>\n<h4 class=\"wp-block-heading\">Parken<\/h4>\n<p>Planen Sie, uns mit dem Auto zu besuchen? Hinter unserem Gesch\u00e4ft befindet sich das kostenlose Parkhaus Lochtenburg. Zwei Etagen mit 150 Parkpl\u00e4tzen. Unbegrenztes kostenloses Parken \u2013 wo sonst finden Sie das?<\/p>\n<div class=\"wp-block-columns is-layout-flex wp-container-core-columns-is-layout-1 wp-block-columns-is-layout-flex\">\n<div class=\"wp-block-column is-layout-flow wp-block-column-is-layout-flow\"><\/div>\n<\/div>\n<div class=\"wp-block-columns vi-boxed is-layout-flex wp-container-core-columns-is-layout-2 wp-block-columns-is-layout-flex\">\n<div class=\"wp-block-column is-layout-flow wp-block-column-is-layout-flow\"><strong>Vousten Fashion Nederland<\/strong><br \/>\nHoofdstraat 81<br \/>\n5481 AC Schijndel<br \/>\nThe Netherlands<\/p>\n<p>T: <a href=\"tel:+310735492303\">+31(0) 73 549 2303<\/a><\/p>\n<p>E: <a href=\"mailto:info@voustenmode.nl\">info@voustenmode.nl<\/a><\/p>\n<p><\/p>\n<\/div>\n<div class=\"wp-block-column is-layout-flow wp-block-column-is-layout-flow\"><iframe src=\"https:\/\/www.google.com\/maps\/embed?pb=!1m18!1m12!1m3!1d2477.243058764775!2d5.4315726513360225!3d51.61875661027624!2m3!1f0!2f0!3f0!3m2!1i1024!2i768!4f13.1!3m3!1m2!1s0x47c6e6ec86e70e5f%3A0xbdcd4ba535ef6b7e!2sHoofdstraat%2081%2C%205481%20AC%20Schijndel!5e0!3m2!1snl!2snl!4v1637003186541!5m2!1snl!2snl\" width=\"100%\" height=\"300\" style=\"border:0;\" allowfullscreen=\"\" loading=\"lazy\"><\/iframe>\n<\/div>\n<\/div>\n<div class=\"wp-block-columns vi-boxed is-layout-flex wp-container-core-columns-is-layout-3 wp-block-columns-is-layout-flex\">\n<div class=\"wp-block-column vi-boxed is-layout-flow wp-block-column-is-layout-flow\" style=\"flex-basis:100%\"><\/div>\n<\/div>\n<\/p>\n<div class=\"wp-block-columns vi-boxed is-layout-flex wp-container-core-columns-is-layout-4 wp-block-columns-is-layout-flex\">\n<div class=\"wp-block-column is-layout-flow wp-block-column-is-layout-flow\">\n<div class=\"wpcf7 no-js\" id=\"wpcf7-f30971-o1\" lang=\"de-DE\" dir=\"ltr\">\n<div class=\"screen-reader-response\">\n<p role=\"status\" aria-live=\"polite\" aria-atomic=\"true\">\n<ul><\/ul>\n<\/div>\n<form action=\"\/de\/wp-json\/wp\/v2\/pages\/666#wpcf7-f30971-o1\" method=\"post\" class=\"wpcf7-form init\" aria-label=\"Kontaktformular\" novalidate=\"novalidate\" data-status=\"init\">\n<div style=\"display: none;\">\n<input type=\"hidden\" name=\"_wpcf7\" value=\"30971\" \/><br \/>\n<input type=\"hidden\" name=\"_wpcf7_version\" value=\"5.9.2\" \/><br \/>\n<input type=\"hidden\" name=\"_wpcf7_locale\" value=\"de_DE\" \/><br \/>\n<input type=\"hidden\" name=\"_wpcf7_unit_tag\" value=\"wpcf7-f30971-o1\" \/><br \/>\n<input type=\"hidden\" name=\"_wpcf7_container_post\" value=\"0\" \/><br \/>\n<input type=\"hidden\" name=\"_wpcf7_posted_data_hash\" value=\"\" \/><br \/>\n<input type=\"hidden\" name=\"_wpcf7_recaptcha_response\" value=\"\" \/>\n<\/div>\n<p><label> Nahme<br \/>\n<span class=\"wpcf7-form-control-wrap\" data-name=\"your-name\"><input size=\"40\" class=\"wpcf7-form-control wpcf7-text wpcf7-validates-as-required\" aria-required=\"true\" aria-invalid=\"false\" value=\"\" type=\"text\" name=\"your-name\" \/><\/span> <\/label>\n<\/p>\n<p><label> Email Adresse<br \/>\n<span class=\"wpcf7-form-control-wrap\" data-name=\"your-email\"><input size=\"40\" class=\"wpcf7-form-control wpcf7-email wpcf7-validates-as-required wpcf7-text wpcf7-validates-as-email\" aria-required=\"true\" aria-invalid=\"false\" value=\"\" type=\"email\" name=\"your-email\" \/><\/span> <\/label>\n<\/p>\n<p><label> Nachricht<br \/>\n<span class=\"wpcf7-form-control-wrap\" data-name=\"your-message\"><textarea cols=\"40\" rows=\"10\" class=\"wpcf7-form-control wpcf7-textarea\" aria-invalid=\"false\" name=\"your-message\"><\/textarea><\/span> <\/label>\n<\/p>\n<p><div class=\"recaptcha-hidden-badge-disclaimer\">This site is protected by reCAPTCHA and the Google <a href=\"https:\/\/policies.google.com\/privacy\" target=\"_blank\" rel=\"noopener\">Privacy Policy<\/a> and <a href=\"https:\/\/policies.google.com\/terms\" target=\"_blank\" rel=\"noopener\">Terms of Service<\/a> apply.<\/div>\n<p><input class=\"wpcf7-form-control wpcf7-submit has-spinner\" type=\"submit\" value=\"Senden\" \/>\n<\/p>\n<div class=\"wpcf7-response-output\" aria-hidden=\"true\"><\/div>\n<\/form>\n<\/div>\n<\/div>\n<div class=\"wp-block-column is-layout-flow wp-block-column-is-layout-flow\">\n<h4>\u00d6ffnungszeiten<\/h4>\n<table class=\"vi-openinghours\">\n<tr>\n<td class=\"day\">Montag<\/td>\n<td class=\"day-info\">13:00 - 18:00<\/td>\n<\/tr>\n<tr>\n<td class=\"day\">Dienstag<\/td>\n<td class=\"day-info\">09:30 - 18:00<\/td>\n<\/tr>\n<tr>\n<td class=\"day\">Mittwoch<\/td>\n<td class=\"day-info\">09:30 - 18:00<\/td>\n<\/tr>\n<tr>\n<td class=\"day\">Donnerstag<\/td>\n<td class=\"day-info\">09:30 - 18:00<\/td>\n<\/tr>\n<tr>\n<td class=\"day\">Freitag<\/td>\n<td class=\"day-info\">09:30 - 21:00<\/td>\n<\/tr>\n<tr>\n<td class=\"day\">Samstag<\/td>\n<td class=\"day-info\">09:30 - 17:00<\/td>\n<\/tr>\n<tr>\n<td class=\"day\">Sonntag<\/td>\n<td class=\"day-info\">Geschlossen<\/td>\n<\/tr>\n<\/table>\n<\/div>\n<\/div>\n<\/p>\n\n\n\n<div class=\"wp-block-image\">\n<figure class=\"aligncenter size-large\"><img decoding=\"async\" src=\"https:\/\/www.voustenjeans.com\/wp-content\/uploads\/2024\/06\/pand-967x1024.jpg\" alt=\"Contact\" class=\"wp-image-176722\" \/><\/figure><\/div>","protected":false},"excerpt":{"rendered":"","protected":false},"author":1,"featured_media":0,"parent":0,"menu_order":0,"comment_status":"closed","ping_status":"closed","template":"page-transparent-header.php","meta":{"footnotes":""},"acf":[],"yoast_head":"<!-- This site is optimized with the Yoast SEO plugin v22.3 - https:\/\/yoast.com\/wordpress\/plugins\/seo\/ -->\n<title>Kontakt - Vousten Jeans<\/title>\n<meta name=\"robots\" content=\"index, follow, max-snippet:-1, max-image-preview:large, max-video-preview:-1\" \/>\n<link rel=\"canonical\" href=\"https:\/\/www.voustenjeans.com\/de\/contact\/\" \/>\n<meta property=\"og:locale\" content=\"de_DE\" \/>\n<meta property=\"og:type\" content=\"article\" \/>\n<meta property=\"og:title\" content=\"Kontakt - Vousten Jeans\" \/>\n<meta property=\"og:url\" content=\"https:\/\/www.voustenjeans.com\/de\/contact\/\" \/>\n<meta property=\"og:site_name\" content=\"Vousten Jeans\" \/>\n<meta property=\"article:modified_time\" content=\"2026-01-13T01:38:06+00:00\" \/>\n<meta property=\"og:image\" content=\"https:\/\/www.voustenjeans.com\/wp-content\/uploads\/2024\/06\/pand-967x1024.jpg\" \/>\n<meta name=\"twitter:card\" content=\"summary_large_image\" \/>\n<meta name=\"twitter:label1\" content=\"Est. reading time\" \/>\n\t<meta name=\"twitter:data1\" content=\"1 Minute\" \/>\n<script type=\"application\/ld+json\" class=\"yoast-schema-graph\">{\"@context\":\"https:\/\/schema.org\",\"@graph\":[{\"@type\":\"WebPage\",\"@id\":\"https:\/\/www.voustenjeans.com\/de\/contact\/\",\"url\":\"https:\/\/www.voustenjeans.com\/de\/contact\/\",\"name\":\"Kontakt - Vousten Jeans\",\"isPartOf\":{\"@id\":\"https:\/\/www.voustenjeans.com\/en\/#website\"},\"primaryImageOfPage\":{\"@id\":\"https:\/\/www.voustenjeans.com\/de\/contact\/#primaryimage\"},\"image\":{\"@id\":\"https:\/\/www.voustenjeans.com\/de\/contact\/#primaryimage\"},\"thumbnailUrl\":\"https:\/\/www.voustenjeans.com\/wp-content\/uploads\/2024\/06\/pand-967x1024.jpg\",\"datePublished\":\"2023-04-06T12:45:56+00:00\",\"dateModified\":\"2026-01-13T01:38:06+00:00\",\"breadcrumb\":{\"@id\":\"https:\/\/www.voustenjeans.com\/de\/contact\/#breadcrumb\"},\"inLanguage\":\"de-DE\",\"potentialAction\":[{\"@type\":\"ReadAction\",\"target\":[\"https:\/\/www.voustenjeans.com\/de\/contact\/\"]}]},{\"@type\":\"ImageObject\",\"inLanguage\":\"de-DE\",\"@id\":\"https:\/\/www.voustenjeans.com\/de\/contact\/#primaryimage\",\"url\":\"https:\/\/www.voustenjeans.com\/wp-content\/uploads\/2024\/06\/pand-967x1024.jpg\",\"contentUrl\":\"https:\/\/www.voustenjeans.com\/wp-content\/uploads\/2024\/06\/pand-967x1024.jpg\"},{\"@type\":\"BreadcrumbList\",\"@id\":\"https:\/\/www.voustenjeans.com\/de\/contact\/#breadcrumb\",\"itemListElement\":[{\"@type\":\"ListItem\",\"position\":1,\"name\":\"Home\",\"item\":\"https:\/\/www.voustenjeans.com\/de\/\"},{\"@type\":\"ListItem\",\"position\":2,\"name\":\"Kontakt\"}]},{\"@type\":\"WebSite\",\"@id\":\"https:\/\/www.voustenjeans.com\/en\/#website\",\"url\":\"https:\/\/www.voustenjeans.com\/en\/\",\"name\":\"Vousten Jeans\",\"description\":\"\",\"potentialAction\":[{\"@type\":\"SearchAction\",\"target\":{\"@type\":\"EntryPoint\",\"urlTemplate\":\"https:\/\/www.voustenjeans.com\/en\/?s={search_term_string}\"},\"query-input\":\"required name=search_term_string\"}],\"inLanguage\":\"de-DE\"}]}<\/script>\n<!-- \/ Yoast SEO plugin. -->","yoast_head_json":{"title":"Kontakt - Vousten Jeans","robots":{"index":"index","follow":"follow","max-snippet":"max-snippet:-1","max-image-preview":"max-image-preview:large","max-video-preview":"max-video-preview:-1"},"canonical":"https:\/\/www.voustenjeans.com\/de\/contact\/","og_locale":"de_DE","og_type":"article","og_title":"Kontakt - Vousten Jeans","og_url":"https:\/\/www.voustenjeans.com\/de\/contact\/","og_site_name":"Vousten Jeans","article_modified_time":"2026-01-13T01:38:06+00:00","og_image":[{"url":"https:\/\/www.voustenjeans.com\/wp-content\/uploads\/2024\/06\/pand-967x1024.jpg"}],"twitter_card":"summary_large_image","twitter_misc":{"Est. reading time":"1 Minute"},"schema":{"@context":"https:\/\/schema.org","@graph":[{"@type":"WebPage","@id":"https:\/\/www.voustenjeans.com\/de\/contact\/","url":"https:\/\/www.voustenjeans.com\/de\/contact\/","name":"Kontakt - Vousten Jeans","isPartOf":{"@id":"https:\/\/www.voustenjeans.com\/en\/#website"},"primaryImageOfPage":{"@id":"https:\/\/www.voustenjeans.com\/de\/contact\/#primaryimage"},"image":{"@id":"https:\/\/www.voustenjeans.com\/de\/contact\/#primaryimage"},"thumbnailUrl":"https:\/\/www.voustenjeans.com\/wp-content\/uploads\/2024\/06\/pand-967x1024.jpg","datePublished":"2023-04-06T12:45:56+00:00","dateModified":"2026-01-13T01:38:06+00:00","breadcrumb":{"@id":"https:\/\/www.voustenjeans.com\/de\/contact\/#breadcrumb"},"inLanguage":"de-DE","potentialAction":[{"@type":"ReadAction","target":["https:\/\/www.voustenjeans.com\/de\/contact\/"]}]},{"@type":"ImageObject","inLanguage":"de-DE","@id":"https:\/\/www.voustenjeans.com\/de\/contact\/#primaryimage","url":"https:\/\/www.voustenjeans.com\/wp-content\/uploads\/2024\/06\/pand-967x1024.jpg","contentUrl":"https:\/\/www.voustenjeans.com\/wp-content\/uploads\/2024\/06\/pand-967x1024.jpg"},{"@type":"BreadcrumbList","@id":"https:\/\/www.voustenjeans.com\/de\/contact\/#breadcrumb","itemListElement":[{"@type":"ListItem","position":1,"name":"Home","item":"https:\/\/www.voustenjeans.com\/de\/"},{"@type":"ListItem","position":2,"name":"Kontakt"}]},{"@type":"WebSite","@id":"https:\/\/www.voustenjeans.com\/en\/#website","url":"https:\/\/www.voustenjeans.com\/en\/","name":"Vousten Jeans","description":"","potentialAction":[{"@type":"SearchAction","target":{"@type":"EntryPoint","urlTemplate":"https:\/\/www.voustenjeans.com\/en\/?s={search_term_string}"},"query-input":"required name=search_term_string"}],"inLanguage":"de-DE"}]}},"_links":{"self":[{"href":"https:\/\/www.voustenjeans.com\/de\/wp-json\/wp\/v2\/pages\/666"}],"collection":[{"href":"https:\/\/www.voustenjeans.com\/de\/wp-json\/wp\/v2\/pages"}],"about":[{"href":"https:\/\/www.voustenjeans.com\/de\/wp-json\/wp\/v2\/types\/page"}],"author":[{"embeddable":true,"href":"https:\/\/www.voustenjeans.com\/de\/wp-json\/wp\/v2\/users\/1"}],"replies":[{"embeddable":true,"href":"https:\/\/www.voustenjeans.com\/de\/wp-json\/wp\/v2\/comments?post=666"}],"version-history":[{"count":7,"href":"https:\/\/www.voustenjeans.com\/de\/wp-json\/wp\/v2\/pages\/666\/revisions"}],"predecessor-version":[{"id":329794,"href":"https:\/\/www.voustenjeans.com\/de\/wp-json\/wp\/v2\/pages\/666\/revisions\/329794"}],"wp:attachment":[{"href":"https:\/\/www.voustenjeans.com\/de\/wp-json\/wp\/v2\/media?parent=666"}],"curies":[{"name":"wp","href":"https:\/\/api.w.org\/{rel}","templated":true}]}}