{"id":329642,"date":"2026-01-08T11:23:12","date_gmt":"2026-01-08T10:23:12","guid":{"rendered":"https:\/\/www.voustenjeans.com\/hofleverancier\/"},"modified":"2026-02-05T13:42:48","modified_gmt":"2026-02-05T12:42:48","slug":"vousten-mode-durch-koeniglichen-erlass-hoflieferant","status":"publish","type":"page","link":"https:\/\/www.voustenjeans.com\/de\/vousten-mode-durch-koeniglichen-erlass-hoflieferant\/","title":{"rendered":"Vousten Mode: Durch K\u00f6niglichen Erlass Hoflieferant"},"content":{"rendered":"<div class=\"lazyblock-header-image-ZgAduA wp-block-lazyblock-header-image\"><div class=\"lazyblocks-header-image vi-header-image--hoogte--klein vi-header-image--overlay-gradient--1\" style=\"\">\n<!--    <div class=\"img img-desktop vi-img--load-bg-img\" style=\"background-color: #333;--><!--\" vi-img-url=\"--><!--\"><\/div>-->\n<!--    <div class=\"img img-mobile vi-img--load-bg-img\" style=\"background-color: #333;--><!--\" vi-img-url=\"--><!--\"><\/div>-->\n    <img decoding=\"async\" src=\"https:\/\/www.voustenjeans.com\/wp-content\/uploads\/2026\/01\/hofleverancier-mobile-320x240.jpg\" srcset=\"https:\/\/www.voustenjeans.com\/wp-content\/uploads\/2026\/01\/hofleverancier-mobile-320x240.jpg 320w, https:\/\/www.voustenjeans.com\/wp-content\/uploads\/2026\/01\/hofleverancier-mobile-768x576.jpg 768w, https:\/\/www.voustenjeans.com\/wp-content\/uploads\/2026\/01\/hofleverancier-desktop-1280x427.jpg 1280w, https:\/\/www.voustenjeans.com\/wp-content\/uploads\/2026\/01\/hofleverancier-desktop.jpg 1920w\" class=\"img\" style=\"object-position:center center;object-fit:cover; width:100%; height:100%;\" \/>    <div class=\"overlay-gradient\"><\/div>\n    <div class=\"inner\">\n        <div class=\"txt\">\n            <div class=\"kop\"><h1 class=\"inner\">Vousten Mode: Durch K\u00f6niglichen Erlass Hoflieferant<\/h1><\/div>\n                    <\/div>\n    <\/div>\n    <\/div>\n<\/div>\n\n<h1>Vousten Mode: Durch K\u00f6niglichen Erlass Hoflieferant<\/h1><h2 class=\"wp-block-heading has-text-align-center\">Durch K\u00f6niglichen Erlass Hoflieferant \u2013 eine k\u00f6nigliche Auszeichnung<\/h2>\n<p class=\"has-text-align-center\">Im Jahr&nbsp;2026&nbsp;feiert&nbsp;Vousten Mode&nbsp;sein&nbsp;100-j\u00e4hriges Bestehen. Anl\u00e4sslich dieses au\u00dfergew\u00f6hnlichen Jubil\u00e4ums hat&nbsp;Seine Majest\u00e4t der K\u00f6nig der Niederlande&nbsp;uns das Recht verliehen, die k\u00f6nigliche Auszeichnung&nbsp;\u201eDurch K\u00f6niglichen Erlass Hoflieferant\u201c&nbsp;zu f\u00fchren.<\/p>\n<p class=\"has-text-align-center\">Diese k\u00f6nigliche Auszeichnung stellt eine besondere Ehrung dar und w\u00fcrdigt ein Jahrhundert handwerklicher Qualit\u00e4t, unternehmerischer Kontinuit\u00e4t und des Vertrauens, das unsere Kundschaft uns \u00fcber Generationen hinweg entgegengebracht hat.<\/p>\n<h2 class=\"wp-block-heading has-text-align-center\">Die Bedeutung der k\u00f6niglichen Auszeichnung<\/h2>\n<p class=\"has-text-align-center\">Die Bezeichnung&nbsp;\u201eDurch K\u00f6niglichen Erlass Hoflieferant\u201c&nbsp;wird ausschlie\u00dflich an niederl\u00e4ndische Unternehmen verliehen, die seit mindestens 100 Jahren bestehen und sich durch&nbsp;Integrit\u00e4t, Best\u00e4ndigkeit und einen tadellosen Rufauszeichnen. Es handelt sich nicht um eine kommerzielle Auszeichnung, sondern um eine offizielle Anerkennung durch den K\u00f6niglichen Hof. Nur eine begrenzte Anzahl von Unternehmen ist berechtigt, dieses k\u00f6nigliche Wappen zu f\u00fchren.<\/p>\n<p class=\"has-text-align-center\">F\u00fcr uns best\u00e4tigt sie die Werte, auf denen unser Unternehmen aufgebaut ist.<br \/>F\u00fcr unsere Kundinnen und Kunden \u2014 national wie international \u2014 steht diese Auszeichnung f\u00fcr&nbsp;Sicherheit, Verl\u00e4sslichkeit und h\u00f6chste Qualit\u00e4t:<\/p>\n<p class=\"has-text-align-center\"><em>ein anerkanntes und angesehenes niederl\u00e4ndisches Familienunternehmen<br \/>kompromisslose Standards in Qualit\u00e4t, Service und Transparenz<br \/>ein bew\u00e4hrtes Erbe mit internationaler Ausstrahlung<\/em><\/p>\n<h2 class=\"wp-block-heading has-text-align-center\">100 Jahre Vousten Mode \u2013 ein Erbe des Vertrauens<\/h2>\n<p class=\"has-text-align-center\">Gegr\u00fcndet im Jahr&nbsp;1926, entwickelte sich Vousten Mode von einem lokalen Modegesch\u00e4ft zu einem etablierten Modehaus mit internationaler Kundschaft. Seit \u00fcber einem Jahrhundert pflegen wir dauerhafte Beziehungen, die beruhen auf:<\/p>\n<p class=\"has-text-align-center\"><em>pers\u00f6nlicher und fachkundiger Beratung<br \/>erlesenem handwerklichem K\u00f6nnen und h\u00f6chster Qualit\u00e4t<br \/>klarer, verantwortungsvoller Kommunikation<br \/>Respekt gegen\u00fcber Mensch, Produkt und Tradition<\/em><\/p>\n<p class=\"has-text-align-center\">Diese Werte bilden das Fundament f\u00fcr nachhaltiges Vertrauen \u2014 Generation f\u00fcr Generation.<\/p>\n<h2 class=\"wp-block-heading has-text-align-center\">Die feierliche Verleihung<\/h2>\n<p class=\"has-text-align-center\">Am&nbsp;8. Januar 2026&nbsp;fand die offizielle Verleihung der k\u00f6niglichen Auszeichnung statt. Im Rahmen dieser feierlichen Zeremonie wurde das k\u00f6nigliche Wappen \u00fcberreicht und Vousten Mode offiziell als&nbsp;\u201eDurch K\u00f6niglichen Erlass Hoflieferant\u201c&nbsp;anerkannt.<\/p>\n<p class=\"has-text-align-center\">Dieser Moment unterstreicht das Vertrauen, das nicht nur unsere Kundschaft, sondern auch der K\u00f6nigliche Hof der Niederlande in unser Unternehmen setzt.<\/p>\n<h2 class=\"wp-block-heading has-text-align-center\">Unsere Geschichte in Bildern<\/h2>\n<p class=\"has-text-align-center\">Hinter 100 Jahren Vousten Mode verbirgt sich eine Geschichte von Unternehmergeist, Hingabe und Verl\u00e4sslichkeit. Von den Anf\u00e4ngen unseres Hauses bis zur heutigen modernen (Online-)Boutique erz\u00e4hlt jedes Bild ein Kapitel unseres traditionsreichen Erbes.<\/p>\n<h2 class=\"wp-block-heading has-text-align-center\">Verwurzelt in der Vergangenheit, verpflichtet der Zukunft<\/h2>\n<p class=\"has-text-align-center\">Die Auszeichnung&nbsp;\u201eDurch K\u00f6niglichen Erlass Hoflieferant\u201c&nbsp;verstehen wir nicht nur als Ehrung unserer Geschichte, sondern auch als Verpflichtung f\u00fcr die Zukunft. Eine Verpflichtung, unsere Kundinnen und Kunden \u2014 gleich wo auf der Welt \u2014 weiterhin mit derselben Sorgfalt, Diskretion und kompromisslosen Qualit\u00e4t zu bedienen.<\/p>\n<p class=\"has-text-align-center\"><em>Heute, morgen und f\u00fcr kommende Generationen.<\/em><\/p>\n\n","protected":false},"excerpt":{"rendered":"","protected":false},"author":1,"featured_media":0,"parent":0,"menu_order":0,"comment_status":"closed","ping_status":"closed","template":"page-transparent-header.php","meta":{"footnotes":""},"acf":[],"yoast_head":"<!-- This site is optimized with the Yoast SEO plugin v22.3 - https:\/\/yoast.com\/wordpress\/plugins\/seo\/ -->\n<title>Vousten Mode: Durch K\u00f6niglichen Erlass Hoflieferant - Vousten Jeans<\/title>\n<meta name=\"robots\" content=\"index, follow, max-snippet:-1, max-image-preview:large, max-video-preview:-1\" \/>\n<link rel=\"canonical\" href=\"https:\/\/www.voustenjeans.com\/de\/vousten-mode-durch-koeniglichen-erlass-hoflieferant\/\" \/>\n<meta property=\"og:locale\" content=\"de_DE\" \/>\n<meta property=\"og:type\" content=\"article\" \/>\n<meta property=\"og:title\" content=\"Vousten Mode: Durch K\u00f6niglichen Erlass Hoflieferant - Vousten Jeans\" \/>\n<meta property=\"og:url\" content=\"https:\/\/www.voustenjeans.com\/de\/vousten-mode-durch-koeniglichen-erlass-hoflieferant\/\" \/>\n<meta property=\"og:site_name\" content=\"Vousten Jeans\" \/>\n<meta property=\"article:modified_time\" content=\"2026-02-05T12:42:48+00:00\" \/>\n<meta name=\"twitter:card\" content=\"summary_large_image\" \/>\n<script type=\"application\/ld+json\" class=\"yoast-schema-graph\">{\"@context\":\"https:\/\/schema.org\",\"@graph\":[{\"@type\":\"WebPage\",\"@id\":\"https:\/\/www.voustenjeans.com\/de\/vousten-mode-durch-koeniglichen-erlass-hoflieferant\/\",\"url\":\"https:\/\/www.voustenjeans.com\/de\/vousten-mode-durch-koeniglichen-erlass-hoflieferant\/\",\"name\":\"Vousten Mode: Durch K\u00f6niglichen Erlass Hoflieferant - Vousten Jeans\",\"isPartOf\":{\"@id\":\"https:\/\/www.voustenjeans.com\/en\/#website\"},\"datePublished\":\"2026-01-08T10:23:12+00:00\",\"dateModified\":\"2026-02-05T12:42:48+00:00\",\"breadcrumb\":{\"@id\":\"https:\/\/www.voustenjeans.com\/de\/vousten-mode-durch-koeniglichen-erlass-hoflieferant\/#breadcrumb\"},\"inLanguage\":\"de-DE\",\"potentialAction\":[{\"@type\":\"ReadAction\",\"target\":[\"https:\/\/www.voustenjeans.com\/de\/vousten-mode-durch-koeniglichen-erlass-hoflieferant\/\"]}]},{\"@type\":\"BreadcrumbList\",\"@id\":\"https:\/\/www.voustenjeans.com\/de\/vousten-mode-durch-koeniglichen-erlass-hoflieferant\/#breadcrumb\",\"itemListElement\":[{\"@type\":\"ListItem\",\"position\":1,\"name\":\"Home\",\"item\":\"https:\/\/www.voustenjeans.com\/de\/\"},{\"@type\":\"ListItem\",\"position\":2,\"name\":\"Vousten Mode: Durch K\u00f6niglichen Erlass Hoflieferant\"}]},{\"@type\":\"WebSite\",\"@id\":\"https:\/\/www.voustenjeans.com\/en\/#website\",\"url\":\"https:\/\/www.voustenjeans.com\/en\/\",\"name\":\"Vousten Jeans\",\"description\":\"\",\"potentialAction\":[{\"@type\":\"SearchAction\",\"target\":{\"@type\":\"EntryPoint\",\"urlTemplate\":\"https:\/\/www.voustenjeans.com\/en\/?s={search_term_string}\"},\"query-input\":\"required name=search_term_string\"}],\"inLanguage\":\"de-DE\"}]}<\/script>\n<!-- \/ Yoast SEO plugin. -->","yoast_head_json":{"title":"Vousten Mode: Durch K\u00f6niglichen Erlass Hoflieferant - Vousten Jeans","robots":{"index":"index","follow":"follow","max-snippet":"max-snippet:-1","max-image-preview":"max-image-preview:large","max-video-preview":"max-video-preview:-1"},"canonical":"https:\/\/www.voustenjeans.com\/de\/vousten-mode-durch-koeniglichen-erlass-hoflieferant\/","og_locale":"de_DE","og_type":"article","og_title":"Vousten Mode: Durch K\u00f6niglichen Erlass Hoflieferant - Vousten Jeans","og_url":"https:\/\/www.voustenjeans.com\/de\/vousten-mode-durch-koeniglichen-erlass-hoflieferant\/","og_site_name":"Vousten Jeans","article_modified_time":"2026-02-05T12:42:48+00:00","twitter_card":"summary_large_image","schema":{"@context":"https:\/\/schema.org","@graph":[{"@type":"WebPage","@id":"https:\/\/www.voustenjeans.com\/de\/vousten-mode-durch-koeniglichen-erlass-hoflieferant\/","url":"https:\/\/www.voustenjeans.com\/de\/vousten-mode-durch-koeniglichen-erlass-hoflieferant\/","name":"Vousten Mode: Durch K\u00f6niglichen Erlass Hoflieferant - Vousten Jeans","isPartOf":{"@id":"https:\/\/www.voustenjeans.com\/en\/#website"},"datePublished":"2026-01-08T10:23:12+00:00","dateModified":"2026-02-05T12:42:48+00:00","breadcrumb":{"@id":"https:\/\/www.voustenjeans.com\/de\/vousten-mode-durch-koeniglichen-erlass-hoflieferant\/#breadcrumb"},"inLanguage":"de-DE","potentialAction":[{"@type":"ReadAction","target":["https:\/\/www.voustenjeans.com\/de\/vousten-mode-durch-koeniglichen-erlass-hoflieferant\/"]}]},{"@type":"BreadcrumbList","@id":"https:\/\/www.voustenjeans.com\/de\/vousten-mode-durch-koeniglichen-erlass-hoflieferant\/#breadcrumb","itemListElement":[{"@type":"ListItem","position":1,"name":"Home","item":"https:\/\/www.voustenjeans.com\/de\/"},{"@type":"ListItem","position":2,"name":"Vousten Mode: Durch K\u00f6niglichen Erlass Hoflieferant"}]},{"@type":"WebSite","@id":"https:\/\/www.voustenjeans.com\/en\/#website","url":"https:\/\/www.voustenjeans.com\/en\/","name":"Vousten Jeans","description":"","potentialAction":[{"@type":"SearchAction","target":{"@type":"EntryPoint","urlTemplate":"https:\/\/www.voustenjeans.com\/en\/?s={search_term_string}"},"query-input":"required name=search_term_string"}],"inLanguage":"de-DE"}]}},"_links":{"self":[{"href":"https:\/\/www.voustenjeans.com\/de\/wp-json\/wp\/v2\/pages\/329642"}],"collection":[{"href":"https:\/\/www.voustenjeans.com\/de\/wp-json\/wp\/v2\/pages"}],"about":[{"href":"https:\/\/www.voustenjeans.com\/de\/wp-json\/wp\/v2\/types\/page"}],"author":[{"embeddable":true,"href":"https:\/\/www.voustenjeans.com\/de\/wp-json\/wp\/v2\/users\/1"}],"replies":[{"embeddable":true,"href":"https:\/\/www.voustenjeans.com\/de\/wp-json\/wp\/v2\/comments?post=329642"}],"version-history":[{"count":4,"href":"https:\/\/www.voustenjeans.com\/de\/wp-json\/wp\/v2\/pages\/329642\/revisions"}],"predecessor-version":[{"id":329689,"href":"https:\/\/www.voustenjeans.com\/de\/wp-json\/wp\/v2\/pages\/329642\/revisions\/329689"}],"wp:attachment":[{"href":"https:\/\/www.voustenjeans.com\/de\/wp-json\/wp\/v2\/media?parent=329642"}],"curies":[{"name":"wp","href":"https:\/\/api.w.org\/{rel}","templated":true}]}}