{"id":210361,"date":"2025-03-10T15:12:00","date_gmt":"2025-03-10T14:12:00","guid":{"rendered":"https:\/\/www.voustenjeans.com\/duftkerze\/"},"modified":"2025-04-01T14:15:32","modified_gmt":"2025-04-01T12:15:32","slug":"duftkerze","status":"publish","type":"page","link":"https:\/\/www.voustenjeans.com\/de\/duftkerze\/","title":{"rendered":"Duftkerze"},"content":{"rendered":"<div class=\"lazyblock-header-image-ZgAduA wp-block-lazyblock-header-image\"><div class=\"lazyblocks-header-image vi-header-image--hoogte--klein vi-header-image--overlay-gradient--1\" style=\"\">\n<!--    <div class=\"img img-desktop vi-img--load-bg-img\" style=\"background-color: #333;--><!--\" vi-img-url=\"--><!--\"><\/div>-->\n<!--    <div class=\"img img-mobile vi-img--load-bg-img\" style=\"background-color: #333;--><!--\" vi-img-url=\"--><!--\"><\/div>-->\n    <img decoding=\"async\" src=\"https:\/\/www.voustenjeans.com\/wp-content\/uploads\/2025\/04\/Header-Mobile-geurkaars-320x239.jpg\" srcset=\"https:\/\/www.voustenjeans.com\/wp-content\/uploads\/2025\/04\/Header-Mobile-geurkaars-320x239.jpg 320w, https:\/\/www.voustenjeans.com\/wp-content\/uploads\/2025\/04\/Header-Mobile-geurkaars.jpg 750w, https:\/\/www.voustenjeans.com\/wp-content\/uploads\/2025\/04\/Header-desktop-geurkaars-1280x292.jpg 1280w, https:\/\/www.voustenjeans.com\/wp-content\/uploads\/2025\/04\/Header-desktop-geurkaars.jpg 2500w\" class=\"img\" style=\"object-position:left center;object-fit:cover; width:100%; height:100%;\" \/>    <div class=\"overlay-gradient\"><\/div>\n    <div class=\"inner\">\n        <div class=\"txt\">\n            <div class=\"kop\"><h1 class=\"inner\">Duftkerze<\/h1><\/div>\n                    <\/div>\n    <\/div>\n    <\/div>\n<\/div>\n\n<div class=\"lazyblock-categoriepagina-producten-Z1rlSlY wp-block-lazyblock-categoriepagina-producten\"><div class=\"row\">\n    <div class=\"is-xsmall\"><nav class=\"woocommerce-breadcrumb breadcrumbs uppercase\">Startseite<\/nav><\/div>    <br >\n<\/div>\n    <div class=\"lazyblocks-product-overzicht  vi-fwp-wrapper\" id=\"fwp-prod-grid\" vi-fwp-scrolltop-id=\"fwp-prod-grid\" vi-fwp-scrolltop-offset=\"150\">\n    <div class=\"mobile-sidebar-facets-wrapper hidden\">\n        <div id=\"mobile-sidebar-facets\">\n            <aside id=\"block-15\" class=\"widget widget_block\"><div class=\"vi-facets-wrapper\"><h2>Filter<\/h2><div class=\"facet-container facet-container--facet-productcategorie\"><h3>Kategorie<\/h3><div class=\"facetwp-facet facetwp-facet-productcategorie facetwp-type-checkboxes\" data-name=\"productcategorie\" data-type=\"checkboxes\"><\/div><\/div><div class=\"facet-container facet-container--facet-maat\"><h3>Gr\u00f6sse<\/h3><div class=\"facetwp-facet facetwp-facet-maat facetwp-type-checkboxes\" data-name=\"maat\" data-type=\"checkboxes\"><\/div><\/div><div class=\"facet-container facet-container--facet-color\"><h3>Farbe<\/h3><div class=\"facetwp-facet facetwp-facet-color facetwp-type-checkboxes\" data-name=\"color\" data-type=\"checkboxes\"><\/div><\/div><div class=\"facet-container facet-container--facet-prijs\"><h3>Preis<\/h3><div class=\"facetwp-facet facetwp-facet-prijs facetwp-type-slider\" data-name=\"prijs\" data-type=\"slider\"><\/div><\/div><div class=\"facet-container facet-container--facet-price_range\"><h3>Preis<\/h3><div class=\"facetwp-facet facetwp-facet-price_range facetwp-type-number_range\" data-name=\"price_range\" data-type=\"number_range\"><\/div><\/div><\/div>\n<\/aside>        <\/div>\n    <\/div>\n    <div class=\"row\">\n        <div class=\"col large-3 facets\">\n            <div class=\"\">\n                <aside id=\"block-15\" class=\"widget widget_block\"><div class=\"vi-facets-wrapper\"><h2>Filter<\/h2><div class=\"facet-container facet-container--facet-productcategorie\"><h3>Kategorie<\/h3><div class=\"facetwp-facet facetwp-facet-productcategorie facetwp-type-checkboxes\" data-name=\"productcategorie\" data-type=\"checkboxes\"><\/div><\/div><div class=\"facet-container facet-container--facet-maat\"><h3>Gr\u00f6sse<\/h3><div class=\"facetwp-facet facetwp-facet-maat facetwp-type-checkboxes\" data-name=\"maat\" data-type=\"checkboxes\"><\/div><\/div><div class=\"facet-container facet-container--facet-color\"><h3>Farbe<\/h3><div class=\"facetwp-facet facetwp-facet-color facetwp-type-checkboxes\" data-name=\"color\" data-type=\"checkboxes\"><\/div><\/div><div class=\"facet-container facet-container--facet-prijs\"><h3>Preis<\/h3><div class=\"facetwp-facet facetwp-facet-prijs facetwp-type-slider\" data-name=\"prijs\" data-type=\"slider\"><\/div><\/div><div class=\"facet-container facet-container--facet-price_range\"><h3>Preis<\/h3><div class=\"facetwp-facet facetwp-facet-price_range facetwp-type-number_range\" data-name=\"price_range\" data-type=\"number_range\"><\/div><\/div><\/div>\n<\/aside>            <\/div>\n        <\/div>\n        <div class=\"col large-9 products\">\n            <div class=\"filter-toggler\">\n                <a href=\"#\" data-open=\"#mobile-sidebar-facets\"  data-pos=\"left\" class=\"filter-button uppercase plain\">\n                    <i class=\"icon-equalizer\"><\/i>\n                    <strong>Filter<\/strong>\n                <\/a>\n            <\/div>\n            <a href=\"javascript:void(0);\" class=\"jacob-cohen-model-helper--popup-toggler button primary is-xsmall is-outline\"><!-- <span class=\"icon-checkmark\"><\/span> -->Welche Jeans passt zu mir?<\/a><div class=\"facetwp-sort\"><\/div>            <div class=\"facetwp-template products row row-small large-columns-3 medium-columns-2 small-columns-2 equalize-box\">\n                <h2>Coming soon&#8230;<\/h2><\/div>                <div class=\"\">\n                                            <div class=\"facetwp-pager\"><\/div>                                    <\/div>\n            <\/div>\n        <\/div>\n    <\/div>\n<\/div>\n\n<div class=\"lazyblock-squarephoto-text-m0hYi wp-block-lazyblock-squarephoto-text\"><div class=\"vi-square-photo-text-row row clearfix\">\n    <div class=\"inner \">\n        <div class=\"photo-container\"><img decoding=\"async\" src=\"https:\/\/www.voustenjeans.com\/wp-content\/uploads\/2025\/04\/kaarsen5_3_van_5_0.jpg\" \/><\/div><div class=\"text-container\"><div class=\"inner\"><h2>JACOB COH\u00cbN DUFTKERZEN<\/h2><div class=\"text\"><span class=\"inner\"><p>Soja-Duftkerzen bringen nicht nur Gem\u00fctlichkeit in Ihr Zuhause, sondern verstr\u00f6men auch einen wunderbaren Duft. Jacob Cohen Soja-Duftkerzen machen auch in Design, Farbe und Duft einen Unterschied. Es ist ein Luxusartikel, der perfekt in moderne und exklusive Innenr\u00e4ume passt. Die Soja-Duftkerzen in unserem Sortiment erf\u00fcllen h\u00f6chste Qualit\u00e4tsanspr\u00fcche. So wie die italienische Designmarke Mode auf der Grundlage solider Werte und Prinzipien entwirft, entstehen neben dem <a href=\"https:\/\/www.voustenjeans.com\/de\/jacob-cohen\/parfuem\"><strong>Jacob Cohen-Parf\u00fcm<\/strong><\/a> auch die Jacob Cohen-Soja-Duftkerzen auf diese Weise.<\/p><\/span><\/div><\/div><\/div>    <\/div>\n<\/div>\n\n<\/div>\n\n<div class=\"lazyblock-squarephoto-text-EnPVg wp-block-lazyblock-squarephoto-text\"><div class=\"vi-square-photo-text-row row clearfix\">\n    <div class=\"inner flipped\">\n        <div class=\"photo-container\"><img decoding=\"async\" src=\"https:\/\/www.voustenjeans.com\/wp-content\/uploads\/2025\/04\/kaarsen5_5_van_5_2.jpg\" \/><\/div><div class=\"text-container\"><div class=\"inner\"><h2>WAS SIND SOJA-DUFTKERZEN?<\/h2><div class=\"text\"><span class=\"inner\"><p>Soja-Duftkerzen werden aus Sojawachs hergestellt und dieses Wachs stammt aus dem \u00d6l von Sojabohnen. Sojawachs gilt als nachhaltiges Material und Soja-Duftkerzen haben mehr Vorteile als die umweltsch\u00e4dliche Standardvariante in Form von Paraffinkerzen. Beispielsweise ist die Brenndauer von Soja-Duftkerzen deutlich l\u00e4nger, n\u00e4mlich bis zu 45 %, und auch der Nachhaltigkeitsaspekt spielt eine Rolle. Kerzen aus Sojabohnen sind nachhaltig, da sie biologisch abbaubar sind. Ein weiterer Vorteil besteht darin, dass Soja-Duftkerzen vollst\u00e4ndig abbrennen und keine Tunnelbildung auftritt.<\/p>\n<h3>Warum Soja-Duftkerzen von Jacob Cohen?<\/h3>\n<p>Jacob Cohen Soja-Duftkerzen stehen f\u00fcr Exklusivit\u00e4t, Luxus und Qualit\u00e4t. Die Kerzen werden in Italien auf Basis handwerklicher Produktion hergestellt, da die Mode von Jacob Cohen von Hand gefertigt wird. Dar\u00fcber hinaus wird bei der Produktion gr\u00f6\u00dfter Wert auf das Design gelegt, wobei auch auf kleinste Details gr\u00f6\u00dfte Sorgfalt geachtet wird.<\/p><\/span><\/div><\/div><\/div>    <\/div>\n<\/div>\n\n<\/div>\n\n<div class=\"lazyblock-squarephoto-text-ZYJ3ev wp-block-lazyblock-squarephoto-text\"><div class=\"vi-square-photo-text-row row clearfix\">\n    <div class=\"inner \">\n        <div class=\"photo-container\"><img decoding=\"async\" src=\"https:\/\/www.voustenjeans.com\/wp-content\/uploads\/2025\/04\/cohen_kleine_kaars_2_van_2.jpg\" \/><\/div><div class=\"text-container\"><div class=\"inner\"><h2>HANDGEFERTIGT BIS INS KLEINSTE DETAIL<\/h2><div class=\"text\"><span class=\"inner\"><p>Wir bieten Soja-Duftkerzen dieser italienischen Marke an, die handbemalt sind. Diese besondere Handwerkskunst stammt von einem bekannten toskanischen Handwerker, der silberne Bl\u00e4tter auf die Duftkerze malte. Dadurch ist jede Kerze dieser Serie ein Unikat. Sie k\u00f6nnen auch aus mehreren Farben w\u00e4hlen, beispielsweise Blau oder Rot. Die Verarbeitung ist gro\u00dfartig, mit hochwertigem Stoff und sichtbaren N\u00e4hten oben als elegantes Detail. Wir haben auch eine wundersch\u00f6ne Duftkerze von Jacob Cohen, die perfekt f\u00fcr Sie selbst ist, sich aber auch ideal als luxuri\u00f6ses Geschenk eignet. Diese Duftkerze ist originalverpackt und mit einem ansprechenden Text versehen.<\/p><\/span><\/div><\/div><\/div>    <\/div>\n<\/div>\n\n<\/div>\n\n<div class=\"lazyblock-squarephoto-text-2b9Chf wp-block-lazyblock-squarephoto-text\"><div class=\"vi-square-photo-text-row row clearfix\">\n    <div class=\"inner flipped\">\n        <div class=\"photo-container\"><img decoding=\"async\" src=\"https:\/\/www.voustenjeans.com\/wp-content\/uploads\/2025\/03\/ab0c93b4-43c0-4462-b299-95cb62a600d0.jpg\" \/><\/div><div class=\"text-container\"><div class=\"inner\"><h2>KAUFEN SIE DUFTKERZEN AUS SOJA<\/h2><div class=\"text\"><span class=\"inner\"><p>Der Kauf von Soja-Duftkerzen der Marke <a href=\"https:\/\/www.voustenjeans.com\/de\"><strong>Jacob Cohen<\/strong><\/a> ist bei uns ganz einfach. Sie w\u00e4hlen die Soja-Duftkerze Ihrer Wahl aus und legen sie in Ihren Warenkorb. Shoppen Sie gerne weiter, denn unser Sortiment an Artikeln von Jacob Cohen ist deutlich umfangreicher. Wir versenden alle Bestellungen, die vor 17:30 Uhr eingehen, vor 18:00 Uhr. Das hei\u00dft, wenn Ihre Bestellung in den Niederlanden versendet wird, erhalten Sie sie am n\u00e4chsten Werktag. Wir bieten Ihnen optimalen Komfort beim Online-Kauf von Soja-Duftkerzen von Jacob Cohen. Deshalb stehen Ihnen mehrere Zahlungssysteme zur Auswahl, sodass Sie ganz nach Ihren W\u00fcnschen per iDeal oder PayPal oder mit Ihrer Kreditkarte bezahlen k\u00f6nnen. Alle Soja-Duftkerzen in unserem Sortiment sind sofort ab Lager lieferbar. Wir liefern Jacob Cohen Soja-Duftkerzen auch au\u00dferhalb der Niederlande in alle europ\u00e4ischen L\u00e4nder und dar\u00fcber hinaus.<\/p><\/span><\/div><\/div><\/div>    <\/div>\n<\/div>\n\n<\/div>","protected":false},"excerpt":{"rendered":"","protected":false},"author":1,"featured_media":0,"parent":0,"menu_order":0,"comment_status":"closed","ping_status":"closed","template":"page-transparent-header.php","meta":{"footnotes":""},"acf":[],"yoast_head":"<!-- This site is optimized with the Yoast SEO plugin v22.3 - https:\/\/yoast.com\/wordpress\/plugins\/seo\/ -->\n<title>Jacob Cohen Soja Duftkerze | Voustenjeans.com<\/title>\n<meta name=\"robots\" content=\"index, follow, max-snippet:-1, max-image-preview:large, max-video-preview:-1\" \/>\n<link rel=\"canonical\" href=\"https:\/\/www.voustenjeans.com\/de\/duftkerze\/\" \/>\n<meta property=\"og:locale\" content=\"de_DE\" \/>\n<meta property=\"og:type\" content=\"article\" \/>\n<meta property=\"og:title\" content=\"Jacob Cohen Soja Duftkerze | Voustenjeans.com\" \/>\n<meta property=\"og:url\" content=\"https:\/\/www.voustenjeans.com\/de\/duftkerze\/\" \/>\n<meta property=\"og:site_name\" content=\"Vousten Jeans\" \/>\n<meta property=\"article:modified_time\" content=\"2025-04-01T12:15:32+00:00\" \/>\n<meta name=\"twitter:card\" content=\"summary_large_image\" \/>\n<script type=\"application\/ld+json\" class=\"yoast-schema-graph\">{\"@context\":\"https:\/\/schema.org\",\"@graph\":[{\"@type\":\"WebPage\",\"@id\":\"https:\/\/www.voustenjeans.com\/de\/duftkerze\/\",\"url\":\"https:\/\/www.voustenjeans.com\/de\/duftkerze\/\",\"name\":\"Jacob Cohen Soja Duftkerze | Voustenjeans.com\",\"isPartOf\":{\"@id\":\"https:\/\/www.voustenjeans.com\/en\/#website\"},\"datePublished\":\"2025-03-10T14:12:00+00:00\",\"dateModified\":\"2025-04-01T12:15:32+00:00\",\"breadcrumb\":{\"@id\":\"https:\/\/www.voustenjeans.com\/de\/duftkerze\/#breadcrumb\"},\"inLanguage\":\"de-DE\",\"potentialAction\":[{\"@type\":\"ReadAction\",\"target\":[\"https:\/\/www.voustenjeans.com\/de\/duftkerze\/\"]}]},{\"@type\":\"BreadcrumbList\",\"@id\":\"https:\/\/www.voustenjeans.com\/de\/duftkerze\/#breadcrumb\",\"itemListElement\":[{\"@type\":\"ListItem\",\"position\":1,\"name\":\"Home\",\"item\":\"https:\/\/www.voustenjeans.com\/de\/\"},{\"@type\":\"ListItem\",\"position\":2,\"name\":\"Duftkerze\"}]},{\"@type\":\"WebSite\",\"@id\":\"https:\/\/www.voustenjeans.com\/en\/#website\",\"url\":\"https:\/\/www.voustenjeans.com\/en\/\",\"name\":\"Vousten Jeans\",\"description\":\"\",\"potentialAction\":[{\"@type\":\"SearchAction\",\"target\":{\"@type\":\"EntryPoint\",\"urlTemplate\":\"https:\/\/www.voustenjeans.com\/en\/?s={search_term_string}\"},\"query-input\":\"required name=search_term_string\"}],\"inLanguage\":\"de-DE\"}]}<\/script>\n<!-- \/ Yoast SEO plugin. -->","yoast_head_json":{"title":"Jacob Cohen Soja Duftkerze | Voustenjeans.com","robots":{"index":"index","follow":"follow","max-snippet":"max-snippet:-1","max-image-preview":"max-image-preview:large","max-video-preview":"max-video-preview:-1"},"canonical":"https:\/\/www.voustenjeans.com\/de\/duftkerze\/","og_locale":"de_DE","og_type":"article","og_title":"Jacob Cohen Soja Duftkerze | Voustenjeans.com","og_url":"https:\/\/www.voustenjeans.com\/de\/duftkerze\/","og_site_name":"Vousten Jeans","article_modified_time":"2025-04-01T12:15:32+00:00","twitter_card":"summary_large_image","schema":{"@context":"https:\/\/schema.org","@graph":[{"@type":"WebPage","@id":"https:\/\/www.voustenjeans.com\/de\/duftkerze\/","url":"https:\/\/www.voustenjeans.com\/de\/duftkerze\/","name":"Jacob Cohen Soja Duftkerze | Voustenjeans.com","isPartOf":{"@id":"https:\/\/www.voustenjeans.com\/en\/#website"},"datePublished":"2025-03-10T14:12:00+00:00","dateModified":"2025-04-01T12:15:32+00:00","breadcrumb":{"@id":"https:\/\/www.voustenjeans.com\/de\/duftkerze\/#breadcrumb"},"inLanguage":"de-DE","potentialAction":[{"@type":"ReadAction","target":["https:\/\/www.voustenjeans.com\/de\/duftkerze\/"]}]},{"@type":"BreadcrumbList","@id":"https:\/\/www.voustenjeans.com\/de\/duftkerze\/#breadcrumb","itemListElement":[{"@type":"ListItem","position":1,"name":"Home","item":"https:\/\/www.voustenjeans.com\/de\/"},{"@type":"ListItem","position":2,"name":"Duftkerze"}]},{"@type":"WebSite","@id":"https:\/\/www.voustenjeans.com\/en\/#website","url":"https:\/\/www.voustenjeans.com\/en\/","name":"Vousten Jeans","description":"","potentialAction":[{"@type":"SearchAction","target":{"@type":"EntryPoint","urlTemplate":"https:\/\/www.voustenjeans.com\/en\/?s={search_term_string}"},"query-input":"required name=search_term_string"}],"inLanguage":"de-DE"}]}},"_links":{"self":[{"href":"https:\/\/www.voustenjeans.com\/de\/wp-json\/wp\/v2\/pages\/210361"}],"collection":[{"href":"https:\/\/www.voustenjeans.com\/de\/wp-json\/wp\/v2\/pages"}],"about":[{"href":"https:\/\/www.voustenjeans.com\/de\/wp-json\/wp\/v2\/types\/page"}],"author":[{"embeddable":true,"href":"https:\/\/www.voustenjeans.com\/de\/wp-json\/wp\/v2\/users\/1"}],"replies":[{"embeddable":true,"href":"https:\/\/www.voustenjeans.com\/de\/wp-json\/wp\/v2\/comments?post=210361"}],"version-history":[{"count":1,"href":"https:\/\/www.voustenjeans.com\/de\/wp-json\/wp\/v2\/pages\/210361\/revisions"}],"predecessor-version":[{"id":211419,"href":"https:\/\/www.voustenjeans.com\/de\/wp-json\/wp\/v2\/pages\/210361\/revisions\/211419"}],"wp:attachment":[{"href":"https:\/\/www.voustenjeans.com\/de\/wp-json\/wp\/v2\/media?parent=210361"}],"curies":[{"name":"wp","href":"https:\/\/api.w.org\/{rel}","templated":true}]}}