{"id":182017,"date":"2024-07-03T12:01:58","date_gmt":"2024-07-03T10:01:58","guid":{"rendered":"https:\/\/www.voustenjeans.com\/tasche\/"},"modified":"2024-11-12T14:59:03","modified_gmt":"2024-11-12T13:59:03","slug":"tasche","status":"publish","type":"page","link":"https:\/\/www.voustenjeans.com\/de\/tasche\/","title":{"rendered":"Tasche"},"content":{"rendered":"<div class=\"lazyblock-header-image-ZgAduA wp-block-lazyblock-header-image\"><div class=\"lazyblocks-header-image vi-header-image--hoogte--klein vi-header-image--overlay-gradient--1\" style=\"\">\n<!--    <div class=\"img img-desktop vi-img--load-bg-img\" style=\"background-color: #333;--><!--\" vi-img-url=\"--><!--\"><\/div>-->\n<!--    <div class=\"img img-mobile vi-img--load-bg-img\" style=\"background-color: #333;--><!--\" vi-img-url=\"--><!--\"><\/div>-->\n    <img decoding=\"async\" src=\"\" srcset=\" w,  w,  w,  w\" class=\"img\" style=\"object-position:left center;object-fit:cover; width:100%; height:100%;\" \/>    <div class=\"overlay-gradient\"><\/div>\n    <div class=\"inner\">\n        <div class=\"txt\">\n            <div class=\"kop\"><h1 class=\"inner\">Tasche<\/h1><\/div>\n                    <\/div>\n    <\/div>\n    <\/div>\n<\/div>\n\n<div class=\"lazyblock-categoriepagina-producten-Z1rlSlY wp-block-lazyblock-categoriepagina-producten\"><div class=\"row\">\n    <div class=\"is-xsmall\"><nav class=\"woocommerce-breadcrumb breadcrumbs uppercase\">Startseite<\/nav><\/div>    <br >\n<\/div>\n    <div class=\"lazyblocks-product-overzicht  vi-fwp-wrapper\" id=\"fwp-prod-grid\" vi-fwp-scrolltop-id=\"fwp-prod-grid\" vi-fwp-scrolltop-offset=\"150\">\n    <div class=\"mobile-sidebar-facets-wrapper hidden\">\n        <div id=\"mobile-sidebar-facets\">\n            <aside id=\"block-15\" class=\"widget widget_block\"><div class=\"vi-facets-wrapper\"><h2>Filter<\/h2><div class=\"facet-container facet-container--facet-productcategorie\"><h3>Kategorie<\/h3><div class=\"facetwp-facet facetwp-facet-productcategorie facetwp-type-checkboxes\" data-name=\"productcategorie\" data-type=\"checkboxes\"><\/div><\/div><div class=\"facet-container facet-container--facet-maat\"><h3>Gr\u00f6sse<\/h3><div class=\"facetwp-facet facetwp-facet-maat facetwp-type-checkboxes\" data-name=\"maat\" data-type=\"checkboxes\"><\/div><\/div><div class=\"facet-container facet-container--facet-color\"><h3>Farbe<\/h3><div class=\"facetwp-facet facetwp-facet-color facetwp-type-checkboxes\" data-name=\"color\" data-type=\"checkboxes\"><\/div><\/div><div class=\"facet-container facet-container--facet-prijs\"><h3>Preis<\/h3><div class=\"facetwp-facet facetwp-facet-prijs facetwp-type-slider\" data-name=\"prijs\" data-type=\"slider\"><\/div><\/div><div class=\"facet-container facet-container--facet-price_range\"><h3>Preis<\/h3><div class=\"facetwp-facet facetwp-facet-price_range facetwp-type-number_range\" data-name=\"price_range\" data-type=\"number_range\"><\/div><\/div><\/div>\n<\/aside>        <\/div>\n    <\/div>\n    <div class=\"row\">\n        <div class=\"col large-3 facets\">\n            <div class=\"\">\n                <aside id=\"block-15\" class=\"widget widget_block\"><div class=\"vi-facets-wrapper\"><h2>Filter<\/h2><div class=\"facet-container facet-container--facet-productcategorie\"><h3>Kategorie<\/h3><div class=\"facetwp-facet facetwp-facet-productcategorie facetwp-type-checkboxes\" data-name=\"productcategorie\" data-type=\"checkboxes\"><\/div><\/div><div class=\"facet-container facet-container--facet-maat\"><h3>Gr\u00f6sse<\/h3><div class=\"facetwp-facet facetwp-facet-maat facetwp-type-checkboxes\" data-name=\"maat\" data-type=\"checkboxes\"><\/div><\/div><div class=\"facet-container facet-container--facet-color\"><h3>Farbe<\/h3><div class=\"facetwp-facet facetwp-facet-color facetwp-type-checkboxes\" data-name=\"color\" data-type=\"checkboxes\"><\/div><\/div><div class=\"facet-container facet-container--facet-prijs\"><h3>Preis<\/h3><div class=\"facetwp-facet facetwp-facet-prijs facetwp-type-slider\" data-name=\"prijs\" data-type=\"slider\"><\/div><\/div><div class=\"facet-container facet-container--facet-price_range\"><h3>Preis<\/h3><div class=\"facetwp-facet facetwp-facet-price_range facetwp-type-number_range\" data-name=\"price_range\" data-type=\"number_range\"><\/div><\/div><\/div>\n<\/aside>            <\/div>\n        <\/div>\n        <div class=\"col large-9 products\">\n            <div class=\"filter-toggler\">\n                <a href=\"#\" data-open=\"#mobile-sidebar-facets\"  data-pos=\"left\" class=\"filter-button uppercase plain\">\n                    <i class=\"icon-equalizer\"><\/i>\n                    <strong>Filter<\/strong>\n                <\/a>\n            <\/div>\n            <a href=\"javascript:void(0);\" class=\"jacob-cohen-model-helper--popup-toggler button primary is-xsmall is-outline\"><!-- <span class=\"icon-checkmark\"><\/span> -->Welche Jeans passt zu mir?<\/a><div class=\"facetwp-sort\"><\/div>            <div class=\"facetwp-template products row row-small large-columns-3 medium-columns-2 small-columns-2 equalize-box\">\n                <h2>Coming soon&#8230;<\/h2><\/div>                <div class=\"\">\n                                            <div class=\"facetwp-pager\"><\/div>                                    <\/div>\n            <\/div>\n        <\/div>\n    <\/div>\n<\/div>\n\n<div class=\"lazyblock-squarephoto-text-ZXtTHO wp-block-lazyblock-squarephoto-text\"><div class=\"vi-square-photo-text-row row clearfix\">\n    <div class=\"inner \">\n        <div class=\"photo-container\"><img decoding=\"async\" src=\"\" \/><\/div><div class=\"text-container\"><div class=\"inner\"><h2>Elegante und Handgefertigte Santoni-Taschen<\/h2><div class=\"text\"><span class=\"inner\"><p>M\u00f6chten Sie ein geschmackvolles Modestatement abgeben? Vervollst\u00e4ndigen Sie Ihren Stil mit einer Santoni Tasche. Die Taschen sind von Hand gefertigt und aus hochwertigem Leder. In der Luxusmodewelt ist Santoni f\u00fcr seine Eleganz und italienische Handwerkskunst bekannt. Vousten Mode ist offizieller Santoni Partner und besitzt einen der gr\u00f6\u00dften Lagerbest\u00e4nde an\u00a0<a href=\"https:\/\/www.voustenshoes.com\/de\" target=\"_blank\" rel=\"noopener\">Santoni Schuhen<\/a>\u00a0und Santoni Accessoires wie\u00a0<a href=\"https:\/\/www.voustenshoes.com\/de\/santoni\/guertel\" target=\"_blank\" rel=\"noopener\">Santoni G\u00fcrtel<\/a>\u00a0und\u00a0<a href=\"https:\/\/www.voustenshoes.com\/de\/santoni\/schuhpflege\" target=\"_blank\" rel=\"noopener\">Schuhplege<\/a>.<\/p><\/span><\/div><\/div><\/div>    <\/div>\n<\/div>\n\n<\/div>\n\n<div class=\"lazyblock-squarephoto-text-Z2uOMO5 wp-block-lazyblock-squarephoto-text\"><div class=\"vi-square-photo-text-row row clearfix\">\n    <div class=\"inner flipped\">\n        <div class=\"photo-container\"><img decoding=\"async\" src=\"\" \/><\/div><div class=\"text-container\"><div class=\"inner\"><h2>Das Leder der Santoni-Tasche<\/h2><div class=\"text\"><span class=\"inner\"><p>Eine der wichtigsten Eigenschaften von Santoni ist das hochwertige Leder, das zur Herstellung ihrer Schuhe, Taschen, G\u00fcrtel und anderen Produkte verwendet wird. Das Leder, das Santoni verwendet, stammt von Pinkkalben. Dies sind relativ junge Kalben im Alter von etwa einem bis zwei Jahren, die frei auf den Ebenen der Alpen grasen. Ihre Lebensumgebung tr\u00e4gt erheblich zur Qualit\u00e4t ihrer H\u00e4ute bei. Aufgrund der extremen Temperaturschwankungen in den Alpen entwickeln die Pinkkalben eine robuste und sehr reine Haut.<\/p><\/span><\/div><\/div><\/div>    <\/div>\n<\/div>\n\n<\/div>\n\n<div class=\"lazyblock-squarephoto-text-Z2aF4z6 wp-block-lazyblock-squarephoto-text\"><div class=\"vi-square-photo-text-row row clearfix\">\n    <div class=\"inner \">\n        <div class=\"photo-container\"><img decoding=\"async\" src=\"\" \/><\/div><div class=\"text-container\"><div class=\"inner\"><h2>Keine Zusatzf\u00fctterung<\/h2><div class=\"text\"><span class=\"inner\"><p>Die rosa K\u00e4lber werden nicht mit Brocken gef\u00fcttert. All dies kommt der Qualit\u00e4t der Haut zugute. Beispielsweise werden viele K\u00e4lber in den Niederlanden mit Brocken gef\u00fcttert, die Wachstumshormone enthalten. Diese Hormone lassen die K\u00e4lber schneller wachsen und reifen schneller. Die Folgen f\u00fcr die Hautqualit\u00e4t dieser K\u00e4lber sind katastrophal.<\/p>\n<p>Da die rosa K\u00e4lber nicht gef\u00fcttert werden, entwickeln sie eine hochwertige Haut. Dies zeichnet sich durch ein hohes Ma\u00df an Flexibilit\u00e4t, Struktur und Fehlerfreiheit aus. Die K\u00e4lber werden von Santoni individuell ausgew\u00e4hlt. M\u00f6chten Sie mehr \u00fcber Santonis Leder erfahren? Lesen Sie unseren Blog \u00fcber\u00a0<a href=\"https:\/\/www.voustenshoes.com\/de\/blog\/die-geschichte-von-santoni-leder\" target=\"_blank\" rel=\"noopener\">die Geschichte hinter Santonis Leder<\/a>.<\/p><\/span><\/div><\/div><\/div>    <\/div>\n<\/div>\n\n<\/div>\n\n<div class=\"lazyblock-squarephoto-text-ZfdK16 wp-block-lazyblock-squarephoto-text\"><div class=\"vi-square-photo-text-row row clearfix\">\n    <div class=\"inner flipped\">\n        <div class=\"photo-container\"><img decoding=\"async\" src=\"\" \/><\/div><div class=\"text-container\"><div class=\"inner\"><h2>Komplette Santoni-Kollektion<\/h2><div class=\"text\"><span class=\"inner\"><p>Santoni Taschen aus italienischem Leder sind in verschiedenen Ausf\u00fchrungen erh\u00e4ltlich, darunter Wochenendtaschen, Handtaschen, Aktentaschen und B\u00fcrotaschen. Neben eleganten und hochwertigen Taschen finden Sie in unserem Webshop auch stilvolle\u00a0<a href=\"https:\/\/www.voustenshoes.com\/de\/santoni\/herrenschuhe\" target=\"_blank\" rel=\"noopener\">Santoni Herrenschuhe<\/a>, Santoni Damenschuhe und Accessoires wie passende\u00a0<a href=\"https:\/\/www.voustenshoes.com\/de\/santoni\/guertel\" target=\"_blank\" rel=\"noopener\">Santoni G\u00fcrtel<\/a>. Durch unsere Partnerschaft mit Santoni haben wir \u00fcber 200 verschiedene Modelle auf Lager, die wir am n\u00e4chsten Tag zu Ihnen nach Hause oder zur Arbeit liefern k\u00f6nnen.<\/p>\n<p>Haben Sie eine Tasche oder Schuhe im Sinn, m\u00f6chten diese aber lieber sp\u00e4ter kaufen? Bei uns k\u00f6nnen Sie Schuhe und Accessoires f\u00fcr 1 Woche reservieren. Alle Santoni Schuhe und Accessoires werden Ihnen per Einschreiben und versichert zugesandt<\/p><\/span><\/div><\/div><\/div>    <\/div>\n<\/div>\n\n<\/div>","protected":false},"excerpt":{"rendered":"","protected":false},"author":1,"featured_media":0,"parent":0,"menu_order":0,"comment_status":"closed","ping_status":"closed","template":"page-transparent-header.php","meta":{"footnotes":""},"acf":[],"yoast_head":"<!-- This site is optimized with the Yoast SEO plugin v22.3 - https:\/\/yoast.com\/wordpress\/plugins\/seo\/ -->\n<title>Tasche - Vousten Jeans<\/title>\n<meta name=\"robots\" content=\"index, follow, max-snippet:-1, max-image-preview:large, max-video-preview:-1\" \/>\n<link rel=\"canonical\" href=\"https:\/\/www.voustenjeans.com\/de\/tasche\/\" \/>\n<meta property=\"og:locale\" content=\"de_DE\" \/>\n<meta property=\"og:type\" content=\"article\" \/>\n<meta property=\"og:title\" content=\"Tasche - Vousten Jeans\" \/>\n<meta property=\"og:url\" content=\"https:\/\/www.voustenjeans.com\/de\/tasche\/\" \/>\n<meta property=\"og:site_name\" content=\"Vousten Jeans\" \/>\n<meta property=\"article:modified_time\" content=\"2024-11-12T13:59:03+00:00\" \/>\n<meta name=\"twitter:card\" content=\"summary_large_image\" \/>\n<script type=\"application\/ld+json\" class=\"yoast-schema-graph\">{\"@context\":\"https:\/\/schema.org\",\"@graph\":[{\"@type\":\"WebPage\",\"@id\":\"https:\/\/www.voustenjeans.com\/de\/tasche\/\",\"url\":\"https:\/\/www.voustenjeans.com\/de\/tasche\/\",\"name\":\"Tasche - Vousten Jeans\",\"isPartOf\":{\"@id\":\"https:\/\/www.voustenjeans.com\/en\/#website\"},\"datePublished\":\"2024-07-03T10:01:58+00:00\",\"dateModified\":\"2024-11-12T13:59:03+00:00\",\"breadcrumb\":{\"@id\":\"https:\/\/www.voustenjeans.com\/de\/tasche\/#breadcrumb\"},\"inLanguage\":\"de-DE\",\"potentialAction\":[{\"@type\":\"ReadAction\",\"target\":[\"https:\/\/www.voustenjeans.com\/de\/tasche\/\"]}]},{\"@type\":\"BreadcrumbList\",\"@id\":\"https:\/\/www.voustenjeans.com\/de\/tasche\/#breadcrumb\",\"itemListElement\":[{\"@type\":\"ListItem\",\"position\":1,\"name\":\"Home\",\"item\":\"https:\/\/www.voustenjeans.com\/de\/\"},{\"@type\":\"ListItem\",\"position\":2,\"name\":\"Tasche\"}]},{\"@type\":\"WebSite\",\"@id\":\"https:\/\/www.voustenjeans.com\/en\/#website\",\"url\":\"https:\/\/www.voustenjeans.com\/en\/\",\"name\":\"Vousten Jeans\",\"description\":\"\",\"potentialAction\":[{\"@type\":\"SearchAction\",\"target\":{\"@type\":\"EntryPoint\",\"urlTemplate\":\"https:\/\/www.voustenjeans.com\/en\/?s={search_term_string}\"},\"query-input\":\"required name=search_term_string\"}],\"inLanguage\":\"de-DE\"}]}<\/script>\n<!-- \/ Yoast SEO plugin. -->","yoast_head_json":{"title":"Tasche - Vousten Jeans","robots":{"index":"index","follow":"follow","max-snippet":"max-snippet:-1","max-image-preview":"max-image-preview:large","max-video-preview":"max-video-preview:-1"},"canonical":"https:\/\/www.voustenjeans.com\/de\/tasche\/","og_locale":"de_DE","og_type":"article","og_title":"Tasche - Vousten Jeans","og_url":"https:\/\/www.voustenjeans.com\/de\/tasche\/","og_site_name":"Vousten Jeans","article_modified_time":"2024-11-12T13:59:03+00:00","twitter_card":"summary_large_image","schema":{"@context":"https:\/\/schema.org","@graph":[{"@type":"WebPage","@id":"https:\/\/www.voustenjeans.com\/de\/tasche\/","url":"https:\/\/www.voustenjeans.com\/de\/tasche\/","name":"Tasche - Vousten Jeans","isPartOf":{"@id":"https:\/\/www.voustenjeans.com\/en\/#website"},"datePublished":"2024-07-03T10:01:58+00:00","dateModified":"2024-11-12T13:59:03+00:00","breadcrumb":{"@id":"https:\/\/www.voustenjeans.com\/de\/tasche\/#breadcrumb"},"inLanguage":"de-DE","potentialAction":[{"@type":"ReadAction","target":["https:\/\/www.voustenjeans.com\/de\/tasche\/"]}]},{"@type":"BreadcrumbList","@id":"https:\/\/www.voustenjeans.com\/de\/tasche\/#breadcrumb","itemListElement":[{"@type":"ListItem","position":1,"name":"Home","item":"https:\/\/www.voustenjeans.com\/de\/"},{"@type":"ListItem","position":2,"name":"Tasche"}]},{"@type":"WebSite","@id":"https:\/\/www.voustenjeans.com\/en\/#website","url":"https:\/\/www.voustenjeans.com\/en\/","name":"Vousten Jeans","description":"","potentialAction":[{"@type":"SearchAction","target":{"@type":"EntryPoint","urlTemplate":"https:\/\/www.voustenjeans.com\/en\/?s={search_term_string}"},"query-input":"required name=search_term_string"}],"inLanguage":"de-DE"}]}},"_links":{"self":[{"href":"https:\/\/www.voustenjeans.com\/de\/wp-json\/wp\/v2\/pages\/182017"}],"collection":[{"href":"https:\/\/www.voustenjeans.com\/de\/wp-json\/wp\/v2\/pages"}],"about":[{"href":"https:\/\/www.voustenjeans.com\/de\/wp-json\/wp\/v2\/types\/page"}],"author":[{"embeddable":true,"href":"https:\/\/www.voustenjeans.com\/de\/wp-json\/wp\/v2\/users\/1"}],"replies":[{"embeddable":true,"href":"https:\/\/www.voustenjeans.com\/de\/wp-json\/wp\/v2\/comments?post=182017"}],"version-history":[{"count":3,"href":"https:\/\/www.voustenjeans.com\/de\/wp-json\/wp\/v2\/pages\/182017\/revisions"}],"predecessor-version":[{"id":209167,"href":"https:\/\/www.voustenjeans.com\/de\/wp-json\/wp\/v2\/pages\/182017\/revisions\/209167"}],"wp:attachment":[{"href":"https:\/\/www.voustenjeans.com\/de\/wp-json\/wp\/v2\/media?parent=182017"}],"curies":[{"name":"wp","href":"https:\/\/api.w.org\/{rel}","templated":true}]}}