{"id":181953,"date":"2024-07-03T12:00:44","date_gmt":"2024-07-03T10:00:44","guid":{"rendered":"https:\/\/www.voustenjeans.com\/loafers-2\/"},"modified":"2024-11-12T18:49:11","modified_gmt":"2024-11-12T17:49:11","slug":"loafers-2","status":"publish","type":"page","link":"https:\/\/www.voustenjeans.com\/de\/loafers-2\/","title":{"rendered":"Loafers"},"content":{"rendered":"<div class=\"lazyblock-header-image-ZgAduA wp-block-lazyblock-header-image\"><div class=\"lazyblocks-header-image vi-header-image--hoogte--klein vi-header-image--overlay-gradient--1\" style=\"\">\n<!--    <div class=\"img img-desktop vi-img--load-bg-img\" style=\"background-color: #333;--><!--\" vi-img-url=\"--><!--\"><\/div>-->\n<!--    <div class=\"img img-mobile vi-img--load-bg-img\" style=\"background-color: #333;--><!--\" vi-img-url=\"--><!--\"><\/div>-->\n    <img decoding=\"async\" src=\"\" srcset=\" w,  w,  w,  w\" class=\"img\" style=\"object-position:left bottom;object-fit:cover; width:100%; height:100%;\" \/>    <div class=\"overlay-gradient\"><\/div>\n    <div class=\"inner\">\n        <div class=\"txt\">\n            <div class=\"kop\"><h1 class=\"inner\">Loafers<\/h1><\/div>\n                    <\/div>\n    <\/div>\n    <\/div>\n<\/div>\n\n<div class=\"lazyblock-categoriepagina-producten-Z1rlSlY wp-block-lazyblock-categoriepagina-producten\"><div class=\"row\">\n    <div class=\"is-xsmall\"><nav class=\"woocommerce-breadcrumb breadcrumbs uppercase\">Startseite<\/nav><\/div>    <br >\n<\/div>\n    <div class=\"lazyblocks-product-overzicht  vi-fwp-wrapper\" id=\"fwp-prod-grid\" vi-fwp-scrolltop-id=\"fwp-prod-grid\" vi-fwp-scrolltop-offset=\"150\">\n    <div class=\"mobile-sidebar-facets-wrapper hidden\">\n        <div id=\"mobile-sidebar-facets\">\n            <aside id=\"block-15\" class=\"widget widget_block\"><div class=\"vi-facets-wrapper\"><h2>Filter<\/h2><div class=\"facet-container facet-container--facet-productcategorie\"><h3>Kategorie<\/h3><div class=\"facetwp-facet facetwp-facet-productcategorie facetwp-type-checkboxes\" data-name=\"productcategorie\" data-type=\"checkboxes\"><\/div><\/div><div class=\"facet-container facet-container--facet-maat\"><h3>Gr\u00f6sse<\/h3><div class=\"facetwp-facet facetwp-facet-maat facetwp-type-checkboxes\" data-name=\"maat\" data-type=\"checkboxes\"><\/div><\/div><div class=\"facet-container facet-container--facet-color\"><h3>Farbe<\/h3><div class=\"facetwp-facet facetwp-facet-color facetwp-type-checkboxes\" data-name=\"color\" data-type=\"checkboxes\"><\/div><\/div><div class=\"facet-container facet-container--facet-prijs\"><h3>Preis<\/h3><div class=\"facetwp-facet facetwp-facet-prijs facetwp-type-slider\" data-name=\"prijs\" data-type=\"slider\"><\/div><\/div><div class=\"facet-container facet-container--facet-price_range\"><h3>Preis<\/h3><div class=\"facetwp-facet facetwp-facet-price_range facetwp-type-number_range\" data-name=\"price_range\" data-type=\"number_range\"><\/div><\/div><\/div>\n<\/aside>        <\/div>\n    <\/div>\n    <div class=\"row\">\n        <div class=\"col large-3 facets\">\n            <div class=\"\">\n                <aside id=\"block-15\" class=\"widget widget_block\"><div class=\"vi-facets-wrapper\"><h2>Filter<\/h2><div class=\"facet-container facet-container--facet-productcategorie\"><h3>Kategorie<\/h3><div class=\"facetwp-facet facetwp-facet-productcategorie facetwp-type-checkboxes\" data-name=\"productcategorie\" data-type=\"checkboxes\"><\/div><\/div><div class=\"facet-container facet-container--facet-maat\"><h3>Gr\u00f6sse<\/h3><div class=\"facetwp-facet facetwp-facet-maat facetwp-type-checkboxes\" data-name=\"maat\" data-type=\"checkboxes\"><\/div><\/div><div class=\"facet-container facet-container--facet-color\"><h3>Farbe<\/h3><div class=\"facetwp-facet facetwp-facet-color facetwp-type-checkboxes\" data-name=\"color\" data-type=\"checkboxes\"><\/div><\/div><div class=\"facet-container facet-container--facet-prijs\"><h3>Preis<\/h3><div class=\"facetwp-facet facetwp-facet-prijs facetwp-type-slider\" data-name=\"prijs\" data-type=\"slider\"><\/div><\/div><div class=\"facet-container facet-container--facet-price_range\"><h3>Preis<\/h3><div class=\"facetwp-facet facetwp-facet-price_range facetwp-type-number_range\" data-name=\"price_range\" data-type=\"number_range\"><\/div><\/div><\/div>\n<\/aside>            <\/div>\n        <\/div>\n        <div class=\"col large-9 products\">\n            <div class=\"filter-toggler\">\n                <a href=\"#\" data-open=\"#mobile-sidebar-facets\"  data-pos=\"left\" class=\"filter-button uppercase plain\">\n                    <i class=\"icon-equalizer\"><\/i>\n                    <strong>Filter<\/strong>\n                <\/a>\n            <\/div>\n            <a href=\"javascript:void(0);\" class=\"jacob-cohen-model-helper--popup-toggler button primary is-xsmall is-outline\"><!-- <span class=\"icon-checkmark\"><\/span> -->Welche Jeans passt zu mir?<\/a><div class=\"facetwp-sort\"><\/div>            <div class=\"facetwp-template products row row-small large-columns-3 medium-columns-2 small-columns-2 equalize-box\">\n                <h2>Coming soon&#8230;<\/h2><\/div>                <div class=\"\">\n                                            <div class=\"facetwp-pager\"><\/div>                                    <\/div>\n            <\/div>\n        <\/div>\n    <\/div>\n<\/div>\n\n<div class=\"lazyblock-squarephoto-text-Z1Jn9fa wp-block-lazyblock-squarephoto-text\"><div class=\"vi-square-photo-text-row row clearfix\">\n    <div class=\"inner \">\n        <div class=\"photo-container\"><img decoding=\"async\" src=\"\" \/><\/div><div class=\"text-container\"><div class=\"inner\"><h2>Santoni Loafer-Modelle<\/h2><div class=\"text\"><span class=\"inner\"><p>Santoni-Loafers sind Slipper, die seit 1975 von der Familie Santoni von Hand gefertigt werden. In ihrer eigenen Fabrik in Italien, nahe der Stadt Corridonia, werden t\u00e4glich alle Santoni-Schuhe mit h\u00f6chster Pr\u00e4zision hergestellt. Der Gr\u00fcnder Andrea und sein Sohn Giuseppe sorgen daf\u00fcr, dass jeder Santoni-Loafer, der die Fabrik verl\u00e4sst, sich in perfektem Zustand befindet. Sie sind so engagiert, dass jeder Santoni-Schuh einer pers\u00f6nlichen Kontrolle unterzogen wird. Bei dieser Inspektion wird unter anderem mit einer Lupe nach M\u00e4ngeln im Leder gesucht. Dadurch sind Sie sich der besten Qualit\u00e4t der Slipper sicher.<\/p><\/span><\/div><\/div><\/div>    <\/div>\n<\/div>\n\n<\/div>\n\n\n<div style=\"height:64px\" aria-hidden=\"true\" class=\"wp-block-spacer\"><\/div>\n\n\n<div class=\"vi-videos-wrap\"><div class=\"vi-videos-inner\"><div id=\"vi-video-1\" class=\"vi-video vi-video--type--popup vi-video-1\"><a href=\"#vi-video-lightbox-1\"><div class=\"thumb\">   <img decoding=\"async\" src=\"https:\/\/www.voustenjeans.com\/wp-content\/themes\/flatsome-child\/img\/assets\/video-thumbs\/santoni-collectie.png\" \/>   <div class=\"overlay\"><\/div>   <div class=\"icon\"><i class=\"icon-play\"><\/i><\/div><\/div><div class=\"vi-video-title\">Santoni collection at Vousten<\/div><div class=\"vi-video-description\">Theo Vousten describes our collection<\/div><\/a><\/div>\t<div id=\"vi-video-lightbox-1\"\n\t     class=\"lightbox-by-id lightbox-content mfp-hide lightbox-white \"\n\t     style=\"max-width:700px ;padding:20px\">\n\t\t<iframe loading=\"lazy\" width=\"660\" height=\"315\" src=\"https:\/\/www.youtube.com\/embed\/-riEzXWP_Ag\" title=\"YouTube video player\" frameborder=\"0\" allow=\"accelerometer; autoplay; clipboard-write; encrypted-media; gyroscope; picture-in-picture; web-share\" referrerpolicy=\"strict-origin-when-cross-origin\" allowfullscreen><\/iframe>\t<\/div>\n\t\n\t<div id=\"vi-video-2\" class=\"vi-video vi-video--type--popup vi-video-2\"><a href=\"#vi-video-lightbox-2\"><div class=\"thumb\">   <img decoding=\"async\" src=\"https:\/\/www.voustenjeans.com\/wp-content\/themes\/flatsome-child\/img\/assets\/video-thumbs\/santoni-leather-types.png\" \/>   <div class=\"overlay\"><\/div>   <div class=\"icon\"><i class=\"icon-play\"><\/i><\/div><\/div><div class=\"vi-video-title\">Santoni leather types<\/div><div class=\"vi-video-description\">About calf leather, heifer leather, suede and exotic leather types<\/div><\/a><\/div>\t<div id=\"vi-video-lightbox-2\"\n\t     class=\"lightbox-by-id lightbox-content mfp-hide lightbox-white \"\n\t     style=\"max-width:700px ;padding:20px\">\n\t\t<iframe loading=\"lazy\" width=\"660\" height=\"315\" src=\"https:\/\/www.youtube.com\/embed\/52ap2Dp1lSE\" title=\"YouTube video player\" frameborder=\"0\" allow=\"accelerometer; autoplay; clipboard-write; encrypted-media; gyroscope; picture-in-picture; web-share\" referrerpolicy=\"strict-origin-when-cross-origin\" allowfullscreen><\/iframe>\t<\/div>\n\t\n\t<\/div><\/div>\n\n\n\n<div style=\"height:65px\" aria-hidden=\"true\" class=\"wp-block-spacer\"><\/div>\n\n\n<div class=\"lazyblock-squarephoto-text-Z1YrnRA wp-block-lazyblock-squarephoto-text\"><div class=\"vi-square-photo-text-row row clearfix\">\n    <div class=\"inner flipped\">\n        <div class=\"photo-container\"><img decoding=\"async\" src=\"\" \/><\/div><div class=\"text-container\"><div class=\"inner\"><h2>Das Leder der Santoni-Loafers<\/h2><div class=\"text\"><span class=\"inner\"><p>Jedes Paar Santoni-Loafers durchl\u00e4uft einen intensiven, langwierigen und handwerklichen Prozess, bevor Sie sie schlie\u00dflich tragen k\u00f6nnen. Das Leder der Santoni-Slipper stammt von Pink-K\u00e4lbern. Die Pink-K\u00e4lber weiden frei auf den hohen Alpenwiesen. Da die Temperaturen tags\u00fcber und nachts erheblich schwanken k\u00f6nnen, haben diese K\u00e4lber eine \u00e4u\u00dferst starke Haut entwickelt. Da diese K\u00e4lber frei an den H\u00e4ngen der Alpen weiden, werden sie nicht gef\u00fcttert und essen nur das, was die Alpen ihnen bieten. K\u00e4lber, die gef\u00fcttert werden, entwickeln oft einen Wachstumsschub, sodass sie schnell wachsen und schneller geschlachtet werden k\u00f6nnen. Die Pink-K\u00e4lber, die von Santoni ausgew\u00e4hlt werden, haben keinen Wachstumsschub erlebt, wodurch die Fasern in der Haut gut geschlossen bleiben und die Poren nicht zu gro\u00df sind. Dies zeigt sich in der Qualit\u00e4t des Leders.<\/p><\/span><\/div><\/div><\/div>    <\/div>\n<\/div>\n\n<\/div>\n\n<div class=\"lazyblock-squarephoto-text-1O7HMD wp-block-lazyblock-squarephoto-text\"><div class=\"vi-square-photo-text-row row clearfix\">\n    <div class=\"inner \">\n        <div class=\"photo-container\"><img decoding=\"async\" src=\"\" \/><\/div><div class=\"text-container\"><div class=\"inner\"><h2>Die Santoni-Kollektion bei Vousten<\/h2><div class=\"text\"><span class=\"inner\"><p>Neben Santoni Loafers\u00a0stellt Santoni auch andere Luxusschuhe her. Fast alle\u00a0<a href=\"https:\/\/www.voustenshoes.com\/de\" target=\"_blank\" rel=\"noopener\">Santoni Schuhe<\/a>, die das Werk verlassen, sind im Vousten-Sortiment enthalten. Zum Beispiel k\u00f6nnen Sie in Vousten die sch\u00f6nsten\u00a0<a href=\"https:\/\/www.voustenshoes.com\/de\/santoni\/sneakers\" target=\"_blank\" rel=\"noopener\">Santoni Sneakers<\/a>,\u00a0<a href=\"https:\/\/www.voustenshoes.com\/de\/santoni\/amg-sneakers\" target=\"_blank\" rel=\"noopener\">Santoni AMG<\/a>\u00a0und\u00a0<a href=\"https:\/\/www.voustenshoes.com\/de\/santoni\/boots\" target=\"_blank\" rel=\"noopener\">Santoni Boots<\/a>\u00a0kaufen. Bei Vousten finden Sie auch eine gro\u00dfe Auswahl an Accessoires wie\u00a0<a href=\"https:\/\/www.voustenshoes.com\/de\/santoni\/guertel\" target=\"_blank\" rel=\"noopener\">Santoni G\u00fcrtel<\/a>\u00a0und\u00a0<a href=\"https:\/\/www.voustenshoes.com\/de\/santoni\/tasche-herren\" target=\"_blank\" rel=\"noopener\">Santoni Taschen<\/a>. Wir k\u00f6nnen dies realisieren, weil wir seit mehreren Jahren offizieller Santoni-Vertriebspartner sind.<\/p><\/span><\/div><\/div><\/div>    <\/div>\n<\/div>\n\n<\/div>\n\n<div class=\"lazyblock-squarephoto-text-ZIue27 wp-block-lazyblock-squarephoto-text\"><div class=\"vi-square-photo-text-row row clearfix\">\n    <div class=\"inner flipped\">\n        <div class=\"photo-container\"><img decoding=\"async\" src=\"\" \/><\/div><div class=\"text-container\"><div class=\"inner\"><h2>Die richtige Gr\u00f6\u00dfe w\u00e4hlen<\/h2><div class=\"text\"><span class=\"inner\"><p>In unserem sch\u00f6nen Gesch\u00e4ft in Schijndel erz\u00e4hlen wir Ihnen gerne mehr \u00fcber die Welt von Santoni und die Geschichte hinter den Schuhen. So k\u00f6nnen Sie Ihre Lieblingsschuhe oder -slipper in aller Ruhe anprobieren. Santoni verwendet standardm\u00e4\u00dfig die Gr\u00f6\u00dfen aus dem Vereinigten K\u00f6nigreich, daher m\u00fcssen Sie \u00fcberpr\u00fcfen, welche Schuhgr\u00f6\u00dfe Sie ben\u00f6tigen. Mit unserer praktischen <a href=\"https:\/\/www.voustenshoes.com\/de\/blog\/santoni-groessenanleitung\" target=\"_blank\" rel=\"noopener\">Santoni-Gr\u00f6\u00dfentabelle<\/a> k\u00f6nnen Sie leicht sehen, welche Gr\u00f6\u00dfe am besten f\u00fcr Sie geeignet ist.<\/p><\/span><\/div><\/div><\/div>    <\/div>\n<\/div>\n\n<\/div>","protected":false},"excerpt":{"rendered":"","protected":false},"author":1,"featured_media":0,"parent":0,"menu_order":0,"comment_status":"closed","ping_status":"closed","template":"page-transparent-header.php","meta":{"footnotes":""},"acf":[],"yoast_head":"<!-- This site is optimized with the Yoast SEO plugin v22.3 - https:\/\/yoast.com\/wordpress\/plugins\/seo\/ -->\n<title>Loafers - Vousten Jeans<\/title>\n<meta name=\"robots\" content=\"index, follow, max-snippet:-1, max-image-preview:large, max-video-preview:-1\" \/>\n<link rel=\"canonical\" href=\"https:\/\/www.voustenjeans.com\/de\/loafers-2\/\" \/>\n<meta property=\"og:locale\" content=\"de_DE\" \/>\n<meta property=\"og:type\" content=\"article\" \/>\n<meta property=\"og:title\" content=\"Loafers - Vousten Jeans\" \/>\n<meta property=\"og:url\" content=\"https:\/\/www.voustenjeans.com\/de\/loafers-2\/\" \/>\n<meta property=\"og:site_name\" content=\"Vousten Jeans\" \/>\n<meta property=\"article:modified_time\" content=\"2024-11-12T17:49:11+00:00\" \/>\n<meta name=\"twitter:card\" content=\"summary_large_image\" \/>\n<meta name=\"twitter:label1\" content=\"Est. reading time\" \/>\n\t<meta name=\"twitter:data1\" content=\"1 Minute\" \/>\n<script type=\"application\/ld+json\" class=\"yoast-schema-graph\">{\"@context\":\"https:\/\/schema.org\",\"@graph\":[{\"@type\":\"WebPage\",\"@id\":\"https:\/\/www.voustenjeans.com\/de\/loafers-2\/\",\"url\":\"https:\/\/www.voustenjeans.com\/de\/loafers-2\/\",\"name\":\"Loafers - Vousten Jeans\",\"isPartOf\":{\"@id\":\"https:\/\/www.voustenjeans.com\/en\/#website\"},\"datePublished\":\"2024-07-03T10:00:44+00:00\",\"dateModified\":\"2024-11-12T17:49:11+00:00\",\"breadcrumb\":{\"@id\":\"https:\/\/www.voustenjeans.com\/de\/loafers-2\/#breadcrumb\"},\"inLanguage\":\"de-DE\",\"potentialAction\":[{\"@type\":\"ReadAction\",\"target\":[\"https:\/\/www.voustenjeans.com\/de\/loafers-2\/\"]}]},{\"@type\":\"BreadcrumbList\",\"@id\":\"https:\/\/www.voustenjeans.com\/de\/loafers-2\/#breadcrumb\",\"itemListElement\":[{\"@type\":\"ListItem\",\"position\":1,\"name\":\"Home\",\"item\":\"https:\/\/www.voustenjeans.com\/de\/\"},{\"@type\":\"ListItem\",\"position\":2,\"name\":\"Loafers\"}]},{\"@type\":\"WebSite\",\"@id\":\"https:\/\/www.voustenjeans.com\/en\/#website\",\"url\":\"https:\/\/www.voustenjeans.com\/en\/\",\"name\":\"Vousten Jeans\",\"description\":\"\",\"potentialAction\":[{\"@type\":\"SearchAction\",\"target\":{\"@type\":\"EntryPoint\",\"urlTemplate\":\"https:\/\/www.voustenjeans.com\/en\/?s={search_term_string}\"},\"query-input\":\"required name=search_term_string\"}],\"inLanguage\":\"de-DE\"}]}<\/script>\n<!-- \/ Yoast SEO plugin. -->","yoast_head_json":{"title":"Loafers - Vousten Jeans","robots":{"index":"index","follow":"follow","max-snippet":"max-snippet:-1","max-image-preview":"max-image-preview:large","max-video-preview":"max-video-preview:-1"},"canonical":"https:\/\/www.voustenjeans.com\/de\/loafers-2\/","og_locale":"de_DE","og_type":"article","og_title":"Loafers - Vousten Jeans","og_url":"https:\/\/www.voustenjeans.com\/de\/loafers-2\/","og_site_name":"Vousten Jeans","article_modified_time":"2024-11-12T17:49:11+00:00","twitter_card":"summary_large_image","twitter_misc":{"Est. reading time":"1 Minute"},"schema":{"@context":"https:\/\/schema.org","@graph":[{"@type":"WebPage","@id":"https:\/\/www.voustenjeans.com\/de\/loafers-2\/","url":"https:\/\/www.voustenjeans.com\/de\/loafers-2\/","name":"Loafers - Vousten Jeans","isPartOf":{"@id":"https:\/\/www.voustenjeans.com\/en\/#website"},"datePublished":"2024-07-03T10:00:44+00:00","dateModified":"2024-11-12T17:49:11+00:00","breadcrumb":{"@id":"https:\/\/www.voustenjeans.com\/de\/loafers-2\/#breadcrumb"},"inLanguage":"de-DE","potentialAction":[{"@type":"ReadAction","target":["https:\/\/www.voustenjeans.com\/de\/loafers-2\/"]}]},{"@type":"BreadcrumbList","@id":"https:\/\/www.voustenjeans.com\/de\/loafers-2\/#breadcrumb","itemListElement":[{"@type":"ListItem","position":1,"name":"Home","item":"https:\/\/www.voustenjeans.com\/de\/"},{"@type":"ListItem","position":2,"name":"Loafers"}]},{"@type":"WebSite","@id":"https:\/\/www.voustenjeans.com\/en\/#website","url":"https:\/\/www.voustenjeans.com\/en\/","name":"Vousten Jeans","description":"","potentialAction":[{"@type":"SearchAction","target":{"@type":"EntryPoint","urlTemplate":"https:\/\/www.voustenjeans.com\/en\/?s={search_term_string}"},"query-input":"required name=search_term_string"}],"inLanguage":"de-DE"}]}},"_links":{"self":[{"href":"https:\/\/www.voustenjeans.com\/de\/wp-json\/wp\/v2\/pages\/181953"}],"collection":[{"href":"https:\/\/www.voustenjeans.com\/de\/wp-json\/wp\/v2\/pages"}],"about":[{"href":"https:\/\/www.voustenjeans.com\/de\/wp-json\/wp\/v2\/types\/page"}],"author":[{"embeddable":true,"href":"https:\/\/www.voustenjeans.com\/de\/wp-json\/wp\/v2\/users\/1"}],"replies":[{"embeddable":true,"href":"https:\/\/www.voustenjeans.com\/de\/wp-json\/wp\/v2\/comments?post=181953"}],"version-history":[{"count":3,"href":"https:\/\/www.voustenjeans.com\/de\/wp-json\/wp\/v2\/pages\/181953\/revisions"}],"predecessor-version":[{"id":209249,"href":"https:\/\/www.voustenjeans.com\/de\/wp-json\/wp\/v2\/pages\/181953\/revisions\/209249"}],"wp:attachment":[{"href":"https:\/\/www.voustenjeans.com\/de\/wp-json\/wp\/v2\/media?parent=181953"}],"curies":[{"name":"wp","href":"https:\/\/api.w.org\/{rel}","templated":true}]}}